{"id":21045,"date":"2025-04-28T14:12:50","date_gmt":"2025-04-28T12:12:50","guid":{"rendered":"https:\/\/www.itacoilweb.com\/code-dethique\/"},"modified":"2025-12-04T11:17:09","modified_gmt":"2025-12-04T10:17:09","slug":"code-dethique","status":"publish","type":"page","link":"https:\/\/www.itacoilweb.com\/fr\/code-dethique\/","title":{"rendered":"Code d&#8217;\u00c9thique"},"content":{"rendered":"<div class=\"wpb-content-wrapper\"><p>[vc_row css=&#8221;.vc_custom_1696232001455{padding-right: 10px !important;padding-left: 10px !important;}&#8221;][vc_column][dfd_heading style=&#8221;style_09&#8243; subtitle=&#8221;&#8221; content_alignment=&#8221;text-left&#8221; delimiter_settings=&#8221;delimiter_style:solid|delimiter_width:80|delimiter_height:1&#8243; undefined=&#8221;&#8221; title_font_options=&#8221;tag:h1&#8243; subtitle_font_options=&#8221;tag:div&#8221;]<\/p>\n<h1><span style=\"font-size: 28px;\">Code d&#8217;\u00c9thique<\/span><\/h1>\n<p>[\/dfd_heading][dfd_spacer screen_wide_spacer_size=&#8221;30&#8243; screen_normal_resolution=&#8221;1024&#8243; screen_tablet_resolution=&#8221;800&#8243; screen_mobile_resolution=&#8221;480&#8243;][vc_column_text css=&#8221;&#8221;]<\/p>\n<p style=\"text-align: justify;\">Le Code d&#8217;\u00c9thique d&#8217;ITACOIL Srl \u00e9nonce les principes fondamentaux qui r\u00e9gissent nos activit\u00e9s. Il s&#8217;applique \u00e0 tous les employ\u00e9s, collaborateurs et partenaires commerciaux, refl\u00e9tant la conscience que chaque action individuelle contribue \u00e0 la r\u00e9putation et \u00e0 la solidit\u00e9 de l&#8217;entreprise.<\/p>\n<p style=\"text-align: justify;\">L&#8217;objectif de ce document est de d\u00e9finir clairement les attentes en mati\u00e8re de conduite correcte et responsable, garantissant une coh\u00e9rence avec les valeurs de l&#8217;organisation.\u00a0Toutes les personnes travaillant avec ITACOIL sont tenues de faire preuve d&#8217;int\u00e9grit\u00e9 et de sens des responsabilit\u00e9s.<\/p>\n<p style=\"text-align: justify;\">Visualisez et t\u00e9l\u00e9chargez le Code d&#8217;\u00c9thique ITACOIL via le lien suivant :\u00a0\u00a0<a href=\"https:\/\/www.itacoilweb.com\/files\/Itacoil_Code_of_Ethics.pdf\" target=\"_blank\" rel=\"noopener noreferrer\" data-lf-fd-inspected-ywvko4x3vdo7z6bj=\"true\"><img loading=\"lazy\" decoding=\"async\" class=\"alignnone\" src=\"https:\/\/www.itacoilweb.it\/remo\/wp-content\/uploads\/image\/png\/pdf4.png\" alt=\"\" width=\"42\" height=\"48\" \/><\/a><\/p>\n<p>[\/vc_column_text][dfd_spacer screen_wide_spacer_size=&#8221;80&#8243; screen_normal_resolution=&#8221;1024&#8243; screen_tablet_resolution=&#8221;800&#8243; screen_mobile_resolution=&#8221;480&#8243;][vc_row_inner][vc_column_inner width=&#8221;1\/4&#8243;][\/vc_column_inner][vc_column_inner width=&#8221;1\/2&#8243;][dfd_delimiter delimiter_style=&#8221;dfd-delimiter-with-text&#8221; text_delimiter=&#8221;Voir aussi&#8221; title_font_options=&#8221;font_size:20|font_style_bold:1&#8243;][dfd_spacer screen_wide_spacer_size=&#8221;30&#8243; screen_normal_resolution=&#8221;1024&#8243; screen_tablet_resolution=&#8221;800&#8243; screen_mobile_resolution=&#8221;480&#8243;][vc_column_text css=&#8221;&#8221;]<\/p>\n<p style=\"text-align: center;\"><a href=\"https:\/\/www.itacoilweb.com\/fr\/energie-renouvelable\/\">Durabilit\u00e9 Environnementale<\/a><\/p>\n<p style=\"text-align: center;\"><a href=\"https:\/\/www.itacoilweb.com\/fr\/conformite-aux-reglementations\/\">Conformit\u00e9 aux r\u00e9glementations<\/a><\/p>\n<p style=\"text-align: center;\"><a href=\"https:\/\/www.itacoilweb.com\/fr\/alerte-professionnelle\/\">Whistleblowing<\/a><\/p>\n<p style=\"text-align: center;\"><a href=\"https:\/\/www.itacoilweb.com\/fr\/qualite\/\">Qualit\u00e9<\/a><\/p>\n<p style=\"text-align: center;\"><a href=\"https:\/\/www.itacoilweb.com\/fr\/mentions-legales\/\">Mentions l\u00e9gales<\/a><\/p>\n<p>[\/vc_column_text][\/vc_column_inner][vc_column_inner width=&#8221;1\/4&#8243;][\/vc_column_inner][\/vc_row_inner][dfd_spacer screen_wide_spacer_size=&#8221;50&#8243; screen_normal_resolution=&#8221;1024&#8243; screen_tablet_resolution=&#8221;800&#8243; screen_mobile_resolution=&#8221;480&#8243;][\/vc_column][\/vc_row]<\/p>\n<\/div>","protected":false},"excerpt":{"rendered":"<p>[vc_row css=&#8221;.vc_custom_1696232001455{padding-right: 10px !important;padding-left: 10px !important;}&#8221;][vc_column][dfd_heading style=&#8221;style_09&#8243; subtitle=&#8221;&#8221; content_alignment=&#8221;text-left&#8221; delimiter_settings=&#8221;delimiter_style:solid|delimiter_width:80|delimiter_height:1&#8243; undefined=&#8221;&#8221; title_font_options=&#8221;tag:h1&#8243; subtitle_font_options=&#8221;tag:div&#8221;] Code d&#8217;\u00c9thique [\/dfd_heading][dfd_spacer screen_wide_spacer_size=&#8221;30&#8243; screen_normal_resolution=&#8221;1024&#8243; screen_tablet_resolution=&#8221;800&#8243; screen_mobile_resolution=&#8221;480&#8243;][vc_column_text css=&#8221;&#8221;] Le Code d&#8217;\u00c9thique d&#8217;ITACOIL Srl \u00e9nonce les principes fondamentaux<\/p>\n","protected":false},"author":10,"featured_media":0,"parent":0,"menu_order":46,"comment_status":"closed","ping_status":"closed","template":"","meta":{"footnotes":""},"class_list":["post-21045","page","type-page","status-publish","hentry"],"yoast_head":"<!-- This site is optimized with the Yoast SEO Premium plugin v27.3 (Yoast SEO v27.4) - https:\/\/yoast.com\/product\/yoast-seo-premium-wordpress\/ -->\n<title>Code d&#039;\u00c9thique - ITACOIL transformers<\/title>\n<meta name=\"robots\" content=\"noindex, follow\" \/>\n<meta property=\"og:locale\" content=\"fr_FR\" \/>\n<meta property=\"og:type\" content=\"article\" \/>\n<meta property=\"og:title\" content=\"Code d&#039;\u00c9thique\" \/>\n<meta property=\"og:description\" content=\"[vc_row css=&#8221;.vc_custom_1696232001455{padding-right: 10px !important;padding-left: 10px !important;}&#8221;][vc_column][dfd_heading style=&#8221;style_09&#8243; subtitle=&#8221;&#8221; content_alignment=&#8221;text-left&#8221; delimiter_settings=&#8221;delimiter_style:solid|delimiter_width:80|delimiter_height:1&#8243; undefined=&#8221;&#8221; title_font_options=&#8221;tag:h1&#8243; subtitle_font_options=&#8221;tag:div&#8221;] Code d&#8217;\u00c9thique [\/dfd_heading][dfd_spacer screen_wide_spacer_size=&#8221;30&#8243; screen_normal_resolution=&#8221;1024&#8243; screen_tablet_resolution=&#8221;800&#8243; screen_mobile_resolution=&#8221;480&#8243;][vc_column_text css=&#8221;&#8221;] Le Code d&#8217;\u00c9thique d&#8217;ITACOIL Srl \u00e9nonce les principes fondamentaux\" \/>\n<meta property=\"og:url\" content=\"https:\/\/www.itacoilweb.com\/fr\/code-dethique\/\" \/>\n<meta property=\"og:site_name\" content=\"ITACOIL transformers\" \/>\n<meta property=\"article:modified_time\" content=\"2025-12-04T10:17:09+00:00\" \/>\n<meta property=\"og:image\" content=\"https:\/\/www.itacoilweb.it\/remo\/wp-content\/uploads\/image\/png\/pdf4.png\" \/>\n<meta name=\"twitter:label1\" content=\"Est. reading time\" \/>\n\t<meta name=\"twitter:data1\" content=\"1 minute\" \/>\n<script type=\"application\/ld+json\" class=\"yoast-schema-graph\">{\"@context\":\"https:\\\/\\\/schema.org\",\"@graph\":[{\"@type\":\"WebPage\",\"@id\":\"https:\\\/\\\/www.itacoilweb.com\\\/fr\\\/code-dethique\\\/\",\"url\":\"https:\\\/\\\/www.itacoilweb.com\\\/fr\\\/code-dethique\\\/\",\"name\":\"Code d'\u00c9thique - ITACOIL transformers\",\"isPartOf\":{\"@id\":\"https:\\\/\\\/www.itacoilweb.com\\\/fr\\\/#website\"},\"primaryImageOfPage\":{\"@id\":\"https:\\\/\\\/www.itacoilweb.com\\\/fr\\\/code-dethique\\\/#primaryimage\"},\"image\":{\"@id\":\"https:\\\/\\\/www.itacoilweb.com\\\/fr\\\/code-dethique\\\/#primaryimage\"},\"thumbnailUrl\":\"https:\\\/\\\/www.itacoilweb.it\\\/remo\\\/wp-content\\\/uploads\\\/image\\\/png\\\/pdf4.png\",\"datePublished\":\"2025-04-28T12:12:50+00:00\",\"dateModified\":\"2025-12-04T10:17:09+00:00\",\"breadcrumb\":{\"@id\":\"https:\\\/\\\/www.itacoilweb.com\\\/fr\\\/code-dethique\\\/#breadcrumb\"},\"inLanguage\":\"fr-FR\",\"potentialAction\":[{\"@type\":\"ReadAction\",\"target\":[\"https:\\\/\\\/www.itacoilweb.com\\\/fr\\\/code-dethique\\\/\"]}]},{\"@type\":\"ImageObject\",\"inLanguage\":\"fr-FR\",\"@id\":\"https:\\\/\\\/www.itacoilweb.com\\\/fr\\\/code-dethique\\\/#primaryimage\",\"url\":\"https:\\\/\\\/www.itacoilweb.it\\\/remo\\\/wp-content\\\/uploads\\\/image\\\/png\\\/pdf4.png\",\"contentUrl\":\"https:\\\/\\\/www.itacoilweb.it\\\/remo\\\/wp-content\\\/uploads\\\/image\\\/png\\\/pdf4.png\"},{\"@type\":\"BreadcrumbList\",\"@id\":\"https:\\\/\\\/www.itacoilweb.com\\\/fr\\\/code-dethique\\\/#breadcrumb\",\"itemListElement\":[{\"@type\":\"ListItem\",\"position\":1,\"name\":\"Home\",\"item\":\"https:\\\/\\\/www.itacoilweb.com\\\/fr\\\/\"},{\"@type\":\"ListItem\",\"position\":2,\"name\":\"Code d&#8217;\u00c9thique\"}]},{\"@type\":\"WebSite\",\"@id\":\"https:\\\/\\\/www.itacoilweb.com\\\/fr\\\/#website\",\"url\":\"https:\\\/\\\/www.itacoilweb.com\\\/fr\\\/\",\"name\":\"ITACOIL transformers\",\"description\":\"PCB transformers and Inductors\",\"publisher\":{\"@id\":\"https:\\\/\\\/www.itacoilweb.com\\\/fr\\\/#organization\"},\"potentialAction\":[{\"@type\":\"SearchAction\",\"target\":{\"@type\":\"EntryPoint\",\"urlTemplate\":\"https:\\\/\\\/www.itacoilweb.com\\\/fr\\\/?s={search_term_string}\"},\"query-input\":{\"@type\":\"PropertyValueSpecification\",\"valueRequired\":true,\"valueName\":\"search_term_string\"}}],\"inLanguage\":\"fr-FR\"},{\"@type\":\"Organization\",\"@id\":\"https:\\\/\\\/www.itacoilweb.com\\\/fr\\\/#organization\",\"name\":\"ITACOIL Transformers\",\"url\":\"https:\\\/\\\/www.itacoilweb.com\\\/fr\\\/\",\"logo\":{\"@type\":\"ImageObject\",\"inLanguage\":\"fr-FR\",\"@id\":\"https:\\\/\\\/www.itacoilweb.com\\\/fr\\\/#\\\/schema\\\/logo\\\/image\\\/\",\"url\":\"https:\\\/\\\/www.itacoilweb.com\\\/remo\\\/wp-content\\\/uploads\\\/image\\\/png\\\/ITACOIL-logo2018-RTG-48.png\",\"contentUrl\":\"https:\\\/\\\/www.itacoilweb.com\\\/remo\\\/wp-content\\\/uploads\\\/image\\\/png\\\/ITACOIL-logo2018-RTG-48.png\",\"width\":151,\"height\":48,\"caption\":\"ITACOIL Transformers\"},\"image\":{\"@id\":\"https:\\\/\\\/www.itacoilweb.com\\\/fr\\\/#\\\/schema\\\/logo\\\/image\\\/\"},\"sameAs\":[\"https:\\\/\\\/www.linkedin.com\\\/company\\\/itacoil\\\/\",\"https:\\\/\\\/www.youtube.com\\\/user\\\/ITACOILtrasformatori\"]}]}<\/script>\n<!-- \/ Yoast SEO Premium plugin. -->","yoast_head_json":{"title":"Code d'\u00c9thique - ITACOIL transformers","robots":{"index":"noindex","follow":"follow"},"og_locale":"fr_FR","og_type":"article","og_title":"Code d'\u00c9thique","og_description":"[vc_row css=&#8221;.vc_custom_1696232001455{padding-right: 10px !important;padding-left: 10px !important;}&#8221;][vc_column][dfd_heading style=&#8221;style_09&#8243; subtitle=&#8221;&#8221; content_alignment=&#8221;text-left&#8221; delimiter_settings=&#8221;delimiter_style:solid|delimiter_width:80|delimiter_height:1&#8243; undefined=&#8221;&#8221; title_font_options=&#8221;tag:h1&#8243; subtitle_font_options=&#8221;tag:div&#8221;] Code d&#8217;\u00c9thique [\/dfd_heading][dfd_spacer screen_wide_spacer_size=&#8221;30&#8243; screen_normal_resolution=&#8221;1024&#8243; screen_tablet_resolution=&#8221;800&#8243; screen_mobile_resolution=&#8221;480&#8243;][vc_column_text css=&#8221;&#8221;] Le Code d&#8217;\u00c9thique d&#8217;ITACOIL Srl \u00e9nonce les principes fondamentaux","og_url":"https:\/\/www.itacoilweb.com\/fr\/code-dethique\/","og_site_name":"ITACOIL transformers","article_modified_time":"2025-12-04T10:17:09+00:00","og_image":[{"url":"https:\/\/www.itacoilweb.it\/remo\/wp-content\/uploads\/image\/png\/pdf4.png","type":"","width":"","height":""}],"twitter_misc":{"Est. reading time":"1 minute"},"schema":{"@context":"https:\/\/schema.org","@graph":[{"@type":"WebPage","@id":"https:\/\/www.itacoilweb.com\/fr\/code-dethique\/","url":"https:\/\/www.itacoilweb.com\/fr\/code-dethique\/","name":"Code d'\u00c9thique - ITACOIL transformers","isPartOf":{"@id":"https:\/\/www.itacoilweb.com\/fr\/#website"},"primaryImageOfPage":{"@id":"https:\/\/www.itacoilweb.com\/fr\/code-dethique\/#primaryimage"},"image":{"@id":"https:\/\/www.itacoilweb.com\/fr\/code-dethique\/#primaryimage"},"thumbnailUrl":"https:\/\/www.itacoilweb.it\/remo\/wp-content\/uploads\/image\/png\/pdf4.png","datePublished":"2025-04-28T12:12:50+00:00","dateModified":"2025-12-04T10:17:09+00:00","breadcrumb":{"@id":"https:\/\/www.itacoilweb.com\/fr\/code-dethique\/#breadcrumb"},"inLanguage":"fr-FR","potentialAction":[{"@type":"ReadAction","target":["https:\/\/www.itacoilweb.com\/fr\/code-dethique\/"]}]},{"@type":"ImageObject","inLanguage":"fr-FR","@id":"https:\/\/www.itacoilweb.com\/fr\/code-dethique\/#primaryimage","url":"https:\/\/www.itacoilweb.it\/remo\/wp-content\/uploads\/image\/png\/pdf4.png","contentUrl":"https:\/\/www.itacoilweb.it\/remo\/wp-content\/uploads\/image\/png\/pdf4.png"},{"@type":"BreadcrumbList","@id":"https:\/\/www.itacoilweb.com\/fr\/code-dethique\/#breadcrumb","itemListElement":[{"@type":"ListItem","position":1,"name":"Home","item":"https:\/\/www.itacoilweb.com\/fr\/"},{"@type":"ListItem","position":2,"name":"Code d&#8217;\u00c9thique"}]},{"@type":"WebSite","@id":"https:\/\/www.itacoilweb.com\/fr\/#website","url":"https:\/\/www.itacoilweb.com\/fr\/","name":"ITACOIL transformers","description":"PCB transformers and Inductors","publisher":{"@id":"https:\/\/www.itacoilweb.com\/fr\/#organization"},"potentialAction":[{"@type":"SearchAction","target":{"@type":"EntryPoint","urlTemplate":"https:\/\/www.itacoilweb.com\/fr\/?s={search_term_string}"},"query-input":{"@type":"PropertyValueSpecification","valueRequired":true,"valueName":"search_term_string"}}],"inLanguage":"fr-FR"},{"@type":"Organization","@id":"https:\/\/www.itacoilweb.com\/fr\/#organization","name":"ITACOIL Transformers","url":"https:\/\/www.itacoilweb.com\/fr\/","logo":{"@type":"ImageObject","inLanguage":"fr-FR","@id":"https:\/\/www.itacoilweb.com\/fr\/#\/schema\/logo\/image\/","url":"https:\/\/www.itacoilweb.com\/remo\/wp-content\/uploads\/image\/png\/ITACOIL-logo2018-RTG-48.png","contentUrl":"https:\/\/www.itacoilweb.com\/remo\/wp-content\/uploads\/image\/png\/ITACOIL-logo2018-RTG-48.png","width":151,"height":48,"caption":"ITACOIL Transformers"},"image":{"@id":"https:\/\/www.itacoilweb.com\/fr\/#\/schema\/logo\/image\/"},"sameAs":["https:\/\/www.linkedin.com\/company\/itacoil\/","https:\/\/www.youtube.com\/user\/ITACOILtrasformatori"]}]}},"_links":{"self":[{"href":"https:\/\/www.itacoilweb.com\/fr\/wp-json\/wp\/v2\/pages\/21045","targetHints":{"allow":["GET"]}}],"collection":[{"href":"https:\/\/www.itacoilweb.com\/fr\/wp-json\/wp\/v2\/pages"}],"about":[{"href":"https:\/\/www.itacoilweb.com\/fr\/wp-json\/wp\/v2\/types\/page"}],"author":[{"embeddable":true,"href":"https:\/\/www.itacoilweb.com\/fr\/wp-json\/wp\/v2\/users\/10"}],"replies":[{"embeddable":true,"href":"https:\/\/www.itacoilweb.com\/fr\/wp-json\/wp\/v2\/comments?post=21045"}],"version-history":[{"count":12,"href":"https:\/\/www.itacoilweb.com\/fr\/wp-json\/wp\/v2\/pages\/21045\/revisions"}],"predecessor-version":[{"id":22020,"href":"https:\/\/www.itacoilweb.com\/fr\/wp-json\/wp\/v2\/pages\/21045\/revisions\/22020"}],"wp:attachment":[{"href":"https:\/\/www.itacoilweb.com\/fr\/wp-json\/wp\/v2\/media?parent=21045"}],"curies":[{"name":"wp","href":"https:\/\/api.w.org\/{rel}","templated":true}]}}