{"id":20609,"date":"2024-11-12T09:49:40","date_gmt":"2024-11-12T08:49:40","guid":{"rendered":"https:\/\/www.itacoilweb.com\/alerte-professionnelle\/"},"modified":"2025-07-02T09:39:28","modified_gmt":"2025-07-02T07:39:28","slug":"alerte-professionnelle","status":"publish","type":"page","link":"https:\/\/www.itacoilweb.com\/fr\/alerte-professionnelle\/","title":{"rendered":"Alerte professionnelle"},"content":{"rendered":"<div class=\"wpb-content-wrapper\"><p>[vc_row][vc_column][dfd_heading style=&#8221;style_09&#8243; subtitle=&#8221;&#8221; content_alignment=&#8221;text-left&#8221; delimiter_settings=&#8221;delimiter_style:solid|delimiter_width:80|delimiter_height:1&#8243; undefined=&#8221;&#8221; title_font_options=&#8221;tag:h1&#8243; subtitle_font_options=&#8221;tag:div&#8221;]<\/p>\n<h1>Alerte professionnelle<\/h1>\n<p>[\/dfd_heading][dfd_spacer screen_wide_spacer_size=&#8221;30&#8243; screen_normal_resolution=&#8221;1024&#8243; screen_tablet_resolution=&#8221;800&#8243; screen_mobile_resolution=&#8221;480&#8243;][vc_column_text css=&#8221;&#8221;]<\/p>\n<p style=\"text-align: justify;\">ITACOIL SRL s&#8217;engage \u00e0 promouvoir une culture d&#8217;entreprise fond\u00e9e sur un comportement \u00e9thique et une gouvernance responsable, cr\u00e9ant un environnement dans lequel les personnes sont encourag\u00e9es \u00e0 signaler tout comportement inappropri\u00e9 ou toute violation des r\u00e9glementations applicables.<\/p>\n<p style=\"text-align: justify;\">Des canaux, processus et proc\u00e9dures sp\u00e9cifiques ont \u00e9t\u00e9 mis en place pour garantir la confidentialit\u00e9 et la protection contre les repr\u00e9sailles pour ceux qui font des signalements de bonne foi.<\/p>\n<p style=\"text-align: justify;\">\u00c0 titre d&#8217;exemple, mais sans s&#8217;y limiter, il est possible de signaler :<\/p>\n<ul>\n<li style=\"text-align: justify;\">La corruption ;<\/li>\n<li style=\"text-align: justify;\">La fraude ou le blanchiment d&#8217;argent ;<\/li>\n<li style=\"text-align: justify;\">Les violations des r\u00e9glementations financi\u00e8res ou antitrust ;<\/li>\n<li style=\"text-align: justify;\">Le d\u00e9lit d&#8217;initi\u00e9 ou la manipulation du march\u00e9 ;<\/li>\n<li style=\"text-align: justify;\">L&#8217;utilisation abusive de donn\u00e9es confidentielles des clients ou de l&#8217;entreprise ;<\/li>\n<li style=\"text-align: justify;\">Les violations du Code de d\u00e9ontologie ou du Mod\u00e8le 231\/01 (syst\u00e8me de gestion requis par le d\u00e9cret l\u00e9gislatif italien 231\/2001) ;<\/li>\n<li style=\"text-align: justify;\">Le harc\u00e8lement, le harc\u00e8lement moral ou tout autre comportement non \u00e9thique.<\/li>\n<\/ul>\n<p>[\/vc_column_text][dfd_spacer screen_wide_spacer_size=&#8221;30&#8243; screen_normal_resolution=&#8221;1024&#8243; screen_tablet_resolution=&#8221;800&#8243; screen_mobile_resolution=&#8221;480&#8243;][vc_column_text css=&#8221;&#8221;]<\/p>\n<h2 class=\"wpb_text_column wpb_content_element\">Comment signaler<\/h2>\n<p>[\/vc_column_text][dfd_spacer screen_wide_spacer_size=&#8221;20&#8243; screen_normal_resolution=&#8221;1024&#8243; screen_tablet_resolution=&#8221;800&#8243; screen_mobile_resolution=&#8221;480&#8243;][vc_column_text css=&#8221;&#8221;]<\/p>\n<div id=\"1523481889934-64816a36-b6a3\" class=\"vc_tta-panel\" data-vc-content=\".vc_tta-panel-body\">Les signalements peuvent \u00eatre effectu\u00e9s de deux mani\u00e8res :<\/div>\n<div id=\"1731345661012-995d7f64-dca2\" class=\"vc_tta-panel vc_active\" data-vc-content=\".vc_tta-panel-body\">\n<div class=\"vc_tta-panel-body\">\n<div class=\"wpb_text_column wpb_content_element \">\n<div class=\"wpb_wrapper\">\n<ul>\n<li style=\"text-align: justify;\"><em>Par e-mail d\u00e9di\u00e9 <\/em>: <a href=\"mailto:whistleblowing@itacoilmail.it\">whistleblowing@itacoilmail.it<\/a><\/li>\n<li style=\"text-align: justify;\"><em>Par rapport \u00e9crit <\/em>: Le rapport doit \u00eatre marqu\u00e9 &#8220;<strong><em>CONFIDENTIEL \u00e0 l&#8217;Organisme de Vigilance (OdV)<\/em><\/strong>&#8221; et d\u00e9pos\u00e9 dans la bo\u00eete aux lettres de l&#8217;entreprise situ\u00e9e \u00e0 l&#8217;entr\u00e9e principale, ou envoy\u00e9 \u00e0 l&#8217;adresse suivante :<\/li>\n<\/ul>\n<p style=\"padding-left: 80px;\"><em><strong>ITACOIL SRL<\/strong><\/em><br \/>\n<em><strong>via delle Gerole, 7<\/strong><\/em><br \/>\n<em><strong>20867 CAPONAGO (MB)<\/strong><\/em><\/p>\n<p style=\"text-align: justify;\">ITACOIL garantit que chaque signalement sera trait\u00e9 de mani\u00e8re confidentielle et impartiale par l&#8217;Organisme de Vigilance (OdV).<\/p>\n<\/div>\n<\/div>\n<\/div>\n<\/div>\n<p>[\/vc_column_text][dfd_spacer screen_wide_spacer_size=&#8221;80&#8243; screen_normal_resolution=&#8221;1024&#8243; screen_tablet_resolution=&#8221;800&#8243; screen_mobile_resolution=&#8221;480&#8243;][vc_row_inner][vc_column_inner width=&#8221;1\/4&#8243;][\/vc_column_inner][vc_column_inner width=&#8221;1\/2&#8243;][dfd_delimiter delimiter_style=&#8221;dfd-delimiter-with-text&#8221; text_delimiter=&#8221;Voir aussi&#8221; title_font_options=&#8221;font_size:20|font_style_bold:1&#8243;][dfd_spacer screen_wide_spacer_size=&#8221;30&#8243; screen_normal_resolution=&#8221;1024&#8243; screen_tablet_resolution=&#8221;800&#8243; screen_mobile_resolution=&#8221;480&#8243;][vc_column_text css=&#8221;&#8221;]<\/p>\n<p style=\"text-align: center;\"><a href=\"https:\/\/www.itacoilweb.com\/fr\/code-dethique\/\">Code d\u2019\u00c9thique<\/a><\/p>\n<p style=\"text-align: center;\"><a href=\"https:\/\/www.itacoilweb.com\/fr\/energie-renouvelable\/\">Durabilit\u00e9 environnementale<\/a><\/p>\n<p style=\"text-align: center;\"><a href=\"https:\/\/www.itacoilweb.com\/fr\/conformite-aux-reglementations\/\" rel=\"noopener\">Conformit\u00e9 aux r\u00e9glementations<\/a><\/p>\n<p style=\"text-align: center;\"><a href=\"https:\/\/www.itacoilweb.com\/fr\/certifications-de-produit\/\" rel=\"noopener\">Certifications de produit<\/a><\/p>\n<p style=\"text-align: center;\"><a href=\"https:\/\/www.itacoilweb.com\/fr\/mentions-legales\/\">Mentions l\u00e9gales<\/a><\/p>\n<p>[\/vc_column_text][\/vc_column_inner][vc_column_inner width=&#8221;1\/4&#8243;][\/vc_column_inner][\/vc_row_inner][dfd_spacer screen_wide_spacer_size=&#8221;50&#8243; screen_normal_resolution=&#8221;1024&#8243; screen_tablet_resolution=&#8221;800&#8243; screen_mobile_resolution=&#8221;480&#8243;][\/vc_column][\/vc_row]<\/p>\n<\/div>","protected":false},"excerpt":{"rendered":"<p>[vc_row][vc_column][dfd_heading style=&#8221;style_09&#8243; subtitle=&#8221;&#8221; content_alignment=&#8221;text-left&#8221; delimiter_settings=&#8221;delimiter_style:solid|delimiter_width:80|delimiter_height:1&#8243; undefined=&#8221;&#8221; title_font_options=&#8221;tag:h1&#8243; subtitle_font_options=&#8221;tag:div&#8221;] Alerte professionnelle [\/dfd_heading][dfd_spacer screen_wide_spacer_size=&#8221;30&#8243; screen_normal_resolution=&#8221;1024&#8243; screen_tablet_resolution=&#8221;800&#8243; screen_mobile_resolution=&#8221;480&#8243;][vc_column_text css=&#8221;&#8221;] ITACOIL SRL s&#8217;engage \u00e0 promouvoir une culture d&#8217;entreprise fond\u00e9e sur un comportement \u00e9thique et<\/p>\n","protected":false},"author":10,"featured_media":0,"parent":0,"menu_order":46,"comment_status":"closed","ping_status":"closed","template":"","meta":{"footnotes":""},"class_list":["post-20609","page","type-page","status-publish","hentry"],"yoast_head":"<!-- This site is optimized with the Yoast SEO Premium plugin v27.3 (Yoast SEO v27.4) - https:\/\/yoast.com\/product\/yoast-seo-premium-wordpress\/ -->\n<title>Alerte professionnelle - ITACOIL transformers<\/title>\n<meta name=\"robots\" content=\"noindex, follow\" \/>\n<meta property=\"og:locale\" content=\"fr_FR\" \/>\n<meta property=\"og:type\" content=\"article\" \/>\n<meta property=\"og:title\" content=\"Alerte professionnelle\" \/>\n<meta property=\"og:description\" content=\"[vc_row][vc_column][dfd_heading style=&#8221;style_09&#8243; subtitle=&#8221;&#8221; content_alignment=&#8221;text-left&#8221; delimiter_settings=&#8221;delimiter_style:solid|delimiter_width:80|delimiter_height:1&#8243; undefined=&#8221;&#8221; title_font_options=&#8221;tag:h1&#8243; subtitle_font_options=&#8221;tag:div&#8221;] Alerte professionnelle [\/dfd_heading][dfd_spacer screen_wide_spacer_size=&#8221;30&#8243; screen_normal_resolution=&#8221;1024&#8243; screen_tablet_resolution=&#8221;800&#8243; screen_mobile_resolution=&#8221;480&#8243;][vc_column_text css=&#8221;&#8221;] ITACOIL SRL s&#8217;engage \u00e0 promouvoir une culture d&#8217;entreprise fond\u00e9e sur un comportement \u00e9thique et\" \/>\n<meta property=\"og:url\" content=\"https:\/\/www.itacoilweb.com\/fr\/alerte-professionnelle\/\" \/>\n<meta property=\"og:site_name\" content=\"ITACOIL transformers\" \/>\n<meta property=\"article:modified_time\" content=\"2025-07-02T07:39:28+00:00\" \/>\n<meta property=\"og:image\" content=\"https:\/\/www.itacoilweb.com\/remo\/wp-content\/uploads\/image\/png\/ITACOILweb2018-BG-120.png\" \/>\n\t<meta property=\"og:image:width\" content=\"370\" \/>\n\t<meta property=\"og:image:height\" content=\"120\" \/>\n\t<meta property=\"og:image:type\" content=\"image\/png\" \/>\n<meta name=\"twitter:label1\" content=\"Est. reading time\" \/>\n\t<meta name=\"twitter:data1\" content=\"2 minutes\" \/>\n<script type=\"application\/ld+json\" class=\"yoast-schema-graph\">{\"@context\":\"https:\\\/\\\/schema.org\",\"@graph\":[{\"@type\":\"WebPage\",\"@id\":\"https:\\\/\\\/www.itacoilweb.com\\\/fr\\\/alerte-professionnelle\\\/\",\"url\":\"https:\\\/\\\/www.itacoilweb.com\\\/fr\\\/alerte-professionnelle\\\/\",\"name\":\"Alerte professionnelle - ITACOIL transformers\",\"isPartOf\":{\"@id\":\"https:\\\/\\\/www.itacoilweb.com\\\/fr\\\/#website\"},\"datePublished\":\"2024-11-12T08:49:40+00:00\",\"dateModified\":\"2025-07-02T07:39:28+00:00\",\"breadcrumb\":{\"@id\":\"https:\\\/\\\/www.itacoilweb.com\\\/fr\\\/alerte-professionnelle\\\/#breadcrumb\"},\"inLanguage\":\"fr-FR\",\"potentialAction\":[{\"@type\":\"ReadAction\",\"target\":[\"https:\\\/\\\/www.itacoilweb.com\\\/fr\\\/alerte-professionnelle\\\/\"]}]},{\"@type\":\"BreadcrumbList\",\"@id\":\"https:\\\/\\\/www.itacoilweb.com\\\/fr\\\/alerte-professionnelle\\\/#breadcrumb\",\"itemListElement\":[{\"@type\":\"ListItem\",\"position\":1,\"name\":\"Home\",\"item\":\"https:\\\/\\\/www.itacoilweb.com\\\/fr\\\/\"},{\"@type\":\"ListItem\",\"position\":2,\"name\":\"Alerte professionnelle\"}]},{\"@type\":\"WebSite\",\"@id\":\"https:\\\/\\\/www.itacoilweb.com\\\/fr\\\/#website\",\"url\":\"https:\\\/\\\/www.itacoilweb.com\\\/fr\\\/\",\"name\":\"ITACOIL transformers\",\"description\":\"PCB transformers and Inductors\",\"publisher\":{\"@id\":\"https:\\\/\\\/www.itacoilweb.com\\\/fr\\\/#organization\"},\"potentialAction\":[{\"@type\":\"SearchAction\",\"target\":{\"@type\":\"EntryPoint\",\"urlTemplate\":\"https:\\\/\\\/www.itacoilweb.com\\\/fr\\\/?s={search_term_string}\"},\"query-input\":{\"@type\":\"PropertyValueSpecification\",\"valueRequired\":true,\"valueName\":\"search_term_string\"}}],\"inLanguage\":\"fr-FR\"},{\"@type\":\"Organization\",\"@id\":\"https:\\\/\\\/www.itacoilweb.com\\\/fr\\\/#organization\",\"name\":\"ITACOIL Transformers\",\"url\":\"https:\\\/\\\/www.itacoilweb.com\\\/fr\\\/\",\"logo\":{\"@type\":\"ImageObject\",\"inLanguage\":\"fr-FR\",\"@id\":\"https:\\\/\\\/www.itacoilweb.com\\\/fr\\\/#\\\/schema\\\/logo\\\/image\\\/\",\"url\":\"https:\\\/\\\/www.itacoilweb.com\\\/remo\\\/wp-content\\\/uploads\\\/image\\\/png\\\/ITACOIL-logo2018-RTG-48.png\",\"contentUrl\":\"https:\\\/\\\/www.itacoilweb.com\\\/remo\\\/wp-content\\\/uploads\\\/image\\\/png\\\/ITACOIL-logo2018-RTG-48.png\",\"width\":151,\"height\":48,\"caption\":\"ITACOIL Transformers\"},\"image\":{\"@id\":\"https:\\\/\\\/www.itacoilweb.com\\\/fr\\\/#\\\/schema\\\/logo\\\/image\\\/\"},\"sameAs\":[\"https:\\\/\\\/www.linkedin.com\\\/company\\\/itacoil\\\/\",\"https:\\\/\\\/www.youtube.com\\\/user\\\/ITACOILtrasformatori\"]}]}<\/script>\n<!-- \/ Yoast SEO Premium plugin. -->","yoast_head_json":{"title":"Alerte professionnelle - ITACOIL transformers","robots":{"index":"noindex","follow":"follow"},"og_locale":"fr_FR","og_type":"article","og_title":"Alerte professionnelle","og_description":"[vc_row][vc_column][dfd_heading style=&#8221;style_09&#8243; subtitle=&#8221;&#8221; content_alignment=&#8221;text-left&#8221; delimiter_settings=&#8221;delimiter_style:solid|delimiter_width:80|delimiter_height:1&#8243; undefined=&#8221;&#8221; title_font_options=&#8221;tag:h1&#8243; subtitle_font_options=&#8221;tag:div&#8221;] Alerte professionnelle [\/dfd_heading][dfd_spacer screen_wide_spacer_size=&#8221;30&#8243; screen_normal_resolution=&#8221;1024&#8243; screen_tablet_resolution=&#8221;800&#8243; screen_mobile_resolution=&#8221;480&#8243;][vc_column_text css=&#8221;&#8221;] ITACOIL SRL s&#8217;engage \u00e0 promouvoir une culture d&#8217;entreprise fond\u00e9e sur un comportement \u00e9thique et","og_url":"https:\/\/www.itacoilweb.com\/fr\/alerte-professionnelle\/","og_site_name":"ITACOIL transformers","article_modified_time":"2025-07-02T07:39:28+00:00","og_image":[{"width":370,"height":120,"url":"https:\/\/www.itacoilweb.com\/remo\/wp-content\/uploads\/image\/png\/ITACOILweb2018-BG-120.png","type":"image\/png"}],"twitter_misc":{"Est. reading time":"2 minutes"},"schema":{"@context":"https:\/\/schema.org","@graph":[{"@type":"WebPage","@id":"https:\/\/www.itacoilweb.com\/fr\/alerte-professionnelle\/","url":"https:\/\/www.itacoilweb.com\/fr\/alerte-professionnelle\/","name":"Alerte professionnelle - ITACOIL transformers","isPartOf":{"@id":"https:\/\/www.itacoilweb.com\/fr\/#website"},"datePublished":"2024-11-12T08:49:40+00:00","dateModified":"2025-07-02T07:39:28+00:00","breadcrumb":{"@id":"https:\/\/www.itacoilweb.com\/fr\/alerte-professionnelle\/#breadcrumb"},"inLanguage":"fr-FR","potentialAction":[{"@type":"ReadAction","target":["https:\/\/www.itacoilweb.com\/fr\/alerte-professionnelle\/"]}]},{"@type":"BreadcrumbList","@id":"https:\/\/www.itacoilweb.com\/fr\/alerte-professionnelle\/#breadcrumb","itemListElement":[{"@type":"ListItem","position":1,"name":"Home","item":"https:\/\/www.itacoilweb.com\/fr\/"},{"@type":"ListItem","position":2,"name":"Alerte professionnelle"}]},{"@type":"WebSite","@id":"https:\/\/www.itacoilweb.com\/fr\/#website","url":"https:\/\/www.itacoilweb.com\/fr\/","name":"ITACOIL transformers","description":"PCB transformers and Inductors","publisher":{"@id":"https:\/\/www.itacoilweb.com\/fr\/#organization"},"potentialAction":[{"@type":"SearchAction","target":{"@type":"EntryPoint","urlTemplate":"https:\/\/www.itacoilweb.com\/fr\/?s={search_term_string}"},"query-input":{"@type":"PropertyValueSpecification","valueRequired":true,"valueName":"search_term_string"}}],"inLanguage":"fr-FR"},{"@type":"Organization","@id":"https:\/\/www.itacoilweb.com\/fr\/#organization","name":"ITACOIL Transformers","url":"https:\/\/www.itacoilweb.com\/fr\/","logo":{"@type":"ImageObject","inLanguage":"fr-FR","@id":"https:\/\/www.itacoilweb.com\/fr\/#\/schema\/logo\/image\/","url":"https:\/\/www.itacoilweb.com\/remo\/wp-content\/uploads\/image\/png\/ITACOIL-logo2018-RTG-48.png","contentUrl":"https:\/\/www.itacoilweb.com\/remo\/wp-content\/uploads\/image\/png\/ITACOIL-logo2018-RTG-48.png","width":151,"height":48,"caption":"ITACOIL Transformers"},"image":{"@id":"https:\/\/www.itacoilweb.com\/fr\/#\/schema\/logo\/image\/"},"sameAs":["https:\/\/www.linkedin.com\/company\/itacoil\/","https:\/\/www.youtube.com\/user\/ITACOILtrasformatori"]}]}},"_links":{"self":[{"href":"https:\/\/www.itacoilweb.com\/fr\/wp-json\/wp\/v2\/pages\/20609","targetHints":{"allow":["GET"]}}],"collection":[{"href":"https:\/\/www.itacoilweb.com\/fr\/wp-json\/wp\/v2\/pages"}],"about":[{"href":"https:\/\/www.itacoilweb.com\/fr\/wp-json\/wp\/v2\/types\/page"}],"author":[{"embeddable":true,"href":"https:\/\/www.itacoilweb.com\/fr\/wp-json\/wp\/v2\/users\/10"}],"replies":[{"embeddable":true,"href":"https:\/\/www.itacoilweb.com\/fr\/wp-json\/wp\/v2\/comments?post=20609"}],"version-history":[{"count":25,"href":"https:\/\/www.itacoilweb.com\/fr\/wp-json\/wp\/v2\/pages\/20609\/revisions"}],"predecessor-version":[{"id":21694,"href":"https:\/\/www.itacoilweb.com\/fr\/wp-json\/wp\/v2\/pages\/20609\/revisions\/21694"}],"wp:attachment":[{"href":"https:\/\/www.itacoilweb.com\/fr\/wp-json\/wp\/v2\/media?parent=20609"}],"curies":[{"name":"wp","href":"https:\/\/api.w.org\/{rel}","templated":true}]}}