{"id":18898,"date":"2022-11-09T14:10:08","date_gmt":"2022-11-09T13:10:08","guid":{"rendered":"https:\/\/www.itacoilweb.com\/articles\/"},"modified":"2023-10-05T10:49:10","modified_gmt":"2023-10-05T08:49:10","slug":"articles","status":"publish","type":"page","link":"https:\/\/www.itacoilweb.com\/fr\/articles\/","title":{"rendered":"Articles"},"content":{"rendered":"<div class=\"wpb-content-wrapper\"><p>[vc_row][vc_column][dfd_heading style=&#8221;style_11&#8243; subtitle=&#8221;&#8221; delimiter_settings=&#8221;delimiter_style:solid|delimiter_width:80|delimiter_height:1&#8243; title_font_options=&#8221;tag:h2&#8243; subtitle_font_options=&#8221;tag:div&#8221;]<\/p>\n<h4><strong>Articles<\/strong><\/h4>\n<p>[\/dfd_heading][dfd_spacer screen_wide_spacer_size=&#8221;60&#8243; screen_normal_resolution=&#8221;1024&#8243; screen_tablet_resolution=&#8221;800&#8243; screen_mobile_resolution=&#8221;480&#8243;][\/vc_column][\/vc_row][vc_row css=&#8221;.vc_custom_1695279328962{padding-right: 10px !important;padding-left: 10px !important;}&#8221;][vc_column width=&#8221;1\/4&#8243;][dfd_single_image image_size=&#8221;custom&#8221; image_width=&#8221;200&#8243; image_height=&#8221;200&#8243; image=&#8221;18777&#8243;][dfd_spacer screen_wide_spacer_size=&#8221;20&#8243; screen_normal_resolution=&#8221;1024&#8243; screen_tablet_resolution=&#8221;800&#8243; screen_mobile_resolution=&#8221;480&#8243;][\/vc_column][vc_column width=&#8221;1\/4&#8243; css=&#8221;.vc_custom_1695279322330{padding-left: 10px !important;}&#8221; col_shadow=&#8221;box_shadow_enable:disable|shadow_horizontal:0|shadow_vertical:15|shadow_blur:50|shadow_spread:0|box_shadow_color:rgba(0%2C0%2C0%2C0.35)&#8221; col_shadow_hover=&#8221;box_shadow_enable:disable|shadow_horizontal:0|shadow_vertical:15|shadow_blur:50|shadow_spread:0|box_shadow_color:rgba(0%2C0%2C0%2C0.35)&#8221;][vc_column_text]<strong>Guide ligne de fuite et d\u00e9gagement<\/strong><\/p>\n<p style=\"text-align: justify;\">Un guide de base pour comprendre les distances de s\u00e9curit\u00e9 de la ligne de fuite et du d\u00e9gagement et apprendre \u00e0 les identifier et \u00e0 les mesurer.<\/p>\n<p>[\/vc_column_text][dfd_spacer screen_wide_spacer_size=&#8221;10&#8243; screen_normal_resolution=&#8221;1024&#8243; screen_tablet_resolution=&#8221;800&#8243; screen_mobile_resolution=&#8221;480&#8243;][dfd_button button_text=&#8221;LIRE&#8221; main_style=&#8221;style-2&#8243; buttom_link_src=&#8221;url:https%3A%2F%2Fwww.itacoilweb.com%2Ffr%2Farticles%2Fun-guide-de-base-sur-la-ligne-de-fuite-et-du-degagement%2F|title:Un%20guide%20de%20base%20sur%20la%20ligne%20de%20fuite%20et%20du%20d%C3%A9gagement&#8221; box_shadow=&#8221;box_shadow_enable:disable|shadow_horizontal:0|shadow_vertical:15|shadow_blur:50|shadow_spread:0|box_shadow_color:rgba(0%2C0%2C0%2C0.35)&#8221; hover_box_shadow=&#8221;box_shadow_enable:disable|shadow_horizontal:0|shadow_vertical:15|shadow_blur:50|shadow_spread:0|box_shadow_color:rgba(0%2C0%2C0%2C0.35)&#8221; tutorials=&#8221;&#8221;][dfd_spacer screen_wide_spacer_size=&#8221;50&#8243; screen_normal_resolution=&#8221;1024&#8243; screen_tablet_resolution=&#8221;800&#8243; screen_mobile_resolution=&#8221;480&#8243;][\/vc_column][vc_column width=&#8221;1\/4&#8243;][dfd_single_image image_size=&#8221;custom&#8221; image_width=&#8221;200&#8243; image_height=&#8221;200&#8243; image=&#8221;18162&#8243;][dfd_spacer screen_wide_spacer_size=&#8221;20&#8243; screen_normal_resolution=&#8221;1024&#8243; screen_tablet_resolution=&#8221;800&#8243; screen_mobile_resolution=&#8221;480&#8243;][\/vc_column][vc_column width=&#8221;1\/4&#8243;][vc_column_text]<strong>Topologies r\u00e9sonnantes LLC et LCC<\/strong><\/p>\n<p>Avantages et inconv\u00e9nients des topologies LLC et LCC. Quand utiliser l&#8217;une ou l&#8217;autre\u00a0? Lisez le rapport de test et d\u00e9couvrez les avantages des co\u00fbts et des performances\u00a0![\/vc_column_text][dfd_spacer screen_wide_spacer_size=&#8221;10&#8243; screen_normal_resolution=&#8221;1024&#8243; screen_tablet_resolution=&#8221;800&#8243; screen_mobile_resolution=&#8221;480&#8243;][dfd_button button_text=&#8221;LIRE&#8221; main_style=&#8221;style-2&#8243; buttom_link_src=&#8221;url:https%3A%2F%2Fwww.itacoilweb.com%2Ffr%2Ftopologies-resonantes-llc-et-lcc%2F|title:Topologies%20R%C3%A9sonantes%20LLC%20et%20LCC&#8221; box_shadow=&#8221;box_shadow_enable:disable|shadow_horizontal:0|shadow_vertical:15|shadow_blur:50|shadow_spread:0|box_shadow_color:rgba(0%2C0%2C0%2C0.35)&#8221; hover_box_shadow=&#8221;box_shadow_enable:disable|shadow_horizontal:0|shadow_vertical:15|shadow_blur:50|shadow_spread:0|box_shadow_color:rgba(0%2C0%2C0%2C0.35)&#8221; tutorials=&#8221;&#8221;][dfd_spacer screen_wide_spacer_size=&#8221;50&#8243; screen_normal_resolution=&#8221;1024&#8243; screen_tablet_resolution=&#8221;800&#8243; screen_mobile_resolution=&#8221;480&#8243;][\/vc_column][\/vc_row][vc_row css=&#8221;.vc_custom_1695279346082{padding-right: 10px !important;padding-left: 10px !important;}&#8221;][vc_column width=&#8221;1\/4&#8243;][dfd_single_image image_size=&#8221;custom&#8221; image_width=&#8221;200&#8243; image_height=&#8221;200&#8243; image=&#8221;14522&#8243;][dfd_spacer screen_wide_spacer_size=&#8221;20&#8243; screen_normal_resolution=&#8221;1024&#8243; screen_tablet_resolution=&#8221;800&#8243; screen_mobile_resolution=&#8221;480&#8243;][\/vc_column][vc_column width=&#8221;1\/4&#8243; css=&#8221;.vc_custom_1695279337554{padding-right: 10px !important;padding-left: 10px !important;}&#8221; col_shadow=&#8221;box_shadow_enable:disable|shadow_horizontal:0|shadow_vertical:15|shadow_blur:50|shadow_spread:0|box_shadow_color:rgba(0%2C0%2C0%2C0.35)&#8221; col_shadow_hover=&#8221;box_shadow_enable:disable|shadow_horizontal:0|shadow_vertical:15|shadow_blur:50|shadow_spread:0|box_shadow_color:rgba(0%2C0%2C0%2C0.35)&#8221;][vc_column_text]<strong>Alimentations \u00e0 r\u00e9sonnance LLC et LCC<\/strong><\/p>\n<p>La demande sans cesse croissante d&#8217;efficacit\u00e9 \u00e9nerg\u00e9tique a conduit \u00e0 une r\u00e9\u00e9valuation des topologies r\u00e9sonnantes. D\u00e9couvrez les avantages.[\/vc_column_text][dfd_spacer screen_wide_spacer_size=&#8221;30&#8243; screen_normal_resolution=&#8221;1024&#8243; screen_tablet_resolution=&#8221;800&#8243; screen_mobile_resolution=&#8221;480&#8243;][dfd_button button_text=&#8221;LIRE&#8221; main_style=&#8221;style-2&#8243; buttom_link_src=&#8221;url:https%3A%2F%2Fwww.itacoilweb.com%2Ffr%2Fque-sont-les-alimentations-a-resonnance-llc-lcc%2F|title:Alimentations%20%C3%A0%20r%C3%A9sonnance%20LLC%20et%20LCC&#8221; box_shadow=&#8221;box_shadow_enable:disable|shadow_horizontal:0|shadow_vertical:15|shadow_blur:50|shadow_spread:0|box_shadow_color:rgba(0%2C0%2C0%2C0.35)&#8221; hover_box_shadow=&#8221;box_shadow_enable:disable|shadow_horizontal:0|shadow_vertical:15|shadow_blur:50|shadow_spread:0|box_shadow_color:rgba(0%2C0%2C0%2C0.35)&#8221; tutorials=&#8221;&#8221;][dfd_spacer screen_wide_spacer_size=&#8221;50&#8243; screen_normal_resolution=&#8221;1024&#8243; screen_tablet_resolution=&#8221;800&#8243; screen_mobile_resolution=&#8221;480&#8243;][\/vc_column][vc_column width=&#8221;1\/4&#8243;][dfd_single_image image_size=&#8221;custom&#8221; image_width=&#8221;200&#8243; image_height=&#8221;200&#8243; image=&#8221;17161&#8243;][dfd_spacer screen_wide_spacer_size=&#8221;20&#8243; screen_normal_resolution=&#8221;1024&#8243; screen_tablet_resolution=&#8221;800&#8243; screen_mobile_resolution=&#8221;480&#8243;][\/vc_column][vc_column width=&#8221;1\/4&#8243;][vc_column_text]<strong>Efficacit\u00e9 des pilotes LED<\/strong><\/p>\n<p>La n\u00e9cessit\u00e9 d\u2019une grande efficacit\u00e9 des syst\u00e8mes d\u2019alimentation pour l\u2019\u00e9clairage LED a conduit \u00e0 une r\u00e9\u00e9valuation des topologies r\u00e9sonnantes LLC-LCC au cours des derni\u00e8res ann\u00e9es.[\/vc_column_text][dfd_spacer screen_wide_spacer_size=&#8221;10&#8243; screen_normal_resolution=&#8221;1024&#8243; screen_tablet_resolution=&#8221;800&#8243; screen_mobile_resolution=&#8221;480&#8243;][dfd_button button_text=&#8221;LIRE&#8221; main_style=&#8221;style-2&#8243; buttom_link_src=&#8221;url:https%3A%2F%2Fwww.itacoilweb.com%2Ffr%2Fefficacite-des-pilotes-led%2F|title:Efficacit%C3%A9%20des%20pilotes%20LED&#8221; box_shadow=&#8221;box_shadow_enable:disable|shadow_horizontal:0|shadow_vertical:15|shadow_blur:50|shadow_spread:0|box_shadow_color:rgba(0%2C0%2C0%2C0.35)&#8221; hover_box_shadow=&#8221;box_shadow_enable:disable|shadow_horizontal:0|shadow_vertical:15|shadow_blur:50|shadow_spread:0|box_shadow_color:rgba(0%2C0%2C0%2C0.35)&#8221; tutorials=&#8221;&#8221;][dfd_spacer screen_wide_spacer_size=&#8221;50&#8243; screen_normal_resolution=&#8221;1024&#8243; screen_tablet_resolution=&#8221;800&#8243; screen_mobile_resolution=&#8221;480&#8243;][\/vc_column][\/vc_row][vc_row][vc_column][dfd_spacer screen_wide_spacer_size=&#8221;50&#8243; screen_normal_resolution=&#8221;1024&#8243; screen_tablet_resolution=&#8221;800&#8243; screen_mobile_resolution=&#8221;480&#8243;][\/vc_column][\/vc_row]<\/p>\n<\/div>","protected":false},"excerpt":{"rendered":"<p>[vc_row][vc_column][dfd_heading style=&#8221;style_11&#8243; subtitle=&#8221;&#8221; delimiter_settings=&#8221;delimiter_style:solid|delimiter_width:80|delimiter_height:1&#8243; title_font_options=&#8221;tag:h2&#8243; subtitle_font_options=&#8221;tag:div&#8221;] Articles [\/dfd_heading][dfd_spacer screen_wide_spacer_size=&#8221;60&#8243; screen_normal_resolution=&#8221;1024&#8243; screen_tablet_resolution=&#8221;800&#8243; screen_mobile_resolution=&#8221;480&#8243;][\/vc_column][\/vc_row][vc_row css=&#8221;.vc_custom_1695279328962{padding-right: 10px !important;padding-left: 10px !important;}&#8221;][vc_column width=&#8221;1\/4&#8243;][dfd_single_image image_size=&#8221;custom&#8221; image_width=&#8221;200&#8243; image_height=&#8221;200&#8243; image=&#8221;18777&#8243;][dfd_spacer screen_wide_spacer_size=&#8221;20&#8243; screen_normal_resolution=&#8221;1024&#8243; screen_tablet_resolution=&#8221;800&#8243; screen_mobile_resolution=&#8221;480&#8243;][\/vc_column][vc_column width=&#8221;1\/4&#8243; css=&#8221;.vc_custom_1695279322330{padding-left: 10px !important;}&#8221;<\/p>\n","protected":false},"author":10,"featured_media":0,"parent":0,"menu_order":2,"comment_status":"closed","ping_status":"closed","template":"","meta":{"footnotes":""},"class_list":["post-18898","page","type-page","status-publish","hentry"],"yoast_head":"<!-- This site is optimized with the Yoast SEO Premium plugin v27.3 (Yoast SEO v27.4) - https:\/\/yoast.com\/product\/yoast-seo-premium-wordpress\/ -->\n<title>Articles - ITACOIL transformers<\/title>\n<meta name=\"robots\" content=\"noindex, follow\" \/>\n<meta property=\"og:locale\" content=\"fr_FR\" \/>\n<meta property=\"og:type\" content=\"article\" \/>\n<meta property=\"og:title\" content=\"Articles\" \/>\n<meta property=\"og:description\" content=\"[vc_row][vc_column][dfd_heading style=&#8221;style_11&#8243; subtitle=&#8221;&#8221; delimiter_settings=&#8221;delimiter_style:solid|delimiter_width:80|delimiter_height:1&#8243; title_font_options=&#8221;tag:h2&#8243; subtitle_font_options=&#8221;tag:div&#8221;] Articles [\/dfd_heading][dfd_spacer screen_wide_spacer_size=&#8221;60&#8243; screen_normal_resolution=&#8221;1024&#8243; screen_tablet_resolution=&#8221;800&#8243; screen_mobile_resolution=&#8221;480&#8243;][\/vc_column][\/vc_row][vc_row css=&#8221;.vc_custom_1695279328962{padding-right: 10px !important;padding-left: 10px !important;}&#8221;][vc_column width=&#8221;1\/4&#8243;][dfd_single_image image_size=&#8221;custom&#8221; image_width=&#8221;200&#8243; image_height=&#8221;200&#8243; image=&#8221;18777&#8243;][dfd_spacer screen_wide_spacer_size=&#8221;20&#8243; screen_normal_resolution=&#8221;1024&#8243; screen_tablet_resolution=&#8221;800&#8243; screen_mobile_resolution=&#8221;480&#8243;][\/vc_column][vc_column width=&#8221;1\/4&#8243; css=&#8221;.vc_custom_1695279322330{padding-left: 10px !important;}&#8221;\" \/>\n<meta property=\"og:url\" content=\"https:\/\/www.itacoilweb.com\/fr\/articles\/\" \/>\n<meta property=\"og:site_name\" content=\"ITACOIL transformers\" \/>\n<meta property=\"article:modified_time\" content=\"2023-10-05T08:49:10+00:00\" \/>\n<meta property=\"og:image\" content=\"https:\/\/www.itacoilweb.com\/remo\/wp-content\/uploads\/image\/png\/ITACOILweb2018-BG-120.png\" \/>\n\t<meta property=\"og:image:width\" content=\"370\" \/>\n\t<meta property=\"og:image:height\" content=\"120\" \/>\n\t<meta property=\"og:image:type\" content=\"image\/png\" \/>\n<meta name=\"twitter:label1\" content=\"Est. reading time\" \/>\n\t<meta name=\"twitter:data1\" content=\"2 minutes\" \/>\n<script type=\"application\/ld+json\" class=\"yoast-schema-graph\">{\"@context\":\"https:\\\/\\\/schema.org\",\"@graph\":[{\"@type\":\"WebPage\",\"@id\":\"https:\\\/\\\/www.itacoilweb.com\\\/fr\\\/articles\\\/\",\"url\":\"https:\\\/\\\/www.itacoilweb.com\\\/fr\\\/articles\\\/\",\"name\":\"Articles - ITACOIL transformers\",\"isPartOf\":{\"@id\":\"https:\\\/\\\/www.itacoilweb.com\\\/fr\\\/#website\"},\"datePublished\":\"2022-11-09T13:10:08+00:00\",\"dateModified\":\"2023-10-05T08:49:10+00:00\",\"breadcrumb\":{\"@id\":\"https:\\\/\\\/www.itacoilweb.com\\\/fr\\\/articles\\\/#breadcrumb\"},\"inLanguage\":\"fr-FR\",\"potentialAction\":[{\"@type\":\"ReadAction\",\"target\":[\"https:\\\/\\\/www.itacoilweb.com\\\/fr\\\/articles\\\/\"]}]},{\"@type\":\"BreadcrumbList\",\"@id\":\"https:\\\/\\\/www.itacoilweb.com\\\/fr\\\/articles\\\/#breadcrumb\",\"itemListElement\":[{\"@type\":\"ListItem\",\"position\":1,\"name\":\"Home\",\"item\":\"https:\\\/\\\/www.itacoilweb.com\\\/fr\\\/\"},{\"@type\":\"ListItem\",\"position\":2,\"name\":\"Articles\"}]},{\"@type\":\"WebSite\",\"@id\":\"https:\\\/\\\/www.itacoilweb.com\\\/fr\\\/#website\",\"url\":\"https:\\\/\\\/www.itacoilweb.com\\\/fr\\\/\",\"name\":\"ITACOIL transformers\",\"description\":\"PCB transformers and Inductors\",\"publisher\":{\"@id\":\"https:\\\/\\\/www.itacoilweb.com\\\/fr\\\/#organization\"},\"potentialAction\":[{\"@type\":\"SearchAction\",\"target\":{\"@type\":\"EntryPoint\",\"urlTemplate\":\"https:\\\/\\\/www.itacoilweb.com\\\/fr\\\/?s={search_term_string}\"},\"query-input\":{\"@type\":\"PropertyValueSpecification\",\"valueRequired\":true,\"valueName\":\"search_term_string\"}}],\"inLanguage\":\"fr-FR\"},{\"@type\":\"Organization\",\"@id\":\"https:\\\/\\\/www.itacoilweb.com\\\/fr\\\/#organization\",\"name\":\"ITACOIL Transformers\",\"url\":\"https:\\\/\\\/www.itacoilweb.com\\\/fr\\\/\",\"logo\":{\"@type\":\"ImageObject\",\"inLanguage\":\"fr-FR\",\"@id\":\"https:\\\/\\\/www.itacoilweb.com\\\/fr\\\/#\\\/schema\\\/logo\\\/image\\\/\",\"url\":\"https:\\\/\\\/www.itacoilweb.com\\\/remo\\\/wp-content\\\/uploads\\\/image\\\/png\\\/ITACOIL-logo2018-RTG-48.png\",\"contentUrl\":\"https:\\\/\\\/www.itacoilweb.com\\\/remo\\\/wp-content\\\/uploads\\\/image\\\/png\\\/ITACOIL-logo2018-RTG-48.png\",\"width\":151,\"height\":48,\"caption\":\"ITACOIL Transformers\"},\"image\":{\"@id\":\"https:\\\/\\\/www.itacoilweb.com\\\/fr\\\/#\\\/schema\\\/logo\\\/image\\\/\"},\"sameAs\":[\"https:\\\/\\\/www.linkedin.com\\\/company\\\/itacoil\\\/\",\"https:\\\/\\\/www.youtube.com\\\/user\\\/ITACOILtrasformatori\"]}]}<\/script>\n<!-- \/ Yoast SEO Premium plugin. -->","yoast_head_json":{"title":"Articles - ITACOIL transformers","robots":{"index":"noindex","follow":"follow"},"og_locale":"fr_FR","og_type":"article","og_title":"Articles","og_description":"[vc_row][vc_column][dfd_heading style=&#8221;style_11&#8243; subtitle=&#8221;&#8221; delimiter_settings=&#8221;delimiter_style:solid|delimiter_width:80|delimiter_height:1&#8243; title_font_options=&#8221;tag:h2&#8243; subtitle_font_options=&#8221;tag:div&#8221;] Articles [\/dfd_heading][dfd_spacer screen_wide_spacer_size=&#8221;60&#8243; screen_normal_resolution=&#8221;1024&#8243; screen_tablet_resolution=&#8221;800&#8243; screen_mobile_resolution=&#8221;480&#8243;][\/vc_column][\/vc_row][vc_row css=&#8221;.vc_custom_1695279328962{padding-right: 10px !important;padding-left: 10px !important;}&#8221;][vc_column width=&#8221;1\/4&#8243;][dfd_single_image image_size=&#8221;custom&#8221; image_width=&#8221;200&#8243; image_height=&#8221;200&#8243; image=&#8221;18777&#8243;][dfd_spacer screen_wide_spacer_size=&#8221;20&#8243; screen_normal_resolution=&#8221;1024&#8243; screen_tablet_resolution=&#8221;800&#8243; screen_mobile_resolution=&#8221;480&#8243;][\/vc_column][vc_column width=&#8221;1\/4&#8243; css=&#8221;.vc_custom_1695279322330{padding-left: 10px !important;}&#8221;","og_url":"https:\/\/www.itacoilweb.com\/fr\/articles\/","og_site_name":"ITACOIL transformers","article_modified_time":"2023-10-05T08:49:10+00:00","og_image":[{"width":370,"height":120,"url":"https:\/\/www.itacoilweb.com\/remo\/wp-content\/uploads\/image\/png\/ITACOILweb2018-BG-120.png","type":"image\/png"}],"twitter_misc":{"Est. reading time":"2 minutes"},"schema":{"@context":"https:\/\/schema.org","@graph":[{"@type":"WebPage","@id":"https:\/\/www.itacoilweb.com\/fr\/articles\/","url":"https:\/\/www.itacoilweb.com\/fr\/articles\/","name":"Articles - ITACOIL transformers","isPartOf":{"@id":"https:\/\/www.itacoilweb.com\/fr\/#website"},"datePublished":"2022-11-09T13:10:08+00:00","dateModified":"2023-10-05T08:49:10+00:00","breadcrumb":{"@id":"https:\/\/www.itacoilweb.com\/fr\/articles\/#breadcrumb"},"inLanguage":"fr-FR","potentialAction":[{"@type":"ReadAction","target":["https:\/\/www.itacoilweb.com\/fr\/articles\/"]}]},{"@type":"BreadcrumbList","@id":"https:\/\/www.itacoilweb.com\/fr\/articles\/#breadcrumb","itemListElement":[{"@type":"ListItem","position":1,"name":"Home","item":"https:\/\/www.itacoilweb.com\/fr\/"},{"@type":"ListItem","position":2,"name":"Articles"}]},{"@type":"WebSite","@id":"https:\/\/www.itacoilweb.com\/fr\/#website","url":"https:\/\/www.itacoilweb.com\/fr\/","name":"ITACOIL transformers","description":"PCB transformers and Inductors","publisher":{"@id":"https:\/\/www.itacoilweb.com\/fr\/#organization"},"potentialAction":[{"@type":"SearchAction","target":{"@type":"EntryPoint","urlTemplate":"https:\/\/www.itacoilweb.com\/fr\/?s={search_term_string}"},"query-input":{"@type":"PropertyValueSpecification","valueRequired":true,"valueName":"search_term_string"}}],"inLanguage":"fr-FR"},{"@type":"Organization","@id":"https:\/\/www.itacoilweb.com\/fr\/#organization","name":"ITACOIL Transformers","url":"https:\/\/www.itacoilweb.com\/fr\/","logo":{"@type":"ImageObject","inLanguage":"fr-FR","@id":"https:\/\/www.itacoilweb.com\/fr\/#\/schema\/logo\/image\/","url":"https:\/\/www.itacoilweb.com\/remo\/wp-content\/uploads\/image\/png\/ITACOIL-logo2018-RTG-48.png","contentUrl":"https:\/\/www.itacoilweb.com\/remo\/wp-content\/uploads\/image\/png\/ITACOIL-logo2018-RTG-48.png","width":151,"height":48,"caption":"ITACOIL Transformers"},"image":{"@id":"https:\/\/www.itacoilweb.com\/fr\/#\/schema\/logo\/image\/"},"sameAs":["https:\/\/www.linkedin.com\/company\/itacoil\/","https:\/\/www.youtube.com\/user\/ITACOILtrasformatori"]}]}},"_links":{"self":[{"href":"https:\/\/www.itacoilweb.com\/fr\/wp-json\/wp\/v2\/pages\/18898","targetHints":{"allow":["GET"]}}],"collection":[{"href":"https:\/\/www.itacoilweb.com\/fr\/wp-json\/wp\/v2\/pages"}],"about":[{"href":"https:\/\/www.itacoilweb.com\/fr\/wp-json\/wp\/v2\/types\/page"}],"author":[{"embeddable":true,"href":"https:\/\/www.itacoilweb.com\/fr\/wp-json\/wp\/v2\/users\/10"}],"replies":[{"embeddable":true,"href":"https:\/\/www.itacoilweb.com\/fr\/wp-json\/wp\/v2\/comments?post=18898"}],"version-history":[{"count":13,"href":"https:\/\/www.itacoilweb.com\/fr\/wp-json\/wp\/v2\/pages\/18898\/revisions"}],"predecessor-version":[{"id":19455,"href":"https:\/\/www.itacoilweb.com\/fr\/wp-json\/wp\/v2\/pages\/18898\/revisions\/19455"}],"wp:attachment":[{"href":"https:\/\/www.itacoilweb.com\/fr\/wp-json\/wp\/v2\/media?parent=18898"}],"curies":[{"name":"wp","href":"https:\/\/api.w.org\/{rel}","templated":true}]}}