{"id":18850,"date":"2022-11-08T14:47:22","date_gmt":"2022-11-08T13:47:22","guid":{"rendered":"https:\/\/www.itacoilweb.com\/a-propos-de-nous\/energie-renouvelable\/"},"modified":"2025-05-30T12:48:22","modified_gmt":"2025-05-30T10:48:22","slug":"durabilite-environnementale","status":"publish","type":"page","link":"https:\/\/www.itacoilweb.com\/fr\/durabilite-environnementale\/","title":{"rendered":"Durabilit\u00e9 environnementale"},"content":{"rendered":"<div class=\"wpb-content-wrapper\"><p>[vc_row][vc_column][dfd_heading style=&#8221;style_11&#8243; subtitle=&#8221;&#8221; delimiter_settings=&#8221;delimiter_style:solid|delimiter_width:80|delimiter_height:1&#8243; title_font_options=&#8221;tag:h2&#8243; subtitle_font_options=&#8221;tag:div&#8221;]<strong>Durabilit\u00e9 environnementale<\/strong>[\/dfd_heading][dfd_spacer screen_wide_spacer_size=&#8221;70&#8243; screen_normal_resolution=&#8221;1024&#8243; screen_tablet_resolution=&#8221;800&#8243; screen_mobile_resolution=&#8221;480&#8243;][vc_column_text css=&#8221;&#8221;]<\/p>\n<p style=\"text-align: justify;\">Notre engagement envers l&#8217;innovation se refl\u00e8te dans une recherche constante de solutions technologiques durables.<br \/>\nChaque initiative, qu&#8217;elle soit grande ou petite, contribue \u00e0 un objectif plus large.<\/p>\n<p style=\"text-align: justify;\">Voici quelques exemples concrets de nos initiatives :<\/p>\n<p>[\/vc_column_text][vc_column_text css=&#8221;&#8221;]<\/p>\n<ul>\n<li style=\"text-align: justify;\"><strong>\u00c9conomies d&#8217;\u00e9nergie<\/strong> : Nous mettons en \u0153uvre des strat\u00e9gies pour r\u00e9duire la consommation d&#8217;\u00e9nergie.<\/li>\n<li style=\"text-align: justify;\"><strong>Sources renouvelables<\/strong> : Nous nous engageons \u00e0 utiliser de l&#8217;\u00e9nergie provenant exclusivement de sources renouvelables.<\/li>\n<li style=\"text-align: justify;\"><strong>V\u00e9hicules \u00e9cologiques<\/strong> : Nous encourageons l&#8217;utilisation de v\u00e9hicules \u00e9lectriques ou hybrides par l&#8217;installation de bornes de recharge.<\/li>\n<li style=\"text-align: justify;\"><strong>Num\u00e9risation<\/strong> : Nous rempla\u00e7ons l&#8217;utilisation du papier par des solutions informatis\u00e9es dans toutes les applications possibles, tant en interne qu&#8217;en externe.<\/li>\n<li style=\"text-align: justify;\"><strong>Proc\u00e9d\u00e9s \u00e9cologiques<\/strong> : Nous explorons de nouveaux proc\u00e9d\u00e9s de production orient\u00e9s vers l&#8217;\u00e9co-durabilit\u00e9.<\/li>\n<li style=\"text-align: justify;\"><strong>Produits chimiques responsables<\/strong> : Lorsque cela est possible, nous s\u00e9lectionnons des produits chimiques \u00e0 faible impact environnemental.<\/li>\n<\/ul>\n<p>[\/vc_column_text][dfd_spacer screen_wide_spacer_size=&#8221;80&#8243; screen_normal_resolution=&#8221;1024&#8243; screen_tablet_resolution=&#8221;800&#8243; screen_mobile_resolution=&#8221;480&#8243;][vc_column_text css=&#8221;&#8221;]<span style=\"font-size: 14pt;\"><strong>Projet &#8220;Efficacit\u00e9 \u00c9nerg\u00e9tique&#8221; 2022-2023<\/strong><\/span>[\/vc_column_text][dfd_spacer screen_wide_spacer_size=&#8221;30&#8243; screen_normal_resolution=&#8221;1024&#8243; screen_tablet_resolution=&#8221;800&#8243; screen_mobile_resolution=&#8221;480&#8243;][vc_row_inner][vc_column_inner width=&#8221;1\/4&#8243;][dfd_spacer screen_wide_spacer_size=&#8221;20&#8243; screen_normal_resolution=&#8221;1024&#8243; screen_tablet_resolution=&#8221;800&#8243; screen_mobile_resolution=&#8221;480&#8243;][dfd_single_image image=&#8221;19279&#8243;][dfd_spacer screen_wide_spacer_size=&#8221;20&#8243; screen_normal_resolution=&#8221;1024&#8243; screen_tablet_resolution=&#8221;800&#8243; screen_mobile_resolution=&#8221;480&#8243;][\/vc_column_inner][vc_column_inner width=&#8221;3\/4&#8243;][vc_column_text css=&#8221;&#8221;]<strong>Description<\/strong>[\/vc_column_text][dfd_spacer screen_wide_spacer_size=&#8221;20&#8243; screen_normal_resolution=&#8221;1024&#8243; screen_tablet_resolution=&#8221;800&#8243; screen_mobile_resolution=&#8221;480&#8243;][vc_column_text css=&#8221;&#8221;]<\/p>\n<p style=\"text-align: justify;\">Ce projet a eu lieu \u00e0 notre si\u00e8ge social et a inclus :<\/p>\n<ul>\n<li style=\"text-align: justify;\"><em>Optimisation de l&#8217;air comprim\u00e9<\/em> : Remplacement du compresseur et du d\u00e9shumidificateur par des unit\u00e9s \u00e0 haute efficacit\u00e9 et r\u00e9novation du syst\u00e8me de distribution pour \u00e9liminer la consommation due aux fuites.<\/li>\n<li style=\"text-align: justify;\"><em>Am\u00e9lioration de l&#8217;\u00e9clairage<\/em> : Remplacement des tubes n\u00e9on par des tubes LED pour un \u00e9clairage plus efficace.<\/li>\n<li style=\"text-align: justify;\"><em>\u00c9nergie photovolta\u00efque<\/em> : Doublement de la capacit\u00e9 de notre syst\u00e8me photovolta\u00efque.<\/li>\n<\/ul>\n<p>[\/vc_column_text][\/vc_column_inner][\/vc_row_inner][dfd_spacer screen_wide_spacer_size=&#8221;30&#8243; screen_normal_resolution=&#8221;1024&#8243; screen_tablet_resolution=&#8221;800&#8243; screen_mobile_resolution=&#8221;480&#8243;][vc_column_text css=&#8221;&#8221;]<strong>Objectif<\/strong>[\/vc_column_text][dfd_spacer screen_wide_spacer_size=&#8221;20&#8243; screen_normal_resolution=&#8221;1024&#8243; screen_tablet_resolution=&#8221;800&#8243; screen_mobile_resolution=&#8221;480&#8243;][vc_column_text css=&#8221;&#8221;]<\/p>\n<p style=\"text-align: justify;\">L&#8217;objectif principal de ce projet est de r\u00e9duire significativement l&#8217;impact environnemental de notre si\u00e8ge social en diminuant la consommation d&#8217;\u00e9nergie et en augmentant la production d&#8217;\u00e9nergie propre.<\/p>\n<p>[\/vc_column_text][dfd_spacer screen_wide_spacer_size=&#8221;30&#8243; screen_normal_resolution=&#8221;1024&#8243; screen_tablet_resolution=&#8221;800&#8243; screen_mobile_resolution=&#8221;480&#8243;][vc_column_text css=&#8221;&#8221;]<strong>R\u00e9sultats<\/strong>[\/vc_column_text][dfd_spacer screen_wide_spacer_size=&#8221;20&#8243; screen_normal_resolution=&#8221;1024&#8243; screen_tablet_resolution=&#8221;800&#8243; screen_mobile_resolution=&#8221;480&#8243;][vc_column_text css=&#8221;&#8221;]<\/p>\n<p style=\"text-align: justify;\">Gr\u00e2ce \u00e0 ces am\u00e9liorations, nous avons r\u00e9duit la consommation annuelle d&#8217;\u00e9nergie de 32,3%, ce qui \u00e9quivaut \u00e0 4,08 TEP (Tonnes \u00c9quivalent P\u00e9trole).<br \/>\nL&#8217;extension du syst\u00e8me photovolta\u00efque nous permettra bient\u00f4t de produire au moins autant que nous consommons, procurant un b\u00e9n\u00e9fice environnemental annuel de 22 TEP gr\u00e2ce \u00e0 la production d&#8217;\u00e9nergie propre.<\/p>\n<p>[\/vc_column_text][dfd_single_image image=&#8221;19285&#8243;][dfd_spacer screen_wide_spacer_size=&#8221;30&#8243; screen_normal_resolution=&#8221;1024&#8243; screen_tablet_resolution=&#8221;800&#8243; screen_mobile_resolution=&#8221;480&#8243;][vc_column_text css=&#8221;&#8221;]<span style=\"font-size: 14pt;\"><strong>ITACOIL utilise de l&#8217;\u00e9nergie renouvelable et &#8220;Zero Impact<span style=\"font-size: 20px;\"><sup>\u00ae<\/sup><\/span>&#8220;<\/strong><\/span>[\/vc_column_text][dfd_spacer screen_wide_spacer_size=&#8221;30&#8243; screen_normal_resolution=&#8221;1024&#8243; screen_tablet_resolution=&#8221;800&#8243; screen_mobile_resolution=&#8221;480&#8243;][vc_column_text css=&#8221;&#8221;]<\/p>\n<p style=\"text-align: justify;\">Lorsque notre syst\u00e8me photovolta\u00efque ne peut pas r\u00e9pondre enti\u00e8rement \u00e0 nos besoins \u00e9nerg\u00e9tiques, nous nous assurons d&#8217;acheter de l&#8217;\u00e9lectricit\u00e9 provenant exclusivement de sources\u00a0renouvelables \u00e0 faible impact.<\/p>\n<p style=\"text-align: justify;\">Cet engagement est soutenu par le syst\u00e8me de certificats d&#8217;\u00e9nergie renouvelable (RECS) de l&#8217;Union Europ\u00e9enne, qui certifie l&#8217;origine des sources renouvelables, garantissant qu&#8217;elles n&#8217;ont pas d&#8217;impact n\u00e9gatif sur l&#8217;environnement.<\/p>\n<p>[\/vc_column_text][dfd_spacer screen_wide_spacer_size=&#8221;20&#8243; screen_normal_resolution=&#8221;1024&#8243; screen_tablet_resolution=&#8221;800&#8243; screen_mobile_resolution=&#8221;480&#8243;][vc_row_inner][vc_column_inner width=&#8221;1\/4&#8243;][dfd_single_image image=&#8221;19282&#8243;][dfd_spacer screen_wide_spacer_size=&#8221;20&#8243; screen_normal_resolution=&#8221;1024&#8243; screen_tablet_resolution=&#8221;800&#8243; screen_mobile_resolution=&#8221;480&#8243;][\/vc_column_inner][vc_column_inner width=&#8221;3\/4&#8243;][vc_column_text css=&#8221;&#8221;]<\/p>\n<p style=\"text-align: justify;\">Nous sommes fiers de collaborer avec <strong><a href=\"https:\/\/www.lifegate.com\/\" target=\"_blank\" rel=\"noopener\">Lifegate SpA<\/a><\/strong>, un partenaire certifi\u00e9, pour nous assurer que l&#8217;\u00e9nergie que nous utilisons provient de sources renouvelables qui respectent l&#8217;environnement.<\/p>\n<p>[\/vc_column_text][\/vc_column_inner][\/vc_row_inner][dfd_spacer screen_wide_spacer_size=&#8221;30&#8243; screen_normal_resolution=&#8221;1024&#8243; screen_tablet_resolution=&#8221;800&#8243; screen_mobile_resolution=&#8221;480&#8243;][vc_row_inner][vc_column_inner width=&#8221;1\/4&#8243;][\/vc_column_inner][vc_column_inner width=&#8221;1\/2&#8243;][dfd_delimiter delimiter_style=&#8221;dfd-delimiter-with-text&#8221; text_delimiter=&#8221;AFFICHER LES CERTIFICATS&#8221; title_font_options=&#8221;font_style_bold:1&#8243;][\/vc_column_inner][vc_column_inner width=&#8221;1\/4&#8243;][\/vc_column_inner][\/vc_row_inner][\/vc_column][\/vc_row][vc_row][vc_column width=&#8221;1\/4&#8243;][\/vc_column][vc_column width=&#8221;1\/4&#8243;][vc_column_text]<\/p>\n<p style=\"text-align: center;\"><a href=\"https:\/\/www.itacoilweb.com\/files\/lifegate.pdf\" target=\"_blank\" rel=\"noopener noreferrer\"><img decoding=\"async\" src=\"https:\/\/www.itacoilweb.com\/remo\/wp-content\/uploads\/2016\/10\/lifepic.jpg\" alt=\"\" \/><\/a><\/p>\n<p>[\/vc_column_text][\/vc_column][vc_column width=&#8221;1\/4&#8243;][vc_column_text]<\/p>\n<p style=\"text-align: center;\"><a href=\"https:\/\/www.itacoilweb.com\/files\/impattozero.pdf\" target=\"_blank\" rel=\"noopener noreferrer\"><img loading=\"lazy\" decoding=\"async\" class=\"alignnone\" src=\"https:\/\/www.itacoilweb.com\/remo\/wp-content\/uploads\/2016\/10\/impattozeropic.jpg\" alt=\"\" width=\"93\" height=\"126\" \/><\/a><\/p>\n<p>[\/vc_column_text][\/vc_column][vc_column width=&#8221;1\/4&#8243;][\/vc_column][\/vc_row][vc_row][vc_column][dfd_spacer screen_wide_spacer_size=&#8221;100&#8243; screen_normal_resolution=&#8221;1024&#8243; screen_tablet_resolution=&#8221;800&#8243; screen_mobile_resolution=&#8221;480&#8243;][\/vc_column][\/vc_row][vc_row][vc_column width=&#8221;1\/4&#8243;][\/vc_column][vc_column width=&#8221;1\/2&#8243;][dfd_delimiter delimiter_style=&#8221;dfd-delimiter-with-text&#8221; text_delimiter=&#8221;Voir aussi&#8221; title_font_options=&#8221;font_size:20|font_style_bold:1&#8243;][dfd_spacer screen_wide_spacer_size=&#8221;20&#8243; screen_normal_resolution=&#8221;1024&#8243; screen_tablet_resolution=&#8221;800&#8243; screen_mobile_resolution=&#8221;480&#8243;][vc_column_text css=&#8221;&#8221;]<\/p>\n<p style=\"text-align: center;\"><a href=\"https:\/\/www.itacoilweb.com\/fr\/a-propos-de-nous\/\" rel=\"noopener\">\u00c0 propos de nous<\/a><\/p>\n<p style=\"text-align: center;\"><a href=\"https:\/\/www.itacoilweb.com\/fr\/a-propos-de-nous\/innovation\/\" rel=\"noopener\">Innovation<\/a><\/p>\n<p style=\"text-align: center;\"><a href=\"https:\/\/www.itacoilweb.com\/fr\/a-propos-de-nous\/histoire-de-lentreprise\/\" rel=\"noopener\">Histoire de l\u2019entreprise<\/a><\/p>\n<p style=\"text-align: center;\"><a href=\"https:\/\/www.itacoilweb.com\/fr\/alerte-professionnelle\/\">Alerte professionnelle<\/a><\/p>\n<p>[\/vc_column_text][\/vc_column][vc_column width=&#8221;1\/4&#8243;][\/vc_column][\/vc_row][vc_row][vc_column][dfd_spacer screen_wide_spacer_size=&#8221;30&#8243; screen_normal_resolution=&#8221;1024&#8243; screen_tablet_resolution=&#8221;800&#8243; screen_mobile_resolution=&#8221;480&#8243;][\/vc_column][\/vc_row]<\/p>\n<\/div>","protected":false},"excerpt":{"rendered":"<p>[vc_row][vc_column][dfd_heading style=&#8221;style_11&#8243; subtitle=&#8221;&#8221; delimiter_settings=&#8221;delimiter_style:solid|delimiter_width:80|delimiter_height:1&#8243; title_font_options=&#8221;tag:h2&#8243; subtitle_font_options=&#8221;tag:div&#8221;]Durabilit\u00e9 environnementale[\/dfd_heading][dfd_spacer screen_wide_spacer_size=&#8221;70&#8243; screen_normal_resolution=&#8221;1024&#8243; screen_tablet_resolution=&#8221;800&#8243; screen_mobile_resolution=&#8221;480&#8243;][vc_column_text css=&#8221;&#8221;] Notre engagement envers l&#8217;innovation se refl\u00e8te dans une recherche constante de solutions technologiques durables. Chaque initiative, qu&#8217;elle soit<\/p>\n","protected":false},"author":9,"featured_media":17152,"parent":0,"menu_order":61,"comment_status":"closed","ping_status":"closed","template":"","meta":{"footnotes":""},"class_list":["post-18850","page","type-page","status-publish","has-post-thumbnail","hentry"],"yoast_head":"<!-- This site is optimized with the Yoast SEO Premium plugin v27.3 (Yoast SEO v27.4) - https:\/\/yoast.com\/product\/yoast-seo-premium-wordpress\/ -->\n<title>Durabilit\u00e9 Environnementale - ITACOIL transformers<\/title>\n<meta name=\"description\" content=\"ITACOIL est une soci\u00e9t\u00e9 Zero Impact\u00ae. L&#039;attention port\u00e9e \u00e0 l&#039;innovation se traduit \u00e9galement par une recherche continue de solutions technologiques durables.\" \/>\n<meta name=\"robots\" content=\"index, follow, max-snippet:-1, max-image-preview:large, max-video-preview:-1\" \/>\n<link rel=\"canonical\" href=\"https:\/\/www.itacoilweb.com\/fr\/durabilite-environnementale\/\" \/>\n<meta property=\"og:locale\" content=\"fr_FR\" \/>\n<meta property=\"og:type\" content=\"article\" \/>\n<meta property=\"og:title\" content=\"Durabilit\u00e9 environnementale\" \/>\n<meta property=\"og:description\" content=\"ITACOIL est une soci\u00e9t\u00e9 Zero Impact\u00ae. L&#039;attention port\u00e9e \u00e0 l&#039;innovation se traduit \u00e9galement par une recherche continue de solutions technologiques durables.\" \/>\n<meta property=\"og:url\" content=\"https:\/\/www.itacoilweb.com\/fr\/durabilite-environnementale\/\" \/>\n<meta property=\"og:site_name\" content=\"ITACOIL transformers\" \/>\n<meta property=\"article:modified_time\" content=\"2025-05-30T10:48:22+00:00\" \/>\n<meta property=\"og:image\" content=\"https:\/\/www.itacoilweb.com\/remo\/wp-content\/uploads\/image\/jpeg\/energia2.jpg\" \/>\n\t<meta property=\"og:image:width\" content=\"600\" \/>\n\t<meta property=\"og:image:height\" content=\"400\" \/>\n\t<meta property=\"og:image:type\" content=\"image\/jpeg\" \/>\n<meta name=\"twitter:label1\" content=\"Est. reading time\" \/>\n\t<meta name=\"twitter:data1\" content=\"4 minutes\" \/>\n<script type=\"application\/ld+json\" class=\"yoast-schema-graph\">{\"@context\":\"https:\\\/\\\/schema.org\",\"@graph\":[{\"@type\":\"WebPage\",\"@id\":\"https:\\\/\\\/www.itacoilweb.com\\\/fr\\\/durabilite-environnementale\\\/\",\"url\":\"https:\\\/\\\/www.itacoilweb.com\\\/fr\\\/durabilite-environnementale\\\/\",\"name\":\"Durabilit\u00e9 Environnementale - ITACOIL transformers\",\"isPartOf\":{\"@id\":\"https:\\\/\\\/www.itacoilweb.com\\\/fr\\\/#website\"},\"primaryImageOfPage\":{\"@id\":\"https:\\\/\\\/www.itacoilweb.com\\\/fr\\\/durabilite-environnementale\\\/#primaryimage\"},\"image\":{\"@id\":\"https:\\\/\\\/www.itacoilweb.com\\\/fr\\\/durabilite-environnementale\\\/#primaryimage\"},\"thumbnailUrl\":\"https:\\\/\\\/www.itacoilweb.com\\\/remo\\\/wp-content\\\/uploads\\\/image\\\/jpeg\\\/energia2.jpg\",\"datePublished\":\"2022-11-08T13:47:22+00:00\",\"dateModified\":\"2025-05-30T10:48:22+00:00\",\"description\":\"ITACOIL est une soci\u00e9t\u00e9 Zero Impact\u00ae. L'attention port\u00e9e \u00e0 l'innovation se traduit \u00e9galement par une recherche continue de solutions technologiques durables.\",\"breadcrumb\":{\"@id\":\"https:\\\/\\\/www.itacoilweb.com\\\/fr\\\/durabilite-environnementale\\\/#breadcrumb\"},\"inLanguage\":\"fr-FR\",\"potentialAction\":[{\"@type\":\"ReadAction\",\"target\":[\"https:\\\/\\\/www.itacoilweb.com\\\/fr\\\/durabilite-environnementale\\\/\"]}]},{\"@type\":\"ImageObject\",\"inLanguage\":\"fr-FR\",\"@id\":\"https:\\\/\\\/www.itacoilweb.com\\\/fr\\\/durabilite-environnementale\\\/#primaryimage\",\"url\":\"https:\\\/\\\/www.itacoilweb.com\\\/remo\\\/wp-content\\\/uploads\\\/image\\\/jpeg\\\/energia2.jpg\",\"contentUrl\":\"https:\\\/\\\/www.itacoilweb.com\\\/remo\\\/wp-content\\\/uploads\\\/image\\\/jpeg\\\/energia2.jpg\",\"width\":600,\"height\":400,\"caption\":\"Itacoil environmental sustainability\"},{\"@type\":\"BreadcrumbList\",\"@id\":\"https:\\\/\\\/www.itacoilweb.com\\\/fr\\\/durabilite-environnementale\\\/#breadcrumb\",\"itemListElement\":[{\"@type\":\"ListItem\",\"position\":1,\"name\":\"Home\",\"item\":\"https:\\\/\\\/www.itacoilweb.com\\\/fr\\\/\"},{\"@type\":\"ListItem\",\"position\":2,\"name\":\"Durabilit\u00e9 environnementale\"}]},{\"@type\":\"WebSite\",\"@id\":\"https:\\\/\\\/www.itacoilweb.com\\\/fr\\\/#website\",\"url\":\"https:\\\/\\\/www.itacoilweb.com\\\/fr\\\/\",\"name\":\"ITACOIL transformers\",\"description\":\"PCB transformers and Inductors\",\"publisher\":{\"@id\":\"https:\\\/\\\/www.itacoilweb.com\\\/fr\\\/#organization\"},\"potentialAction\":[{\"@type\":\"SearchAction\",\"target\":{\"@type\":\"EntryPoint\",\"urlTemplate\":\"https:\\\/\\\/www.itacoilweb.com\\\/fr\\\/?s={search_term_string}\"},\"query-input\":{\"@type\":\"PropertyValueSpecification\",\"valueRequired\":true,\"valueName\":\"search_term_string\"}}],\"inLanguage\":\"fr-FR\"},{\"@type\":\"Organization\",\"@id\":\"https:\\\/\\\/www.itacoilweb.com\\\/fr\\\/#organization\",\"name\":\"ITACOIL Transformers\",\"url\":\"https:\\\/\\\/www.itacoilweb.com\\\/fr\\\/\",\"logo\":{\"@type\":\"ImageObject\",\"inLanguage\":\"fr-FR\",\"@id\":\"https:\\\/\\\/www.itacoilweb.com\\\/fr\\\/#\\\/schema\\\/logo\\\/image\\\/\",\"url\":\"https:\\\/\\\/www.itacoilweb.com\\\/remo\\\/wp-content\\\/uploads\\\/image\\\/png\\\/ITACOIL-logo2018-RTG-48.png\",\"contentUrl\":\"https:\\\/\\\/www.itacoilweb.com\\\/remo\\\/wp-content\\\/uploads\\\/image\\\/png\\\/ITACOIL-logo2018-RTG-48.png\",\"width\":151,\"height\":48,\"caption\":\"ITACOIL Transformers\"},\"image\":{\"@id\":\"https:\\\/\\\/www.itacoilweb.com\\\/fr\\\/#\\\/schema\\\/logo\\\/image\\\/\"},\"sameAs\":[\"https:\\\/\\\/www.linkedin.com\\\/company\\\/itacoil\\\/\",\"https:\\\/\\\/www.youtube.com\\\/user\\\/ITACOILtrasformatori\"]}]}<\/script>\n<!-- \/ Yoast SEO Premium plugin. -->","yoast_head_json":{"title":"Durabilit\u00e9 Environnementale - ITACOIL transformers","description":"ITACOIL est une soci\u00e9t\u00e9 Zero Impact\u00ae. L'attention port\u00e9e \u00e0 l'innovation se traduit \u00e9galement par une recherche continue de solutions technologiques durables.","robots":{"index":"index","follow":"follow","max-snippet":"max-snippet:-1","max-image-preview":"max-image-preview:large","max-video-preview":"max-video-preview:-1"},"canonical":"https:\/\/www.itacoilweb.com\/fr\/durabilite-environnementale\/","og_locale":"fr_FR","og_type":"article","og_title":"Durabilit\u00e9 environnementale","og_description":"ITACOIL est une soci\u00e9t\u00e9 Zero Impact\u00ae. L'attention port\u00e9e \u00e0 l'innovation se traduit \u00e9galement par une recherche continue de solutions technologiques durables.","og_url":"https:\/\/www.itacoilweb.com\/fr\/durabilite-environnementale\/","og_site_name":"ITACOIL transformers","article_modified_time":"2025-05-30T10:48:22+00:00","og_image":[{"width":600,"height":400,"url":"https:\/\/www.itacoilweb.com\/remo\/wp-content\/uploads\/image\/jpeg\/energia2.jpg","type":"image\/jpeg"}],"twitter_misc":{"Est. reading time":"4 minutes"},"schema":{"@context":"https:\/\/schema.org","@graph":[{"@type":"WebPage","@id":"https:\/\/www.itacoilweb.com\/fr\/durabilite-environnementale\/","url":"https:\/\/www.itacoilweb.com\/fr\/durabilite-environnementale\/","name":"Durabilit\u00e9 Environnementale - ITACOIL transformers","isPartOf":{"@id":"https:\/\/www.itacoilweb.com\/fr\/#website"},"primaryImageOfPage":{"@id":"https:\/\/www.itacoilweb.com\/fr\/durabilite-environnementale\/#primaryimage"},"image":{"@id":"https:\/\/www.itacoilweb.com\/fr\/durabilite-environnementale\/#primaryimage"},"thumbnailUrl":"https:\/\/www.itacoilweb.com\/remo\/wp-content\/uploads\/image\/jpeg\/energia2.jpg","datePublished":"2022-11-08T13:47:22+00:00","dateModified":"2025-05-30T10:48:22+00:00","description":"ITACOIL est une soci\u00e9t\u00e9 Zero Impact\u00ae. L'attention port\u00e9e \u00e0 l'innovation se traduit \u00e9galement par une recherche continue de solutions technologiques durables.","breadcrumb":{"@id":"https:\/\/www.itacoilweb.com\/fr\/durabilite-environnementale\/#breadcrumb"},"inLanguage":"fr-FR","potentialAction":[{"@type":"ReadAction","target":["https:\/\/www.itacoilweb.com\/fr\/durabilite-environnementale\/"]}]},{"@type":"ImageObject","inLanguage":"fr-FR","@id":"https:\/\/www.itacoilweb.com\/fr\/durabilite-environnementale\/#primaryimage","url":"https:\/\/www.itacoilweb.com\/remo\/wp-content\/uploads\/image\/jpeg\/energia2.jpg","contentUrl":"https:\/\/www.itacoilweb.com\/remo\/wp-content\/uploads\/image\/jpeg\/energia2.jpg","width":600,"height":400,"caption":"Itacoil environmental sustainability"},{"@type":"BreadcrumbList","@id":"https:\/\/www.itacoilweb.com\/fr\/durabilite-environnementale\/#breadcrumb","itemListElement":[{"@type":"ListItem","position":1,"name":"Home","item":"https:\/\/www.itacoilweb.com\/fr\/"},{"@type":"ListItem","position":2,"name":"Durabilit\u00e9 environnementale"}]},{"@type":"WebSite","@id":"https:\/\/www.itacoilweb.com\/fr\/#website","url":"https:\/\/www.itacoilweb.com\/fr\/","name":"ITACOIL transformers","description":"PCB transformers and Inductors","publisher":{"@id":"https:\/\/www.itacoilweb.com\/fr\/#organization"},"potentialAction":[{"@type":"SearchAction","target":{"@type":"EntryPoint","urlTemplate":"https:\/\/www.itacoilweb.com\/fr\/?s={search_term_string}"},"query-input":{"@type":"PropertyValueSpecification","valueRequired":true,"valueName":"search_term_string"}}],"inLanguage":"fr-FR"},{"@type":"Organization","@id":"https:\/\/www.itacoilweb.com\/fr\/#organization","name":"ITACOIL Transformers","url":"https:\/\/www.itacoilweb.com\/fr\/","logo":{"@type":"ImageObject","inLanguage":"fr-FR","@id":"https:\/\/www.itacoilweb.com\/fr\/#\/schema\/logo\/image\/","url":"https:\/\/www.itacoilweb.com\/remo\/wp-content\/uploads\/image\/png\/ITACOIL-logo2018-RTG-48.png","contentUrl":"https:\/\/www.itacoilweb.com\/remo\/wp-content\/uploads\/image\/png\/ITACOIL-logo2018-RTG-48.png","width":151,"height":48,"caption":"ITACOIL Transformers"},"image":{"@id":"https:\/\/www.itacoilweb.com\/fr\/#\/schema\/logo\/image\/"},"sameAs":["https:\/\/www.linkedin.com\/company\/itacoil\/","https:\/\/www.youtube.com\/user\/ITACOILtrasformatori"]}]}},"_links":{"self":[{"href":"https:\/\/www.itacoilweb.com\/fr\/wp-json\/wp\/v2\/pages\/18850","targetHints":{"allow":["GET"]}}],"collection":[{"href":"https:\/\/www.itacoilweb.com\/fr\/wp-json\/wp\/v2\/pages"}],"about":[{"href":"https:\/\/www.itacoilweb.com\/fr\/wp-json\/wp\/v2\/types\/page"}],"author":[{"embeddable":true,"href":"https:\/\/www.itacoilweb.com\/fr\/wp-json\/wp\/v2\/users\/9"}],"replies":[{"embeddable":true,"href":"https:\/\/www.itacoilweb.com\/fr\/wp-json\/wp\/v2\/comments?post=18850"}],"version-history":[{"count":18,"href":"https:\/\/www.itacoilweb.com\/fr\/wp-json\/wp\/v2\/pages\/18850\/revisions"}],"predecessor-version":[{"id":21497,"href":"https:\/\/www.itacoilweb.com\/fr\/wp-json\/wp\/v2\/pages\/18850\/revisions\/21497"}],"wp:featuredmedia":[{"embeddable":true,"href":"https:\/\/www.itacoilweb.com\/fr\/wp-json\/wp\/v2\/media\/17152"}],"wp:attachment":[{"href":"https:\/\/www.itacoilweb.com\/fr\/wp-json\/wp\/v2\/media?parent=18850"}],"curies":[{"name":"wp","href":"https:\/\/api.w.org\/{rel}","templated":true}]}}