{"id":18836,"date":"2022-11-08T14:46:42","date_gmt":"2022-11-08T13:46:42","guid":{"rendered":"https:\/\/www.itacoilweb.com\/qualite-et-conformite\/certifications-de-produit\/"},"modified":"2024-10-04T13:50:45","modified_gmt":"2024-10-04T11:50:45","slug":"certifications-de-produit","status":"publish","type":"page","link":"https:\/\/www.itacoilweb.com\/fr\/certifications-de-produit\/","title":{"rendered":"Certifications de produit"},"content":{"rendered":"<div class=\"wpb-content-wrapper\"><p>[vc_row][vc_column][dfd_heading style=&#8221;style_11&#8243; subtitle=&#8221;&#8221; delimiter_settings=&#8221;delimiter_style:solid|delimiter_width:80|delimiter_height:1&#8243; title_font_options=&#8221;tag:h2&#8243; subtitle_font_options=&#8221;tag:div&#8221;]<\/p>\n<p><strong>Certifications de produit<\/strong><\/p>\n<p>[\/dfd_heading][dfd_spacer screen_wide_spacer_size=&#8221;80&#8243; screen_normal_resolution=&#8221;1024&#8243; screen_tablet_resolution=&#8221;800&#8243; screen_mobile_resolution=&#8221;480&#8243;][\/vc_column][\/vc_row][vc_row][vc_column][dfd_tta_tour style=&#8221;style-7&#8243; active_section=&#8221;1&#8243;][vc_tta_section title=&#8221;ENEC &#8211; IMQ&#8221; tab_id=&#8221;1667982539634-c1a387de-3aa1&#8243;][vc_row_inner][vc_column_inner width=&#8221;5\/6&#8243;][vc_column_text css=&#8221;&#8221;]<\/p>\n<p style=\"text-align: justify;\">Les <a href=\"https:\/\/www.itacoilweb.com\/fr\/portfolio_category\/transformateurs-50-60-hz\/\">transformateurs standard 50\/60 Hz<\/a> de 1 VA, 1,5 VA, 2 VA et 4,1 VA sont certifi\u00e9s\u00a0<strong>ENEC &#8211; IMQ<\/strong> (certification reconnue dans plus de 20 pays europ\u00e9ens).<br \/>\nSuite \u00e0 l&#8217;accord entre les principaux instituts europ\u00e9ens de certification (accord ENEC, approuv\u00e9 par le Comit\u00e9 Cenelec Mark), la marque ENEC (European Norms Electrical Certification) a \u00e9t\u00e9 \u00e9tablie.<br \/>\nCette marque est applicable \u00e0 certaines cat\u00e9gories de produits, parmi lesquels les transformateurs de s\u00e9curit\u00e9. Il est distribu\u00e9 uniquement aux fabricants disposant d&#8217;un Syst\u00e8me de Gestion de la Qualit\u00e9 certifi\u00e9 ISO9000 et il est officiellement reconnu par les agences \u00e9num\u00e9r\u00e9es ci-dessous, en plus de repr\u00e9senter un indicateur fiable de la qualit\u00e9 et de la conformit\u00e9 du produit.<\/p>\n<p>[\/vc_column_text][dfd_spacer screen_wide_spacer_size=&#8221;10&#8243; screen_normal_resolution=&#8221;1024&#8243; screen_tablet_resolution=&#8221;800&#8243; screen_mobile_resolution=&#8221;480&#8243;][\/vc_column_inner][vc_column_inner width=&#8221;1\/6&#8243;][dfd_single_image image=&#8221;14171&#8243;][\/vc_column_inner][\/vc_row_inner][vc_row_inner][vc_column_inner width=&#8221;1\/4&#8243;][vc_column_text css=&#8221;&#8221;]<strong>TRLP<\/strong> &#8211; Allemagne<br \/>\n<strong>SGS CEBEC<\/strong> &#8211; Belgique<br \/>\n<strong>BVLCIE<\/strong> &#8211; France<br \/>\n<strong>NEMKO<\/strong> &#8211; Norv\u00e8ge<br \/>\n<strong>CERTIF<\/strong> &#8211; Portugal<br \/>\n<strong>EVPU<\/strong> &#8211; Slovaquie<br \/>\n<strong>TSE<\/strong> &#8211; Turquie[\/vc_column_text][\/vc_column_inner][vc_column_inner width=&#8221;1\/4&#8243;][vc_column_text css=&#8221;&#8221;]<strong>TUV SUD PS<\/strong> &#8211; Allemagne<br \/>\n<strong>UL Int. Demko<\/strong> &#8211; Danemark<br \/>\n<strong>MIRTEC<\/strong> &#8211; Gr\u00e8ce<br \/>\n<strong>DEKRA<\/strong> &#8211; Pays-Bas<br \/>\n<strong>EZU<\/strong> &#8211; R\u00e9publique Tch\u00e8que<br \/>\n<strong>SIQ<\/strong> &#8211; Slov\u00e9nie[\/vc_column_text][\/vc_column_inner][vc_column_inner width=&#8221;1\/4&#8243;][vc_column_text css=&#8221;&#8221;]<strong>VDE<\/strong> &#8211; Allemagne<br \/>\n<strong>AENOR<\/strong> &#8211; Espagne<br \/>\n<strong>TRI MEEI<\/strong> &#8211; Hongrie<br \/>\n<strong>L-IMIF PREDOM<\/strong> &#8211; Pologne<br \/>\n<strong>BSI<\/strong> &#8211; Royaume-Uni<br \/>\n<strong>Intertek Semko<\/strong> &#8211; Su\u00e8de[\/vc_column_text][\/vc_column_inner][vc_column_inner width=&#8221;1\/4&#8243;][vc_column_text css=&#8221;&#8221;]<strong>OVE<\/strong> &#8211; Autriche<br \/>\n<strong>SGS Fimko<\/strong> &#8211; Finlande<br \/>\n<strong>IMQ<\/strong> &#8211; Italie<br \/>\n<strong>SEP-BBJ<\/strong> &#8211; Pologne<br \/>\n<strong>ITCL<\/strong> &#8211; Royaume-Uni<br \/>\n<strong>Eurofins<\/strong> &#8211; Suisse[\/vc_column_text][\/vc_column_inner][\/vc_row_inner][dfd_spacer screen_wide_spacer_size=&#8221;10&#8243; screen_normal_resolution=&#8221;1024&#8243; screen_tablet_resolution=&#8221;800&#8243; screen_mobile_resolution=&#8221;480&#8243;][dfd_delimiter delimiter_style=&#8221;dfd-delimiter-with-text&#8221; text_delimiter=&#8221;T\u00c9L\u00c9CHARGER&#8221; title_font_options=&#8221;font_style_bold:1&#8243;][vc_column_text]<a href=\"https:\/\/www.itacoilweb.com\/files\/dat_unificato.pdf\" target=\"_blank\" rel=\"noopener noreferrer\"><img decoding=\"async\" class=\"aligncenter\" src=\"https:\/\/www.itacoilweb.com\/remo\/wp-content\/uploads\/image\/png\/pdf4.png\" alt=\"\" \/><\/a>[\/vc_column_text][\/vc_tta_section][vc_tta_section title=&#8221;CB&#8221; tab_id=&#8221;1728038677983-81147a09-7331&#8243;][vc_row_inner][vc_column_inner][vc_column_text css=&#8221;&#8221;]<\/p>\n<p style=\"text-align: justify;\">Le <a href=\"https:\/\/www.itacoilweb.com\/fr\/portfolio\/transformateurs-de-tension-tt-serie-svl\/\">Transformateur de Tension (TT) SVL101201<\/a> est dot\u00e9 d&#8217;une <strong>certification CB<\/strong>.<br \/>\nDans le cadre du syst\u00e8me de certification CB de l&#8217;IECEE (sch\u00e9ma international), le certificat CB (CBTC) d\u00e9livr\u00e9 par IMQ atteste de la conformit\u00e9 d&#8217;un produit \u00e9lectrique\/\u00e9lectronique aux normes IEC.<br \/>\n\u00c0 ce jour, les organismes nationaux de certification adh\u00e9rant au syst\u00e8me CB sont : Argentine, Arabie Saoudite, Australie, Autriche, Belgique, Br\u00e9sil, Bulgarie, Canada, Chine, Colombie, Cor\u00e9e du Sud, Croatie, Danemark, \u00c9mirats arabes unis, F\u00e9d\u00e9ration de Russie, Finlande, France, Allemagne, Japon, Gr\u00e8ce, Inde, Indon\u00e9sie, Irlande, Isra\u00ebl, Italie (IMQ), Kenya, Malaisie, Mexique, Mont\u00e9n\u00e9gro, Norv\u00e8ge, Nouvelle-Z\u00e9lande, Pays-Bas, Pakistan, Pologne, Portugal, Royaume-Uni, R\u00e9publique tch\u00e8que, Roumanie, Serbie, Singapour, Slovaquie, Slov\u00e9nie, Espagne, Afrique du Sud, Su\u00e8de, Suisse, Tha\u00eflande, Turquie, Ukraine, Hongrie, Uruguay, \u00c9tats-Unis.<\/p>\n<p>[\/vc_column_text][dfd_spacer screen_wide_spacer_size=&#8221;10&#8243; screen_normal_resolution=&#8221;1024&#8243; screen_tablet_resolution=&#8221;800&#8243; screen_mobile_resolution=&#8221;480&#8243;][dfd_delimiter delimiter_style=&#8221;dfd-delimiter-with-text&#8221; text_delimiter=&#8221;T\u00c9L\u00c9CHARGER&#8221; title_font_options=&#8221;font_style_bold:1&#8243;][dfd_spacer screen_wide_spacer_size=&#8221;10&#8243; screen_normal_resolution=&#8221;1024&#8243; screen_tablet_resolution=&#8221;800&#8243; screen_mobile_resolution=&#8221;480&#8243;][vc_column_text css=&#8221;&#8221;]<a href=\"https:\/\/www.itacoilweb.com\/files\/CBTC_IT-IMQ-24951_2024-09-16.pdf\" target=\"_blank\" rel=\"noopener noreferrer\"><img decoding=\"async\" class=\"aligncenter\" src=\"https:\/\/www.itacoilweb.com\/remo\/wp-content\/uploads\/image\/png\/pdf4.png\" alt=\"\" \/><\/a>[\/vc_column_text][dfd_spacer screen_wide_spacer_size=&#8221;196&#8243; screen_normal_resolution=&#8221;1024&#8243; screen_tablet_resolution=&#8221;800&#8243; screen_mobile_resolution=&#8221;480&#8243;][\/vc_column_inner][\/vc_row_inner][\/vc_tta_section][vc_tta_section title=&#8221;Reconnu UL&#8221; tab_id=&#8221;1667982539653-4d52efde-6748&#8243;][vc_row_inner][vc_column_inner width=&#8221;5\/6&#8243;][vc_column_text css=&#8221;&#8221;]<\/p>\n<ul>\n<li style=\"text-align: justify;\">Tous les <a href=\"https:\/\/www.itacoilweb.com\/fr\/portfolio_category\/transformateurs-resonants-integres-llc-et-lcc\/\" rel=\"noopener\">transformateurs r\u00e9sonnants int\u00e9gr\u00e9s<\/a> LLC standard sont des composants Reconnus UL.<\/li>\n<li style=\"text-align: justify;\">Le cas \u00e9ch\u00e9ant et sur demande, des <a href=\"https:\/\/www.itacoilweb.com\/fr\/portfolio\/produits-sur-mesure\/\" rel=\"noopener\">produits sur mesure<\/a> peuvent \u00e9galement \u00eatre fournis en tant que composants Reconnus UL.<\/li>\n<\/ul>\n<p>[\/vc_column_text][dfd_spacer screen_wide_spacer_size=&#8221;427&#8243; screen_normal_resolution=&#8221;1024&#8243; screen_tablet_resolution=&#8221;800&#8243; screen_mobile_resolution=&#8221;480&#8243;][\/vc_column_inner][vc_column_inner width=&#8221;1\/6&#8243;][dfd_spacer screen_wide_spacer_size=&#8221;15&#8243; screen_normal_resolution=&#8221;1024&#8243; screen_tablet_resolution=&#8221;800&#8243; screen_mobile_resolution=&#8221;480&#8243;][dfd_single_image image=&#8221;18469&#8243;][\/vc_column_inner][\/vc_row_inner][\/vc_tta_section][vc_tta_section title=&#8221;IEC &#8211; EN &#8211; UL&#8221; tab_id=&#8221;1667982629153-038ef842-0008&#8243;][vc_row_inner][vc_column_inner][vc_column_text css=&#8221;&#8221;]<\/p>\n<ul>\n<li style=\"text-align: justify;\">Le cas \u00e9ch\u00e9ant, nos produits sont con\u00e7us selon les normes <strong>IEC-EN-UL<\/strong> les plus courantes.<\/li>\n<li style=\"text-align: justify;\">Pour les produits non certifi\u00e9s, nous assistons nos clients lors du processus d&#8217;homologation de leurs demandes finales, en fournissant les informations n\u00e9cessaires aux Organismes de Normalisation.<\/li>\n<\/ul>\n<p>[\/vc_column_text][dfd_spacer screen_wide_spacer_size=&#8221;427&#8243; screen_normal_resolution=&#8221;1024&#8243; screen_tablet_resolution=&#8221;800&#8243; screen_mobile_resolution=&#8221;480&#8243;][\/vc_column_inner][\/vc_row_inner][\/vc_tta_section][\/dfd_tta_tour][dfd_spacer screen_wide_spacer_size=&#8221;30&#8243; screen_normal_resolution=&#8221;1024&#8243; screen_tablet_resolution=&#8221;800&#8243; screen_mobile_resolution=&#8221;480&#8243;][\/vc_column][\/vc_row][vc_row][vc_column width=&#8221;1\/4&#8243;][\/vc_column][vc_column width=&#8221;1\/2&#8243;][dfd_delimiter delimiter_style=&#8221;dfd-delimiter-with-text&#8221; text_delimiter=&#8221;Voir aussi&#8221; title_font_options=&#8221;font_size:20|font_style_bold:1&#8243;][dfd_spacer screen_wide_spacer_size=&#8221;30&#8243; screen_normal_resolution=&#8221;1024&#8243; screen_tablet_resolution=&#8221;800&#8243; screen_mobile_resolution=&#8221;480&#8243;][vc_column_text]<\/p>\n<p style=\"text-align: center;\"><a href=\"https:\/\/www.itacoilweb.com\/fr\/qualite-et-conformite\/recherche-et-developpement\/\" rel=\"noopener\">Recherche et D\u00e9veloppement<\/a><\/p>\n<p style=\"text-align: center;\"><a href=\"https:\/\/www.itacoilweb.com\/fr\/qualite-et-conformite\/\" rel=\"noopener\">Qualit\u00e9 et conformit\u00e9<\/a><\/p>\n<p style=\"text-align: center;\"><a href=\"https:\/\/www.itacoilweb.com\/fr\/qualite-et-conformite\/conformite-aux-reglementations\/\" rel=\"noopener\">Conformit\u00e9 aux r\u00e9glementations<\/a><\/p>\n<p>[\/vc_column_text][\/vc_column][vc_column width=&#8221;1\/4&#8243;][\/vc_column][\/vc_row][vc_row][vc_column][dfd_spacer screen_wide_spacer_size=&#8221;50&#8243; screen_normal_resolution=&#8221;1024&#8243; screen_tablet_resolution=&#8221;800&#8243; screen_mobile_resolution=&#8221;480&#8243;][\/vc_column][\/vc_row]<\/p>\n<\/div>","protected":false},"excerpt":{"rendered":"<p>[vc_row][vc_column][dfd_heading style=&#8221;style_11&#8243; subtitle=&#8221;&#8221; delimiter_settings=&#8221;delimiter_style:solid|delimiter_width:80|delimiter_height:1&#8243; title_font_options=&#8221;tag:h2&#8243; subtitle_font_options=&#8221;tag:div&#8221;] Certifications de produit [\/dfd_heading][dfd_spacer screen_wide_spacer_size=&#8221;80&#8243; screen_normal_resolution=&#8221;1024&#8243; screen_tablet_resolution=&#8221;800&#8243; screen_mobile_resolution=&#8221;480&#8243;][\/vc_column][\/vc_row][vc_row][vc_column][dfd_tta_tour style=&#8221;style-7&#8243; active_section=&#8221;1&#8243;][vc_tta_section title=&#8221;ENEC &#8211; IMQ&#8221; tab_id=&#8221;1667982539634-c1a387de-3aa1&#8243;][vc_row_inner][vc_column_inner width=&#8221;5\/6&#8243;][vc_column_text css=&#8221;&#8221;] Les transformateurs standard 50\/60 Hz de 1 VA,<\/p>\n","protected":false},"author":10,"featured_media":17177,"parent":0,"menu_order":52,"comment_status":"closed","ping_status":"closed","template":"","meta":{"footnotes":""},"class_list":["post-18836","page","type-page","status-publish","has-post-thumbnail","hentry"],"yoast_head":"<!-- This site is optimized with the Yoast SEO Premium plugin v27.3 (Yoast SEO v27.4) - https:\/\/yoast.com\/product\/yoast-seo-premium-wordpress\/ -->\n<title>Certifications de produit - ITACOIL transformers<\/title>\n<meta name=\"description\" content=\"Tailles de puissance standard de\u00a01\u00a0VA, 1,5\u00a0VA et 2\u00a0VA certifi\u00e9es avec le marquage ENEC - IMQ. Conception selon les\u00a0normes IEC-EN-UL, le cas \u00e9ch\u00e9ant.\" \/>\n<meta name=\"robots\" content=\"noindex, follow\" \/>\n<meta property=\"og:locale\" content=\"fr_FR\" \/>\n<meta property=\"og:type\" content=\"article\" \/>\n<meta property=\"og:title\" content=\"Certifications de produit\" \/>\n<meta property=\"og:description\" content=\"Tailles de puissance standard de\u00a01\u00a0VA, 1,5\u00a0VA et 2\u00a0VA certifi\u00e9es avec le marquage ENEC - IMQ. Conception selon les\u00a0normes IEC-EN-UL, le cas \u00e9ch\u00e9ant.\" \/>\n<meta property=\"og:url\" content=\"https:\/\/www.itacoilweb.com\/fr\/certifications-de-produit\/\" \/>\n<meta property=\"og:site_name\" content=\"ITACOIL transformers\" \/>\n<meta property=\"article:modified_time\" content=\"2024-10-04T11:50:45+00:00\" \/>\n<meta property=\"og:image\" content=\"https:\/\/www.itacoilweb.com\/remo\/wp-content\/uploads\/image\/jpeg\/conformit\u00e0.jpg\" \/>\n\t<meta property=\"og:image:width\" content=\"600\" \/>\n\t<meta property=\"og:image:height\" content=\"450\" \/>\n\t<meta property=\"og:image:type\" content=\"image\/jpeg\" \/>\n<meta name=\"twitter:label1\" content=\"Est. reading time\" \/>\n\t<meta name=\"twitter:data1\" content=\"4 minutes\" \/>\n<script type=\"application\/ld+json\" class=\"yoast-schema-graph\">{\"@context\":\"https:\\\/\\\/schema.org\",\"@graph\":[{\"@type\":\"WebPage\",\"@id\":\"https:\\\/\\\/www.itacoilweb.com\\\/fr\\\/certifications-de-produit\\\/\",\"url\":\"https:\\\/\\\/www.itacoilweb.com\\\/fr\\\/certifications-de-produit\\\/\",\"name\":\"Certifications de produit - ITACOIL transformers\",\"isPartOf\":{\"@id\":\"https:\\\/\\\/www.itacoilweb.com\\\/fr\\\/#website\"},\"primaryImageOfPage\":{\"@id\":\"https:\\\/\\\/www.itacoilweb.com\\\/fr\\\/certifications-de-produit\\\/#primaryimage\"},\"image\":{\"@id\":\"https:\\\/\\\/www.itacoilweb.com\\\/fr\\\/certifications-de-produit\\\/#primaryimage\"},\"thumbnailUrl\":\"https:\\\/\\\/www.itacoilweb.com\\\/remo\\\/wp-content\\\/uploads\\\/image\\\/jpeg\\\/conformit\u00e0.jpg\",\"datePublished\":\"2022-11-08T13:46:42+00:00\",\"dateModified\":\"2024-10-04T11:50:45+00:00\",\"description\":\"Tailles de puissance standard de\u00a01\u00a0VA, 1,5\u00a0VA et 2\u00a0VA certifi\u00e9es avec le marquage ENEC - IMQ. Conception selon les\u00a0normes IEC-EN-UL, le cas \u00e9ch\u00e9ant.\",\"breadcrumb\":{\"@id\":\"https:\\\/\\\/www.itacoilweb.com\\\/fr\\\/certifications-de-produit\\\/#breadcrumb\"},\"inLanguage\":\"fr-FR\",\"potentialAction\":[{\"@type\":\"ReadAction\",\"target\":[\"https:\\\/\\\/www.itacoilweb.com\\\/fr\\\/certifications-de-produit\\\/\"]}]},{\"@type\":\"ImageObject\",\"inLanguage\":\"fr-FR\",\"@id\":\"https:\\\/\\\/www.itacoilweb.com\\\/fr\\\/certifications-de-produit\\\/#primaryimage\",\"url\":\"https:\\\/\\\/www.itacoilweb.com\\\/remo\\\/wp-content\\\/uploads\\\/image\\\/jpeg\\\/conformit\u00e0.jpg\",\"contentUrl\":\"https:\\\/\\\/www.itacoilweb.com\\\/remo\\\/wp-content\\\/uploads\\\/image\\\/jpeg\\\/conformit\u00e0.jpg\",\"width\":600,\"height\":450,\"caption\":\"Itacoil product certification\"},{\"@type\":\"BreadcrumbList\",\"@id\":\"https:\\\/\\\/www.itacoilweb.com\\\/fr\\\/certifications-de-produit\\\/#breadcrumb\",\"itemListElement\":[{\"@type\":\"ListItem\",\"position\":1,\"name\":\"Home\",\"item\":\"https:\\\/\\\/www.itacoilweb.com\\\/fr\\\/\"},{\"@type\":\"ListItem\",\"position\":2,\"name\":\"Certifications de produit\"}]},{\"@type\":\"WebSite\",\"@id\":\"https:\\\/\\\/www.itacoilweb.com\\\/fr\\\/#website\",\"url\":\"https:\\\/\\\/www.itacoilweb.com\\\/fr\\\/\",\"name\":\"ITACOIL transformers\",\"description\":\"PCB transformers and Inductors\",\"publisher\":{\"@id\":\"https:\\\/\\\/www.itacoilweb.com\\\/fr\\\/#organization\"},\"potentialAction\":[{\"@type\":\"SearchAction\",\"target\":{\"@type\":\"EntryPoint\",\"urlTemplate\":\"https:\\\/\\\/www.itacoilweb.com\\\/fr\\\/?s={search_term_string}\"},\"query-input\":{\"@type\":\"PropertyValueSpecification\",\"valueRequired\":true,\"valueName\":\"search_term_string\"}}],\"inLanguage\":\"fr-FR\"},{\"@type\":\"Organization\",\"@id\":\"https:\\\/\\\/www.itacoilweb.com\\\/fr\\\/#organization\",\"name\":\"ITACOIL Transformers\",\"url\":\"https:\\\/\\\/www.itacoilweb.com\\\/fr\\\/\",\"logo\":{\"@type\":\"ImageObject\",\"inLanguage\":\"fr-FR\",\"@id\":\"https:\\\/\\\/www.itacoilweb.com\\\/fr\\\/#\\\/schema\\\/logo\\\/image\\\/\",\"url\":\"https:\\\/\\\/www.itacoilweb.com\\\/remo\\\/wp-content\\\/uploads\\\/image\\\/png\\\/ITACOIL-logo2018-RTG-48.png\",\"contentUrl\":\"https:\\\/\\\/www.itacoilweb.com\\\/remo\\\/wp-content\\\/uploads\\\/image\\\/png\\\/ITACOIL-logo2018-RTG-48.png\",\"width\":151,\"height\":48,\"caption\":\"ITACOIL Transformers\"},\"image\":{\"@id\":\"https:\\\/\\\/www.itacoilweb.com\\\/fr\\\/#\\\/schema\\\/logo\\\/image\\\/\"},\"sameAs\":[\"https:\\\/\\\/www.linkedin.com\\\/company\\\/itacoil\\\/\",\"https:\\\/\\\/www.youtube.com\\\/user\\\/ITACOILtrasformatori\"]}]}<\/script>\n<!-- \/ Yoast SEO Premium plugin. -->","yoast_head_json":{"title":"Certifications de produit - ITACOIL transformers","description":"Tailles de puissance standard de\u00a01\u00a0VA, 1,5\u00a0VA et 2\u00a0VA certifi\u00e9es avec le marquage ENEC - IMQ. Conception selon les\u00a0normes IEC-EN-UL, le cas \u00e9ch\u00e9ant.","robots":{"index":"noindex","follow":"follow"},"og_locale":"fr_FR","og_type":"article","og_title":"Certifications de produit","og_description":"Tailles de puissance standard de\u00a01\u00a0VA, 1,5\u00a0VA et 2\u00a0VA certifi\u00e9es avec le marquage ENEC - IMQ. Conception selon les\u00a0normes IEC-EN-UL, le cas \u00e9ch\u00e9ant.","og_url":"https:\/\/www.itacoilweb.com\/fr\/certifications-de-produit\/","og_site_name":"ITACOIL transformers","article_modified_time":"2024-10-04T11:50:45+00:00","og_image":[{"width":600,"height":450,"url":"https:\/\/www.itacoilweb.com\/remo\/wp-content\/uploads\/image\/jpeg\/conformit\u00e0.jpg","type":"image\/jpeg"}],"twitter_misc":{"Est. reading time":"4 minutes"},"schema":{"@context":"https:\/\/schema.org","@graph":[{"@type":"WebPage","@id":"https:\/\/www.itacoilweb.com\/fr\/certifications-de-produit\/","url":"https:\/\/www.itacoilweb.com\/fr\/certifications-de-produit\/","name":"Certifications de produit - ITACOIL transformers","isPartOf":{"@id":"https:\/\/www.itacoilweb.com\/fr\/#website"},"primaryImageOfPage":{"@id":"https:\/\/www.itacoilweb.com\/fr\/certifications-de-produit\/#primaryimage"},"image":{"@id":"https:\/\/www.itacoilweb.com\/fr\/certifications-de-produit\/#primaryimage"},"thumbnailUrl":"https:\/\/www.itacoilweb.com\/remo\/wp-content\/uploads\/image\/jpeg\/conformit\u00e0.jpg","datePublished":"2022-11-08T13:46:42+00:00","dateModified":"2024-10-04T11:50:45+00:00","description":"Tailles de puissance standard de\u00a01\u00a0VA, 1,5\u00a0VA et 2\u00a0VA certifi\u00e9es avec le marquage ENEC - IMQ. Conception selon les\u00a0normes IEC-EN-UL, le cas \u00e9ch\u00e9ant.","breadcrumb":{"@id":"https:\/\/www.itacoilweb.com\/fr\/certifications-de-produit\/#breadcrumb"},"inLanguage":"fr-FR","potentialAction":[{"@type":"ReadAction","target":["https:\/\/www.itacoilweb.com\/fr\/certifications-de-produit\/"]}]},{"@type":"ImageObject","inLanguage":"fr-FR","@id":"https:\/\/www.itacoilweb.com\/fr\/certifications-de-produit\/#primaryimage","url":"https:\/\/www.itacoilweb.com\/remo\/wp-content\/uploads\/image\/jpeg\/conformit\u00e0.jpg","contentUrl":"https:\/\/www.itacoilweb.com\/remo\/wp-content\/uploads\/image\/jpeg\/conformit\u00e0.jpg","width":600,"height":450,"caption":"Itacoil product certification"},{"@type":"BreadcrumbList","@id":"https:\/\/www.itacoilweb.com\/fr\/certifications-de-produit\/#breadcrumb","itemListElement":[{"@type":"ListItem","position":1,"name":"Home","item":"https:\/\/www.itacoilweb.com\/fr\/"},{"@type":"ListItem","position":2,"name":"Certifications de produit"}]},{"@type":"WebSite","@id":"https:\/\/www.itacoilweb.com\/fr\/#website","url":"https:\/\/www.itacoilweb.com\/fr\/","name":"ITACOIL transformers","description":"PCB transformers and Inductors","publisher":{"@id":"https:\/\/www.itacoilweb.com\/fr\/#organization"},"potentialAction":[{"@type":"SearchAction","target":{"@type":"EntryPoint","urlTemplate":"https:\/\/www.itacoilweb.com\/fr\/?s={search_term_string}"},"query-input":{"@type":"PropertyValueSpecification","valueRequired":true,"valueName":"search_term_string"}}],"inLanguage":"fr-FR"},{"@type":"Organization","@id":"https:\/\/www.itacoilweb.com\/fr\/#organization","name":"ITACOIL Transformers","url":"https:\/\/www.itacoilweb.com\/fr\/","logo":{"@type":"ImageObject","inLanguage":"fr-FR","@id":"https:\/\/www.itacoilweb.com\/fr\/#\/schema\/logo\/image\/","url":"https:\/\/www.itacoilweb.com\/remo\/wp-content\/uploads\/image\/png\/ITACOIL-logo2018-RTG-48.png","contentUrl":"https:\/\/www.itacoilweb.com\/remo\/wp-content\/uploads\/image\/png\/ITACOIL-logo2018-RTG-48.png","width":151,"height":48,"caption":"ITACOIL Transformers"},"image":{"@id":"https:\/\/www.itacoilweb.com\/fr\/#\/schema\/logo\/image\/"},"sameAs":["https:\/\/www.linkedin.com\/company\/itacoil\/","https:\/\/www.youtube.com\/user\/ITACOILtrasformatori"]}]}},"_links":{"self":[{"href":"https:\/\/www.itacoilweb.com\/fr\/wp-json\/wp\/v2\/pages\/18836","targetHints":{"allow":["GET"]}}],"collection":[{"href":"https:\/\/www.itacoilweb.com\/fr\/wp-json\/wp\/v2\/pages"}],"about":[{"href":"https:\/\/www.itacoilweb.com\/fr\/wp-json\/wp\/v2\/types\/page"}],"author":[{"embeddable":true,"href":"https:\/\/www.itacoilweb.com\/fr\/wp-json\/wp\/v2\/users\/10"}],"replies":[{"embeddable":true,"href":"https:\/\/www.itacoilweb.com\/fr\/wp-json\/wp\/v2\/comments?post=18836"}],"version-history":[{"count":18,"href":"https:\/\/www.itacoilweb.com\/fr\/wp-json\/wp\/v2\/pages\/18836\/revisions"}],"predecessor-version":[{"id":20576,"href":"https:\/\/www.itacoilweb.com\/fr\/wp-json\/wp\/v2\/pages\/18836\/revisions\/20576"}],"wp:featuredmedia":[{"embeddable":true,"href":"https:\/\/www.itacoilweb.com\/fr\/wp-json\/wp\/v2\/media\/17177"}],"wp:attachment":[{"href":"https:\/\/www.itacoilweb.com\/fr\/wp-json\/wp\/v2\/media?parent=18836"}],"curies":[{"name":"wp","href":"https:\/\/api.w.org\/{rel}","templated":true}]}}