{"id":18560,"date":"2022-10-27T15:44:37","date_gmt":"2022-10-27T13:44:37","guid":{"rendered":"https:\/\/www.itacoilweb.com\/efficacite-des-pilotes-led\/"},"modified":"2024-07-31T15:37:34","modified_gmt":"2024-07-31T13:37:34","slug":"efficacite-des-pilotes-led","status":"publish","type":"page","link":"https:\/\/www.itacoilweb.com\/fr\/articles\/efficacite-des-pilotes-led\/","title":{"rendered":"Efficacit\u00e9 des pilotes LED"},"content":{"rendered":"<div class=\"wpb-content-wrapper\"><p>[vc_row][vc_column][vc_column_text]<div class=\"yoast-breadcrumbs\"><span><span><a href=\"https:\/\/www.itacoilweb.com\/fr\/\">Home<\/a><\/span> \u00bb <span><a href=\"https:\/\/www.itacoilweb.com\/fr\/articles\/\">Articles<\/a><\/span> \u00bb <span class=\"breadcrumb_last\" aria-current=\"page\"><strong>Efficacit\u00e9 des pilotes LED<\/strong><\/span><\/span><\/div>[\/vc_column_text][dfd_spacer screen_wide_spacer_size=&#8221;30&#8243; screen_normal_resolution=&#8221;1024&#8243; screen_tablet_resolution=&#8221;800&#8243; screen_mobile_resolution=&#8221;480&#8243;][\/vc_column][\/vc_row][vc_row][vc_column][dfd_heading style=&#8221;style_09&#8243; subtitle=&#8221;ITACOIL collabore avec des concepteurs \u00e9lectroniques qui con\u00e7oivent des pi\u00e8ces magn\u00e9tiques pour un meilleur r\u00e9sultat dans les projets SMPS.&#8221; content_alignment=&#8221;text-left&#8221; delimiter_settings=&#8221;delimiter_style:solid|delimiter_width:80|delimiter_height:1&#8243; undefined=&#8221;&#8221; title_font_options=&#8221;tag:h3&#8243; subtitle_font_options=&#8221;tag:div&#8221; heading_margin=&#8221;margin-top:20&#8243;]<\/p>\r\n<p>Efficacit\u00e9 des pilotes LED<\/p>\r\n<p>[\/dfd_heading][dfd_spacer screen_wide_spacer_size=&#8221;30&#8243; screen_normal_resolution=&#8221;1024&#8243; screen_tablet_resolution=&#8221;800&#8243; screen_mobile_resolution=&#8221;480&#8243;][vc_column_text]<\/p>\r\n<p>L&#8217;utilisation de transformateurs int\u00e9gr\u00e9s standard permet de r\u00e9pondre facilement aux besoins du secteur de l&#8217;\u00e9clairage LED.<\/p>\r\n<p>Au cours des derni\u00e8res ann\u00e9es, Itacoil a investi pour la capacit\u00e9 de donner aux clients la possibilit\u00e9 de r\u00e9aliser leurs projets avec le minimum d&#8217;effort de conception.<\/p>\r\n<p>La n\u00e9cessit\u00e9 d&#8217;une grande efficacit\u00e9 des syst\u00e8mes d&#8217;alimentation pour l&#8217;\u00e9clairage LED et, d&#8217;une mani\u00e8re g\u00e9n\u00e9rale, la demande sans cesse croissante d&#8217;efficacit\u00e9 \u00e9nerg\u00e9tique, tant pour l&#8217;\u00e9conomie d&#8217;exploitation que pour le respect de la r\u00e9cente r\u00e9glementation sur l&#8217;efficacit\u00e9 \u00e9nerg\u00e9tique, ont conduit \u00e0 une r\u00e9\u00e9valuation des topologies r\u00e9sonnantes LLC-LCC au cours des derni\u00e8res ann\u00e9es.<\/p>\r\n<p>Les principaux fabricants de composants actifs sur le march\u00e9 des SMPS ont inclus dans leurs catalogues des puces efficaces qui permettent, avec un faible niveau de complexit\u00e9, de r\u00e9aliser des SMPS avec une efficacit\u00e9 de 94&#8230;96\u00a0% (et au-del\u00e0), avec des probl\u00e8mes EMI r\u00e9duits par rapport \u00e0 d&#8217;autres topologies, gr\u00e2ce \u00e0 la \u00ab\u00a0commutation \u00e0 tension nul\u00a0\u00bb et aux courants haute fr\u00e9quence substantiellement sinuso\u00efdaux.<\/p>\r\n<p>[\/vc_column_text][dfd_spacer screen_wide_spacer_size=&#8221;20&#8243; screen_normal_resolution=&#8221;1024&#8243; screen_tablet_resolution=&#8221;800&#8243; screen_mobile_resolution=&#8221;480&#8243;][dfd_link_style link_content=&#8221;Lire l&#8217;article (anglais)&#8221; link_src=&#8221;url:http%3A%2F%2Fwww.itacoilweb.com%2Ffiles%2Fresonant_power_supply_eng.pdf||target:%20_blank|&#8221; main_style=&#8221;style-7&#8243; font_options=&#8221;tag:h5&#8243;][dfd_spacer screen_wide_spacer_size=&#8221;20&#8243; screen_normal_resolution=&#8221;1024&#8243; screen_tablet_resolution=&#8221;800&#8243; screen_mobile_resolution=&#8221;480&#8243;][dfd_link_style link_content=&#8221;Lire l&#8217;article (allemand)&#8221; link_src=&#8221;url:http%3A%2F%2Fwww.itacoilweb.com%2Ffiles%2Fresonant_power_supply_de.pdf||target:%20_blank|&#8221; main_style=&#8221;style-7&#8243; font_options=&#8221;tag:h5&#8243;][\/vc_column][\/vc_row][vc_row][vc_column][dfd_spacer screen_wide_spacer_size=&#8221;30&#8243; screen_normal_resolution=&#8221;1024&#8243; screen_tablet_resolution=&#8221;800&#8243; screen_mobile_resolution=&#8221;480&#8243;][\/vc_column][\/vc_row][vc_row][vc_column width=&#8221;1\/4&#8243;][\/vc_column][vc_column width=&#8221;1\/2&#8243;][dfd_delimiter delimiter_style=&#8221;dfd-delimiter-with-text&#8221; text_delimiter=&#8221;Voir aussi&#8221; title_font_options=&#8221;font_size:20|font_style_bold:1&#8243;][dfd_spacer screen_wide_spacer_size=&#8221;20&#8243; screen_normal_resolution=&#8221;1024&#8243; screen_tablet_resolution=&#8221;800&#8243; screen_mobile_resolution=&#8221;480&#8243;][vc_column_text css=&#8221;&#8221;]<\/p>\r\n<p style=\"text-align: center;\"><a href=\"https:\/\/www.itacoilweb.com\/fr\/articles\/que-sont-les-alimentations-a-resonnance-llc-lcc\/\" rel=\"noopener\">Que sont les alimentations \u00e0 r\u00e9sonnance LLC-LCC\u00a0?<\/a><\/p>\r\n<p style=\"text-align: center;\"><a href=\"https:\/\/www.itacoilweb.com\/fr\/articles\/topologies-resonnantes-llc-et-lcc\/\" rel=\"noopener\">Topologies r\u00e9sonnantes LLC et LCC<\/a><\/p>\r\n<p style=\"text-align: center;\"><a href=\"https:\/\/www.itacoilweb.com\/fr\/portfolio_category\/transformateurs-resonants-integres-llc-et-lcc\/\" rel=\"noopener\">Transformateurs r\u00e9sonnants int\u00e9gr\u00e9s LLC et LCC<\/a><\/p>\r\n<p style=\"text-align: center;\"><a href=\"https:\/\/www.itacoilweb.com\/fr\/portfolio_category\/demo-boards-fr\/\" rel=\"noopener\">Demo Boards<\/a><\/p>\r\n<p style=\"text-align: center;\"><a href=\"https:\/\/www.itacoilweb.com\/fr\/portfolio\/module-de-redressement-synchrone\/\">Redressement Synchrone<\/a><\/p>\r\n<p>[\/vc_column_text][\/vc_column][vc_column width=&#8221;1\/4&#8243;][\/vc_column][\/vc_row][vc_row][vc_column][dfd_spacer screen_wide_spacer_size=&#8221;30&#8243; screen_normal_resolution=&#8221;1024&#8243; screen_tablet_resolution=&#8221;800&#8243; screen_mobile_resolution=&#8221;480&#8243;][\/vc_column][\/vc_row]<\/p><\/div>","protected":false},"excerpt":{"rendered":"<p>[vc_row][vc_column][vc_column_text][\/vc_column_text][dfd_spacer screen_wide_spacer_size=&#8221;30&#8243; screen_normal_resolution=&#8221;1024&#8243; screen_tablet_resolution=&#8221;800&#8243; screen_mobile_resolution=&#8221;480&#8243;][\/vc_column][\/vc_row][vc_row][vc_column][dfd_heading style=&#8221;style_09&#8243; subtitle=&#8221;ITACOIL collabore avec des concepteurs \u00e9lectroniques qui con\u00e7oivent des pi\u00e8ces magn\u00e9tiques pour un meilleur r\u00e9sultat dans les projets SMPS.&#8221; content_alignment=&#8221;text-left&#8221; delimiter_settings=&#8221;delimiter_style:solid|delimiter_width:80|delimiter_height:1&#8243; undefined=&#8221;&#8221; title_font_options=&#8221;tag:h3&#8243; subtitle_font_options=&#8221;tag:div&#8221;<\/p>\n","protected":false},"author":10,"featured_media":17162,"parent":18898,"menu_order":76,"comment_status":"closed","ping_status":"closed","template":"","meta":{"footnotes":""},"class_list":["post-18560","page","type-page","status-publish","has-post-thumbnail","hentry"],"yoast_head":"<!-- This site is optimized with the Yoast SEO Premium plugin v27.3 (Yoast SEO v27.4) - https:\/\/yoast.com\/product\/yoast-seo-premium-wordpress\/ -->\n<title>Efficacit\u00e9 des pilotes LED - ITACOIL transformers<\/title>\n<meta name=\"description\" content=\"Itacoil donne aux clients du secteur de l&#039;\u00e9clairage LED la possibilit\u00e9 de r\u00e9aliser leurs projets avec le minimum d&#039;effort de conception.\" \/>\n<meta name=\"robots\" content=\"index, follow, max-snippet:-1, max-image-preview:large, max-video-preview:-1\" \/>\n<link rel=\"canonical\" href=\"https:\/\/www.itacoilweb.com\/fr\/articles\/efficacite-des-pilotes-led\/\" \/>\n<meta property=\"og:locale\" content=\"fr_FR\" \/>\n<meta property=\"og:type\" content=\"article\" \/>\n<meta property=\"og:title\" content=\"Efficacit\u00e9 des pilotes LED\" \/>\n<meta property=\"og:description\" content=\"Itacoil donne aux clients du secteur de l&#039;\u00e9clairage LED la possibilit\u00e9 de r\u00e9aliser leurs projets avec le minimum d&#039;effort de conception.\" \/>\n<meta property=\"og:url\" content=\"https:\/\/www.itacoilweb.com\/fr\/articles\/efficacite-des-pilotes-led\/\" \/>\n<meta property=\"og:site_name\" content=\"ITACOIL transformers\" \/>\n<meta property=\"article:modified_time\" content=\"2024-07-31T13:37:34+00:00\" \/>\n<meta property=\"og:image\" content=\"https:\/\/www.itacoilweb.com\/remo\/wp-content\/uploads\/image\/jpeg\/alimentatore.jpg\" \/>\n\t<meta property=\"og:image:width\" content=\"600\" \/>\n\t<meta property=\"og:image:height\" content=\"450\" \/>\n\t<meta property=\"og:image:type\" content=\"image\/jpeg\" \/>\n<meta name=\"twitter:label1\" content=\"Est. reading time\" \/>\n\t<meta name=\"twitter:data1\" content=\"2 minutes\" \/>\n<script type=\"application\/ld+json\" class=\"yoast-schema-graph\">{\"@context\":\"https:\\\/\\\/schema.org\",\"@graph\":[{\"@type\":\"TechArticle\",\"@id\":\"https:\\\/\\\/www.itacoilweb.com\\\/fr\\\/articles\\\/efficacite-des-pilotes-led\\\/#article\",\"isPartOf\":{\"@id\":\"https:\\\/\\\/www.itacoilweb.com\\\/fr\\\/articles\\\/efficacite-des-pilotes-led\\\/\"},\"author\":{\"name\":\"Simone Radaelli\",\"@id\":\"https:\\\/\\\/www.itacoilweb.com\\\/fr\\\/#\\\/schema\\\/person\\\/2913c74d108a01f6241002b8eda50e5f\"},\"headline\":\"Efficacit\u00e9 des pilotes LED\",\"datePublished\":\"2022-10-27T13:44:37+00:00\",\"dateModified\":\"2024-07-31T13:37:34+00:00\",\"mainEntityOfPage\":{\"@id\":\"https:\\\/\\\/www.itacoilweb.com\\\/fr\\\/articles\\\/efficacite-des-pilotes-led\\\/\"},\"wordCount\":536,\"publisher\":{\"@id\":\"https:\\\/\\\/www.itacoilweb.com\\\/fr\\\/#organization\"},\"image\":{\"@id\":\"https:\\\/\\\/www.itacoilweb.com\\\/fr\\\/articles\\\/efficacite-des-pilotes-led\\\/#primaryimage\"},\"thumbnailUrl\":\"https:\\\/\\\/www.itacoilweb.com\\\/remo\\\/wp-content\\\/uploads\\\/image\\\/jpeg\\\/alimentatore.jpg\",\"inLanguage\":\"fr-FR\"},{\"@type\":\"WebPage\",\"@id\":\"https:\\\/\\\/www.itacoilweb.com\\\/fr\\\/articles\\\/efficacite-des-pilotes-led\\\/\",\"url\":\"https:\\\/\\\/www.itacoilweb.com\\\/fr\\\/articles\\\/efficacite-des-pilotes-led\\\/\",\"name\":\"Efficacit\u00e9 des pilotes LED - ITACOIL transformers\",\"isPartOf\":{\"@id\":\"https:\\\/\\\/www.itacoilweb.com\\\/fr\\\/#website\"},\"primaryImageOfPage\":{\"@id\":\"https:\\\/\\\/www.itacoilweb.com\\\/fr\\\/articles\\\/efficacite-des-pilotes-led\\\/#primaryimage\"},\"image\":{\"@id\":\"https:\\\/\\\/www.itacoilweb.com\\\/fr\\\/articles\\\/efficacite-des-pilotes-led\\\/#primaryimage\"},\"thumbnailUrl\":\"https:\\\/\\\/www.itacoilweb.com\\\/remo\\\/wp-content\\\/uploads\\\/image\\\/jpeg\\\/alimentatore.jpg\",\"datePublished\":\"2022-10-27T13:44:37+00:00\",\"dateModified\":\"2024-07-31T13:37:34+00:00\",\"description\":\"Itacoil donne aux clients du secteur de l'\u00e9clairage LED la possibilit\u00e9 de r\u00e9aliser leurs projets avec le minimum d'effort de conception.\",\"breadcrumb\":{\"@id\":\"https:\\\/\\\/www.itacoilweb.com\\\/fr\\\/articles\\\/efficacite-des-pilotes-led\\\/#breadcrumb\"},\"inLanguage\":\"fr-FR\",\"potentialAction\":[{\"@type\":\"ReadAction\",\"target\":[\"https:\\\/\\\/www.itacoilweb.com\\\/fr\\\/articles\\\/efficacite-des-pilotes-led\\\/\"]}]},{\"@type\":\"ImageObject\",\"inLanguage\":\"fr-FR\",\"@id\":\"https:\\\/\\\/www.itacoilweb.com\\\/fr\\\/articles\\\/efficacite-des-pilotes-led\\\/#primaryimage\",\"url\":\"https:\\\/\\\/www.itacoilweb.com\\\/remo\\\/wp-content\\\/uploads\\\/image\\\/jpeg\\\/alimentatore.jpg\",\"contentUrl\":\"https:\\\/\\\/www.itacoilweb.com\\\/remo\\\/wp-content\\\/uploads\\\/image\\\/jpeg\\\/alimentatore.jpg\",\"width\":600,\"height\":450,\"caption\":\"Itacoil components for power supplies\"},{\"@type\":\"BreadcrumbList\",\"@id\":\"https:\\\/\\\/www.itacoilweb.com\\\/fr\\\/articles\\\/efficacite-des-pilotes-led\\\/#breadcrumb\",\"itemListElement\":[{\"@type\":\"ListItem\",\"position\":1,\"name\":\"Home\",\"item\":\"https:\\\/\\\/www.itacoilweb.com\\\/fr\\\/\"},{\"@type\":\"ListItem\",\"position\":2,\"name\":\"Articles\",\"item\":\"https:\\\/\\\/www.itacoilweb.com\\\/fr\\\/articles\\\/\"},{\"@type\":\"ListItem\",\"position\":3,\"name\":\"Efficacit\u00e9 des pilotes LED\"}]},{\"@type\":\"WebSite\",\"@id\":\"https:\\\/\\\/www.itacoilweb.com\\\/fr\\\/#website\",\"url\":\"https:\\\/\\\/www.itacoilweb.com\\\/fr\\\/\",\"name\":\"ITACOIL transformers\",\"description\":\"PCB transformers and Inductors\",\"publisher\":{\"@id\":\"https:\\\/\\\/www.itacoilweb.com\\\/fr\\\/#organization\"},\"potentialAction\":[{\"@type\":\"SearchAction\",\"target\":{\"@type\":\"EntryPoint\",\"urlTemplate\":\"https:\\\/\\\/www.itacoilweb.com\\\/fr\\\/?s={search_term_string}\"},\"query-input\":{\"@type\":\"PropertyValueSpecification\",\"valueRequired\":true,\"valueName\":\"search_term_string\"}}],\"inLanguage\":\"fr-FR\"},{\"@type\":\"Organization\",\"@id\":\"https:\\\/\\\/www.itacoilweb.com\\\/fr\\\/#organization\",\"name\":\"ITACOIL Transformers\",\"url\":\"https:\\\/\\\/www.itacoilweb.com\\\/fr\\\/\",\"logo\":{\"@type\":\"ImageObject\",\"inLanguage\":\"fr-FR\",\"@id\":\"https:\\\/\\\/www.itacoilweb.com\\\/fr\\\/#\\\/schema\\\/logo\\\/image\\\/\",\"url\":\"https:\\\/\\\/www.itacoilweb.com\\\/remo\\\/wp-content\\\/uploads\\\/image\\\/png\\\/ITACOIL-logo2018-RTG-48.png\",\"contentUrl\":\"https:\\\/\\\/www.itacoilweb.com\\\/remo\\\/wp-content\\\/uploads\\\/image\\\/png\\\/ITACOIL-logo2018-RTG-48.png\",\"width\":151,\"height\":48,\"caption\":\"ITACOIL Transformers\"},\"image\":{\"@id\":\"https:\\\/\\\/www.itacoilweb.com\\\/fr\\\/#\\\/schema\\\/logo\\\/image\\\/\"},\"sameAs\":[\"https:\\\/\\\/www.linkedin.com\\\/company\\\/itacoil\\\/\",\"https:\\\/\\\/www.youtube.com\\\/user\\\/ITACOILtrasformatori\"]},{\"@type\":\"Person\",\"@id\":\"https:\\\/\\\/www.itacoilweb.com\\\/fr\\\/#\\\/schema\\\/person\\\/2913c74d108a01f6241002b8eda50e5f\",\"name\":\"Simone Radaelli\",\"image\":{\"@type\":\"ImageObject\",\"inLanguage\":\"fr-FR\",\"@id\":\"https:\\\/\\\/secure.gravatar.com\\\/avatar\\\/38cef7203cc9218712a6a321d24dd07494228755e318fa49eee1bef2023f2b95?s=96&d=mm&r=g\",\"url\":\"https:\\\/\\\/secure.gravatar.com\\\/avatar\\\/38cef7203cc9218712a6a321d24dd07494228755e318fa49eee1bef2023f2b95?s=96&d=mm&r=g\",\"contentUrl\":\"https:\\\/\\\/secure.gravatar.com\\\/avatar\\\/38cef7203cc9218712a6a321d24dd07494228755e318fa49eee1bef2023f2b95?s=96&d=mm&r=g\",\"caption\":\"Simone Radaelli\"},\"url\":\"https:\\\/\\\/www.itacoilweb.com\\\/fr\\\/author\\\/radaellisimone\\\/\"}]}<\/script>\n<!-- \/ Yoast SEO Premium plugin. -->","yoast_head_json":{"title":"Efficacit\u00e9 des pilotes LED - ITACOIL transformers","description":"Itacoil donne aux clients du secteur de l'\u00e9clairage LED la possibilit\u00e9 de r\u00e9aliser leurs projets avec le minimum d'effort de conception.","robots":{"index":"index","follow":"follow","max-snippet":"max-snippet:-1","max-image-preview":"max-image-preview:large","max-video-preview":"max-video-preview:-1"},"canonical":"https:\/\/www.itacoilweb.com\/fr\/articles\/efficacite-des-pilotes-led\/","og_locale":"fr_FR","og_type":"article","og_title":"Efficacit\u00e9 des pilotes LED","og_description":"Itacoil donne aux clients du secteur de l'\u00e9clairage LED la possibilit\u00e9 de r\u00e9aliser leurs projets avec le minimum d'effort de conception.","og_url":"https:\/\/www.itacoilweb.com\/fr\/articles\/efficacite-des-pilotes-led\/","og_site_name":"ITACOIL transformers","article_modified_time":"2024-07-31T13:37:34+00:00","og_image":[{"width":600,"height":450,"url":"https:\/\/www.itacoilweb.com\/remo\/wp-content\/uploads\/image\/jpeg\/alimentatore.jpg","type":"image\/jpeg"}],"twitter_misc":{"Est. reading time":"2 minutes"},"schema":{"@context":"https:\/\/schema.org","@graph":[{"@type":"TechArticle","@id":"https:\/\/www.itacoilweb.com\/fr\/articles\/efficacite-des-pilotes-led\/#article","isPartOf":{"@id":"https:\/\/www.itacoilweb.com\/fr\/articles\/efficacite-des-pilotes-led\/"},"author":{"name":"Simone Radaelli","@id":"https:\/\/www.itacoilweb.com\/fr\/#\/schema\/person\/2913c74d108a01f6241002b8eda50e5f"},"headline":"Efficacit\u00e9 des pilotes LED","datePublished":"2022-10-27T13:44:37+00:00","dateModified":"2024-07-31T13:37:34+00:00","mainEntityOfPage":{"@id":"https:\/\/www.itacoilweb.com\/fr\/articles\/efficacite-des-pilotes-led\/"},"wordCount":536,"publisher":{"@id":"https:\/\/www.itacoilweb.com\/fr\/#organization"},"image":{"@id":"https:\/\/www.itacoilweb.com\/fr\/articles\/efficacite-des-pilotes-led\/#primaryimage"},"thumbnailUrl":"https:\/\/www.itacoilweb.com\/remo\/wp-content\/uploads\/image\/jpeg\/alimentatore.jpg","inLanguage":"fr-FR"},{"@type":"WebPage","@id":"https:\/\/www.itacoilweb.com\/fr\/articles\/efficacite-des-pilotes-led\/","url":"https:\/\/www.itacoilweb.com\/fr\/articles\/efficacite-des-pilotes-led\/","name":"Efficacit\u00e9 des pilotes LED - ITACOIL transformers","isPartOf":{"@id":"https:\/\/www.itacoilweb.com\/fr\/#website"},"primaryImageOfPage":{"@id":"https:\/\/www.itacoilweb.com\/fr\/articles\/efficacite-des-pilotes-led\/#primaryimage"},"image":{"@id":"https:\/\/www.itacoilweb.com\/fr\/articles\/efficacite-des-pilotes-led\/#primaryimage"},"thumbnailUrl":"https:\/\/www.itacoilweb.com\/remo\/wp-content\/uploads\/image\/jpeg\/alimentatore.jpg","datePublished":"2022-10-27T13:44:37+00:00","dateModified":"2024-07-31T13:37:34+00:00","description":"Itacoil donne aux clients du secteur de l'\u00e9clairage LED la possibilit\u00e9 de r\u00e9aliser leurs projets avec le minimum d'effort de conception.","breadcrumb":{"@id":"https:\/\/www.itacoilweb.com\/fr\/articles\/efficacite-des-pilotes-led\/#breadcrumb"},"inLanguage":"fr-FR","potentialAction":[{"@type":"ReadAction","target":["https:\/\/www.itacoilweb.com\/fr\/articles\/efficacite-des-pilotes-led\/"]}]},{"@type":"ImageObject","inLanguage":"fr-FR","@id":"https:\/\/www.itacoilweb.com\/fr\/articles\/efficacite-des-pilotes-led\/#primaryimage","url":"https:\/\/www.itacoilweb.com\/remo\/wp-content\/uploads\/image\/jpeg\/alimentatore.jpg","contentUrl":"https:\/\/www.itacoilweb.com\/remo\/wp-content\/uploads\/image\/jpeg\/alimentatore.jpg","width":600,"height":450,"caption":"Itacoil components for power supplies"},{"@type":"BreadcrumbList","@id":"https:\/\/www.itacoilweb.com\/fr\/articles\/efficacite-des-pilotes-led\/#breadcrumb","itemListElement":[{"@type":"ListItem","position":1,"name":"Home","item":"https:\/\/www.itacoilweb.com\/fr\/"},{"@type":"ListItem","position":2,"name":"Articles","item":"https:\/\/www.itacoilweb.com\/fr\/articles\/"},{"@type":"ListItem","position":3,"name":"Efficacit\u00e9 des pilotes LED"}]},{"@type":"WebSite","@id":"https:\/\/www.itacoilweb.com\/fr\/#website","url":"https:\/\/www.itacoilweb.com\/fr\/","name":"ITACOIL transformers","description":"PCB transformers and Inductors","publisher":{"@id":"https:\/\/www.itacoilweb.com\/fr\/#organization"},"potentialAction":[{"@type":"SearchAction","target":{"@type":"EntryPoint","urlTemplate":"https:\/\/www.itacoilweb.com\/fr\/?s={search_term_string}"},"query-input":{"@type":"PropertyValueSpecification","valueRequired":true,"valueName":"search_term_string"}}],"inLanguage":"fr-FR"},{"@type":"Organization","@id":"https:\/\/www.itacoilweb.com\/fr\/#organization","name":"ITACOIL Transformers","url":"https:\/\/www.itacoilweb.com\/fr\/","logo":{"@type":"ImageObject","inLanguage":"fr-FR","@id":"https:\/\/www.itacoilweb.com\/fr\/#\/schema\/logo\/image\/","url":"https:\/\/www.itacoilweb.com\/remo\/wp-content\/uploads\/image\/png\/ITACOIL-logo2018-RTG-48.png","contentUrl":"https:\/\/www.itacoilweb.com\/remo\/wp-content\/uploads\/image\/png\/ITACOIL-logo2018-RTG-48.png","width":151,"height":48,"caption":"ITACOIL Transformers"},"image":{"@id":"https:\/\/www.itacoilweb.com\/fr\/#\/schema\/logo\/image\/"},"sameAs":["https:\/\/www.linkedin.com\/company\/itacoil\/","https:\/\/www.youtube.com\/user\/ITACOILtrasformatori"]},{"@type":"Person","@id":"https:\/\/www.itacoilweb.com\/fr\/#\/schema\/person\/2913c74d108a01f6241002b8eda50e5f","name":"Simone Radaelli","image":{"@type":"ImageObject","inLanguage":"fr-FR","@id":"https:\/\/secure.gravatar.com\/avatar\/38cef7203cc9218712a6a321d24dd07494228755e318fa49eee1bef2023f2b95?s=96&d=mm&r=g","url":"https:\/\/secure.gravatar.com\/avatar\/38cef7203cc9218712a6a321d24dd07494228755e318fa49eee1bef2023f2b95?s=96&d=mm&r=g","contentUrl":"https:\/\/secure.gravatar.com\/avatar\/38cef7203cc9218712a6a321d24dd07494228755e318fa49eee1bef2023f2b95?s=96&d=mm&r=g","caption":"Simone Radaelli"},"url":"https:\/\/www.itacoilweb.com\/fr\/author\/radaellisimone\/"}]}},"_links":{"self":[{"href":"https:\/\/www.itacoilweb.com\/fr\/wp-json\/wp\/v2\/pages\/18560","targetHints":{"allow":["GET"]}}],"collection":[{"href":"https:\/\/www.itacoilweb.com\/fr\/wp-json\/wp\/v2\/pages"}],"about":[{"href":"https:\/\/www.itacoilweb.com\/fr\/wp-json\/wp\/v2\/types\/page"}],"author":[{"embeddable":true,"href":"https:\/\/www.itacoilweb.com\/fr\/wp-json\/wp\/v2\/users\/10"}],"replies":[{"embeddable":true,"href":"https:\/\/www.itacoilweb.com\/fr\/wp-json\/wp\/v2\/comments?post=18560"}],"version-history":[{"count":11,"href":"https:\/\/www.itacoilweb.com\/fr\/wp-json\/wp\/v2\/pages\/18560\/revisions"}],"predecessor-version":[{"id":20531,"href":"https:\/\/www.itacoilweb.com\/fr\/wp-json\/wp\/v2\/pages\/18560\/revisions\/20531"}],"up":[{"embeddable":true,"href":"https:\/\/www.itacoilweb.com\/fr\/wp-json\/wp\/v2\/pages\/18898"}],"wp:featuredmedia":[{"embeddable":true,"href":"https:\/\/www.itacoilweb.com\/fr\/wp-json\/wp\/v2\/media\/17162"}],"wp:attachment":[{"href":"https:\/\/www.itacoilweb.com\/fr\/wp-json\/wp\/v2\/media?parent=18560"}],"curies":[{"name":"wp","href":"https:\/\/api.w.org\/{rel}","templated":true}]}}