{"id":18553,"date":"2022-10-27T15:44:31","date_gmt":"2022-10-27T13:44:31","guid":{"rendered":"https:\/\/www.itacoilweb.com\/a-propos-de-nous\/"},"modified":"2023-10-05T14:53:27","modified_gmt":"2023-10-05T12:53:27","slug":"a-propos-de-nous","status":"publish","type":"page","link":"https:\/\/www.itacoilweb.com\/fr\/a-propos-de-nous\/","title":{"rendered":"\u00c0 propos de nous"},"content":{"rendered":"<div class=\"wpb-content-wrapper\"><p>[vc_row][vc_column][dfd_heading style=&#8221;style_11&#8243; subtitle=&#8221;&#8221; delimiter_settings=&#8221;delimiter_style:solid|delimiter_width:80|delimiter_height:1&#8243; undefined=&#8221;&#8221; title_font_options=&#8221;tag:h2&#8243; subtitle_font_options=&#8221;tag:div&#8221;]<\/p>\n<h4 style=\"text-align: left;\">\u00c0 propos de nous<\/h4>\n<p>[\/dfd_heading][dfd_spacer screen_wide_spacer_size=&#8221;40&#8243; screen_normal_resolution=&#8221;1024&#8243; screen_tablet_resolution=&#8221;800&#8243; screen_mobile_resolution=&#8221;480&#8243;][\/vc_column][\/vc_row][vc_row][vc_column width=&#8221;2\/3&#8243;][dfd_spacer screen_wide_spacer_size=&#8221;40&#8243; screen_normal_resolution=&#8221;1024&#8243; screen_tablet_resolution=&#8221;800&#8243; screen_mobile_resolution=&#8221;480&#8243;][vc_column_text]Exemple lean et dynamique de l&#8217;entrepreneuriat italien, nous produisons des transformateurs PCB standard et sur mesure depuis 1981.<\/p>\n<p><a href=\"https:\/\/www.itacoilweb.com\/fr\/histoire-de-lentreprise\/\" rel=\"noopener\">Vous trouverez ici<\/a> les moments forts de l&#8217;histoire d&#8217;Itacoil.<\/p>\n<p><a href=\"http:\/\/itacoilweb.com\/files\/ITACOIL-Company_Profile.pdf\" target=\"_blank\" rel=\"noopener\">Vous trouverez ici<\/a> un bref profil de l&#8217;entreprise.[\/vc_column_text][dfd_spacer screen_wide_spacer_size=&#8221;20&#8243; screen_normal_resolution=&#8221;1024&#8243; screen_tablet_resolution=&#8221;800&#8243; screen_mobile_resolution=&#8221;480&#8243;][\/vc_column][vc_column width=&#8221;1\/3&#8243;][dfd_single_image image=&#8221;18008&#8243;][dfd_spacer screen_wide_spacer_size=&#8221;40&#8243; screen_normal_resolution=&#8221;1024&#8243; screen_tablet_resolution=&#8221;800&#8243; screen_mobile_resolution=&#8221;480&#8243;][\/vc_column][\/vc_row][vc_row][vc_column][dfd_heading style=&#8221;style_09&#8243; subtitle=&#8221;est notre mission.&#8221; content_alignment=&#8221;text-left&#8221; delimiter_settings=&#8221;delimiter_style:solid|delimiter_width:80|delimiter_height:1&#8243; undefined=&#8221;&#8221; title_font_options=&#8221;tag:h2&#8243; subtitle_font_options=&#8221;tag:div&#8221;]<\/p>\n<h4><strong>L&#8217;efficacit\u00e9<\/strong><\/h4>\n<p>[\/dfd_heading][dfd_spacer screen_wide_spacer_size=&#8221;10&#8243; screen_normal_resolution=&#8221;1024&#8243; screen_tablet_resolution=&#8221;800&#8243; screen_mobile_resolution=&#8221;480&#8243;][vc_column_text]Nous appliquons ce concept aux processus et aux produits, en utilisant uniquement de <a href=\"https:\/\/www.itacoilweb.com\/about-us\/renewable-energy\/\">l&#8217;\u00e9nergie propre<\/a>, en r\u00e9duisant le temps de conception, en \u00e9conomisant de l&#8217;\u00e9nergie gr\u00e2ce \u00e0 nos composants efficaces et en \u00e9conomisant de l&#8217;espace et des mat\u00e9riaux gr\u00e2ce \u00e0 leur densit\u00e9 de puissance.[\/vc_column_text][dfd_spacer screen_wide_spacer_size=&#8221;40&#8243; screen_normal_resolution=&#8221;1024&#8243; screen_tablet_resolution=&#8221;800&#8243; screen_mobile_resolution=&#8221;480&#8243;][\/vc_column][\/vc_row][vc_row][vc_column][dfd_heading style=&#8221;style_09&#8243; subtitle=&#8221;Itacoil en pilules&#8221; content_alignment=&#8221;text-left&#8221; delimiter_settings=&#8221;delimiter_style:solid|delimiter_width:80|delimiter_height:1&#8243; undefined=&#8221;&#8221; title_font_options=&#8221;tag:h2&#8243; subtitle_font_options=&#8221;tag:div&#8221;]<\/p>\n<h4><strong>Moments forts<\/strong><\/h4>\n<p>[\/dfd_heading][dfd_spacer screen_wide_spacer_size=&#8221;10&#8243; screen_normal_resolution=&#8221;1024&#8243; screen_tablet_resolution=&#8221;800&#8243; screen_mobile_resolution=&#8221;480&#8243;][vc_column_text]<\/p>\n<ul>\n<li>Leadership technologique dans les <a href=\"https:\/\/www.itacoilweb.com\/fr\/portfolio_category\/transformateurs-resonants-integres-llc-et-lcc\/\" rel=\"noopener\">transformateurs r\u00e9sonnants int\u00e9gr\u00e9s LLC et LCC<\/a>.<\/li>\n<li>Conception intelligente italienne par un logiciel propri\u00e9taire unique sur le march\u00e9.<\/li>\n<li>Minimisation du temps et du co\u00fbt de conception des clients.<\/li>\n<li><a href=\"https:\/\/www.itacoilweb.com\/fr\/services\/\">Service<\/a> de prototypage rapide, \u00e9galement impression 3D de pi\u00e8ces en plastique.<\/li>\n<li>Usine de production italienne <a href=\"https:\/\/www.itacoilweb.com\/fr\/innovation\/\">hautement automatis\u00e9e<\/a>.<\/li>\n<li>Des partenariats professionnels s\u00e9lectionn\u00e9s dans un domaine \u00e0 faible co\u00fbt avec des lignes de production d\u00e9di\u00e9es et avec un contr\u00f4le de qualit\u00e9.<\/li>\n<li><a href=\"https:\/\/www.itacoilweb.com\/fr\/services\/\">Service<\/a> de conseil qualifi\u00e9 et de conception \u00e9lectronique pour SMPS, \u00e9galement en r\u00e9sonance.<\/li>\n<li>Premier fabricant de transformateurs PCB <a href=\"https:\/\/www.itacoilweb.com\/fr\/qualite-et-conformite\/\">certifi\u00e9s ISO9000<\/a> en Italie.<\/li>\n<li>Participation aux travaux r\u00e9glementaires du Comit\u00e9 technique 96 concernant la norme EN61558 pour les transformateurs, en tant que <a href=\"https:\/\/www.itacoilweb.com\/fr\/qualite-et-conformite\/conformite-aux-reglementations\/\">membre effectif CEI<\/a>.<\/li>\n<li>Optimisation des processus gr\u00e2ce aux automatisations et aux logiciels con\u00e7us et r\u00e9alis\u00e9s en interne.<\/li>\n<li>Partenariat avec les principaux fabricants de semi-conducteurs pour le d\u00e9veloppement <a href=\"https:\/\/www.itacoilweb.com\/fr\/portfolio_category\/demo-boards-fr\/\" rel=\"noopener\">Demo Boards<\/a> et de projets sp\u00e9ciaux.<\/li>\n<\/ul>\n<p>[\/vc_column_text][dfd_spacer screen_wide_spacer_size=&#8221;80&#8243; screen_normal_resolution=&#8221;1024&#8243; screen_tablet_resolution=&#8221;800&#8243; screen_mobile_resolution=&#8221;480&#8243;][\/vc_column][\/vc_row][vc_row][vc_column width=&#8221;1\/4&#8243;][\/vc_column][vc_column width=&#8221;1\/2&#8243;][dfd_delimiter delimiter_style=&#8221;dfd-delimiter-with-text&#8221; text_delimiter=&#8221;Voir aussi&#8221; title_font_options=&#8221;font_size:20|font_style_bold:1&#8243;][dfd_spacer screen_wide_spacer_size=&#8221;30&#8243; screen_normal_resolution=&#8221;1024&#8243; screen_tablet_resolution=&#8221;800&#8243; screen_mobile_resolution=&#8221;480&#8243;][vc_column_text]<\/p>\n<p style=\"text-align: center;\"><a href=\"https:\/\/www.itacoilweb.com\/fr\/histoire-de-lentreprise\/\" rel=\"noopener\">Histoire de l\u2019entreprise<\/a><\/p>\n<p style=\"text-align: center;\"><a href=\"https:\/\/www.itacoilweb.com\/fr\/innovation\/\" rel=\"noopener\">Innovation<\/a><\/p>\n<p style=\"text-align: center;\"><a href=\"https:\/\/www.itacoilweb.com\/fr\/portfolio\/demo-boards-ameliorees\/\" rel=\"noopener\">Demo Boards am\u00e9lior\u00e9es<\/a><\/p>\n<p style=\"text-align: center;\"><a href=\"https:\/\/www.itacoilweb.com\/fr\/recherche-et-developpement\/\" rel=\"noopener\">Recherche et D\u00e9veloppement<\/a><\/p>\n<p style=\"text-align: center;\"><a href=\"https:\/\/www.itacoilweb.com\/products\/\" rel=\"noopener\">Produits<\/a><\/p>\n<p style=\"text-align: center;\"><a href=\"https:\/\/www.itacoilweb.com\/fr\/services\/\" rel=\"noopener\">Services<\/a><\/p>\n<p style=\"text-align: center;\"><a href=\"https:\/\/www.itacoilweb.com\/fr\/contacts\/\" rel=\"noopener\">Contacts<\/a><\/p>\n<p>[\/vc_column_text][\/vc_column][vc_column width=&#8221;1\/4&#8243;][\/vc_column][\/vc_row][vc_row][vc_column][dfd_spacer screen_wide_spacer_size=&#8221;40&#8243; screen_normal_resolution=&#8221;1024&#8243; screen_tablet_resolution=&#8221;800&#8243; screen_mobile_resolution=&#8221;480&#8243;][\/vc_column][\/vc_row]<\/p>\n<\/div>","protected":false},"excerpt":{"rendered":"<p>[vc_row][vc_column][dfd_heading style=&#8221;style_11&#8243; subtitle=&#8221;&#8221; delimiter_settings=&#8221;delimiter_style:solid|delimiter_width:80|delimiter_height:1&#8243; undefined=&#8221;&#8221; title_font_options=&#8221;tag:h2&#8243; subtitle_font_options=&#8221;tag:div&#8221;] \u00c0 propos de nous [\/dfd_heading][dfd_spacer screen_wide_spacer_size=&#8221;40&#8243; screen_normal_resolution=&#8221;1024&#8243; screen_tablet_resolution=&#8221;800&#8243; screen_mobile_resolution=&#8221;480&#8243;][\/vc_column][\/vc_row][vc_row][vc_column width=&#8221;2\/3&#8243;][dfd_spacer screen_wide_spacer_size=&#8221;40&#8243; screen_normal_resolution=&#8221;1024&#8243; screen_tablet_resolution=&#8221;800&#8243; screen_mobile_resolution=&#8221;480&#8243;][vc_column_text]Exemple lean et dynamique de l&#8217;entrepreneuriat italien, nous produisons des<\/p>\n","protected":false},"author":10,"featured_media":17252,"parent":0,"menu_order":70,"comment_status":"closed","ping_status":"closed","template":"","meta":{"footnotes":""},"class_list":["post-18553","page","type-page","status-publish","has-post-thumbnail","hentry"],"yoast_head":"<!-- This site is optimized with the Yoast SEO Premium plugin v27.3 (Yoast SEO v27.3) - https:\/\/yoast.com\/product\/yoast-seo-premium-wordpress\/ -->\n<title>\u00c0 propos de nous - ITACOIL transformers<\/title>\n<meta name=\"description\" content=\"Exemple lean et dynamique de l&#039;entrepreneuriat italien, nous produisons des transformateurs pour PCB standard et sur mesure depuis 1981. L&#039;efficacit\u00e9 est notre mission.\" \/>\n<meta name=\"robots\" content=\"index, follow, max-snippet:-1, max-image-preview:large, max-video-preview:-1\" \/>\n<link rel=\"canonical\" href=\"https:\/\/www.itacoilweb.com\/fr\/a-propos-de-nous\/\" \/>\n<meta property=\"og:locale\" content=\"fr_FR\" \/>\n<meta property=\"og:type\" content=\"article\" \/>\n<meta property=\"og:title\" content=\"\u00c0 propos de nous\" \/>\n<meta property=\"og:description\" content=\"Exemple lean et dynamique de l&#039;entrepreneuriat italien, nous produisons des transformateurs pour PCB standard et sur mesure depuis 1981. L&#039;efficacit\u00e9 est notre mission.\" \/>\n<meta property=\"og:url\" content=\"https:\/\/www.itacoilweb.com\/fr\/a-propos-de-nous\/\" \/>\n<meta property=\"og:site_name\" content=\"ITACOIL transformers\" \/>\n<meta property=\"article:modified_time\" content=\"2023-10-05T12:53:27+00:00\" \/>\n<meta property=\"og:image\" content=\"https:\/\/www.itacoilweb.com\/remo\/wp-content\/uploads\/image\/jpeg\/logo400x300.jpg\" \/>\n\t<meta property=\"og:image:width\" content=\"400\" \/>\n\t<meta property=\"og:image:height\" content=\"300\" \/>\n\t<meta property=\"og:image:type\" content=\"image\/jpeg\" \/>\n<meta name=\"twitter:label1\" content=\"Est. reading time\" \/>\n\t<meta name=\"twitter:data1\" content=\"2 minutes\" \/>\n<script type=\"application\/ld+json\" class=\"yoast-schema-graph\">{\"@context\":\"https:\\\/\\\/schema.org\",\"@graph\":[{\"@type\":[\"WebPage\",\"AboutPage\"],\"@id\":\"https:\\\/\\\/www.itacoilweb.com\\\/fr\\\/a-propos-de-nous\\\/\",\"url\":\"https:\\\/\\\/www.itacoilweb.com\\\/fr\\\/a-propos-de-nous\\\/\",\"name\":\"\u00c0 propos de nous - ITACOIL transformers\",\"isPartOf\":{\"@id\":\"https:\\\/\\\/www.itacoilweb.com\\\/fr\\\/#website\"},\"primaryImageOfPage\":{\"@id\":\"https:\\\/\\\/www.itacoilweb.com\\\/fr\\\/a-propos-de-nous\\\/#primaryimage\"},\"image\":{\"@id\":\"https:\\\/\\\/www.itacoilweb.com\\\/fr\\\/a-propos-de-nous\\\/#primaryimage\"},\"thumbnailUrl\":\"https:\\\/\\\/www.itacoilweb.com\\\/remo\\\/wp-content\\\/uploads\\\/image\\\/jpeg\\\/logo400x300.jpg\",\"datePublished\":\"2022-10-27T13:44:31+00:00\",\"dateModified\":\"2023-10-05T12:53:27+00:00\",\"description\":\"Exemple lean et dynamique de l'entrepreneuriat italien, nous produisons des transformateurs pour PCB standard et sur mesure depuis 1981. L'efficacit\u00e9 est notre mission.\",\"breadcrumb\":{\"@id\":\"https:\\\/\\\/www.itacoilweb.com\\\/fr\\\/a-propos-de-nous\\\/#breadcrumb\"},\"inLanguage\":\"fr-FR\",\"potentialAction\":[{\"@type\":\"ReadAction\",\"target\":[\"https:\\\/\\\/www.itacoilweb.com\\\/fr\\\/a-propos-de-nous\\\/\"]}]},{\"@type\":\"ImageObject\",\"inLanguage\":\"fr-FR\",\"@id\":\"https:\\\/\\\/www.itacoilweb.com\\\/fr\\\/a-propos-de-nous\\\/#primaryimage\",\"url\":\"https:\\\/\\\/www.itacoilweb.com\\\/remo\\\/wp-content\\\/uploads\\\/image\\\/jpeg\\\/logo400x300.jpg\",\"contentUrl\":\"https:\\\/\\\/www.itacoilweb.com\\\/remo\\\/wp-content\\\/uploads\\\/image\\\/jpeg\\\/logo400x300.jpg\",\"width\":400,\"height\":300,\"caption\":\"Itacoil transformers and inductors\"},{\"@type\":\"BreadcrumbList\",\"@id\":\"https:\\\/\\\/www.itacoilweb.com\\\/fr\\\/a-propos-de-nous\\\/#breadcrumb\",\"itemListElement\":[{\"@type\":\"ListItem\",\"position\":1,\"name\":\"Home\",\"item\":\"https:\\\/\\\/www.itacoilweb.com\\\/fr\\\/\"},{\"@type\":\"ListItem\",\"position\":2,\"name\":\"\u00c0 propos de nous\"}]},{\"@type\":\"WebSite\",\"@id\":\"https:\\\/\\\/www.itacoilweb.com\\\/fr\\\/#website\",\"url\":\"https:\\\/\\\/www.itacoilweb.com\\\/fr\\\/\",\"name\":\"ITACOIL transformers\",\"description\":\"PCB transformers and Inductors\",\"publisher\":{\"@id\":\"https:\\\/\\\/www.itacoilweb.com\\\/fr\\\/#organization\"},\"potentialAction\":[{\"@type\":\"SearchAction\",\"target\":{\"@type\":\"EntryPoint\",\"urlTemplate\":\"https:\\\/\\\/www.itacoilweb.com\\\/fr\\\/?s={search_term_string}\"},\"query-input\":{\"@type\":\"PropertyValueSpecification\",\"valueRequired\":true,\"valueName\":\"search_term_string\"}}],\"inLanguage\":\"fr-FR\"},{\"@type\":\"Organization\",\"@id\":\"https:\\\/\\\/www.itacoilweb.com\\\/fr\\\/#organization\",\"name\":\"ITACOIL Transformers\",\"url\":\"https:\\\/\\\/www.itacoilweb.com\\\/fr\\\/\",\"logo\":{\"@type\":\"ImageObject\",\"inLanguage\":\"fr-FR\",\"@id\":\"https:\\\/\\\/www.itacoilweb.com\\\/fr\\\/#\\\/schema\\\/logo\\\/image\\\/\",\"url\":\"https:\\\/\\\/www.itacoilweb.com\\\/remo\\\/wp-content\\\/uploads\\\/image\\\/png\\\/ITACOIL-logo2018-RTG-48.png\",\"contentUrl\":\"https:\\\/\\\/www.itacoilweb.com\\\/remo\\\/wp-content\\\/uploads\\\/image\\\/png\\\/ITACOIL-logo2018-RTG-48.png\",\"width\":151,\"height\":48,\"caption\":\"ITACOIL Transformers\"},\"image\":{\"@id\":\"https:\\\/\\\/www.itacoilweb.com\\\/fr\\\/#\\\/schema\\\/logo\\\/image\\\/\"},\"sameAs\":[\"https:\\\/\\\/www.linkedin.com\\\/company\\\/itacoil\\\/\",\"https:\\\/\\\/www.youtube.com\\\/user\\\/ITACOILtrasformatori\"]}]}<\/script>\n<!-- \/ Yoast SEO Premium plugin. -->","yoast_head_json":{"title":"\u00c0 propos de nous - ITACOIL transformers","description":"Exemple lean et dynamique de l'entrepreneuriat italien, nous produisons des transformateurs pour PCB standard et sur mesure depuis 1981. L'efficacit\u00e9 est notre mission.","robots":{"index":"index","follow":"follow","max-snippet":"max-snippet:-1","max-image-preview":"max-image-preview:large","max-video-preview":"max-video-preview:-1"},"canonical":"https:\/\/www.itacoilweb.com\/fr\/a-propos-de-nous\/","og_locale":"fr_FR","og_type":"article","og_title":"\u00c0 propos de nous","og_description":"Exemple lean et dynamique de l'entrepreneuriat italien, nous produisons des transformateurs pour PCB standard et sur mesure depuis 1981. L'efficacit\u00e9 est notre mission.","og_url":"https:\/\/www.itacoilweb.com\/fr\/a-propos-de-nous\/","og_site_name":"ITACOIL transformers","article_modified_time":"2023-10-05T12:53:27+00:00","og_image":[{"width":400,"height":300,"url":"https:\/\/www.itacoilweb.com\/remo\/wp-content\/uploads\/image\/jpeg\/logo400x300.jpg","type":"image\/jpeg"}],"twitter_misc":{"Est. reading time":"2 minutes"},"schema":{"@context":"https:\/\/schema.org","@graph":[{"@type":["WebPage","AboutPage"],"@id":"https:\/\/www.itacoilweb.com\/fr\/a-propos-de-nous\/","url":"https:\/\/www.itacoilweb.com\/fr\/a-propos-de-nous\/","name":"\u00c0 propos de nous - ITACOIL transformers","isPartOf":{"@id":"https:\/\/www.itacoilweb.com\/fr\/#website"},"primaryImageOfPage":{"@id":"https:\/\/www.itacoilweb.com\/fr\/a-propos-de-nous\/#primaryimage"},"image":{"@id":"https:\/\/www.itacoilweb.com\/fr\/a-propos-de-nous\/#primaryimage"},"thumbnailUrl":"https:\/\/www.itacoilweb.com\/remo\/wp-content\/uploads\/image\/jpeg\/logo400x300.jpg","datePublished":"2022-10-27T13:44:31+00:00","dateModified":"2023-10-05T12:53:27+00:00","description":"Exemple lean et dynamique de l'entrepreneuriat italien, nous produisons des transformateurs pour PCB standard et sur mesure depuis 1981. L'efficacit\u00e9 est notre mission.","breadcrumb":{"@id":"https:\/\/www.itacoilweb.com\/fr\/a-propos-de-nous\/#breadcrumb"},"inLanguage":"fr-FR","potentialAction":[{"@type":"ReadAction","target":["https:\/\/www.itacoilweb.com\/fr\/a-propos-de-nous\/"]}]},{"@type":"ImageObject","inLanguage":"fr-FR","@id":"https:\/\/www.itacoilweb.com\/fr\/a-propos-de-nous\/#primaryimage","url":"https:\/\/www.itacoilweb.com\/remo\/wp-content\/uploads\/image\/jpeg\/logo400x300.jpg","contentUrl":"https:\/\/www.itacoilweb.com\/remo\/wp-content\/uploads\/image\/jpeg\/logo400x300.jpg","width":400,"height":300,"caption":"Itacoil transformers and inductors"},{"@type":"BreadcrumbList","@id":"https:\/\/www.itacoilweb.com\/fr\/a-propos-de-nous\/#breadcrumb","itemListElement":[{"@type":"ListItem","position":1,"name":"Home","item":"https:\/\/www.itacoilweb.com\/fr\/"},{"@type":"ListItem","position":2,"name":"\u00c0 propos de nous"}]},{"@type":"WebSite","@id":"https:\/\/www.itacoilweb.com\/fr\/#website","url":"https:\/\/www.itacoilweb.com\/fr\/","name":"ITACOIL transformers","description":"PCB transformers and Inductors","publisher":{"@id":"https:\/\/www.itacoilweb.com\/fr\/#organization"},"potentialAction":[{"@type":"SearchAction","target":{"@type":"EntryPoint","urlTemplate":"https:\/\/www.itacoilweb.com\/fr\/?s={search_term_string}"},"query-input":{"@type":"PropertyValueSpecification","valueRequired":true,"valueName":"search_term_string"}}],"inLanguage":"fr-FR"},{"@type":"Organization","@id":"https:\/\/www.itacoilweb.com\/fr\/#organization","name":"ITACOIL Transformers","url":"https:\/\/www.itacoilweb.com\/fr\/","logo":{"@type":"ImageObject","inLanguage":"fr-FR","@id":"https:\/\/www.itacoilweb.com\/fr\/#\/schema\/logo\/image\/","url":"https:\/\/www.itacoilweb.com\/remo\/wp-content\/uploads\/image\/png\/ITACOIL-logo2018-RTG-48.png","contentUrl":"https:\/\/www.itacoilweb.com\/remo\/wp-content\/uploads\/image\/png\/ITACOIL-logo2018-RTG-48.png","width":151,"height":48,"caption":"ITACOIL Transformers"},"image":{"@id":"https:\/\/www.itacoilweb.com\/fr\/#\/schema\/logo\/image\/"},"sameAs":["https:\/\/www.linkedin.com\/company\/itacoil\/","https:\/\/www.youtube.com\/user\/ITACOILtrasformatori"]}]}},"_links":{"self":[{"href":"https:\/\/www.itacoilweb.com\/fr\/wp-json\/wp\/v2\/pages\/18553","targetHints":{"allow":["GET"]}}],"collection":[{"href":"https:\/\/www.itacoilweb.com\/fr\/wp-json\/wp\/v2\/pages"}],"about":[{"href":"https:\/\/www.itacoilweb.com\/fr\/wp-json\/wp\/v2\/types\/page"}],"author":[{"embeddable":true,"href":"https:\/\/www.itacoilweb.com\/fr\/wp-json\/wp\/v2\/users\/10"}],"replies":[{"embeddable":true,"href":"https:\/\/www.itacoilweb.com\/fr\/wp-json\/wp\/v2\/comments?post=18553"}],"version-history":[{"count":14,"href":"https:\/\/www.itacoilweb.com\/fr\/wp-json\/wp\/v2\/pages\/18553\/revisions"}],"predecessor-version":[{"id":19472,"href":"https:\/\/www.itacoilweb.com\/fr\/wp-json\/wp\/v2\/pages\/18553\/revisions\/19472"}],"wp:featuredmedia":[{"embeddable":true,"href":"https:\/\/www.itacoilweb.com\/fr\/wp-json\/wp\/v2\/media\/17252"}],"wp:attachment":[{"href":"https:\/\/www.itacoilweb.com\/fr\/wp-json\/wp\/v2\/media?parent=18553"}],"curies":[{"name":"wp","href":"https:\/\/api.w.org\/{rel}","templated":true}]}}