{"id":18518,"date":"2022-10-27T15:42:35","date_gmt":"2022-10-27T13:42:35","guid":{"rendered":"https:\/\/www.itacoilweb.com\/mentions-legales\/"},"modified":"2022-11-15T11:14:19","modified_gmt":"2022-11-15T10:14:19","slug":"mentions-legales","status":"publish","type":"page","link":"https:\/\/www.itacoilweb.com\/fr\/mentions-legales\/","title":{"rendered":"Mentions l\u00e9gales"},"content":{"rendered":"<div class=\"wpb-content-wrapper\"><p>[vc_row][vc_column][dfd_heading style=&#8221;style_11&#8243; subtitle=&#8221;&#8221; delimiter_settings=&#8221;delimiter_style:solid|delimiter_width:80|delimiter_height:1&#8243; undefined=&#8221;&#8221; title_font_options=&#8221;tag:h2&#8243; subtitle_font_options=&#8221;tag:div&#8221;]<\/p>\n<h4>Mentions l\u00e9gales<\/h4>\n<p>[\/dfd_heading][dfd_spacer screen_wide_spacer_size=&#8221;30&#8243; screen_normal_resolution=&#8221;1024&#8243; screen_tablet_resolution=&#8221;800&#8243; screen_mobile_resolution=&#8221;480&#8243;][\/vc_column][\/vc_row][vc_row][vc_column][dfd_tta_tour style=&#8221;style-7&#8243; active_section=&#8221;1&#8243; tutorials=&#8221;&#8221;][vc_tta_section title=&#8221;Conditions d&#8217;utilisation<br \/>\net Notes Techniques&#8221; tab_id=&#8221;1523481889934-64816a36-b6a3&#8243;][vc_row_inner][vc_column_inner][vc_column_text]<\/p>\n<ul>\n<li>Dans le Mentions L\u00e9gales, vous trouverez les documents et contrats les plus importants qui r\u00e9gissent les relations et les ventes avec Itacoil.<br \/>\nEn acc\u00e9dant \u00e0 ce site, l&#8217;utilisateur accepte d&#8217;\u00eatre li\u00e9 par les termes et conditions qui y sont \u00e9nonc\u00e9s.<br \/>\n<strong>Veuillez ne pas acc\u00e9der au site Internet ou utiliser ses services si vous n&#8217;acceptez pas toutes les conditions g\u00e9n\u00e9rales.<\/strong><\/li>\n<li>En utilisant les donn\u00e9es contenues dans les documents techniques d&#8217;Itacoil (y compris, mais sans s&#8217;y limiter, le site Internet, les catalogues complets ou leurs parties, les fiches techniques et les rapports d&#8217;essais), le Client accepte les termes et conditions \u00e9nonc\u00e9s dans l&#8217;Art. 1 Clause de non-responsabilit\u00e9 des Notes Techniques G\u00e9n\u00e9rales d&#8217;Itacoil sur le lien ci-dessous.<br \/>\nChaque Produit d&#8217;Itacoil est con\u00e7u, produit et fourni selon les termes et conditions \u00e9nonc\u00e9s dans les Notes Techniques G\u00e9n\u00e9rales d&#8217;Itacoil que le Client d\u00e9clare conna\u00eetre et accepter en achetant de tels Produits.<\/li>\n<\/ul>\n<p>[\/vc_column_text][dfd_spacer screen_wide_spacer_size=&#8221;80&#8243; screen_normal_resolution=&#8221;1024&#8243; screen_tablet_resolution=&#8221;800&#8243; screen_mobile_resolution=&#8221;480&#8243;][dfd_delimiter delimiter_style=&#8221;dfd-delimiter-with-text&#8221; text_delimiter=&#8221;T\u00c9L\u00c9CHARGER&#8221; title_font_options=&#8221;font_style_bold:1&#8243; undefined=&#8221;&#8221;][vc_column_text]<a href=\"https:\/\/www.itacoilweb.com\/files\/NTG_ENG_general_technical_notes.pdf\" target=\"_blank\" rel=\"noopener noreferrer\"><img loading=\"lazy\" decoding=\"async\" class=\"aligncenter\" src=\"https:\/\/www.itacoilweb.it\/remo\/wp-content\/uploads\/image\/png\/pdf4.png\" alt=\"\" width=\"42\" height=\"48\" \/><\/a>[\/vc_column_text][\/vc_column_inner][\/vc_row_inner][\/vc_tta_section][vc_tta_section title=&#8221;Creative Commons BY-ND&#8221; tab_id=&#8221;1523526791034-eba66c57-eb76&#8243;][vc_row_inner][vc_column_inner][vc_column_text]<\/p>\n<ul>\n<li>Ce site, avec tout son contenu, est r\u00e9glement\u00e9 selon la licence <strong>Creative Commons Attribution &#8211; Non Derivative Works CC BY-ND<\/strong>\n<ul>\n<li><strong>Partage<\/strong> &#8211; la copie et la redistribution du contenu, dans n&#8217;importe quel support ou format, sont autoris\u00e9es pour n&#8217;importe quel but, m\u00eame commercialement<\/li>\n<li><strong>Attribution<\/strong> &#8211; il est n\u00e9cessaire d&#8217;accorder le cr\u00e9dit appropri\u00e9 en indiquant l&#8217;auteur, de donner un lien vers la licence et d&#8217;indiquer si des modifications ont \u00e9t\u00e9 apport\u00e9es<\/li>\n<li><strong>Adaptation<\/strong> &#8211; la distribution et le partage ne sont pas autoris\u00e9s pour le mat\u00e9riel adapt\u00e9, le mat\u00e9riel bas\u00e9 sur le contenu et les documents de ce site Internet, ou sans indiquer l&#8217;auteur<\/li>\n<\/ul>\n<\/li>\n<\/ul>\n<p>[\/vc_column_text][dfd_spacer screen_wide_spacer_size=&#8221;30&#8243; screen_normal_resolution=&#8221;1024&#8243; screen_tablet_resolution=&#8221;800&#8243; screen_mobile_resolution=&#8221;480&#8243;][\/vc_column_inner][\/vc_row_inner][dfd_delimiter delimiter_style=&#8221;dfd-delimiter-with-text&#8221; text_delimiter=&#8221;VOIR LES TERMES DE LA LICENCE&#8221; title_font_options=&#8221;font_style_bold:1&#8243; undefined=&#8221;&#8221;][dfd_spacer screen_wide_spacer_size=&#8221;20&#8243; screen_normal_resolution=&#8221;1024&#8243; screen_tablet_resolution=&#8221;800&#8243; screen_mobile_resolution=&#8221;480&#8243;][dfd_single_image image_type=&#8221;external_link&#8221; link_object=&#8221;link&#8221; hover_style=&#8221;dfd-image-scale&#8221; module_animation=&#8221;transition.perspectiveUpIn&#8221; external_link_url=&#8221;https:\/\/mirrors.creativecommons.org\/presskit\/cc.primary.srr.gif&#8221; enable_link=&#8221;yes&#8221; image_ext_link_url=&#8221;https:\/\/creativecommons.org\/licenses\/by-nd\/4.0\/legalcode&#8221;][dfd_spacer screen_wide_spacer_size=&#8221;57&#8243; screen_normal_resolution=&#8221;1024&#8243; screen_tablet_resolution=&#8221;800&#8243; screen_mobile_resolution=&#8221;480&#8243;][\/vc_tta_section][vc_tta_section title=&#8221;Politique relative aux cookies&#8221; tab_id=&#8221;1525438973444-a42ec131-6b32&#8243;][vc_column_text]<\/p>\n<ul>\n<li>Conform\u00e9ment au RGPD (R\u00e8glement G\u00e9n\u00e9ral sur la Protection des Donn\u00e9es, UE 2016\/679), nous avons l&#8217;intention de vous informer qu&#8217;ITACOIL srl, en tant que Responsable de Donn\u00e9es, traitera vos donn\u00e9es personnelles, qui pourraient \u00eatre collect\u00e9es par nous, communiqu\u00e9es par vous ou par des tiers, lors de la navigation et de l&#8217;utilisation du site Internet www.itacoilweb.com.<\/li>\n<li>Lisez la politique compl\u00e8te sur les cookies <a href=\"https:\/\/www.itacoilweb.com\/cookies-policy\/\" target=\"_blank\" rel=\"noopener noreferrer\">ici<\/a>.<\/li>\n<\/ul>\n<p>[\/vc_column_text][dfd_spacer screen_wide_spacer_size=&#8221;293&#8243; screen_normal_resolution=&#8221;1024&#8243; screen_tablet_resolution=&#8221;800&#8243; screen_mobile_resolution=&#8221;480&#8243;][\/vc_tta_section][vc_tta_section title=&#8221;Politique de Confidentialit\u00e9&#8221; tab_id=&#8221;1523526831396-2002309a-26b4&#8243;][vc_row_inner][vc_column_inner][vc_column_text]<\/p>\n<ul>\n<li>Les Donn\u00e9es Personnelles collect\u00e9es par Itacoil seront utilis\u00e9es dans le respect des principes de Protection des Donn\u00e9es et conform\u00e9ment \u00e0 la Politique de Confidentialit\u00e9 que nous vous invitons \u00e0 consulter.<\/li>\n<\/ul>\n<p>[\/vc_column_text][dfd_spacer screen_wide_spacer_size=&#8221;120&#8243; screen_normal_resolution=&#8221;1024&#8243; screen_tablet_resolution=&#8221;800&#8243; screen_mobile_resolution=&#8221;480&#8243;][dfd_delimiter delimiter_style=&#8221;dfd-delimiter-with-text&#8221; text_delimiter=&#8221;T\u00c9L\u00c9CHARGER&#8221; title_font_options=&#8221;font_style_bold:1&#8243; undefined=&#8221;&#8221;][vc_column_text]<a href=\"https:\/\/itacoilweb.com\/files\/DP_ENG_privacy.pdf\" target=\"_blank\" rel=\"noopener noreferrer\"><img decoding=\"async\" class=\"aligncenter\" src=\"https:\/\/www.itacoilweb.com\/remo\/wp-content\/uploads\/image\/png\/pdf4.png\" alt=\"\" \/><\/a>[\/vc_column_text][dfd_spacer screen_wide_spacer_size=&#8221;138&#8243; screen_normal_resolution=&#8221;1024&#8243; screen_tablet_resolution=&#8221;800&#8243; screen_mobile_resolution=&#8221;480&#8243;][\/vc_column_inner][\/vc_row_inner][\/vc_tta_section][vc_tta_section title=&#8221;Conditions G\u00e9n\u00e9rales de Vente&#8221; tab_id=&#8221;1523526859716-3f98ce97-e8b8&#8243;][vc_row_inner][vc_column_inner][vc_column_text]<\/p>\n<ul>\n<li>Les Conditions G\u00e9n\u00e9rales de Vente t\u00e9l\u00e9chargeables \u00e0 partir du lien ci-dessous r\u00e9giront toute vente entre Itacoil et ses Clients Internationaux. Aucune autre clause ou condition, y compris tout ce qui n&#8217;est pas conforme propos\u00e9 par le Client lors de sa Commande, ne sera consid\u00e9r\u00e9e comme valide et contraignante par Itacoil si elle n&#8217;est pas express\u00e9ment accept\u00e9e par \u00e9crit par ce dernier.<\/li>\n<\/ul>\n<p>[\/vc_column_text][dfd_spacer screen_wide_spacer_size=&#8221;70&#8243; screen_normal_resolution=&#8221;1024&#8243; screen_tablet_resolution=&#8221;800&#8243; screen_mobile_resolution=&#8221;480&#8243;][dfd_delimiter delimiter_style=&#8221;dfd-delimiter-with-text&#8221; text_delimiter=&#8221;T\u00c9L\u00c9CHARGER&#8221; title_font_options=&#8221;font_style_bold:1&#8243; undefined=&#8221;&#8221;][vc_column_text]<a href=\"https:\/\/itacoilweb.com\/files\/CGV_ENG_sales_conditions.pdf\" target=\"_blank\" rel=\"noopener noreferrer\"><img decoding=\"async\" class=\"aligncenter\" src=\"https:\/\/www.itacoilweb.com\/remo\/wp-content\/uploads\/image\/png\/pdf4.png\" alt=\"\" \/><\/a>[\/vc_column_text][dfd_spacer screen_wide_spacer_size=&#8221;160&#8243; screen_normal_resolution=&#8221;1024&#8243; screen_tablet_resolution=&#8221;800&#8243; screen_mobile_resolution=&#8221;480&#8243;][\/vc_column_inner][\/vc_row_inner][\/vc_tta_section][vc_tta_section title=&#8221;Loi Applicable&#8221; tab_id=&#8221;1523895255099-03ca1f4b-2946&#8243;][vc_row_inner][vc_column_inner][vc_column_text]<\/p>\n<ul>\n<li>L&#8217;utilisation du site Internet, les Mentions L\u00e9gales et la Politique de Confidentialit\u00e9 sont r\u00e9gies par les lois italiennes.<\/li>\n<li>Sauf disposition contraire de la loi, les litiges d\u00e9coulant de ou li\u00e9s \u00e0 l&#8217;utilisation du site Internet, \u00e0 l&#8217;Avis Juridique et \u00e0 la Politique de Confidentialit\u00e9, seront de la comp\u00e9tence exclusive de l&#8217;Autorit\u00e9 Judiciaire de Monza.<\/li>\n<\/ul>\n<p>[\/vc_column_text][dfd_spacer screen_wide_spacer_size=&#8221;311&#8243; screen_normal_resolution=&#8221;1024&#8243; screen_tablet_resolution=&#8221;800&#8243; screen_mobile_resolution=&#8221;480&#8243;][\/vc_column_inner][\/vc_row_inner][\/vc_tta_section][\/dfd_tta_tour][\/vc_column][\/vc_row]<\/p>\n<\/div>","protected":false},"excerpt":{"rendered":"<p>[vc_row][vc_column][dfd_heading style=&#8221;style_11&#8243; subtitle=&#8221;&#8221; delimiter_settings=&#8221;delimiter_style:solid|delimiter_width:80|delimiter_height:1&#8243; undefined=&#8221;&#8221; title_font_options=&#8221;tag:h2&#8243; subtitle_font_options=&#8221;tag:div&#8221;] Mentions l\u00e9gales [\/dfd_heading][dfd_spacer screen_wide_spacer_size=&#8221;30&#8243; screen_normal_resolution=&#8221;1024&#8243; screen_tablet_resolution=&#8221;800&#8243; screen_mobile_resolution=&#8221;480&#8243;][\/vc_column][\/vc_row][vc_row][vc_column][dfd_tta_tour style=&#8221;style-7&#8243; active_section=&#8221;1&#8243; tutorials=&#8221;&#8221;][vc_tta_section title=&#8221;Conditions d&#8217;utilisation et Notes Techniques&#8221; tab_id=&#8221;1523481889934-64816a36-b6a3&#8243;][vc_row_inner][vc_column_inner][vc_column_text] Dans le Mentions L\u00e9gales, vous trouverez les<\/p>\n","protected":false},"author":10,"featured_media":17142,"parent":0,"menu_order":49,"comment_status":"closed","ping_status":"closed","template":"","meta":{"footnotes":""},"class_list":["post-18518","page","type-page","status-publish","has-post-thumbnail","hentry"],"yoast_head":"<!-- This site is optimized with the Yoast SEO Premium plugin v27.3 (Yoast SEO v27.4) - https:\/\/yoast.com\/product\/yoast-seo-premium-wordpress\/ -->\n<title>Mentions l\u00e9gales - ITACOIL transformers<\/title>\n<meta name=\"robots\" content=\"noindex, follow\" \/>\n<meta property=\"og:locale\" content=\"fr_FR\" \/>\n<meta property=\"og:type\" content=\"article\" \/>\n<meta property=\"og:title\" content=\"Mentions l\u00e9gales\" \/>\n<meta property=\"og:description\" content=\"[vc_row][vc_column][dfd_heading style=&#8221;style_11&#8243; subtitle=&#8221;&#8221; delimiter_settings=&#8221;delimiter_style:solid|delimiter_width:80|delimiter_height:1&#8243; undefined=&#8221;&#8221; title_font_options=&#8221;tag:h2&#8243; subtitle_font_options=&#8221;tag:div&#8221;] Mentions l\u00e9gales [\/dfd_heading][dfd_spacer screen_wide_spacer_size=&#8221;30&#8243; screen_normal_resolution=&#8221;1024&#8243; screen_tablet_resolution=&#8221;800&#8243; screen_mobile_resolution=&#8221;480&#8243;][\/vc_column][\/vc_row][vc_row][vc_column][dfd_tta_tour style=&#8221;style-7&#8243; active_section=&#8221;1&#8243; tutorials=&#8221;&#8221;][vc_tta_section title=&#8221;Conditions d&#8217;utilisation et Notes Techniques&#8221; tab_id=&#8221;1523481889934-64816a36-b6a3&#8243;][vc_row_inner][vc_column_inner][vc_column_text] Dans le Mentions L\u00e9gales, vous trouverez les\" \/>\n<meta property=\"og:url\" content=\"https:\/\/www.itacoilweb.com\/fr\/mentions-legales\/\" \/>\n<meta property=\"og:site_name\" content=\"ITACOIL transformers\" \/>\n<meta property=\"article:modified_time\" content=\"2022-11-15T10:14:19+00:00\" \/>\n<meta property=\"og:image\" content=\"https:\/\/www.itacoilweb.com\/remo\/wp-content\/uploads\/image\/jpeg\/legale.jpg\" \/>\n\t<meta property=\"og:image:width\" content=\"600\" \/>\n\t<meta property=\"og:image:height\" content=\"450\" \/>\n\t<meta property=\"og:image:type\" content=\"image\/jpeg\" \/>\n<meta name=\"twitter:label1\" content=\"Est. reading time\" \/>\n\t<meta name=\"twitter:data1\" content=\"4 minutes\" \/>\n<script type=\"application\/ld+json\" class=\"yoast-schema-graph\">{\"@context\":\"https:\\\/\\\/schema.org\",\"@graph\":[{\"@type\":\"WebPage\",\"@id\":\"https:\\\/\\\/www.itacoilweb.com\\\/fr\\\/mentions-legales\\\/\",\"url\":\"https:\\\/\\\/www.itacoilweb.com\\\/fr\\\/mentions-legales\\\/\",\"name\":\"Mentions l\u00e9gales - ITACOIL transformers\",\"isPartOf\":{\"@id\":\"https:\\\/\\\/www.itacoilweb.com\\\/fr\\\/#website\"},\"primaryImageOfPage\":{\"@id\":\"https:\\\/\\\/www.itacoilweb.com\\\/fr\\\/mentions-legales\\\/#primaryimage\"},\"image\":{\"@id\":\"https:\\\/\\\/www.itacoilweb.com\\\/fr\\\/mentions-legales\\\/#primaryimage\"},\"thumbnailUrl\":\"https:\\\/\\\/www.itacoilweb.com\\\/remo\\\/wp-content\\\/uploads\\\/image\\\/jpeg\\\/legale.jpg\",\"datePublished\":\"2022-10-27T13:42:35+00:00\",\"dateModified\":\"2022-11-15T10:14:19+00:00\",\"breadcrumb\":{\"@id\":\"https:\\\/\\\/www.itacoilweb.com\\\/fr\\\/mentions-legales\\\/#breadcrumb\"},\"inLanguage\":\"fr-FR\",\"potentialAction\":[{\"@type\":\"ReadAction\",\"target\":[\"https:\\\/\\\/www.itacoilweb.com\\\/fr\\\/mentions-legales\\\/\"]}]},{\"@type\":\"ImageObject\",\"inLanguage\":\"fr-FR\",\"@id\":\"https:\\\/\\\/www.itacoilweb.com\\\/fr\\\/mentions-legales\\\/#primaryimage\",\"url\":\"https:\\\/\\\/www.itacoilweb.com\\\/remo\\\/wp-content\\\/uploads\\\/image\\\/jpeg\\\/legale.jpg\",\"contentUrl\":\"https:\\\/\\\/www.itacoilweb.com\\\/remo\\\/wp-content\\\/uploads\\\/image\\\/jpeg\\\/legale.jpg\",\"width\":600,\"height\":450,\"caption\":\"Itacoil Legal Notice\"},{\"@type\":\"BreadcrumbList\",\"@id\":\"https:\\\/\\\/www.itacoilweb.com\\\/fr\\\/mentions-legales\\\/#breadcrumb\",\"itemListElement\":[{\"@type\":\"ListItem\",\"position\":1,\"name\":\"Home\",\"item\":\"https:\\\/\\\/www.itacoilweb.com\\\/fr\\\/\"},{\"@type\":\"ListItem\",\"position\":2,\"name\":\"Mentions l\u00e9gales\"}]},{\"@type\":\"WebSite\",\"@id\":\"https:\\\/\\\/www.itacoilweb.com\\\/fr\\\/#website\",\"url\":\"https:\\\/\\\/www.itacoilweb.com\\\/fr\\\/\",\"name\":\"ITACOIL transformers\",\"description\":\"PCB transformers and Inductors\",\"publisher\":{\"@id\":\"https:\\\/\\\/www.itacoilweb.com\\\/fr\\\/#organization\"},\"potentialAction\":[{\"@type\":\"SearchAction\",\"target\":{\"@type\":\"EntryPoint\",\"urlTemplate\":\"https:\\\/\\\/www.itacoilweb.com\\\/fr\\\/?s={search_term_string}\"},\"query-input\":{\"@type\":\"PropertyValueSpecification\",\"valueRequired\":true,\"valueName\":\"search_term_string\"}}],\"inLanguage\":\"fr-FR\"},{\"@type\":\"Organization\",\"@id\":\"https:\\\/\\\/www.itacoilweb.com\\\/fr\\\/#organization\",\"name\":\"ITACOIL Transformers\",\"url\":\"https:\\\/\\\/www.itacoilweb.com\\\/fr\\\/\",\"logo\":{\"@type\":\"ImageObject\",\"inLanguage\":\"fr-FR\",\"@id\":\"https:\\\/\\\/www.itacoilweb.com\\\/fr\\\/#\\\/schema\\\/logo\\\/image\\\/\",\"url\":\"https:\\\/\\\/www.itacoilweb.com\\\/remo\\\/wp-content\\\/uploads\\\/image\\\/png\\\/ITACOIL-logo2018-RTG-48.png\",\"contentUrl\":\"https:\\\/\\\/www.itacoilweb.com\\\/remo\\\/wp-content\\\/uploads\\\/image\\\/png\\\/ITACOIL-logo2018-RTG-48.png\",\"width\":151,\"height\":48,\"caption\":\"ITACOIL Transformers\"},\"image\":{\"@id\":\"https:\\\/\\\/www.itacoilweb.com\\\/fr\\\/#\\\/schema\\\/logo\\\/image\\\/\"},\"sameAs\":[\"https:\\\/\\\/www.linkedin.com\\\/company\\\/itacoil\\\/\",\"https:\\\/\\\/www.youtube.com\\\/user\\\/ITACOILtrasformatori\"]}]}<\/script>\n<!-- \/ Yoast SEO Premium plugin. -->","yoast_head_json":{"title":"Mentions l\u00e9gales - ITACOIL transformers","robots":{"index":"noindex","follow":"follow"},"og_locale":"fr_FR","og_type":"article","og_title":"Mentions l\u00e9gales","og_description":"[vc_row][vc_column][dfd_heading style=&#8221;style_11&#8243; subtitle=&#8221;&#8221; delimiter_settings=&#8221;delimiter_style:solid|delimiter_width:80|delimiter_height:1&#8243; undefined=&#8221;&#8221; title_font_options=&#8221;tag:h2&#8243; subtitle_font_options=&#8221;tag:div&#8221;] Mentions l\u00e9gales [\/dfd_heading][dfd_spacer screen_wide_spacer_size=&#8221;30&#8243; screen_normal_resolution=&#8221;1024&#8243; screen_tablet_resolution=&#8221;800&#8243; screen_mobile_resolution=&#8221;480&#8243;][\/vc_column][\/vc_row][vc_row][vc_column][dfd_tta_tour style=&#8221;style-7&#8243; active_section=&#8221;1&#8243; tutorials=&#8221;&#8221;][vc_tta_section title=&#8221;Conditions d&#8217;utilisation et Notes Techniques&#8221; tab_id=&#8221;1523481889934-64816a36-b6a3&#8243;][vc_row_inner][vc_column_inner][vc_column_text] Dans le Mentions L\u00e9gales, vous trouverez les","og_url":"https:\/\/www.itacoilweb.com\/fr\/mentions-legales\/","og_site_name":"ITACOIL transformers","article_modified_time":"2022-11-15T10:14:19+00:00","og_image":[{"width":600,"height":450,"url":"https:\/\/www.itacoilweb.com\/remo\/wp-content\/uploads\/image\/jpeg\/legale.jpg","type":"image\/jpeg"}],"twitter_misc":{"Est. reading time":"4 minutes"},"schema":{"@context":"https:\/\/schema.org","@graph":[{"@type":"WebPage","@id":"https:\/\/www.itacoilweb.com\/fr\/mentions-legales\/","url":"https:\/\/www.itacoilweb.com\/fr\/mentions-legales\/","name":"Mentions l\u00e9gales - ITACOIL transformers","isPartOf":{"@id":"https:\/\/www.itacoilweb.com\/fr\/#website"},"primaryImageOfPage":{"@id":"https:\/\/www.itacoilweb.com\/fr\/mentions-legales\/#primaryimage"},"image":{"@id":"https:\/\/www.itacoilweb.com\/fr\/mentions-legales\/#primaryimage"},"thumbnailUrl":"https:\/\/www.itacoilweb.com\/remo\/wp-content\/uploads\/image\/jpeg\/legale.jpg","datePublished":"2022-10-27T13:42:35+00:00","dateModified":"2022-11-15T10:14:19+00:00","breadcrumb":{"@id":"https:\/\/www.itacoilweb.com\/fr\/mentions-legales\/#breadcrumb"},"inLanguage":"fr-FR","potentialAction":[{"@type":"ReadAction","target":["https:\/\/www.itacoilweb.com\/fr\/mentions-legales\/"]}]},{"@type":"ImageObject","inLanguage":"fr-FR","@id":"https:\/\/www.itacoilweb.com\/fr\/mentions-legales\/#primaryimage","url":"https:\/\/www.itacoilweb.com\/remo\/wp-content\/uploads\/image\/jpeg\/legale.jpg","contentUrl":"https:\/\/www.itacoilweb.com\/remo\/wp-content\/uploads\/image\/jpeg\/legale.jpg","width":600,"height":450,"caption":"Itacoil Legal Notice"},{"@type":"BreadcrumbList","@id":"https:\/\/www.itacoilweb.com\/fr\/mentions-legales\/#breadcrumb","itemListElement":[{"@type":"ListItem","position":1,"name":"Home","item":"https:\/\/www.itacoilweb.com\/fr\/"},{"@type":"ListItem","position":2,"name":"Mentions l\u00e9gales"}]},{"@type":"WebSite","@id":"https:\/\/www.itacoilweb.com\/fr\/#website","url":"https:\/\/www.itacoilweb.com\/fr\/","name":"ITACOIL transformers","description":"PCB transformers and Inductors","publisher":{"@id":"https:\/\/www.itacoilweb.com\/fr\/#organization"},"potentialAction":[{"@type":"SearchAction","target":{"@type":"EntryPoint","urlTemplate":"https:\/\/www.itacoilweb.com\/fr\/?s={search_term_string}"},"query-input":{"@type":"PropertyValueSpecification","valueRequired":true,"valueName":"search_term_string"}}],"inLanguage":"fr-FR"},{"@type":"Organization","@id":"https:\/\/www.itacoilweb.com\/fr\/#organization","name":"ITACOIL Transformers","url":"https:\/\/www.itacoilweb.com\/fr\/","logo":{"@type":"ImageObject","inLanguage":"fr-FR","@id":"https:\/\/www.itacoilweb.com\/fr\/#\/schema\/logo\/image\/","url":"https:\/\/www.itacoilweb.com\/remo\/wp-content\/uploads\/image\/png\/ITACOIL-logo2018-RTG-48.png","contentUrl":"https:\/\/www.itacoilweb.com\/remo\/wp-content\/uploads\/image\/png\/ITACOIL-logo2018-RTG-48.png","width":151,"height":48,"caption":"ITACOIL Transformers"},"image":{"@id":"https:\/\/www.itacoilweb.com\/fr\/#\/schema\/logo\/image\/"},"sameAs":["https:\/\/www.linkedin.com\/company\/itacoil\/","https:\/\/www.youtube.com\/user\/ITACOILtrasformatori"]}]}},"_links":{"self":[{"href":"https:\/\/www.itacoilweb.com\/fr\/wp-json\/wp\/v2\/pages\/18518","targetHints":{"allow":["GET"]}}],"collection":[{"href":"https:\/\/www.itacoilweb.com\/fr\/wp-json\/wp\/v2\/pages"}],"about":[{"href":"https:\/\/www.itacoilweb.com\/fr\/wp-json\/wp\/v2\/types\/page"}],"author":[{"embeddable":true,"href":"https:\/\/www.itacoilweb.com\/fr\/wp-json\/wp\/v2\/users\/10"}],"replies":[{"embeddable":true,"href":"https:\/\/www.itacoilweb.com\/fr\/wp-json\/wp\/v2\/comments?post=18518"}],"version-history":[{"count":6,"href":"https:\/\/www.itacoilweb.com\/fr\/wp-json\/wp\/v2\/pages\/18518\/revisions"}],"predecessor-version":[{"id":19163,"href":"https:\/\/www.itacoilweb.com\/fr\/wp-json\/wp\/v2\/pages\/18518\/revisions\/19163"}],"wp:featuredmedia":[{"embeddable":true,"href":"https:\/\/www.itacoilweb.com\/fr\/wp-json\/wp\/v2\/media\/17142"}],"wp:attachment":[{"href":"https:\/\/www.itacoilweb.com\/fr\/wp-json\/wp\/v2\/media?parent=18518"}],"curies":[{"name":"wp","href":"https:\/\/api.w.org\/{rel}","templated":true}]}}