{"id":18512,"date":"2022-10-27T15:42:29","date_gmt":"2022-10-27T13:42:29","guid":{"rendered":"https:\/\/www.itacoilweb.com\/recherche-et-developpement\/"},"modified":"2024-07-31T15:38:00","modified_gmt":"2024-07-31T13:38:00","slug":"recherche-et-developpement","status":"publish","type":"page","link":"https:\/\/www.itacoilweb.com\/fr\/recherche-et-developpement\/","title":{"rendered":"Recherche et D\u00e9veloppement"},"content":{"rendered":"<div class=\"wpb-content-wrapper\"><p>[vc_row][vc_column][dfd_heading style=&#8221;style_11&#8243; subtitle=&#8221;Toujours \u00e0 la recherche d&#8217;une performance maximale.&#8221; delimiter_settings=&#8221;delimiter_style:solid|delimiter_width:80|delimiter_height:1&#8243; title_font_options=&#8221;tag:h2&#8243; subtitle_font_options=&#8221;tag:div&#8221;]<strong>Recherche et d\u00e9veloppement continus<\/strong>[\/dfd_heading][dfd_spacer screen_wide_spacer_size=&#8221;30&#8243; screen_normal_resolution=&#8221;1024&#8243; screen_tablet_resolution=&#8221;800&#8243; screen_mobile_resolution=&#8221;480&#8243;][\/vc_column][\/vc_row][vc_row][vc_column][vc_column_text]La conception de produits compacts et rentables avec la meilleure performance possible, maintient notre personnel technique constamment impliqu\u00e9 dans les activit\u00e9s de Recherche et de D\u00e9veloppement.[\/vc_column_text][dfd_spacer screen_wide_spacer_size=&#8221;60&#8243; screen_normal_resolution=&#8221;1024&#8243; screen_tablet_resolution=&#8221;800&#8243; screen_mobile_resolution=&#8221;480&#8243;][\/vc_column][\/vc_row][vc_row][vc_column][vc_column_text]<\/p>\r\n<!-- \/wp:post-content -->\r\n<p><!-- wp:shortcode --><br \/>[\/vc_column_text][\/vc_column][\/vc_row][vc_row][vc_column][vc_column_text]<strong>Le calcul des pertes de puissance dans les composants magn\u00e9tiques<\/strong><\/p>\r\n<p>Le calcul des pertes de puissance dans les composants magn\u00e9tiques pour haute fr\u00e9quence est plus complexe que ce que l&#8217;on pense g\u00e9n\u00e9ralement et n\u00e9cessite la connaissance d&#8217;une vaste bibliographie.<\/p>\r\n<p>Cela n&#8217;est cependant pas suffisant ; l&#8217;exp\u00e9rience montre qu&#8217;il y a des cas o\u00f9 des pertes suppl\u00e9mentaires surviennent qui ne sont pas trait\u00e9s dans la bibliographie actuelle.<\/p>\r\n<p>Itacoil a investi des dizaines de milliers d&#8217;heures de travail dans des activit\u00e9s de Recherche et de D\u00e9veloppement et dans la mise en \u0153uvre d&#8217;outils efficaces.[\/vc_column_text][dfd_spacer screen_wide_spacer_size=&#8221;60&#8243; screen_normal_resolution=&#8221;1024&#8243; screen_tablet_resolution=&#8221;800&#8243; screen_mobile_resolution=&#8221;480&#8243;][\/vc_column][\/vc_row][vc_row][vc_column][vc_column_text]<br \/><!-- \/wp:shortcode --><\/p>\r\n<p><!-- wp:shortcode --><br \/>[\/vc_column_text][\/vc_column][\/vc_row][vc_row][vc_column width=&#8221;2\/3&#8243;][vc_column_text]<strong>Les outils disponibles<\/strong><\/p>\r\n<p>De nombreux outils bon march\u00e9 ou gratuits disponibles sur le Internet fournissent une estimation rapide des pertes, mais les erreurs qu&#8217;ils introduisent sont trompeuses \u00e0 des fins d&#8217;optimisation.<\/p>\r\n<p>Il existe \u00e9galement de nombreux outils commerciaux avec diff\u00e9rents niveaux de pr\u00e9cision, jusqu&#8217;\u00e0 l&#8217;Analyse par \u00c9l\u00e9ments Finis (FEA).<\/p>\r\n<p>N\u00e9anmoins, ces outils n\u00e9cessitent un important flux de ressources pour chaque nouveau produit, ce qui ne peut \u00eatre justifi\u00e9 que par la production de quantit\u00e9s extr\u00eamement importantes.<\/p>\r\n<p><strong>Logiciels propri\u00e9taires de CAE<\/strong><\/p>\r\n<p>Afin de permettre une optimisation profonde et pr\u00e9cise de nos produits \u00e0 un co\u00fbt raisonnable, nous sommes constamment engag\u00e9s dans le d\u00e9veloppement de logiciels propri\u00e9taires pour les applications de puissance des topologies les plus populaires, sur la base des r\u00e9sultats de nos activit\u00e9s de Recherche et de D\u00e9veloppement.<\/p>\r\n<p>Les investissements consid\u00e9rables en RD nous ont amen\u00e9s \u00e0 d\u00e9finir \u00e0 travers les ann\u00e9es des algorithmes pour une conception et une automatisation optimales d&#8217;une bonne partie des op\u00e9rations.<\/p>\r\n<p>Nous avons \u00e9galement d\u00e9velopp\u00e9 en interne un moteur de simulation Spice d\u00e9di\u00e9 qui est beaucoup plus rapide que les simulateurs commerciaux.<br \/>Il est parfaitement int\u00e9gr\u00e9 dans l&#8217;environnement, qui conna\u00eet toutes les contraintes et toutes les caract\u00e9ristiques param\u00e9triques\/dimensionnelles de chaque composant, y compris les caract\u00e9ristiques pertinentes des mat\u00e9riaux en ferrite et des fils d&#8217;enroulement que nous utilisons.[\/vc_column_text][dfd_spacer screen_wide_spacer_size=&#8221;60&#8243; screen_normal_resolution=&#8221;1024&#8243; screen_tablet_resolution=&#8221;800&#8243; screen_mobile_resolution=&#8221;480&#8243;][\/vc_column][vc_column width=&#8221;1\/3&#8243;][dfd_spacer screen_wide_spacer_size=&#8221;50&#8243; screen_normal_resolution=&#8221;1024&#8243; screen_tablet_resolution=&#8221;800&#8243; screen_mobile_resolution=&#8221;480&#8243;][dfd_single_image image=&#8221;18412&#8243;][dfd_spacer screen_wide_spacer_size=&#8221;60&#8243; screen_normal_resolution=&#8221;1024&#8243; screen_tablet_resolution=&#8221;800&#8243; screen_mobile_resolution=&#8221;480&#8243;][\/vc_column][\/vc_row][vc_row][vc_column][vc_column_text]<br \/><!-- \/wp:shortcode --><\/p>\r\n<p><!-- wp:shortcode --><br \/>[\/vc_column_text][\/vc_column][\/vc_row][vc_row][vc_column width=&#8221;2\/3&#8243;][vc_column_text]<\/p>\r\n<p><strong>Les topologies r\u00e9sonnantes<\/strong><\/p>\r\n<p>En ce qui concerne les topologies r\u00e9sonnantes LLC et LCC, de plus en plus utilis\u00e9es pour leurs avantages universellement reconnus, les fonctions de nos outils ne se limitent pas \u00e0 la conception du transformateur en lui-m\u00eame, mais s&#8217;\u00e9tendent \u00e0 la conception du r\u00e9servoir optimal, en tenant compte :<\/p>\r\n<ul>\r\n<li>toutes les exigences du client<\/li>\r\n<li>les contraintes et les interrelations entre les \u00e9l\u00e9ments qui composent le r\u00e9servoir<\/li>\r\n<li>la r\u00e9tention de ZVS \u00e0 chaque condition de fonctionnement et la tol\u00e9rance des composants impliqu\u00e9s.<\/li>\r\n<\/ul>\r\n<p>Cela assure la r\u00e9alisation de convertisseurs de haut niveau en \u00e9vitant les r\u00e9p\u00e9titions classiques d&#8217;\u00e9chantillonnages et de tests qui, soit dit en passant, n&#8217;atteignent pas le m\u00eame degr\u00e9 d&#8217;optimisation.<\/p>\r\n<p><strong>Nous travaillons aux c\u00f4t\u00e9s du concepteur \u00e9lectronique<\/strong><\/p>\r\n<p>\u00c0 ce jour, notre taux d&#8217;approbation du premier \u00e9chantillonnage d\u00e9fini par la conception est d&#8217;environ 99\u00a0%.<\/p>\r\n<p>En outre, le concepteur \u00e9lectronique est soulag\u00e9 des activit\u00e9s on\u00e9reuses et le temps de mise sur le march\u00e9 est consid\u00e9rablement r\u00e9duit.<\/p>\r\n<p><strong>Quelques comparaisons<\/strong><\/p>\r\n<p>Ces d\u00e9clarations peuvent trouver une correspondance dans les rapports de test \u00e9num\u00e9r\u00e9s sur les pages des <a href=\"https:\/\/www.itacoilweb.com\/fr\/portfolio\/demo-boards-ameliorees\/\" rel=\"noopener\">demo boards am\u00e9lior\u00e9es<\/a> et les <a href=\"https:\/\/www.itacoilweb.com\/fr\/portfolio\/demo-boards-dorigine\/\" rel=\"noopener\">demo boards \u00e9quip\u00e9es de nos composants<\/a>.<\/p>\r\n<p>[\/vc_column_text][dfd_spacer screen_wide_spacer_size=&#8221;100&#8243; screen_normal_resolution=&#8221;1024&#8243; screen_tablet_resolution=&#8221;800&#8243; screen_mobile_resolution=&#8221;480&#8243;][\/vc_column][vc_column width=&#8221;1\/3&#8243;][dfd_spacer screen_wide_spacer_size=&#8221;50&#8243; screen_normal_resolution=&#8221;1024&#8243; screen_tablet_resolution=&#8221;800&#8243; screen_mobile_resolution=&#8221;480&#8243;][dfd_single_image image=&#8221;18413&#8243;][\/vc_column][\/vc_row][vc_row][vc_column][vc_column_text]<br \/><!-- \/wp:shortcode --><\/p>\r\n<p><!-- wp:shortcode --><br \/>[\/vc_column_text][\/vc_column][\/vc_row][vc_row][vc_column width=&#8221;1\/4&#8243;][\/vc_column][vc_column width=&#8221;1\/2&#8243;][dfd_delimiter delimiter_style=&#8221;dfd-delimiter-with-text&#8221; text_delimiter=&#8221;Voir aussi&#8221; title_font_options=&#8221;font_size:20|font_style_bold:1&#8243;][dfd_spacer screen_wide_spacer_size=&#8221;30&#8243; screen_normal_resolution=&#8221;1024&#8243; screen_tablet_resolution=&#8221;800&#8243; screen_mobile_resolution=&#8221;480&#8243;][vc_column_text css=&#8221;&#8221;]<\/p>\r\n<p style=\"text-align: center;\"><a href=\"https:\/\/www.itacoilweb.com\/fr\/que-sont-les-alimentations-a-resonnance-llc-lcc\/\" rel=\"noopener\">Que sont les alimentations \u00e0 r\u00e9sonnance LLC-LCC ?<\/a><\/p>\r\n<p style=\"text-align: center;\"><a href=\"https:\/\/www.itacoilweb.com\/fr\/topologies-resonantes-llc-et-lcc\/\" rel=\"noopener\">Topologies r\u00e9sonnantes LLC et LCC<\/a><\/p>\r\n<p style=\"text-align: center;\"><a href=\"https:\/\/www.itacoilweb.com\/fr\/portfolio\/module-de-redressement-synchrone\/\">Redressement Synchrone<\/a><\/p>\r\n<p style=\"text-align: center;\"><a href=\"https:\/\/www.itacoilweb.com\/fr\/services\/\" rel=\"noopener\">Services<\/a><\/p>\r\n<p style=\"text-align: center;\"><a href=\"https:\/\/www.itacoilweb.com\/fr\/a-propos-de-nous\/innovation\/\" rel=\"noopener\">Innovation<\/a><\/p>\r\n<p>[\/vc_column_text][\/vc_column][vc_column width=&#8221;1\/4&#8243;][\/vc_column][\/vc_row][vc_row][vc_column][vc_column_text]<br \/><!-- \/wp:shortcode --><\/p>\r\n<p><!-- wp:paragraph -->[\/vc_column_text][\/vc_column][\/vc_row][vc_row][vc_column][dfd_spacer screen_wide_spacer_size=&#8221;50&#8243; screen_normal_resolution=&#8221;1024&#8243; screen_tablet_resolution=&#8221;800&#8243; screen_mobile_resolution=&#8221;480&#8243;][\/vc_column][\/vc_row][vc_row][vc_column][vc_column_text]<\/p>\r\n<p><!-- \/wp:paragraph -->[\/vc_column_text][\/vc_column][\/vc_row]<\/p><\/div>","protected":false},"excerpt":{"rendered":"<p>[vc_row][vc_column][dfd_heading style=&#8221;style_11&#8243; subtitle=&#8221;Toujours \u00e0 la recherche d&#8217;une performance maximale.&#8221; delimiter_settings=&#8221;delimiter_style:solid|delimiter_width:80|delimiter_height:1&#8243; title_font_options=&#8221;tag:h2&#8243; subtitle_font_options=&#8221;tag:div&#8221;]Recherche et d\u00e9veloppement continus[\/dfd_heading][dfd_spacer screen_wide_spacer_size=&#8221;30&#8243; screen_normal_resolution=&#8221;1024&#8243; screen_tablet_resolution=&#8221;800&#8243; screen_mobile_resolution=&#8221;480&#8243;][\/vc_column][\/vc_row][vc_row][vc_column][vc_column_text]La conception de produits compacts et rentables avec la meilleure performance possible,<\/p>\n","protected":false},"author":10,"featured_media":14599,"parent":0,"menu_order":67,"comment_status":"closed","ping_status":"closed","template":"","meta":{"footnotes":""},"class_list":["post-18512","page","type-page","status-publish","has-post-thumbnail","hentry"],"yoast_head":"<!-- This site is optimized with the Yoast SEO Premium plugin v27.3 (Yoast SEO v27.4) - https:\/\/yoast.com\/product\/yoast-seo-premium-wordpress\/ -->\n<title>Recherche et D\u00e9veloppement - ITACOIL transformers<\/title>\n<meta name=\"description\" content=\"Notre personnel technique est constamment engag\u00e9 dans des activit\u00e9s de recherche et d\u00e9veloppement afin d&#039;atteindre les meilleures performances et les dimensions minimales de nos composants magn\u00e9tiques\" \/>\n<meta name=\"robots\" content=\"index, follow, max-snippet:-1, max-image-preview:large, max-video-preview:-1\" \/>\n<link rel=\"canonical\" href=\"https:\/\/www.itacoilweb.com\/fr\/recherche-et-developpement\/\" \/>\n<meta property=\"og:locale\" content=\"fr_FR\" \/>\n<meta property=\"og:type\" content=\"article\" \/>\n<meta property=\"og:title\" content=\"Recherche et D\u00e9veloppement\" \/>\n<meta property=\"og:description\" content=\"Notre personnel technique est constamment engag\u00e9 dans des activit\u00e9s de recherche et d\u00e9veloppement afin d&#039;atteindre les meilleures performances et les dimensions minimales de nos composants magn\u00e9tiques\" \/>\n<meta property=\"og:url\" content=\"https:\/\/www.itacoilweb.com\/fr\/recherche-et-developpement\/\" \/>\n<meta property=\"og:site_name\" content=\"ITACOIL transformers\" \/>\n<meta property=\"article:modified_time\" content=\"2024-07-31T13:38:00+00:00\" \/>\n<meta property=\"og:image\" content=\"https:\/\/www.itacoilweb.com\/remo\/wp-content\/uploads\/image\/png\/informatizzazione.png\" \/>\n\t<meta property=\"og:image:width\" content=\"390\" \/>\n\t<meta property=\"og:image:height\" content=\"273\" \/>\n\t<meta property=\"og:image:type\" content=\"image\/png\" \/>\n<meta name=\"twitter:label1\" content=\"Est. reading time\" \/>\n\t<meta name=\"twitter:data1\" content=\"4 minutes\" \/>\n<script type=\"application\/ld+json\" class=\"yoast-schema-graph\">{\"@context\":\"https:\\\/\\\/schema.org\",\"@graph\":[{\"@type\":\"WebPage\",\"@id\":\"https:\\\/\\\/www.itacoilweb.com\\\/fr\\\/recherche-et-developpement\\\/\",\"url\":\"https:\\\/\\\/www.itacoilweb.com\\\/fr\\\/recherche-et-developpement\\\/\",\"name\":\"Recherche et D\u00e9veloppement - ITACOIL transformers\",\"isPartOf\":{\"@id\":\"https:\\\/\\\/www.itacoilweb.com\\\/fr\\\/#website\"},\"primaryImageOfPage\":{\"@id\":\"https:\\\/\\\/www.itacoilweb.com\\\/fr\\\/recherche-et-developpement\\\/#primaryimage\"},\"image\":{\"@id\":\"https:\\\/\\\/www.itacoilweb.com\\\/fr\\\/recherche-et-developpement\\\/#primaryimage\"},\"thumbnailUrl\":\"https:\\\/\\\/www.itacoilweb.com\\\/remo\\\/wp-content\\\/uploads\\\/image\\\/png\\\/informatizzazione.png\",\"datePublished\":\"2022-10-27T13:42:29+00:00\",\"dateModified\":\"2024-07-31T13:38:00+00:00\",\"description\":\"Notre personnel technique est constamment engag\u00e9 dans des activit\u00e9s de recherche et d\u00e9veloppement afin d'atteindre les meilleures performances et les dimensions minimales de nos composants magn\u00e9tiques\",\"breadcrumb\":{\"@id\":\"https:\\\/\\\/www.itacoilweb.com\\\/fr\\\/recherche-et-developpement\\\/#breadcrumb\"},\"inLanguage\":\"fr-FR\",\"potentialAction\":[{\"@type\":\"ReadAction\",\"target\":[\"https:\\\/\\\/www.itacoilweb.com\\\/fr\\\/recherche-et-developpement\\\/\"]}]},{\"@type\":\"ImageObject\",\"inLanguage\":\"fr-FR\",\"@id\":\"https:\\\/\\\/www.itacoilweb.com\\\/fr\\\/recherche-et-developpement\\\/#primaryimage\",\"url\":\"https:\\\/\\\/www.itacoilweb.com\\\/remo\\\/wp-content\\\/uploads\\\/image\\\/png\\\/informatizzazione.png\",\"contentUrl\":\"https:\\\/\\\/www.itacoilweb.com\\\/remo\\\/wp-content\\\/uploads\\\/image\\\/png\\\/informatizzazione.png\",\"width\":390,\"height\":273,\"caption\":\"Itacoil R&D\"},{\"@type\":\"BreadcrumbList\",\"@id\":\"https:\\\/\\\/www.itacoilweb.com\\\/fr\\\/recherche-et-developpement\\\/#breadcrumb\",\"itemListElement\":[{\"@type\":\"ListItem\",\"position\":1,\"name\":\"Home\",\"item\":\"https:\\\/\\\/www.itacoilweb.com\\\/fr\\\/\"},{\"@type\":\"ListItem\",\"position\":2,\"name\":\"Recherche et D\u00e9veloppement\"}]},{\"@type\":\"WebSite\",\"@id\":\"https:\\\/\\\/www.itacoilweb.com\\\/fr\\\/#website\",\"url\":\"https:\\\/\\\/www.itacoilweb.com\\\/fr\\\/\",\"name\":\"ITACOIL transformers\",\"description\":\"PCB transformers and Inductors\",\"publisher\":{\"@id\":\"https:\\\/\\\/www.itacoilweb.com\\\/fr\\\/#organization\"},\"potentialAction\":[{\"@type\":\"SearchAction\",\"target\":{\"@type\":\"EntryPoint\",\"urlTemplate\":\"https:\\\/\\\/www.itacoilweb.com\\\/fr\\\/?s={search_term_string}\"},\"query-input\":{\"@type\":\"PropertyValueSpecification\",\"valueRequired\":true,\"valueName\":\"search_term_string\"}}],\"inLanguage\":\"fr-FR\"},{\"@type\":\"Organization\",\"@id\":\"https:\\\/\\\/www.itacoilweb.com\\\/fr\\\/#organization\",\"name\":\"ITACOIL Transformers\",\"url\":\"https:\\\/\\\/www.itacoilweb.com\\\/fr\\\/\",\"logo\":{\"@type\":\"ImageObject\",\"inLanguage\":\"fr-FR\",\"@id\":\"https:\\\/\\\/www.itacoilweb.com\\\/fr\\\/#\\\/schema\\\/logo\\\/image\\\/\",\"url\":\"https:\\\/\\\/www.itacoilweb.com\\\/remo\\\/wp-content\\\/uploads\\\/image\\\/png\\\/ITACOIL-logo2018-RTG-48.png\",\"contentUrl\":\"https:\\\/\\\/www.itacoilweb.com\\\/remo\\\/wp-content\\\/uploads\\\/image\\\/png\\\/ITACOIL-logo2018-RTG-48.png\",\"width\":151,\"height\":48,\"caption\":\"ITACOIL Transformers\"},\"image\":{\"@id\":\"https:\\\/\\\/www.itacoilweb.com\\\/fr\\\/#\\\/schema\\\/logo\\\/image\\\/\"},\"sameAs\":[\"https:\\\/\\\/www.linkedin.com\\\/company\\\/itacoil\\\/\",\"https:\\\/\\\/www.youtube.com\\\/user\\\/ITACOILtrasformatori\"]}]}<\/script>\n<!-- \/ Yoast SEO Premium plugin. -->","yoast_head_json":{"title":"Recherche et D\u00e9veloppement - ITACOIL transformers","description":"Notre personnel technique est constamment engag\u00e9 dans des activit\u00e9s de recherche et d\u00e9veloppement afin d'atteindre les meilleures performances et les dimensions minimales de nos composants magn\u00e9tiques","robots":{"index":"index","follow":"follow","max-snippet":"max-snippet:-1","max-image-preview":"max-image-preview:large","max-video-preview":"max-video-preview:-1"},"canonical":"https:\/\/www.itacoilweb.com\/fr\/recherche-et-developpement\/","og_locale":"fr_FR","og_type":"article","og_title":"Recherche et D\u00e9veloppement","og_description":"Notre personnel technique est constamment engag\u00e9 dans des activit\u00e9s de recherche et d\u00e9veloppement afin d'atteindre les meilleures performances et les dimensions minimales de nos composants magn\u00e9tiques","og_url":"https:\/\/www.itacoilweb.com\/fr\/recherche-et-developpement\/","og_site_name":"ITACOIL transformers","article_modified_time":"2024-07-31T13:38:00+00:00","og_image":[{"width":390,"height":273,"url":"https:\/\/www.itacoilweb.com\/remo\/wp-content\/uploads\/image\/png\/informatizzazione.png","type":"image\/png"}],"twitter_misc":{"Est. reading time":"4 minutes"},"schema":{"@context":"https:\/\/schema.org","@graph":[{"@type":"WebPage","@id":"https:\/\/www.itacoilweb.com\/fr\/recherche-et-developpement\/","url":"https:\/\/www.itacoilweb.com\/fr\/recherche-et-developpement\/","name":"Recherche et D\u00e9veloppement - ITACOIL transformers","isPartOf":{"@id":"https:\/\/www.itacoilweb.com\/fr\/#website"},"primaryImageOfPage":{"@id":"https:\/\/www.itacoilweb.com\/fr\/recherche-et-developpement\/#primaryimage"},"image":{"@id":"https:\/\/www.itacoilweb.com\/fr\/recherche-et-developpement\/#primaryimage"},"thumbnailUrl":"https:\/\/www.itacoilweb.com\/remo\/wp-content\/uploads\/image\/png\/informatizzazione.png","datePublished":"2022-10-27T13:42:29+00:00","dateModified":"2024-07-31T13:38:00+00:00","description":"Notre personnel technique est constamment engag\u00e9 dans des activit\u00e9s de recherche et d\u00e9veloppement afin d'atteindre les meilleures performances et les dimensions minimales de nos composants magn\u00e9tiques","breadcrumb":{"@id":"https:\/\/www.itacoilweb.com\/fr\/recherche-et-developpement\/#breadcrumb"},"inLanguage":"fr-FR","potentialAction":[{"@type":"ReadAction","target":["https:\/\/www.itacoilweb.com\/fr\/recherche-et-developpement\/"]}]},{"@type":"ImageObject","inLanguage":"fr-FR","@id":"https:\/\/www.itacoilweb.com\/fr\/recherche-et-developpement\/#primaryimage","url":"https:\/\/www.itacoilweb.com\/remo\/wp-content\/uploads\/image\/png\/informatizzazione.png","contentUrl":"https:\/\/www.itacoilweb.com\/remo\/wp-content\/uploads\/image\/png\/informatizzazione.png","width":390,"height":273,"caption":"Itacoil R&D"},{"@type":"BreadcrumbList","@id":"https:\/\/www.itacoilweb.com\/fr\/recherche-et-developpement\/#breadcrumb","itemListElement":[{"@type":"ListItem","position":1,"name":"Home","item":"https:\/\/www.itacoilweb.com\/fr\/"},{"@type":"ListItem","position":2,"name":"Recherche et D\u00e9veloppement"}]},{"@type":"WebSite","@id":"https:\/\/www.itacoilweb.com\/fr\/#website","url":"https:\/\/www.itacoilweb.com\/fr\/","name":"ITACOIL transformers","description":"PCB transformers and Inductors","publisher":{"@id":"https:\/\/www.itacoilweb.com\/fr\/#organization"},"potentialAction":[{"@type":"SearchAction","target":{"@type":"EntryPoint","urlTemplate":"https:\/\/www.itacoilweb.com\/fr\/?s={search_term_string}"},"query-input":{"@type":"PropertyValueSpecification","valueRequired":true,"valueName":"search_term_string"}}],"inLanguage":"fr-FR"},{"@type":"Organization","@id":"https:\/\/www.itacoilweb.com\/fr\/#organization","name":"ITACOIL Transformers","url":"https:\/\/www.itacoilweb.com\/fr\/","logo":{"@type":"ImageObject","inLanguage":"fr-FR","@id":"https:\/\/www.itacoilweb.com\/fr\/#\/schema\/logo\/image\/","url":"https:\/\/www.itacoilweb.com\/remo\/wp-content\/uploads\/image\/png\/ITACOIL-logo2018-RTG-48.png","contentUrl":"https:\/\/www.itacoilweb.com\/remo\/wp-content\/uploads\/image\/png\/ITACOIL-logo2018-RTG-48.png","width":151,"height":48,"caption":"ITACOIL Transformers"},"image":{"@id":"https:\/\/www.itacoilweb.com\/fr\/#\/schema\/logo\/image\/"},"sameAs":["https:\/\/www.linkedin.com\/company\/itacoil\/","https:\/\/www.youtube.com\/user\/ITACOILtrasformatori"]}]}},"_links":{"self":[{"href":"https:\/\/www.itacoilweb.com\/fr\/wp-json\/wp\/v2\/pages\/18512","targetHints":{"allow":["GET"]}}],"collection":[{"href":"https:\/\/www.itacoilweb.com\/fr\/wp-json\/wp\/v2\/pages"}],"about":[{"href":"https:\/\/www.itacoilweb.com\/fr\/wp-json\/wp\/v2\/types\/page"}],"author":[{"embeddable":true,"href":"https:\/\/www.itacoilweb.com\/fr\/wp-json\/wp\/v2\/users\/10"}],"replies":[{"embeddable":true,"href":"https:\/\/www.itacoilweb.com\/fr\/wp-json\/wp\/v2\/comments?post=18512"}],"version-history":[{"count":11,"href":"https:\/\/www.itacoilweb.com\/fr\/wp-json\/wp\/v2\/pages\/18512\/revisions"}],"predecessor-version":[{"id":20532,"href":"https:\/\/www.itacoilweb.com\/fr\/wp-json\/wp\/v2\/pages\/18512\/revisions\/20532"}],"wp:featuredmedia":[{"embeddable":true,"href":"https:\/\/www.itacoilweb.com\/fr\/wp-json\/wp\/v2\/media\/14599"}],"wp:attachment":[{"href":"https:\/\/www.itacoilweb.com\/fr\/wp-json\/wp\/v2\/media?parent=18512"}],"curies":[{"name":"wp","href":"https:\/\/api.w.org\/{rel}","templated":true}]}}