{"id":21056,"date":"2025-04-28T14:36:06","date_gmt":"2025-04-28T12:36:06","guid":{"rendered":"https:\/\/www.itacoilweb.com\/verhaltenskodex\/"},"modified":"2025-12-04T11:16:29","modified_gmt":"2025-12-04T10:16:29","slug":"verhaltenskodex","status":"publish","type":"page","link":"https:\/\/www.itacoilweb.com\/de\/verhaltenskodex\/","title":{"rendered":"Verhaltenskodex"},"content":{"rendered":"<div class=\"wpb-content-wrapper\"><p>[vc_row css=&#8221;.vc_custom_1696232001455{padding-right: 10px !important;padding-left: 10px !important;}&#8221;][vc_column][dfd_heading style=&#8221;style_09&#8243; subtitle=&#8221;&#8221; content_alignment=&#8221;text-left&#8221; delimiter_settings=&#8221;delimiter_style:solid|delimiter_width:80|delimiter_height:1&#8243; undefined=&#8221;&#8221; title_font_options=&#8221;tag:h1&#8243; subtitle_font_options=&#8221;tag:div&#8221;]<\/p>\n<h1><span style=\"font-size: 28px;\">Verhaltenskodex<\/span><\/h1>\n<p>[\/dfd_heading][dfd_spacer screen_wide_spacer_size=&#8221;30&#8243; screen_normal_resolution=&#8221;1024&#8243; screen_tablet_resolution=&#8221;800&#8243; screen_mobile_resolution=&#8221;480&#8243;][vc_column_text css=&#8221;&#8221;]<\/p>\n<p style=\"text-align: justify;\">Der Verhaltenskodex der ITACOIL Srl legt die fundamentalen Grunds\u00e4tze fest, die unsere Gesch\u00e4ftst\u00e4tigkeit bestimmen. Er gilt f\u00fcr alle Angestellten, Mitarbeiter und Gesch\u00e4ftspartner und spiegelt das Bewusstsein wider, dass jede einzelne Handlung zum Ruf und zur Solidit\u00e4t des Unternehmens beitr\u00e4gt.<\/p>\n<p style=\"text-align: justify;\">Der Zweck dieses Dokuments ist es, klare Erwartungen an ein korrektes und verantwortungsvolles Verhalten zu definieren und damit die \u00dcbereinstimmung mit den Werten der Organisation sicherzustellen.\u00a0Alle, die f\u00fcr oder mit ITACOIL arbeiten, sind verpflichtet, Integrit\u00e4t und Verantwortungsbewusstsein zu wahren.<\/p>\n<p style=\"text-align: justify;\">Sehen Sie den ITACOIL Verhaltenskodex unter folgendem Link ein und laden Sie ihn herunter:\u00a0\u00a0\u00a0<a href=\"https:\/\/www.itacoilweb.com\/files\/Itacoil_Code_of_Ethics.pdf\" target=\"_blank\" rel=\"noopener noreferrer\" data-lf-fd-inspected-ywvko4x3vdo7z6bj=\"true\"><img loading=\"lazy\" decoding=\"async\" class=\"alignnone\" src=\"https:\/\/www.itacoilweb.it\/remo\/wp-content\/uploads\/image\/png\/pdf4.png\" alt=\"\" width=\"42\" height=\"48\" \/><\/a><\/p>\n<p>[\/vc_column_text][dfd_spacer screen_wide_spacer_size=&#8221;80&#8243; screen_normal_resolution=&#8221;1024&#8243; screen_tablet_resolution=&#8221;800&#8243; screen_mobile_resolution=&#8221;480&#8243;][vc_row_inner][vc_column_inner width=&#8221;1\/4&#8243;][\/vc_column_inner][vc_column_inner width=&#8221;1\/2&#8243;][dfd_delimiter delimiter_style=&#8221;dfd-delimiter-with-text&#8221; text_delimiter=&#8221;Siehe auch&#8221; title_font_options=&#8221;font_size:20|font_style_bold:1&#8243;][dfd_spacer screen_wide_spacer_size=&#8221;30&#8243; screen_normal_resolution=&#8221;1024&#8243; screen_tablet_resolution=&#8221;800&#8243; screen_mobile_resolution=&#8221;480&#8243;][vc_column_text css=&#8221;&#8221;]<\/p>\n<p style=\"text-align: center;\"><a href=\"https:\/\/www.itacoilweb.com\/de\/erneuerbare-energie\/\">Umweltvertr\u00e4glichkeit<\/a><\/p>\n<p style=\"text-align: center;\"><a href=\"https:\/\/www.itacoilweb.com\/de\/einhaltung-gesetzlicher-bestimmungen\/\">Einhaltung gesetzlicher Bestimmungen<\/a><\/p>\n<p style=\"text-align: center;\"><a href=\"https:\/\/www.itacoilweb.com\/de\/whistleblowing\/\">Whistleblowing<\/a><\/p>\n<p style=\"text-align: center;\"><a href=\"https:\/\/www.itacoilweb.com\/de\/qualitaet\/\" rel=\"noopener\">Qualit\u00e4t<\/a><\/p>\n<p style=\"text-align: center;\"><a href=\"https:\/\/www.itacoilweb.com\/de\/rechtlicher-hinweis\/\">Rechtlicher Hinweis<\/a><\/p>\n<p>[\/vc_column_text][\/vc_column_inner][vc_column_inner width=&#8221;1\/4&#8243;][\/vc_column_inner][\/vc_row_inner][dfd_spacer screen_wide_spacer_size=&#8221;50&#8243; screen_normal_resolution=&#8221;1024&#8243; screen_tablet_resolution=&#8221;800&#8243; screen_mobile_resolution=&#8221;480&#8243;][\/vc_column][\/vc_row]<\/p>\n<\/div>","protected":false},"excerpt":{"rendered":"<p>[vc_row css=&#8221;.vc_custom_1696232001455{padding-right: 10px !important;padding-left: 10px !important;}&#8221;][vc_column][dfd_heading style=&#8221;style_09&#8243; subtitle=&#8221;&#8221; content_alignment=&#8221;text-left&#8221; delimiter_settings=&#8221;delimiter_style:solid|delimiter_width:80|delimiter_height:1&#8243; undefined=&#8221;&#8221; title_font_options=&#8221;tag:h1&#8243; subtitle_font_options=&#8221;tag:div&#8221;] Verhaltenskodex [\/dfd_heading][dfd_spacer screen_wide_spacer_size=&#8221;30&#8243; screen_normal_resolution=&#8221;1024&#8243; screen_tablet_resolution=&#8221;800&#8243; screen_mobile_resolution=&#8221;480&#8243;][vc_column_text css=&#8221;&#8221;] Der Verhaltenskodex der ITACOIL Srl legt die fundamentalen Grunds\u00e4tze fest,<\/p>\n","protected":false},"author":10,"featured_media":0,"parent":0,"menu_order":46,"comment_status":"closed","ping_status":"closed","template":"","meta":{"footnotes":""},"class_list":["post-21056","page","type-page","status-publish","hentry"],"yoast_head":"<!-- This site is optimized with the Yoast SEO Premium plugin v27.3 (Yoast SEO v27.4) - https:\/\/yoast.com\/product\/yoast-seo-premium-wordpress\/ -->\n<title>Verhaltenskodex - ITACOIL transformers<\/title>\n<meta name=\"robots\" content=\"noindex, follow\" \/>\n<meta property=\"og:locale\" content=\"de_DE\" \/>\n<meta property=\"og:type\" content=\"article\" \/>\n<meta property=\"og:title\" content=\"Verhaltenskodex\" \/>\n<meta property=\"og:description\" content=\"[vc_row css=&#8221;.vc_custom_1696232001455{padding-right: 10px !important;padding-left: 10px !important;}&#8221;][vc_column][dfd_heading style=&#8221;style_09&#8243; subtitle=&#8221;&#8221; content_alignment=&#8221;text-left&#8221; delimiter_settings=&#8221;delimiter_style:solid|delimiter_width:80|delimiter_height:1&#8243; undefined=&#8221;&#8221; title_font_options=&#8221;tag:h1&#8243; subtitle_font_options=&#8221;tag:div&#8221;] Verhaltenskodex [\/dfd_heading][dfd_spacer screen_wide_spacer_size=&#8221;30&#8243; screen_normal_resolution=&#8221;1024&#8243; screen_tablet_resolution=&#8221;800&#8243; screen_mobile_resolution=&#8221;480&#8243;][vc_column_text css=&#8221;&#8221;] Der Verhaltenskodex der ITACOIL Srl legt die fundamentalen Grunds\u00e4tze fest,\" \/>\n<meta property=\"og:url\" content=\"https:\/\/www.itacoilweb.com\/de\/verhaltenskodex\/\" \/>\n<meta property=\"og:site_name\" content=\"ITACOIL transformers\" \/>\n<meta property=\"article:modified_time\" content=\"2025-12-04T10:16:29+00:00\" \/>\n<meta property=\"og:image\" content=\"https:\/\/www.itacoilweb.it\/remo\/wp-content\/uploads\/image\/png\/pdf4.png\" \/>\n<meta name=\"twitter:label1\" content=\"Est. reading time\" \/>\n\t<meta name=\"twitter:data1\" content=\"1 minute\" \/>\n<script type=\"application\/ld+json\" class=\"yoast-schema-graph\">{\"@context\":\"https:\\\/\\\/schema.org\",\"@graph\":[{\"@type\":\"WebPage\",\"@id\":\"https:\\\/\\\/www.itacoilweb.com\\\/de\\\/verhaltenskodex\\\/\",\"url\":\"https:\\\/\\\/www.itacoilweb.com\\\/de\\\/verhaltenskodex\\\/\",\"name\":\"Verhaltenskodex - ITACOIL transformers\",\"isPartOf\":{\"@id\":\"https:\\\/\\\/www.itacoilweb.com\\\/de\\\/#website\"},\"primaryImageOfPage\":{\"@id\":\"https:\\\/\\\/www.itacoilweb.com\\\/de\\\/verhaltenskodex\\\/#primaryimage\"},\"image\":{\"@id\":\"https:\\\/\\\/www.itacoilweb.com\\\/de\\\/verhaltenskodex\\\/#primaryimage\"},\"thumbnailUrl\":\"https:\\\/\\\/www.itacoilweb.it\\\/remo\\\/wp-content\\\/uploads\\\/image\\\/png\\\/pdf4.png\",\"datePublished\":\"2025-04-28T12:36:06+00:00\",\"dateModified\":\"2025-12-04T10:16:29+00:00\",\"breadcrumb\":{\"@id\":\"https:\\\/\\\/www.itacoilweb.com\\\/de\\\/verhaltenskodex\\\/#breadcrumb\"},\"inLanguage\":\"de-DE\",\"potentialAction\":[{\"@type\":\"ReadAction\",\"target\":[\"https:\\\/\\\/www.itacoilweb.com\\\/de\\\/verhaltenskodex\\\/\"]}]},{\"@type\":\"ImageObject\",\"inLanguage\":\"de-DE\",\"@id\":\"https:\\\/\\\/www.itacoilweb.com\\\/de\\\/verhaltenskodex\\\/#primaryimage\",\"url\":\"https:\\\/\\\/www.itacoilweb.it\\\/remo\\\/wp-content\\\/uploads\\\/image\\\/png\\\/pdf4.png\",\"contentUrl\":\"https:\\\/\\\/www.itacoilweb.it\\\/remo\\\/wp-content\\\/uploads\\\/image\\\/png\\\/pdf4.png\"},{\"@type\":\"BreadcrumbList\",\"@id\":\"https:\\\/\\\/www.itacoilweb.com\\\/de\\\/verhaltenskodex\\\/#breadcrumb\",\"itemListElement\":[{\"@type\":\"ListItem\",\"position\":1,\"name\":\"Home\",\"item\":\"https:\\\/\\\/www.itacoilweb.com\\\/de\\\/\"},{\"@type\":\"ListItem\",\"position\":2,\"name\":\"Verhaltenskodex\"}]},{\"@type\":\"WebSite\",\"@id\":\"https:\\\/\\\/www.itacoilweb.com\\\/de\\\/#website\",\"url\":\"https:\\\/\\\/www.itacoilweb.com\\\/de\\\/\",\"name\":\"ITACOIL transformers\",\"description\":\"PCB transformers and Inductors\",\"publisher\":{\"@id\":\"https:\\\/\\\/www.itacoilweb.com\\\/de\\\/#organization\"},\"potentialAction\":[{\"@type\":\"SearchAction\",\"target\":{\"@type\":\"EntryPoint\",\"urlTemplate\":\"https:\\\/\\\/www.itacoilweb.com\\\/de\\\/?s={search_term_string}\"},\"query-input\":{\"@type\":\"PropertyValueSpecification\",\"valueRequired\":true,\"valueName\":\"search_term_string\"}}],\"inLanguage\":\"de-DE\"},{\"@type\":\"Organization\",\"@id\":\"https:\\\/\\\/www.itacoilweb.com\\\/de\\\/#organization\",\"name\":\"ITACOIL Transformers\",\"url\":\"https:\\\/\\\/www.itacoilweb.com\\\/de\\\/\",\"logo\":{\"@type\":\"ImageObject\",\"inLanguage\":\"de-DE\",\"@id\":\"https:\\\/\\\/www.itacoilweb.com\\\/de\\\/#\\\/schema\\\/logo\\\/image\\\/\",\"url\":\"https:\\\/\\\/www.itacoilweb.com\\\/remo\\\/wp-content\\\/uploads\\\/image\\\/png\\\/ITACOIL-logo2018-RTG-48.png\",\"contentUrl\":\"https:\\\/\\\/www.itacoilweb.com\\\/remo\\\/wp-content\\\/uploads\\\/image\\\/png\\\/ITACOIL-logo2018-RTG-48.png\",\"width\":151,\"height\":48,\"caption\":\"ITACOIL Transformers\"},\"image\":{\"@id\":\"https:\\\/\\\/www.itacoilweb.com\\\/de\\\/#\\\/schema\\\/logo\\\/image\\\/\"},\"sameAs\":[\"https:\\\/\\\/www.linkedin.com\\\/company\\\/itacoil\\\/\",\"https:\\\/\\\/www.youtube.com\\\/user\\\/ITACOILtrasformatori\"]}]}<\/script>\n<!-- \/ Yoast SEO Premium plugin. -->","yoast_head_json":{"title":"Verhaltenskodex - ITACOIL transformers","robots":{"index":"noindex","follow":"follow"},"og_locale":"de_DE","og_type":"article","og_title":"Verhaltenskodex","og_description":"[vc_row css=&#8221;.vc_custom_1696232001455{padding-right: 10px !important;padding-left: 10px !important;}&#8221;][vc_column][dfd_heading style=&#8221;style_09&#8243; subtitle=&#8221;&#8221; content_alignment=&#8221;text-left&#8221; delimiter_settings=&#8221;delimiter_style:solid|delimiter_width:80|delimiter_height:1&#8243; undefined=&#8221;&#8221; title_font_options=&#8221;tag:h1&#8243; subtitle_font_options=&#8221;tag:div&#8221;] Verhaltenskodex [\/dfd_heading][dfd_spacer screen_wide_spacer_size=&#8221;30&#8243; screen_normal_resolution=&#8221;1024&#8243; screen_tablet_resolution=&#8221;800&#8243; screen_mobile_resolution=&#8221;480&#8243;][vc_column_text css=&#8221;&#8221;] Der Verhaltenskodex der ITACOIL Srl legt die fundamentalen Grunds\u00e4tze fest,","og_url":"https:\/\/www.itacoilweb.com\/de\/verhaltenskodex\/","og_site_name":"ITACOIL transformers","article_modified_time":"2025-12-04T10:16:29+00:00","og_image":[{"url":"https:\/\/www.itacoilweb.it\/remo\/wp-content\/uploads\/image\/png\/pdf4.png","type":"","width":"","height":""}],"twitter_misc":{"Est. reading time":"1 minute"},"schema":{"@context":"https:\/\/schema.org","@graph":[{"@type":"WebPage","@id":"https:\/\/www.itacoilweb.com\/de\/verhaltenskodex\/","url":"https:\/\/www.itacoilweb.com\/de\/verhaltenskodex\/","name":"Verhaltenskodex - ITACOIL transformers","isPartOf":{"@id":"https:\/\/www.itacoilweb.com\/de\/#website"},"primaryImageOfPage":{"@id":"https:\/\/www.itacoilweb.com\/de\/verhaltenskodex\/#primaryimage"},"image":{"@id":"https:\/\/www.itacoilweb.com\/de\/verhaltenskodex\/#primaryimage"},"thumbnailUrl":"https:\/\/www.itacoilweb.it\/remo\/wp-content\/uploads\/image\/png\/pdf4.png","datePublished":"2025-04-28T12:36:06+00:00","dateModified":"2025-12-04T10:16:29+00:00","breadcrumb":{"@id":"https:\/\/www.itacoilweb.com\/de\/verhaltenskodex\/#breadcrumb"},"inLanguage":"de-DE","potentialAction":[{"@type":"ReadAction","target":["https:\/\/www.itacoilweb.com\/de\/verhaltenskodex\/"]}]},{"@type":"ImageObject","inLanguage":"de-DE","@id":"https:\/\/www.itacoilweb.com\/de\/verhaltenskodex\/#primaryimage","url":"https:\/\/www.itacoilweb.it\/remo\/wp-content\/uploads\/image\/png\/pdf4.png","contentUrl":"https:\/\/www.itacoilweb.it\/remo\/wp-content\/uploads\/image\/png\/pdf4.png"},{"@type":"BreadcrumbList","@id":"https:\/\/www.itacoilweb.com\/de\/verhaltenskodex\/#breadcrumb","itemListElement":[{"@type":"ListItem","position":1,"name":"Home","item":"https:\/\/www.itacoilweb.com\/de\/"},{"@type":"ListItem","position":2,"name":"Verhaltenskodex"}]},{"@type":"WebSite","@id":"https:\/\/www.itacoilweb.com\/de\/#website","url":"https:\/\/www.itacoilweb.com\/de\/","name":"ITACOIL transformers","description":"PCB transformers and Inductors","publisher":{"@id":"https:\/\/www.itacoilweb.com\/de\/#organization"},"potentialAction":[{"@type":"SearchAction","target":{"@type":"EntryPoint","urlTemplate":"https:\/\/www.itacoilweb.com\/de\/?s={search_term_string}"},"query-input":{"@type":"PropertyValueSpecification","valueRequired":true,"valueName":"search_term_string"}}],"inLanguage":"de-DE"},{"@type":"Organization","@id":"https:\/\/www.itacoilweb.com\/de\/#organization","name":"ITACOIL Transformers","url":"https:\/\/www.itacoilweb.com\/de\/","logo":{"@type":"ImageObject","inLanguage":"de-DE","@id":"https:\/\/www.itacoilweb.com\/de\/#\/schema\/logo\/image\/","url":"https:\/\/www.itacoilweb.com\/remo\/wp-content\/uploads\/image\/png\/ITACOIL-logo2018-RTG-48.png","contentUrl":"https:\/\/www.itacoilweb.com\/remo\/wp-content\/uploads\/image\/png\/ITACOIL-logo2018-RTG-48.png","width":151,"height":48,"caption":"ITACOIL Transformers"},"image":{"@id":"https:\/\/www.itacoilweb.com\/de\/#\/schema\/logo\/image\/"},"sameAs":["https:\/\/www.linkedin.com\/company\/itacoil\/","https:\/\/www.youtube.com\/user\/ITACOILtrasformatori"]}]}},"_links":{"self":[{"href":"https:\/\/www.itacoilweb.com\/de\/wp-json\/wp\/v2\/pages\/21056","targetHints":{"allow":["GET"]}}],"collection":[{"href":"https:\/\/www.itacoilweb.com\/de\/wp-json\/wp\/v2\/pages"}],"about":[{"href":"https:\/\/www.itacoilweb.com\/de\/wp-json\/wp\/v2\/types\/page"}],"author":[{"embeddable":true,"href":"https:\/\/www.itacoilweb.com\/de\/wp-json\/wp\/v2\/users\/10"}],"replies":[{"embeddable":true,"href":"https:\/\/www.itacoilweb.com\/de\/wp-json\/wp\/v2\/comments?post=21056"}],"version-history":[{"count":5,"href":"https:\/\/www.itacoilweb.com\/de\/wp-json\/wp\/v2\/pages\/21056\/revisions"}],"predecessor-version":[{"id":22019,"href":"https:\/\/www.itacoilweb.com\/de\/wp-json\/wp\/v2\/pages\/21056\/revisions\/22019"}],"wp:attachment":[{"href":"https:\/\/www.itacoilweb.com\/de\/wp-json\/wp\/v2\/media?parent=21056"}],"curies":[{"name":"wp","href":"https:\/\/api.w.org\/{rel}","templated":true}]}}