{"id":14946,"date":"2020-02-25T09:51:34","date_gmt":"2020-02-25T08:51:34","guid":{"rendered":"https:\/\/www.itacoilweb.com\/cookies-richtlinie\/"},"modified":"2023-10-05T15:14:10","modified_gmt":"2023-10-05T13:14:10","slug":"cookies-richtlinie","status":"publish","type":"page","link":"https:\/\/www.itacoilweb.com\/de\/rechtlicher-hinweis\/cookies-richtlinie\/","title":{"rendered":"Cookie-Richtlinie"},"content":{"rendered":"<div class=\"wpb-content-wrapper\"><p>[vc_row][vc_column][vc_column_text]<div class=\"yoast-breadcrumbs\"><span><span><a href=\"https:\/\/www.itacoilweb.com\/de\/\">Home<\/a><\/span> \u00bb <span><a href=\"https:\/\/www.itacoilweb.com\/de\/legal-notice\/\">Rechtlicher Hinweis<\/a><\/span> \u00bb <span class=\"breadcrumb_last\" aria-current=\"page\"><strong>Cookie-Richtlinie<\/strong><\/span><\/span><\/div>[\/vc_column_text][dfd_spacer screen_wide_spacer_size=&#8221;30&#8243; screen_normal_resolution=&#8221;1024&#8243; screen_tablet_resolution=&#8221;800&#8243; screen_mobile_resolution=&#8221;480&#8243;][\/vc_column][\/vc_row][vc_row][vc_column][dfd_heading style=&#8221;style_05&#8243; subtitle=&#8221;Verordnung (EU) 2016\/679 \u00fcber den Schutz nat\u00fcrlicher Personen bei der Verarbeitung personenbezogener Daten und \u00fcber den freien Datenverkehr&#8221; content_alignment=&#8221;text-left&#8221; module_animation=&#8221;transition.perspectiveUpIn&#8221; delimiter_settings=&#8221;delimiter_style:solid|delimiter_width:80|delimiter_height:1&#8243; undefined=&#8221;&#8221; title_font_options=&#8221;tag:h2&#8243; subtitle_font_options=&#8221;tag:div&#8221;]<\/p>\r\n<h4>Informationen zur Verarbeitung personenbezogener Daten f\u00fcr die Benutzer &#8211; Cookies<\/h4>\r\n<p>[\/dfd_heading][dfd_spacer screen_wide_spacer_size=&#8221;30&#8243; screen_normal_resolution=&#8221;1024&#8243; screen_tablet_resolution=&#8221;800&#8243; screen_mobile_resolution=&#8221;480&#8243;][vc_column_text item_animation=&#8221;transition.slideLeftBigIn&#8221;]<\/p>\r\n<p><strong>Verarbeitung personenbezogener Daten<\/strong><\/p>\r\n<p>Gem\u00e4\u00df der Verordnung (EU) 2016\/679 zum Schutz nat\u00fcrlicher Personen bei der Verarbeitung personenbezogener Daten und zum freien Datenverkehr informiert ITACOIL srl den Benutzer, dass ITACOIL srl als Verantwortlicher Ihre pers\u00f6nlichen Daten, die w\u00e4hrend des Durchsuchens und der Nutzung der Website www.itacoilweb.com gesammelt und vom Benutzer oder von Dritten \u00fcbermittelt werden, verarbeiten werden.<br \/>Lesen Sie <a href=\"https:\/\/itacoilweb.com\/files\/DP_ENG_privacy.pdf\" target=\"_blank\" rel=\"noopener\">hier<\/a> die komplette Datenschutzerkl\u00e4rung.<\/p>\r\n<p><strong>Cookie Policy<\/strong><\/p>\r\n<p>Diese Website verwendet Cookies.Diese Richtlinie enth\u00e4lt Informationen dar\u00fcber, was Cookies sind, welche Arten von Cookies wir verwenden und wie Sie Cookies in Ihrem Browser deaktivieren k\u00f6nnen.<\/p>\r\n<p><strong>Was sind Cookies?<\/strong><\/p>\r\n<p>Cookies sind kleine Textzeichenketten, die die besuchten Websites an die Ger\u00e4te senden, wo sie gespeichert und weitergeleitet werden, sobald der Benutzer die Website erneut besucht.<br \/>Cookies k\u00f6nnen unterschiedliche Funktionen und Eigenschaften haben. Cookies k\u00f6nnen vom Datenverantwortlichen sowohl von Dritten verwendet werden.<br \/>Im Folgenden finden Sie alle Informationen zu den von der vorliegenden Website verwendeten Cookies sowie die Anweisungen, die Ihnen bei der Verwaltung Ihrer Cookie-Pr\u00e4ferenzen helfen werden.<br \/>F\u00fcr weitere Informationen \u00fcber Cookies besuchen Sie bitte <a href=\"http:\/\/www.allaboutcookies.org\" target=\"_blank\" rel=\"noopener\">www.allaboutcookies.org<\/a><\/p>\r\n<p><strong>Was sind die verschiedenen Arten von Cookies?<\/strong><\/p>\r\n<p>Je nach Dauer kann ein Cookie als \u201eSitzungs-Cookie\u201c oder \u201epermanenter Cookie\u201c klassifiziert werden.<br \/>Sitzungs-Cookies sind vor\u00fcbergehend und verschwinden von dem Ger\u00e4t, wenn der Benutzer die Website verl\u00e4sst oder den Browser schlie\u00dft.<br \/>Normalerweise werden sie im Cache-Speicher des Ger\u00e4ts gespeichert.Permanente Cookies verbleiben auch nach dem Schlie\u00dfen des Browsers und bis zu ihrem Ablauf oder bis der Benutzer sie l\u00f6scht, auf seinem Ger\u00e4t. Das Verfallsdatum wird von der Website bestimmt, die die Cookies generiert.<br \/>Sie werden oft dazu verwendet, um die Gewohnheiten des Benutzers zu verfolgen, die gespeicherten Informationen zu lesen und sich an die Vorlieben des Benutzers anzupassen, wenn er die Website erneut besucht.<\/p>\r\n<p><strong>Welche Cookies werden auf dieser Website verwendet?<\/strong><\/p>\r\n<p>Technische Cookies, die f\u00fcr die Website erzeugt und verwendet werden, und andere externe Cookies, die auf Webseiten Dritter erzeugt werden.<br \/>Der Besuch unserer Website kann die folgenden Cookies generieren:<br \/>&#8211; interne Cookies;<br \/>&#8211; Sitzungs-Cookies: Wir verwenden diese Cookies, um das Browsererlebnis und die Interaktion des Benutzers mit der Website zu verbessern;<br \/>&#8211; Statistik-Cookies f\u00fcr die Analyse des Webverkehrs (Google Analytics).<br \/>Unser Unternehmen verarbeitet keine durch Cookies erhobenen Daten. Einige dieser Daten werden von Google Analytics verarbeitet.<\/p>\r\n<p><strong>Google Analytics<\/strong><\/p>\r\n<p>Diese Website benutzt Google Analytics, einen Webanalysedienst, der von Google LLC zur Verf\u00fcgung gestellt wird. Google Analytics verwendet Cookies.<br \/>Die durch die Cookies erzeugten Informationen \u00fcber die Aktivit\u00e4t des Benutzers auf dieser Website werden normalerweise an einen Server von Google in den USA \u00fcbertragen und dort gespeichert.<br \/>Die Anonymisierung der IP-Adresse ist auf dieser Website aktiv und besteht in der Verk\u00fcrzung der IP-Adressen, die aus EU-L\u00e4ndern und aus L\u00e4ndern, die dem Abkommen \u00fcber den Europ\u00e4ischen Wirtschaftsraum angeh\u00f6ren, stammen.<br \/>Nur in Ausnahmef\u00e4llen wird die vollst\u00e4ndige IP-Adresse an den Server von Google in den USA \u00fcbertragen und anschlie\u00dfend gek\u00fcrzt.<br \/>Google wird diese Informationen in unserem Auftrag verarbeiten, um die Nutzung der Website zu \u00fcberwachen, Berichte \u00fcber die auf der Website durchgef\u00fchrten Aktivit\u00e4ten zu erstellen und andere mit der Nutzung des Internets und der Website verbundene Dienstleistungen zu erbringen.<br \/>Die von Google Analytics ermittelte Browser-IP-Adresse des Benutzers wird nicht mit anderen Daten von Google kombiniert.Die Daten werden 26 Monate lang aufbewahrt.<\/p>\r\n<p><a href=\"https:\/\/developers.google.com\/analytics\/devguides\/collection\/analyticsjs\/cookie-usage\" target=\"_blank\" rel=\"noopener\">Weitere Informationen \u00fcber Google Analytics<\/a><\/p>\r\n<p><a href=\"https:\/\/support.google.com\/analytics\/answer\/6004245\" target=\"_blank\" rel=\"noopener\">Datenschutzbestimmungen f\u00fcr Google Analytics<\/a><\/p>\r\n<p>Sie k\u00f6nnen die Erfassung und Verarbeitung von Daten, die von diesen Cookies (einschlie\u00dflich Ihrer IP-Adresse) auf dieser und anderen Websites erzeugt werden, stoppen, indem Sie dieses\u00a0<a href=\"https:\/\/tools.google.com\/dlpage\/gaoptout?hl=de\" target=\"_blank\" rel=\"noopener\">plug-in<\/a>\u00a0herunterladen und auf Ihrem Browser installieren.<\/p>\r\n<p><strong>Wie man Cookies deaktiviert<\/strong><\/p>\r\n<p>Sie k\u00f6nnen Ihren Browser zum L\u00f6schen oder Verhindern der Installation von Cookies konfigurieren.<br \/>Der Benutzer kann kontrollieren, welche Cookies installiert werden, wie lange sie verbleiben und sie l\u00f6schen.<br \/>Die Schritte zur Durchf\u00fchrung dieser Operationen k\u00f6nnen je nach Browser unterschiedlich sein.<br \/>Es folgen die Anleitungen f\u00fcr die g\u00e4ngigsten Browser:<\/p>\r\n<p><a href=\"https:\/\/support.google.com\/chrome\/answer\/95647?hl=en\" target=\"_blank\" rel=\"noopener noreferrer\">Chrome<\/a><\/p>\r\n<p><a href=\"https:\/\/support.microsoft.com\/en-us\/help\/17442\/windows-internet-explorer-delete-manage-cookies#ie=ie-10\" target=\"_blank\" rel=\"noopener noreferrer\">Internet Explorer<\/a><\/p>\r\n<p><a href=\"https:\/\/privacy.microsoft.com\/en-us\/windows-10-microsoft-edge-and-privacy\" target=\"_blank\" rel=\"noopener noreferrer\">Edge<\/a><\/p>\r\n<p><a href=\"https:\/\/support.mozilla.org\/en-US\/kb\/delete-cookies-remove-info-websites-stored\" target=\"_blank\" rel=\"noopener noreferrer\">Mozilla Firefox<\/a><\/p>\r\n<p><a href=\"https:\/\/www.opera.com\/help\/tutorials\/security\/privacy\/\" target=\"_blank\" rel=\"noopener noreferrer\">Opera<\/a><\/p>\r\n<p><a href=\"https:\/\/support.apple.com\/en-us\/HT204950\" target=\"_blank\" rel=\"noopener noreferrer\">Safari<\/a><\/p>\r\n<p>Die Deaktivierung einiger Cookies k\u00f6nnte den Zugang zu unserer Website und das ordnungsgem\u00e4\u00dfe Funktionieren der Seiten behindern.<\/p>\r\n<p>[\/vc_column_text][dfd_spacer screen_wide_spacer_size=&#8221;30&#8243; screen_normal_resolution=&#8221;1024&#8243; screen_tablet_resolution=&#8221;800&#8243; screen_mobile_resolution=&#8221;480&#8243;][\/vc_column][\/vc_row]<\/p><\/div>","protected":false},"excerpt":{"rendered":"<p>[vc_row][vc_column][vc_column_text][\/vc_column_text][dfd_spacer screen_wide_spacer_size=&#8221;30&#8243; screen_normal_resolution=&#8221;1024&#8243; screen_tablet_resolution=&#8221;800&#8243; screen_mobile_resolution=&#8221;480&#8243;][\/vc_column][\/vc_row][vc_row][vc_column][dfd_heading style=&#8221;style_05&#8243; subtitle=&#8221;Verordnung (EU) 2016\/679 \u00fcber den Schutz nat\u00fcrlicher Personen bei der Verarbeitung personenbezogener Daten und \u00fcber den freien Datenverkehr&#8221; content_alignment=&#8221;text-left&#8221; module_animation=&#8221;transition.perspectiveUpIn&#8221; delimiter_settings=&#8221;delimiter_style:solid|delimiter_width:80|delimiter_height:1&#8243; undefined=&#8221;&#8221; title_font_options=&#8221;tag:h2&#8243; subtitle_font_options=&#8221;tag:div&#8221;]<\/p>\n","protected":false},"author":10,"featured_media":0,"parent":14941,"menu_order":39,"comment_status":"closed","ping_status":"closed","template":"","meta":{"footnotes":""},"class_list":["post-14946","page","type-page","status-publish","hentry"],"yoast_head":"<!-- This site is optimized with the Yoast SEO Premium plugin v27.3 (Yoast SEO v27.4) - https:\/\/yoast.com\/product\/yoast-seo-premium-wordpress\/ -->\n<title>Cookie-Richtlinie - ITACOIL transformers<\/title>\n<meta name=\"description\" content=\"Diese Website verwendet Cookies. Was Cookies sind, welche Arten von Cookies wir verwenden und wie Sie Cookies in Ihrem Browser deaktivieren k\u00f6nnen.\" \/>\n<meta name=\"robots\" content=\"noindex, follow\" \/>\n<meta property=\"og:locale\" content=\"de_DE\" \/>\n<meta property=\"og:type\" content=\"article\" \/>\n<meta property=\"og:title\" content=\"Cookie-Richtlinie\" \/>\n<meta property=\"og:description\" content=\"Diese Website verwendet Cookies. Was Cookies sind, welche Arten von Cookies wir verwenden und wie Sie Cookies in Ihrem Browser deaktivieren k\u00f6nnen.\" \/>\n<meta property=\"og:url\" content=\"https:\/\/www.itacoilweb.com\/de\/rechtlicher-hinweis\/cookies-richtlinie\/\" \/>\n<meta property=\"og:site_name\" content=\"ITACOIL transformers\" \/>\n<meta property=\"article:modified_time\" content=\"2023-10-05T13:14:10+00:00\" \/>\n<meta property=\"og:image\" content=\"https:\/\/www.itacoilweb.com\/remo\/wp-content\/uploads\/image\/png\/ITACOILweb2018-BG-120.png\" \/>\n\t<meta property=\"og:image:width\" content=\"370\" \/>\n\t<meta property=\"og:image:height\" content=\"120\" \/>\n\t<meta property=\"og:image:type\" content=\"image\/png\" \/>\n<meta name=\"twitter:label1\" content=\"Est. reading time\" \/>\n\t<meta name=\"twitter:data1\" content=\"4 minutes\" \/>\n<script type=\"application\/ld+json\" class=\"yoast-schema-graph\">{\"@context\":\"https:\\\/\\\/schema.org\",\"@graph\":[{\"@type\":\"WebPage\",\"@id\":\"https:\\\/\\\/www.itacoilweb.com\\\/de\\\/rechtlicher-hinweis\\\/cookies-richtlinie\\\/\",\"url\":\"https:\\\/\\\/www.itacoilweb.com\\\/de\\\/rechtlicher-hinweis\\\/cookies-richtlinie\\\/\",\"name\":\"Cookie-Richtlinie - ITACOIL transformers\",\"isPartOf\":{\"@id\":\"https:\\\/\\\/www.itacoilweb.com\\\/de\\\/#website\"},\"datePublished\":\"2020-02-25T08:51:34+00:00\",\"dateModified\":\"2023-10-05T13:14:10+00:00\",\"description\":\"Diese Website verwendet Cookies. Was Cookies sind, welche Arten von Cookies wir verwenden und wie Sie Cookies in Ihrem Browser deaktivieren k\u00f6nnen.\",\"breadcrumb\":{\"@id\":\"https:\\\/\\\/www.itacoilweb.com\\\/de\\\/rechtlicher-hinweis\\\/cookies-richtlinie\\\/#breadcrumb\"},\"inLanguage\":\"de-DE\",\"potentialAction\":[{\"@type\":\"ReadAction\",\"target\":[\"https:\\\/\\\/www.itacoilweb.com\\\/de\\\/rechtlicher-hinweis\\\/cookies-richtlinie\\\/\"]}]},{\"@type\":\"BreadcrumbList\",\"@id\":\"https:\\\/\\\/www.itacoilweb.com\\\/de\\\/rechtlicher-hinweis\\\/cookies-richtlinie\\\/#breadcrumb\",\"itemListElement\":[{\"@type\":\"ListItem\",\"position\":1,\"name\":\"Home\",\"item\":\"https:\\\/\\\/www.itacoilweb.com\\\/de\\\/\"},{\"@type\":\"ListItem\",\"position\":2,\"name\":\"Rechtlicher Hinweis\",\"item\":\"https:\\\/\\\/www.itacoilweb.com\\\/de\\\/legal-notice\\\/\"},{\"@type\":\"ListItem\",\"position\":3,\"name\":\"Cookie-Richtlinie\"}]},{\"@type\":\"WebSite\",\"@id\":\"https:\\\/\\\/www.itacoilweb.com\\\/de\\\/#website\",\"url\":\"https:\\\/\\\/www.itacoilweb.com\\\/de\\\/\",\"name\":\"ITACOIL transformers\",\"description\":\"PCB transformers and Inductors\",\"publisher\":{\"@id\":\"https:\\\/\\\/www.itacoilweb.com\\\/de\\\/#organization\"},\"potentialAction\":[{\"@type\":\"SearchAction\",\"target\":{\"@type\":\"EntryPoint\",\"urlTemplate\":\"https:\\\/\\\/www.itacoilweb.com\\\/de\\\/?s={search_term_string}\"},\"query-input\":{\"@type\":\"PropertyValueSpecification\",\"valueRequired\":true,\"valueName\":\"search_term_string\"}}],\"inLanguage\":\"de-DE\"},{\"@type\":\"Organization\",\"@id\":\"https:\\\/\\\/www.itacoilweb.com\\\/de\\\/#organization\",\"name\":\"ITACOIL Transformers\",\"url\":\"https:\\\/\\\/www.itacoilweb.com\\\/de\\\/\",\"logo\":{\"@type\":\"ImageObject\",\"inLanguage\":\"de-DE\",\"@id\":\"https:\\\/\\\/www.itacoilweb.com\\\/de\\\/#\\\/schema\\\/logo\\\/image\\\/\",\"url\":\"https:\\\/\\\/www.itacoilweb.com\\\/remo\\\/wp-content\\\/uploads\\\/image\\\/png\\\/ITACOIL-logo2018-RTG-48.png\",\"contentUrl\":\"https:\\\/\\\/www.itacoilweb.com\\\/remo\\\/wp-content\\\/uploads\\\/image\\\/png\\\/ITACOIL-logo2018-RTG-48.png\",\"width\":151,\"height\":48,\"caption\":\"ITACOIL Transformers\"},\"image\":{\"@id\":\"https:\\\/\\\/www.itacoilweb.com\\\/de\\\/#\\\/schema\\\/logo\\\/image\\\/\"},\"sameAs\":[\"https:\\\/\\\/www.linkedin.com\\\/company\\\/itacoil\\\/\",\"https:\\\/\\\/www.youtube.com\\\/user\\\/ITACOILtrasformatori\"]}]}<\/script>\n<!-- \/ Yoast SEO Premium plugin. -->","yoast_head_json":{"title":"Cookie-Richtlinie - ITACOIL transformers","description":"Diese Website verwendet Cookies. Was Cookies sind, welche Arten von Cookies wir verwenden und wie Sie Cookies in Ihrem Browser deaktivieren k\u00f6nnen.","robots":{"index":"noindex","follow":"follow"},"og_locale":"de_DE","og_type":"article","og_title":"Cookie-Richtlinie","og_description":"Diese Website verwendet Cookies. Was Cookies sind, welche Arten von Cookies wir verwenden und wie Sie Cookies in Ihrem Browser deaktivieren k\u00f6nnen.","og_url":"https:\/\/www.itacoilweb.com\/de\/rechtlicher-hinweis\/cookies-richtlinie\/","og_site_name":"ITACOIL transformers","article_modified_time":"2023-10-05T13:14:10+00:00","og_image":[{"width":370,"height":120,"url":"https:\/\/www.itacoilweb.com\/remo\/wp-content\/uploads\/image\/png\/ITACOILweb2018-BG-120.png","type":"image\/png"}],"twitter_misc":{"Est. reading time":"4 minutes"},"schema":{"@context":"https:\/\/schema.org","@graph":[{"@type":"WebPage","@id":"https:\/\/www.itacoilweb.com\/de\/rechtlicher-hinweis\/cookies-richtlinie\/","url":"https:\/\/www.itacoilweb.com\/de\/rechtlicher-hinweis\/cookies-richtlinie\/","name":"Cookie-Richtlinie - ITACOIL transformers","isPartOf":{"@id":"https:\/\/www.itacoilweb.com\/de\/#website"},"datePublished":"2020-02-25T08:51:34+00:00","dateModified":"2023-10-05T13:14:10+00:00","description":"Diese Website verwendet Cookies. Was Cookies sind, welche Arten von Cookies wir verwenden und wie Sie Cookies in Ihrem Browser deaktivieren k\u00f6nnen.","breadcrumb":{"@id":"https:\/\/www.itacoilweb.com\/de\/rechtlicher-hinweis\/cookies-richtlinie\/#breadcrumb"},"inLanguage":"de-DE","potentialAction":[{"@type":"ReadAction","target":["https:\/\/www.itacoilweb.com\/de\/rechtlicher-hinweis\/cookies-richtlinie\/"]}]},{"@type":"BreadcrumbList","@id":"https:\/\/www.itacoilweb.com\/de\/rechtlicher-hinweis\/cookies-richtlinie\/#breadcrumb","itemListElement":[{"@type":"ListItem","position":1,"name":"Home","item":"https:\/\/www.itacoilweb.com\/de\/"},{"@type":"ListItem","position":2,"name":"Rechtlicher Hinweis","item":"https:\/\/www.itacoilweb.com\/de\/legal-notice\/"},{"@type":"ListItem","position":3,"name":"Cookie-Richtlinie"}]},{"@type":"WebSite","@id":"https:\/\/www.itacoilweb.com\/de\/#website","url":"https:\/\/www.itacoilweb.com\/de\/","name":"ITACOIL transformers","description":"PCB transformers and Inductors","publisher":{"@id":"https:\/\/www.itacoilweb.com\/de\/#organization"},"potentialAction":[{"@type":"SearchAction","target":{"@type":"EntryPoint","urlTemplate":"https:\/\/www.itacoilweb.com\/de\/?s={search_term_string}"},"query-input":{"@type":"PropertyValueSpecification","valueRequired":true,"valueName":"search_term_string"}}],"inLanguage":"de-DE"},{"@type":"Organization","@id":"https:\/\/www.itacoilweb.com\/de\/#organization","name":"ITACOIL Transformers","url":"https:\/\/www.itacoilweb.com\/de\/","logo":{"@type":"ImageObject","inLanguage":"de-DE","@id":"https:\/\/www.itacoilweb.com\/de\/#\/schema\/logo\/image\/","url":"https:\/\/www.itacoilweb.com\/remo\/wp-content\/uploads\/image\/png\/ITACOIL-logo2018-RTG-48.png","contentUrl":"https:\/\/www.itacoilweb.com\/remo\/wp-content\/uploads\/image\/png\/ITACOIL-logo2018-RTG-48.png","width":151,"height":48,"caption":"ITACOIL Transformers"},"image":{"@id":"https:\/\/www.itacoilweb.com\/de\/#\/schema\/logo\/image\/"},"sameAs":["https:\/\/www.linkedin.com\/company\/itacoil\/","https:\/\/www.youtube.com\/user\/ITACOILtrasformatori"]}]}},"_links":{"self":[{"href":"https:\/\/www.itacoilweb.com\/de\/wp-json\/wp\/v2\/pages\/14946","targetHints":{"allow":["GET"]}}],"collection":[{"href":"https:\/\/www.itacoilweb.com\/de\/wp-json\/wp\/v2\/pages"}],"about":[{"href":"https:\/\/www.itacoilweb.com\/de\/wp-json\/wp\/v2\/types\/page"}],"author":[{"embeddable":true,"href":"https:\/\/www.itacoilweb.com\/de\/wp-json\/wp\/v2\/users\/10"}],"replies":[{"embeddable":true,"href":"https:\/\/www.itacoilweb.com\/de\/wp-json\/wp\/v2\/comments?post=14946"}],"version-history":[{"count":10,"href":"https:\/\/www.itacoilweb.com\/de\/wp-json\/wp\/v2\/pages\/14946\/revisions"}],"predecessor-version":[{"id":19487,"href":"https:\/\/www.itacoilweb.com\/de\/wp-json\/wp\/v2\/pages\/14946\/revisions\/19487"}],"up":[{"embeddable":true,"href":"https:\/\/www.itacoilweb.com\/de\/wp-json\/wp\/v2\/pages\/14941"}],"wp:attachment":[{"href":"https:\/\/www.itacoilweb.com\/de\/wp-json\/wp\/v2\/media?parent=14946"}],"curies":[{"name":"wp","href":"https:\/\/api.w.org\/{rel}","templated":true}]}}