{"id":14941,"date":"2020-02-25T09:51:30","date_gmt":"2020-02-25T08:51:30","guid":{"rendered":"https:\/\/www.itacoilweb.com\/rechtlicher-hinweis\/"},"modified":"2023-10-05T15:12:46","modified_gmt":"2023-10-05T13:12:46","slug":"rechtlicher-hinweis","status":"publish","type":"page","link":"https:\/\/www.itacoilweb.com\/de\/rechtlicher-hinweis\/","title":{"rendered":"Rechtlicher Hinweis"},"content":{"rendered":"<div class=\"wpb-content-wrapper\"><p>[vc_row][vc_column][dfd_heading style=&#8221;style_11&#8243; subtitle=&#8221;&#8221; delimiter_settings=&#8221;delimiter_style:solid|delimiter_width:80|delimiter_height:1&#8243; undefined=&#8221;&#8221; title_font_options=&#8221;tag:h2&#8243; subtitle_font_options=&#8221;tag:div&#8221;]<\/p>\n<h4>Rechtlicher Hinweis<\/h4>\n<p>[\/dfd_heading][dfd_spacer screen_wide_spacer_size=&#8221;30&#8243; screen_normal_resolution=&#8221;1024&#8243; screen_tablet_resolution=&#8221;800&#8243; screen_mobile_resolution=&#8221;480&#8243;][\/vc_column][\/vc_row][vc_row][vc_column][dfd_tta_tour style=&#8221;style-7&#8243; active_section=&#8221;1&#8243; module_animation=&#8221;transition.perspectiveUpIn&#8221;][vc_tta_section title=&#8221;Nutzungsbedingungen und Technische Hinweise&#8221; tab_id=&#8221;1523481889934-64816a36-b6a3&#8243;][vc_row_inner][vc_column_inner][vc_column_text]<\/p>\n<ul>\n<li>Im Impressum finden Sie die wichtigsten Dokumente und Vertr\u00e4ge, die die Gesch\u00e4ftsbedingungen und die Gesch\u00e4ftsbeziehungen mit Itacoil regeln.<br \/>\nDurch den Zugriff auf diese Webseite erkl\u00e4rt sich der Benutzer mit den darin enthaltenen Gesch\u00e4ftsbedingungen einverstanden.<br \/>\n<strong>Bitte greifen Sie nicht auf die Webseite zu, oder nutzen Sie nicht deren Dienste, wenn Sie nicht mit allen Gesch\u00e4ftsbedingungen einverstanden sind.<\/strong><\/li>\n<li>Durch die Verwendung der Daten in den technischen Unterlagen von Itacoil (einschlie\u00dflich, aber nicht beschr\u00e4nkt auf die Website, vollst\u00e4ndige Kataloge oder deren Teile, Datenbl\u00e4tter und Testberichte) nimmt der Kunde die Bedingungen an, die in Artikel 1 des Haftungsausschlusses der allgemeinen technischen Hinweise von Itacoil unter dem untenstehenden Link aufgef\u00fchrt sind.<br \/>\nJedes Produkt von Itacoil wird gem\u00e4\u00df den in den allgemeinen technischen Hinweisen von Itacoil festgelegten Bedingungen entworfen, hergestellt und geliefert, die der Kunde durch den Kauf solcher Produkte zur Kenntnis nimmt und akzeptiert.<\/li>\n<\/ul>\n<p>[\/vc_column_text][dfd_spacer screen_wide_spacer_size=&#8221;80&#8243; screen_normal_resolution=&#8221;1024&#8243; screen_tablet_resolution=&#8221;800&#8243; screen_mobile_resolution=&#8221;480&#8243;][\/vc_column_inner][vc_column_inner][dfd_delimiter delimiter_style=&#8221;dfd-delimiter-with-text&#8221; text_delimiter=&#8221;DOWNLOAD&#8221; undefined=&#8221;&#8221; title_font_options=&#8221;font_style_bold:1&#8243;][vc_column_text]<a href=\"https:\/\/www.itacoilweb.com\/files\/NTG_ENG_general_technical_notes.pdf\" target=\"_blank\" rel=\"noopener noreferrer\"><img loading=\"lazy\" decoding=\"async\" class=\"aligncenter wp-image-16998 size-full\" src=\"https:\/\/www.itacoilweb.com\/remo\/wp-content\/uploads\/image\/png\/pdf4.png\" alt=\"\" width=\"42\" height=\"48\" \/><\/a>[\/vc_column_text][\/vc_column_inner][\/vc_row_inner][\/vc_tta_section][vc_tta_section title=&#8221;Creative Commons BY-ND&#8221; tab_id=&#8221;1523526791034-eba66c57-eb76&#8243;][vc_row_inner][vc_column_inner][vc_column_text]<\/p>\n<ul>\n<li>Diese Website, mit all ihren Inhalten, ist gem\u00e4\u00df der Lizenz <strong>Creative Commons Attribution &#8211; Non Derivative Works CC BY-ND<\/strong> geregelt\n<ul>\n<li><strong>Teilen<\/strong> &#8211; Kopie und Weiterverteilung des Inhalts in jedem Tr\u00e4ger oder Format sind f\u00fcr jeden Zweck, auch kommerziell, erlaubt<\/li>\n<li><strong>Zuteilung<\/strong> &#8211; Es ist notwendig, den Autor angemessen zu nennen, einen Link zu der Lizenz anzugeben und mitzuteilen, ob irgendwelche \u00c4nderungen vorgenommen wurden<\/li>\n<li><strong>Anpassung<\/strong> &#8211; die Verteilung und der Austausch von angepasstem Material, von Material, das auf dem Inhalt und den Dokumenten dieser Website basiert, oder ohne Angabe des Autors ist nicht gestattet<\/li>\n<\/ul>\n<\/li>\n<\/ul>\n<p>[\/vc_column_text][dfd_spacer screen_wide_spacer_size=&#8221;130&#8243; screen_normal_resolution=&#8221;1024&#8243; screen_tablet_resolution=&#8221;800&#8243; screen_mobile_resolution=&#8221;480&#8243;][\/vc_column_inner][\/vc_row_inner][dfd_delimiter delimiter_style=&#8221;dfd-delimiter-with-text&#8221; text_delimiter=&#8221;SIEHE DIE LIZENZBEDINGUNGEN&#8221; title_font_options=&#8221;font_style_bold:1&#8243; undefined=&#8221;&#8221;][dfd_spacer screen_wide_spacer_size=&#8221;20&#8243; screen_normal_resolution=&#8221;1024&#8243; screen_tablet_resolution=&#8221;800&#8243; screen_mobile_resolution=&#8221;480&#8243;][dfd_single_image image_type=&#8221;external_link&#8221; link_object=&#8221;link&#8221; hover_style=&#8221;dfd-image-scale&#8221; module_animation=&#8221;transition.perspectiveUpIn&#8221; external_link_url=&#8221;https:\/\/mirrors.creativecommons.org\/presskit\/cc.primary.srr.gif&#8221; enable_link=&#8221;yes&#8221; image_ext_link_url=&#8221;https:\/\/creativecommons.org\/licenses\/by-nd\/4.0\/legalcode.de&#8221;][dfd_spacer screen_wide_spacer_size=&#8221;69&#8243; screen_normal_resolution=&#8221;1024&#8243; screen_tablet_resolution=&#8221;800&#8243; screen_mobile_resolution=&#8221;480&#8243;][\/vc_tta_section][vc_tta_section title=&#8221;Cookies-Richtlinie&#8221; tab_id=&#8221;1525438973444-a42ec131-6b32&#8243;][vc_column_text]<\/p>\n<ul>\n<li>In \u00dcbereinstimmung mit der DSGVO (Allgemeine Datenschutzverordnung, UE 2016\/679) m\u00f6chten wir Sie dar\u00fcber informieren, dass ITACOIL srl als Verantwortlicher Ihre personenbezogenen Daten verarbeitet, die von uns, Ihnen oder Dritten, w\u00e4hrend des Surfens und der Nutzung der Website www.itacoilweb.com erhoben werden k\u00f6nnten.<\/li>\n<li>Lesen Sie <a href=\"https:\/\/www.itacoilweb.com\/de\/cookies-richtlinie\/\" rel=\"noopener noreferrer\">hier<\/a> die komplette Cookie-Richtlinie.<\/li>\n<\/ul>\n<p>[\/vc_column_text][dfd_spacer screen_wide_spacer_size=&#8221;405&#8243; screen_normal_resolution=&#8221;1024&#8243; screen_tablet_resolution=&#8221;800&#8243; screen_mobile_resolution=&#8221;480&#8243;][\/vc_tta_section][vc_tta_section title=&#8221;Datenschutzerkl\u00e4rung&#8221; tab_id=&#8221;1523526831396-2002309a-26b4&#8243;][vc_row_inner][vc_column_inner][vc_column_text]<\/p>\n<ul>\n<li>Die von Itacoil gesammelten personenbezogenen Daten werden in \u00dcbereinstimmung mit den Datenschutzgrunds\u00e4ten und in \u00dcbereinstimmung mit den Datenschutzbestimmungen verwendet, zu deren Durchsicht wir Sie bitten.<\/li>\n<\/ul>\n<p>[\/vc_column_text][dfd_spacer screen_wide_spacer_size=&#8221;120&#8243; screen_normal_resolution=&#8221;1024&#8243; screen_tablet_resolution=&#8221;800&#8243; screen_mobile_resolution=&#8221;480&#8243;][dfd_delimiter delimiter_style=&#8221;dfd-delimiter-with-text&#8221; text_delimiter=&#8221;DOWNLOAD&#8221; title_font_options=&#8221;font_style_bold:1&#8243; undefined=&#8221;&#8221;][vc_column_text]<a href=\"https:\/\/itacoilweb.com\/files\/DP_ENG_privacy.pdf\" target=\"_blank\" rel=\"noopener noreferrer\"><img decoding=\"async\" class=\"aligncenter\" src=\"https:\/\/www.itacoilweb.com\/remo\/wp-content\/uploads\/image\/png\/pdf4.png\" alt=\"\" \/><\/a>[\/vc_column_text][dfd_spacer screen_wide_spacer_size=&#8221;250&#8243; screen_normal_resolution=&#8221;1024&#8243; screen_tablet_resolution=&#8221;800&#8243; screen_mobile_resolution=&#8221;480&#8243;][\/vc_column_inner][\/vc_row_inner][\/vc_tta_section][vc_tta_section title=&#8221;Verkaufsbedingungen&#8221; tab_id=&#8221;1523526859716-3f98ce97-e8b8&#8243;][vc_row_inner][vc_column_inner][vc_column_text]<\/p>\n<ul>\n<li>Die in diesem Dokument angegebenen Allgemeinen Verkaufsbedingungen gelten f\u00fcr jeden Verkauf von Produkten zwischen Itacoil und ausl\u00e4ndischen Kunden. Keine andere Klausel oder Bedingung, einschlie\u00dflich aller vom Kunden bei seiner Bestellung vorgeschlagenen Bestimmungen, ist f\u00fcr Itacoil g\u00fcltig und bindend, wenn sie von Itacoil nicht ausdr\u00fccklich und schriftlich akzeptiert wird<\/li>\n<\/ul>\n<p>[\/vc_column_text][dfd_spacer screen_wide_spacer_size=&#8221;70&#8243; screen_normal_resolution=&#8221;1024&#8243; screen_tablet_resolution=&#8221;800&#8243; screen_mobile_resolution=&#8221;480&#8243;][dfd_delimiter delimiter_style=&#8221;dfd-delimiter-with-text&#8221; text_delimiter=&#8221;DOWNLOAD&#8221; title_font_options=&#8221;font_style_bold:1&#8243; undefined=&#8221;&#8221;][vc_column_text]<a href=\"https:\/\/itacoilweb.com\/files\/CGV_ENG_sales_conditions.pdf\" target=\"_blank\" rel=\"noopener noreferrer\"><img decoding=\"async\" class=\"aligncenter\" src=\"https:\/\/www.itacoilweb.com\/remo\/wp-content\/uploads\/image\/png\/pdf4.png\" alt=\"\" \/><\/a>[\/vc_column_text][dfd_spacer screen_wide_spacer_size=&#8221;244&#8243; screen_normal_resolution=&#8221;1024&#8243; screen_tablet_resolution=&#8221;800&#8243; screen_mobile_resolution=&#8221;480&#8243;][\/vc_column_inner][\/vc_row_inner][\/vc_tta_section][vc_tta_section title=&#8221;Anwendbares Recht&#8221; tab_id=&#8221;1523895255099-03ca1f4b-2946&#8243;][vc_row_inner][vc_column_inner][vc_column_text]<\/p>\n<ul>\n<li>Die Nutzung der Website, die rechtlichen Hinweise und die Datenschutzrichtlinie sind durch italienische Gesetze geregelt.<\/li>\n<li>Soweit nicht gesetzlich etwas anderes bestimmt ist, unterliegen die Streitigkeiten, die sich aus der Nutzung der Website, den rechtlichen Hinweisen und der Datenschutzerkl\u00e4rung ergeben oder damit verbunden sind, der ausschlie\u00dflichen Zust\u00e4ndigkeit der Justizbeh\u00f6rde von Monza.<\/li>\n<\/ul>\n<p>[\/vc_column_text][dfd_spacer screen_wide_spacer_size=&#8221;395&#8243; screen_normal_resolution=&#8221;1024&#8243; screen_tablet_resolution=&#8221;800&#8243; screen_mobile_resolution=&#8221;480&#8243;][\/vc_column_inner][\/vc_row_inner][\/vc_tta_section][\/dfd_tta_tour][\/vc_column][\/vc_row]<\/p>\n<\/div>","protected":false},"excerpt":{"rendered":"<p>[vc_row][vc_column][dfd_heading style=&#8221;style_11&#8243; subtitle=&#8221;&#8221; delimiter_settings=&#8221;delimiter_style:solid|delimiter_width:80|delimiter_height:1&#8243; undefined=&#8221;&#8221; title_font_options=&#8221;tag:h2&#8243; subtitle_font_options=&#8221;tag:div&#8221;] Rechtlicher Hinweis [\/dfd_heading][dfd_spacer screen_wide_spacer_size=&#8221;30&#8243; screen_normal_resolution=&#8221;1024&#8243; screen_tablet_resolution=&#8221;800&#8243; screen_mobile_resolution=&#8221;480&#8243;][\/vc_column][\/vc_row][vc_row][vc_column][dfd_tta_tour style=&#8221;style-7&#8243; active_section=&#8221;1&#8243; module_animation=&#8221;transition.perspectiveUpIn&#8221;][vc_tta_section title=&#8221;Nutzungsbedingungen und Technische Hinweise&#8221; tab_id=&#8221;1523481889934-64816a36-b6a3&#8243;][vc_row_inner][vc_column_inner][vc_column_text] Im Impressum finden Sie die wichtigsten Dokumente und<\/p>\n","protected":false},"author":10,"featured_media":17143,"parent":0,"menu_order":49,"comment_status":"closed","ping_status":"closed","template":"","meta":{"footnotes":""},"class_list":["post-14941","page","type-page","status-publish","has-post-thumbnail","hentry"],"yoast_head":"<!-- This site is optimized with the Yoast SEO Premium plugin v27.3 (Yoast SEO v27.4) - https:\/\/yoast.com\/product\/yoast-seo-premium-wordpress\/ -->\n<title>Rechtlicher Hinweis - ITACOIL transformers<\/title>\n<meta name=\"description\" content=\"Nutzungsbedingungen, Creative Commons BY-ND, Datenschutzerkl\u00e4rung, Cookies-Richtlinie, Anwendbares Recht, Verkaufsbedingungen.\" \/>\n<meta name=\"robots\" content=\"noindex, follow\" \/>\n<meta property=\"og:locale\" content=\"de_DE\" \/>\n<meta property=\"og:type\" content=\"article\" \/>\n<meta property=\"og:title\" content=\"Rechtlicher Hinweis\" \/>\n<meta property=\"og:description\" content=\"Nutzungsbedingungen, Creative Commons BY-ND, Datenschutzerkl\u00e4rung, Cookies-Richtlinie, Anwendbares Recht, Verkaufsbedingungen.\" \/>\n<meta property=\"og:url\" content=\"https:\/\/www.itacoilweb.com\/de\/rechtlicher-hinweis\/\" \/>\n<meta property=\"og:site_name\" content=\"ITACOIL transformers\" \/>\n<meta property=\"article:modified_time\" content=\"2023-10-05T13:12:46+00:00\" \/>\n<meta property=\"og:image\" content=\"https:\/\/www.itacoilweb.com\/remo\/wp-content\/uploads\/image\/jpeg\/legale.jpg\" \/>\n\t<meta property=\"og:image:width\" content=\"600\" \/>\n\t<meta property=\"og:image:height\" content=\"450\" \/>\n\t<meta property=\"og:image:type\" content=\"image\/jpeg\" \/>\n<meta name=\"twitter:label1\" content=\"Est. reading time\" \/>\n\t<meta name=\"twitter:data1\" content=\"4 minutes\" \/>\n<script type=\"application\/ld+json\" class=\"yoast-schema-graph\">{\"@context\":\"https:\\\/\\\/schema.org\",\"@graph\":[{\"@type\":\"WebPage\",\"@id\":\"https:\\\/\\\/www.itacoilweb.com\\\/de\\\/rechtlicher-hinweis\\\/\",\"url\":\"https:\\\/\\\/www.itacoilweb.com\\\/de\\\/rechtlicher-hinweis\\\/\",\"name\":\"Rechtlicher Hinweis - ITACOIL transformers\",\"isPartOf\":{\"@id\":\"https:\\\/\\\/www.itacoilweb.com\\\/de\\\/#website\"},\"primaryImageOfPage\":{\"@id\":\"https:\\\/\\\/www.itacoilweb.com\\\/de\\\/rechtlicher-hinweis\\\/#primaryimage\"},\"image\":{\"@id\":\"https:\\\/\\\/www.itacoilweb.com\\\/de\\\/rechtlicher-hinweis\\\/#primaryimage\"},\"thumbnailUrl\":\"https:\\\/\\\/www.itacoilweb.com\\\/remo\\\/wp-content\\\/uploads\\\/image\\\/jpeg\\\/legale.jpg\",\"datePublished\":\"2020-02-25T08:51:30+00:00\",\"dateModified\":\"2023-10-05T13:12:46+00:00\",\"description\":\"Nutzungsbedingungen, Creative Commons BY-ND, Datenschutzerkl\u00e4rung, Cookies-Richtlinie, Anwendbares Recht, Verkaufsbedingungen.\",\"breadcrumb\":{\"@id\":\"https:\\\/\\\/www.itacoilweb.com\\\/de\\\/rechtlicher-hinweis\\\/#breadcrumb\"},\"inLanguage\":\"de-DE\",\"potentialAction\":[{\"@type\":\"ReadAction\",\"target\":[\"https:\\\/\\\/www.itacoilweb.com\\\/de\\\/rechtlicher-hinweis\\\/\"]}]},{\"@type\":\"ImageObject\",\"inLanguage\":\"de-DE\",\"@id\":\"https:\\\/\\\/www.itacoilweb.com\\\/de\\\/rechtlicher-hinweis\\\/#primaryimage\",\"url\":\"https:\\\/\\\/www.itacoilweb.com\\\/remo\\\/wp-content\\\/uploads\\\/image\\\/jpeg\\\/legale.jpg\",\"contentUrl\":\"https:\\\/\\\/www.itacoilweb.com\\\/remo\\\/wp-content\\\/uploads\\\/image\\\/jpeg\\\/legale.jpg\",\"width\":600,\"height\":450,\"caption\":\"Itacoil Legal Notice\"},{\"@type\":\"BreadcrumbList\",\"@id\":\"https:\\\/\\\/www.itacoilweb.com\\\/de\\\/rechtlicher-hinweis\\\/#breadcrumb\",\"itemListElement\":[{\"@type\":\"ListItem\",\"position\":1,\"name\":\"Home\",\"item\":\"https:\\\/\\\/www.itacoilweb.com\\\/de\\\/\"},{\"@type\":\"ListItem\",\"position\":2,\"name\":\"Rechtlicher Hinweis\"}]},{\"@type\":\"WebSite\",\"@id\":\"https:\\\/\\\/www.itacoilweb.com\\\/de\\\/#website\",\"url\":\"https:\\\/\\\/www.itacoilweb.com\\\/de\\\/\",\"name\":\"ITACOIL transformers\",\"description\":\"PCB transformers and Inductors\",\"publisher\":{\"@id\":\"https:\\\/\\\/www.itacoilweb.com\\\/de\\\/#organization\"},\"potentialAction\":[{\"@type\":\"SearchAction\",\"target\":{\"@type\":\"EntryPoint\",\"urlTemplate\":\"https:\\\/\\\/www.itacoilweb.com\\\/de\\\/?s={search_term_string}\"},\"query-input\":{\"@type\":\"PropertyValueSpecification\",\"valueRequired\":true,\"valueName\":\"search_term_string\"}}],\"inLanguage\":\"de-DE\"},{\"@type\":\"Organization\",\"@id\":\"https:\\\/\\\/www.itacoilweb.com\\\/de\\\/#organization\",\"name\":\"ITACOIL Transformers\",\"url\":\"https:\\\/\\\/www.itacoilweb.com\\\/de\\\/\",\"logo\":{\"@type\":\"ImageObject\",\"inLanguage\":\"de-DE\",\"@id\":\"https:\\\/\\\/www.itacoilweb.com\\\/de\\\/#\\\/schema\\\/logo\\\/image\\\/\",\"url\":\"https:\\\/\\\/www.itacoilweb.com\\\/remo\\\/wp-content\\\/uploads\\\/image\\\/png\\\/ITACOIL-logo2018-RTG-48.png\",\"contentUrl\":\"https:\\\/\\\/www.itacoilweb.com\\\/remo\\\/wp-content\\\/uploads\\\/image\\\/png\\\/ITACOIL-logo2018-RTG-48.png\",\"width\":151,\"height\":48,\"caption\":\"ITACOIL Transformers\"},\"image\":{\"@id\":\"https:\\\/\\\/www.itacoilweb.com\\\/de\\\/#\\\/schema\\\/logo\\\/image\\\/\"},\"sameAs\":[\"https:\\\/\\\/www.linkedin.com\\\/company\\\/itacoil\\\/\",\"https:\\\/\\\/www.youtube.com\\\/user\\\/ITACOILtrasformatori\"]}]}<\/script>\n<!-- \/ Yoast SEO Premium plugin. -->","yoast_head_json":{"title":"Rechtlicher Hinweis - ITACOIL transformers","description":"Nutzungsbedingungen, Creative Commons BY-ND, Datenschutzerkl\u00e4rung, Cookies-Richtlinie, Anwendbares Recht, Verkaufsbedingungen.","robots":{"index":"noindex","follow":"follow"},"og_locale":"de_DE","og_type":"article","og_title":"Rechtlicher Hinweis","og_description":"Nutzungsbedingungen, Creative Commons BY-ND, Datenschutzerkl\u00e4rung, Cookies-Richtlinie, Anwendbares Recht, Verkaufsbedingungen.","og_url":"https:\/\/www.itacoilweb.com\/de\/rechtlicher-hinweis\/","og_site_name":"ITACOIL transformers","article_modified_time":"2023-10-05T13:12:46+00:00","og_image":[{"width":600,"height":450,"url":"https:\/\/www.itacoilweb.com\/remo\/wp-content\/uploads\/image\/jpeg\/legale.jpg","type":"image\/jpeg"}],"twitter_misc":{"Est. reading time":"4 minutes"},"schema":{"@context":"https:\/\/schema.org","@graph":[{"@type":"WebPage","@id":"https:\/\/www.itacoilweb.com\/de\/rechtlicher-hinweis\/","url":"https:\/\/www.itacoilweb.com\/de\/rechtlicher-hinweis\/","name":"Rechtlicher Hinweis - ITACOIL transformers","isPartOf":{"@id":"https:\/\/www.itacoilweb.com\/de\/#website"},"primaryImageOfPage":{"@id":"https:\/\/www.itacoilweb.com\/de\/rechtlicher-hinweis\/#primaryimage"},"image":{"@id":"https:\/\/www.itacoilweb.com\/de\/rechtlicher-hinweis\/#primaryimage"},"thumbnailUrl":"https:\/\/www.itacoilweb.com\/remo\/wp-content\/uploads\/image\/jpeg\/legale.jpg","datePublished":"2020-02-25T08:51:30+00:00","dateModified":"2023-10-05T13:12:46+00:00","description":"Nutzungsbedingungen, Creative Commons BY-ND, Datenschutzerkl\u00e4rung, Cookies-Richtlinie, Anwendbares Recht, Verkaufsbedingungen.","breadcrumb":{"@id":"https:\/\/www.itacoilweb.com\/de\/rechtlicher-hinweis\/#breadcrumb"},"inLanguage":"de-DE","potentialAction":[{"@type":"ReadAction","target":["https:\/\/www.itacoilweb.com\/de\/rechtlicher-hinweis\/"]}]},{"@type":"ImageObject","inLanguage":"de-DE","@id":"https:\/\/www.itacoilweb.com\/de\/rechtlicher-hinweis\/#primaryimage","url":"https:\/\/www.itacoilweb.com\/remo\/wp-content\/uploads\/image\/jpeg\/legale.jpg","contentUrl":"https:\/\/www.itacoilweb.com\/remo\/wp-content\/uploads\/image\/jpeg\/legale.jpg","width":600,"height":450,"caption":"Itacoil Legal Notice"},{"@type":"BreadcrumbList","@id":"https:\/\/www.itacoilweb.com\/de\/rechtlicher-hinweis\/#breadcrumb","itemListElement":[{"@type":"ListItem","position":1,"name":"Home","item":"https:\/\/www.itacoilweb.com\/de\/"},{"@type":"ListItem","position":2,"name":"Rechtlicher Hinweis"}]},{"@type":"WebSite","@id":"https:\/\/www.itacoilweb.com\/de\/#website","url":"https:\/\/www.itacoilweb.com\/de\/","name":"ITACOIL transformers","description":"PCB transformers and Inductors","publisher":{"@id":"https:\/\/www.itacoilweb.com\/de\/#organization"},"potentialAction":[{"@type":"SearchAction","target":{"@type":"EntryPoint","urlTemplate":"https:\/\/www.itacoilweb.com\/de\/?s={search_term_string}"},"query-input":{"@type":"PropertyValueSpecification","valueRequired":true,"valueName":"search_term_string"}}],"inLanguage":"de-DE"},{"@type":"Organization","@id":"https:\/\/www.itacoilweb.com\/de\/#organization","name":"ITACOIL Transformers","url":"https:\/\/www.itacoilweb.com\/de\/","logo":{"@type":"ImageObject","inLanguage":"de-DE","@id":"https:\/\/www.itacoilweb.com\/de\/#\/schema\/logo\/image\/","url":"https:\/\/www.itacoilweb.com\/remo\/wp-content\/uploads\/image\/png\/ITACOIL-logo2018-RTG-48.png","contentUrl":"https:\/\/www.itacoilweb.com\/remo\/wp-content\/uploads\/image\/png\/ITACOIL-logo2018-RTG-48.png","width":151,"height":48,"caption":"ITACOIL Transformers"},"image":{"@id":"https:\/\/www.itacoilweb.com\/de\/#\/schema\/logo\/image\/"},"sameAs":["https:\/\/www.linkedin.com\/company\/itacoil\/","https:\/\/www.youtube.com\/user\/ITACOILtrasformatori"]}]}},"_links":{"self":[{"href":"https:\/\/www.itacoilweb.com\/de\/wp-json\/wp\/v2\/pages\/14941","targetHints":{"allow":["GET"]}}],"collection":[{"href":"https:\/\/www.itacoilweb.com\/de\/wp-json\/wp\/v2\/pages"}],"about":[{"href":"https:\/\/www.itacoilweb.com\/de\/wp-json\/wp\/v2\/types\/page"}],"author":[{"embeddable":true,"href":"https:\/\/www.itacoilweb.com\/de\/wp-json\/wp\/v2\/users\/10"}],"replies":[{"embeddable":true,"href":"https:\/\/www.itacoilweb.com\/de\/wp-json\/wp\/v2\/comments?post=14941"}],"version-history":[{"count":19,"href":"https:\/\/www.itacoilweb.com\/de\/wp-json\/wp\/v2\/pages\/14941\/revisions"}],"predecessor-version":[{"id":19485,"href":"https:\/\/www.itacoilweb.com\/de\/wp-json\/wp\/v2\/pages\/14941\/revisions\/19485"}],"wp:featuredmedia":[{"embeddable":true,"href":"https:\/\/www.itacoilweb.com\/de\/wp-json\/wp\/v2\/media\/17143"}],"wp:attachment":[{"href":"https:\/\/www.itacoilweb.com\/de\/wp-json\/wp\/v2\/media?parent=14941"}],"curies":[{"name":"wp","href":"https:\/\/api.w.org\/{rel}","templated":true}]}}