{"id":14939,"date":"2020-02-25T09:51:28","date_gmt":"2020-02-25T08:51:28","guid":{"rendered":"https:\/\/www.itacoilweb.com\/produktzertifizierungen\/"},"modified":"2024-10-04T14:19:01","modified_gmt":"2024-10-04T12:19:01","slug":"produktzertifizierungen","status":"publish","type":"page","link":"https:\/\/www.itacoilweb.com\/de\/produktzertifizierungen\/","title":{"rendered":"Produktzertifizierungen"},"content":{"rendered":"<div class=\"wpb-content-wrapper\"><p>[vc_row][vc_column][dfd_heading style=&#8221;style_11&#8243; subtitle=&#8221;&#8221; delimiter_settings=&#8221;delimiter_style:solid|delimiter_width:80|delimiter_height:1&#8243; undefined=&#8221;&#8221; title_font_options=&#8221;tag:h2&#8243; subtitle_font_options=&#8221;tag:div&#8221;]<\/p>\n<h4>Produktzertifizierungen<\/h4>\n<p>[\/dfd_heading][dfd_spacer screen_wide_spacer_size=&#8221;50&#8243; screen_normal_resolution=&#8221;1024&#8243; screen_tablet_resolution=&#8221;800&#8243; screen_mobile_resolution=&#8221;480&#8243;][\/vc_column][\/vc_row][vc_row][vc_column][dfd_tta_tour style=&#8221;style-7&#8243; active_section=&#8221;1&#8243;][vc_tta_section title=&#8221;ENEC-IMQ&#8221; tab_id=&#8221;1523482487102-70186543-2c0a&#8221;][vc_row_inner][vc_column_inner width=&#8221;5\/6&#8243;][vc_column_text css=&#8221;&#8221;]<\/p>\n<p style=\"text-align: justify;\">Standard <a href=\"https:\/\/www.itacoilweb.com\/de\/portfolio_category\/50-60-hz-sicherheitstransformatoren\/\">50\/60Hz-Transformatoren<\/a> mit Leistungsgr\u00f6\u00dfen von 1VA, 1.5VA, 2VA und 4.1VA sind mit der <strong>ENEC &#8211; IMQ<\/strong>-Kennzeichnung zertifiziert (Zertifizierung in \u00fcber 20 europ\u00e4ischen L\u00e4ndern anerkannt).<br \/>\nIm Anschluss an die Vereinbarung zwischen den wichtigsten europ\u00e4ischen Zertifizierungsinstituten (ENEC-Abkommen, genehmigt durch den Cenelec-Zeichenausschuss) wurde das ENEC-Zeichen (Europ\u00e4ische, elektrotechnische Zertifizierungsnormung) eingef\u00fchrt.<br \/>\nDieses Zeichen gilt f\u00fcr einige Produktkategorien, darunter Sicherheitstransformatoren. Es wird nur an Hersteller mit einem nach ISO9000 zertifizierten Qualit\u00e4tsmanagementsystem vergeben und wird von den unten aufgef\u00fchrten Stellen formell anerkannt. Es stellt zudem einen zuverl\u00e4ssigen Indikator f\u00fcr die Qualit\u00e4t und Konformit\u00e4t der Produkte dar.<\/p>\n<p>[\/vc_column_text][dfd_spacer screen_wide_spacer_size=&#8221;10&#8243; screen_normal_resolution=&#8221;1024&#8243; screen_tablet_resolution=&#8221;800&#8243; screen_mobile_resolution=&#8221;480&#8243;][\/vc_column_inner][vc_column_inner width=&#8221;1\/6&#8243;][dfd_single_image image=&#8221;762&#8243;][\/vc_column_inner][\/vc_row_inner][vc_row_inner][vc_column_inner width=&#8221;1\/4&#8243;][vc_column_text css=&#8221;&#8221;]<strong>SGS CEBEC<\/strong> &#8211; Belgien<br \/>\n<strong>VDE<\/strong> &#8211; Deutschland<br \/>\n<strong>IMQ<\/strong> &#8211; Italien<br \/>\n<strong>L-IMIF PREDOM<\/strong> &#8211; Polen<br \/>\n<strong>Eurofins<\/strong> &#8211; Schweiz<br \/>\n<strong>EZU<\/strong> &#8211; Tschechische Republik<br \/>\n<strong>BSI<\/strong> &#8211; Vereinigtes K\u00f6nigreich[\/vc_column_text][\/vc_column_inner][vc_column_inner width=&#8221;1\/4&#8243;][vc_column_text css=&#8221;&#8221;]<strong>UL Int. Demko<\/strong> &#8211; D\u00e4nemark<br \/>\n<strong>SGS Fimko<\/strong> &#8211; Finnland<br \/>\n<strong>DEKRA<\/strong> &#8211; Niederlande<br \/>\n<strong>SEP-BBJ<\/strong> &#8211; Polen<br \/>\n<strong>EVPU<\/strong> &#8211; Slowakei<br \/>\n<strong>TSE<\/strong> &#8211; T\u00fcrkei[\/vc_column_text][\/vc_column_inner][vc_column_inner width=&#8221;1\/4&#8243;][vc_column_text css=&#8221;&#8221;]<strong>TRLP<\/strong> &#8211; Deutschland<br \/>\n<strong>BVLCIE<\/strong> &#8211; Frankreich<br \/>\n<strong>NEMKO<\/strong> &#8211; Norwegen<br \/>\n<strong>CERTIF<\/strong> &#8211; Portugal<br \/>\n<strong>SIQ<\/strong> &#8211; Slowenien<br \/>\n<strong>TRI MEEI<\/strong> &#8211; Ungarn[\/vc_column_text][\/vc_column_inner][vc_column_inner width=&#8221;1\/4&#8243;][vc_column_text css=&#8221;&#8221;]<strong>TUV SUD PS<\/strong> &#8211; Deutschland<br \/>\n<strong>MIRTEC<\/strong> &#8211; Griechenland<br \/>\n<strong>OVE<\/strong> &#8211; \u00d6sterreich<br \/>\n<strong>Intertek Semko<\/strong> &#8211; Schweden<br \/>\n<strong>AENOR<\/strong> &#8211; Spanien<br \/>\n<strong>ITCL<\/strong> &#8211; Vereinigtes K\u00f6nigreich[\/vc_column_text][\/vc_column_inner][\/vc_row_inner][dfd_spacer screen_wide_spacer_size=&#8221;10&#8243; screen_normal_resolution=&#8221;1024&#8243; screen_tablet_resolution=&#8221;800&#8243; screen_mobile_resolution=&#8221;480&#8243;][dfd_delimiter delimiter_style=&#8221;dfd-delimiter-with-text&#8221; text_delimiter=&#8221;DOWNLOAD&#8221; title_font_options=&#8221;font_style_bold:1&#8243; undefined=&#8221;&#8221;][dfd_single_image link_object=&#8221;link&#8221; hover_style=&#8221;dfd-image-scale&#8221; image=&#8221;12862&#8243; enable_link=&#8221;yes&#8221; image_ext_link_url=&#8221;https:\/\/www.itacoilweb.com\/files\/dat_unificato.pdf&#8221;][\/vc_tta_section][vc_tta_section title=&#8221;CB&#8221; tab_id=&#8221;1728043268227-2fd4be37-f4f5&#8243;][vc_row_inner][vc_column_inner][vc_column_text css=&#8221;&#8221;]<\/p>\n<p style=\"text-align: justify;\">Der <a href=\"https:\/\/www.itacoilweb.com\/de\/portfolio\/spannungstransformatoren-vt-serie-svl\/\">Spannungstransformator (VT) SVL101201<\/a> ist <strong>CB-zertifiziert<\/strong>.<br \/>\nIm Rahmen des IECEE CB-Zertifizierungssystems (internationales Schema) best\u00e4tigt das von IMQ ausgestellte CB-Zertifikat (CBTC) die Konformit\u00e4t eines elektrischen\/elektronischen Produkts mit IEC-Normen.<br \/>\nBis heute sind die nationalen Zertifizierungsstellen, die dem CB-System beitreten, folgende: Argentinien, Saudi-Arabien, Australien, \u00d6sterreich, Belgien, Brasilien, Bulgarien, Kanada, China, Kolumbien, S\u00fcdkorea, Kroatien, D\u00e4nemark, Vereinigte Arabische Emirate, Russische F\u00f6deration, Finnland, Frankreich, Deutschland, Japan, Griechenland, Indien, Indonesien, Irland, Israel, Italien (IMQ), Kenia, Malaysia, Mexiko, Montenegro, Norwegen, Neuseeland, Niederlande, Pakistan, Polen, Portugal, Vereinigtes K\u00f6nigreich, Tschechische Republik, Rum\u00e4nien, Serbien, Singapur, Slowakei, Slowenien, Spanien, S\u00fcdafrika, Schweden, Schweiz, Thailand, T\u00fcrkei, Ukraine, Ungarn, Uruguay, USA.<\/p>\n<p>[\/vc_column_text][dfd_spacer screen_wide_spacer_size=&#8221;10&#8243; screen_normal_resolution=&#8221;1024&#8243; screen_tablet_resolution=&#8221;800&#8243; screen_mobile_resolution=&#8221;480&#8243;][dfd_delimiter delimiter_style=&#8221;dfd-delimiter-with-text&#8221; text_delimiter=&#8221;DOWNLOAD&#8221; title_font_options=&#8221;font_style_bold:1&#8243;][dfd_spacer screen_wide_spacer_size=&#8221;10&#8243; screen_normal_resolution=&#8221;1024&#8243; screen_tablet_resolution=&#8221;800&#8243; screen_mobile_resolution=&#8221;480&#8243;][vc_column_text css=&#8221;&#8221;]<\/p>\n<p><a href=\"https:\/\/www.itacoilweb.com\/files\/CBTC_IT-IMQ-24951_2024-09-16.pdf\" target=\"_blank\" rel=\"noopener noreferrer\"><img decoding=\"async\" class=\"aligncenter\" src=\"https:\/\/www.itacoilweb.com\/remo\/wp-content\/uploads\/image\/png\/pdf4.png\" alt=\"\" \/><\/a><\/p>\n<p>[\/vc_column_text][dfd_spacer screen_wide_spacer_size=&#8221;181&#8243; screen_normal_resolution=&#8221;1024&#8243; screen_tablet_resolution=&#8221;800&#8243; screen_mobile_resolution=&#8221;480&#8243; tutorials=&#8221;&#8221;][\/vc_column_inner][\/vc_row_inner][\/vc_tta_section][vc_tta_section title=&#8221;UL Recognized&#8221; tab_id=&#8221;1642590696546-5fb70165-0480&#8243;][vc_row_inner][vc_column_inner width=&#8221;5\/6&#8243;][vc_column_text css=&#8221;&#8221;]<\/p>\n<ul>\n<li style=\"text-align: justify;\">Alle Standard-<a href=\"https:\/\/www.itacoilweb.com\/de\/portfolio_category\/llc-lcc-integrierte-resonanz-transformatoren\/\" rel=\"noopener\">LLC-integrierte-Resonanztransformatoren<\/a> sind UL Recognized Components.<\/li>\n<li style=\"text-align: justify;\">Gegebenenfalls und auf Anfrage k\u00f6nnen auch <a href=\"https:\/\/www.itacoilweb.com\/de\/portfolio\/kundenspezifische-produkte\/\" rel=\"noopener\">kundenspezifische Produkte<\/a> als UL Recognized Components geliefert werden.<\/li>\n<\/ul>\n<p>[\/vc_column_text][dfd_spacer screen_wide_spacer_size=&#8221;440&#8243; screen_normal_resolution=&#8221;1024&#8243; screen_tablet_resolution=&#8221;800&#8243; screen_mobile_resolution=&#8221;480&#8243; tutorials=&#8221;&#8221;][\/vc_column_inner][vc_column_inner width=&#8221;1\/6&#8243;][dfd_spacer screen_wide_spacer_size=&#8221;15&#8243; screen_normal_resolution=&#8221;1024&#8243; screen_tablet_resolution=&#8221;800&#8243; screen_mobile_resolution=&#8221;480&#8243;][dfd_single_image image=&#8221;18124&#8243;][\/vc_column_inner][\/vc_row_inner][\/vc_tta_section][vc_tta_section title=&#8221;IEC-EN-UL&#8221; tab_id=&#8221;1523520875821-5c6767ca-fbc6&#8243;][vc_row_inner][vc_column_inner][vc_column_text css=&#8221;&#8221;]<\/p>\n<ul>\n<li style=\"text-align: justify;\">Falls erforderlich, werden unsere Produkte nach den g\u00e4ngigsten <strong>IEC-EN-UL<\/strong>-Normen konzipiert.<\/li>\n<li style=\"text-align: justify;\">Bei nicht zertifizierten Produkten unterst\u00fctzen wir unsere Kunden w\u00e4hrend des Homologationsverfahrens ihrer Endanwendungen und stellen den Normungsgremien die erforderlichen Informationen zur Verf\u00fcgung.<\/li>\n<\/ul>\n<p>[\/vc_column_text][dfd_spacer screen_wide_spacer_size=&#8221;440&#8243; screen_normal_resolution=&#8221;1024&#8243; screen_tablet_resolution=&#8221;800&#8243; screen_mobile_resolution=&#8221;480&#8243; tutorials=&#8221;&#8221;][\/vc_column_inner][\/vc_row_inner][\/vc_tta_section][\/dfd_tta_tour][dfd_spacer screen_wide_spacer_size=&#8221;30&#8243; screen_normal_resolution=&#8221;1024&#8243; screen_tablet_resolution=&#8221;800&#8243; screen_mobile_resolution=&#8221;480&#8243;][vc_row_inner][vc_column_inner width=&#8221;1\/4&#8243;][\/vc_column_inner][vc_column_inner width=&#8221;1\/2&#8243;][dfd_delimiter delimiter_style=&#8221;dfd-delimiter-with-text&#8221; text_delimiter=&#8221;Siehe auch&#8221; title_font_options=&#8221;font_size:20|font_style_bold:1&#8243;][dfd_spacer screen_wide_spacer_size=&#8221;30&#8243; screen_normal_resolution=&#8221;1024&#8243; screen_tablet_resolution=&#8221;800&#8243; screen_mobile_resolution=&#8221;480&#8243;][vc_column_text]<\/p>\n<p style=\"text-align: center;\"><a href=\"https:\/\/www.itacoilweb.com\/de\/forschung-und-entwicklung\/\" rel=\"noopener\">Forschung und Entwicklung<\/a><\/p>\n<p style=\"text-align: center;\"><a href=\"https:\/\/www.itacoilweb.com\/de\/qualitaet\/\" rel=\"noopener\">Qualit\u00e4t<\/a><\/p>\n<p style=\"text-align: center;\"><a href=\"https:\/\/www.itacoilweb.com\/de\/einhaltung-gesetzlicher-bestimmungen\/\" rel=\"noopener\">Einhaltung gesetzlicher Bestimmungen<\/a><\/p>\n<p>[\/vc_column_text][\/vc_column_inner][vc_column_inner width=&#8221;1\/4&#8243;][\/vc_column_inner][\/vc_row_inner][\/vc_column][\/vc_row][vc_row][vc_column][dfd_spacer screen_wide_spacer_size=&#8221;50&#8243; screen_normal_resolution=&#8221;1024&#8243; screen_tablet_resolution=&#8221;800&#8243; screen_mobile_resolution=&#8221;480&#8243;][\/vc_column][\/vc_row]<\/p>\n<\/div>","protected":false},"excerpt":{"rendered":"<p>[vc_row][vc_column][dfd_heading style=&#8221;style_11&#8243; subtitle=&#8221;&#8221; delimiter_settings=&#8221;delimiter_style:solid|delimiter_width:80|delimiter_height:1&#8243; undefined=&#8221;&#8221; title_font_options=&#8221;tag:h2&#8243; subtitle_font_options=&#8221;tag:div&#8221;] Produktzertifizierungen [\/dfd_heading][dfd_spacer screen_wide_spacer_size=&#8221;50&#8243; screen_normal_resolution=&#8221;1024&#8243; screen_tablet_resolution=&#8221;800&#8243; screen_mobile_resolution=&#8221;480&#8243;][\/vc_column][\/vc_row][vc_row][vc_column][dfd_tta_tour style=&#8221;style-7&#8243; active_section=&#8221;1&#8243;][vc_tta_section title=&#8221;ENEC-IMQ&#8221; tab_id=&#8221;1523482487102-70186543-2c0a&#8221;][vc_row_inner][vc_column_inner width=&#8221;5\/6&#8243;][vc_column_text css=&#8221;&#8221;] Standard 50\/60Hz-Transformatoren mit Leistungsgr\u00f6\u00dfen von 1VA, 1.5VA, 2VA und 4.1VA sind<\/p>\n","protected":false},"author":10,"featured_media":17178,"parent":0,"menu_order":52,"comment_status":"closed","ping_status":"closed","template":"","meta":{"footnotes":""},"class_list":["post-14939","page","type-page","status-publish","has-post-thumbnail","hentry"],"yoast_head":"<!-- This site is optimized with the Yoast SEO Premium plugin v27.3 (Yoast SEO v27.4) - https:\/\/yoast.com\/product\/yoast-seo-premium-wordpress\/ -->\n<title>Produktzertifizierungen - ITACOIL transformers<\/title>\n<meta name=\"description\" content=\"Standardleistungsgr\u00f6\u00dfen von 1VA, 1,5 VA und 2VA mit ENEC - IMQ-Kennzeichnung zertifiziert. Entwurf gem\u00e4\u00df IEC-EN-UL-Normen, falls erforderlich.\" \/>\n<meta name=\"robots\" content=\"noindex, follow\" \/>\n<meta property=\"og:locale\" content=\"de_DE\" \/>\n<meta property=\"og:type\" content=\"article\" \/>\n<meta property=\"og:title\" content=\"Produktzertifizierungen\" \/>\n<meta property=\"og:description\" content=\"Standardleistungsgr\u00f6\u00dfen von 1VA, 1,5 VA und 2VA mit ENEC - IMQ-Kennzeichnung zertifiziert. Entwurf gem\u00e4\u00df IEC-EN-UL-Normen, falls erforderlich.\" \/>\n<meta property=\"og:url\" content=\"https:\/\/www.itacoilweb.com\/de\/produktzertifizierungen\/\" \/>\n<meta property=\"og:site_name\" content=\"ITACOIL transformers\" \/>\n<meta property=\"article:modified_time\" content=\"2024-10-04T12:19:01+00:00\" \/>\n<meta property=\"og:image\" content=\"https:\/\/www.itacoilweb.com\/remo\/wp-content\/uploads\/image\/jpeg\/conformit\u00e0.jpg\" \/>\n\t<meta property=\"og:image:width\" content=\"600\" \/>\n\t<meta property=\"og:image:height\" content=\"450\" \/>\n\t<meta property=\"og:image:type\" content=\"image\/jpeg\" \/>\n<meta name=\"twitter:label1\" content=\"Est. reading time\" \/>\n\t<meta name=\"twitter:data1\" content=\"3 minutes\" \/>\n<script type=\"application\/ld+json\" class=\"yoast-schema-graph\">{\"@context\":\"https:\\\/\\\/schema.org\",\"@graph\":[{\"@type\":\"WebPage\",\"@id\":\"https:\\\/\\\/www.itacoilweb.com\\\/de\\\/produktzertifizierungen\\\/\",\"url\":\"https:\\\/\\\/www.itacoilweb.com\\\/de\\\/produktzertifizierungen\\\/\",\"name\":\"Produktzertifizierungen - ITACOIL transformers\",\"isPartOf\":{\"@id\":\"https:\\\/\\\/www.itacoilweb.com\\\/de\\\/#website\"},\"primaryImageOfPage\":{\"@id\":\"https:\\\/\\\/www.itacoilweb.com\\\/de\\\/produktzertifizierungen\\\/#primaryimage\"},\"image\":{\"@id\":\"https:\\\/\\\/www.itacoilweb.com\\\/de\\\/produktzertifizierungen\\\/#primaryimage\"},\"thumbnailUrl\":\"https:\\\/\\\/www.itacoilweb.com\\\/remo\\\/wp-content\\\/uploads\\\/image\\\/jpeg\\\/conformit\u00e0.jpg\",\"datePublished\":\"2020-02-25T08:51:28+00:00\",\"dateModified\":\"2024-10-04T12:19:01+00:00\",\"description\":\"Standardleistungsgr\u00f6\u00dfen von 1VA, 1,5 VA und 2VA mit ENEC - IMQ-Kennzeichnung zertifiziert. Entwurf gem\u00e4\u00df IEC-EN-UL-Normen, falls erforderlich.\",\"breadcrumb\":{\"@id\":\"https:\\\/\\\/www.itacoilweb.com\\\/de\\\/produktzertifizierungen\\\/#breadcrumb\"},\"inLanguage\":\"de-DE\",\"potentialAction\":[{\"@type\":\"ReadAction\",\"target\":[\"https:\\\/\\\/www.itacoilweb.com\\\/de\\\/produktzertifizierungen\\\/\"]}]},{\"@type\":\"ImageObject\",\"inLanguage\":\"de-DE\",\"@id\":\"https:\\\/\\\/www.itacoilweb.com\\\/de\\\/produktzertifizierungen\\\/#primaryimage\",\"url\":\"https:\\\/\\\/www.itacoilweb.com\\\/remo\\\/wp-content\\\/uploads\\\/image\\\/jpeg\\\/conformit\u00e0.jpg\",\"contentUrl\":\"https:\\\/\\\/www.itacoilweb.com\\\/remo\\\/wp-content\\\/uploads\\\/image\\\/jpeg\\\/conformit\u00e0.jpg\",\"width\":600,\"height\":450,\"caption\":\"Itacoil product certification\"},{\"@type\":\"BreadcrumbList\",\"@id\":\"https:\\\/\\\/www.itacoilweb.com\\\/de\\\/produktzertifizierungen\\\/#breadcrumb\",\"itemListElement\":[{\"@type\":\"ListItem\",\"position\":1,\"name\":\"Home\",\"item\":\"https:\\\/\\\/www.itacoilweb.com\\\/de\\\/\"},{\"@type\":\"ListItem\",\"position\":2,\"name\":\"Produktzertifizierungen\"}]},{\"@type\":\"WebSite\",\"@id\":\"https:\\\/\\\/www.itacoilweb.com\\\/de\\\/#website\",\"url\":\"https:\\\/\\\/www.itacoilweb.com\\\/de\\\/\",\"name\":\"ITACOIL transformers\",\"description\":\"PCB transformers and Inductors\",\"publisher\":{\"@id\":\"https:\\\/\\\/www.itacoilweb.com\\\/de\\\/#organization\"},\"potentialAction\":[{\"@type\":\"SearchAction\",\"target\":{\"@type\":\"EntryPoint\",\"urlTemplate\":\"https:\\\/\\\/www.itacoilweb.com\\\/de\\\/?s={search_term_string}\"},\"query-input\":{\"@type\":\"PropertyValueSpecification\",\"valueRequired\":true,\"valueName\":\"search_term_string\"}}],\"inLanguage\":\"de-DE\"},{\"@type\":\"Organization\",\"@id\":\"https:\\\/\\\/www.itacoilweb.com\\\/de\\\/#organization\",\"name\":\"ITACOIL Transformers\",\"url\":\"https:\\\/\\\/www.itacoilweb.com\\\/de\\\/\",\"logo\":{\"@type\":\"ImageObject\",\"inLanguage\":\"de-DE\",\"@id\":\"https:\\\/\\\/www.itacoilweb.com\\\/de\\\/#\\\/schema\\\/logo\\\/image\\\/\",\"url\":\"https:\\\/\\\/www.itacoilweb.com\\\/remo\\\/wp-content\\\/uploads\\\/image\\\/png\\\/ITACOIL-logo2018-RTG-48.png\",\"contentUrl\":\"https:\\\/\\\/www.itacoilweb.com\\\/remo\\\/wp-content\\\/uploads\\\/image\\\/png\\\/ITACOIL-logo2018-RTG-48.png\",\"width\":151,\"height\":48,\"caption\":\"ITACOIL Transformers\"},\"image\":{\"@id\":\"https:\\\/\\\/www.itacoilweb.com\\\/de\\\/#\\\/schema\\\/logo\\\/image\\\/\"},\"sameAs\":[\"https:\\\/\\\/www.linkedin.com\\\/company\\\/itacoil\\\/\",\"https:\\\/\\\/www.youtube.com\\\/user\\\/ITACOILtrasformatori\"]}]}<\/script>\n<!-- \/ Yoast SEO Premium plugin. -->","yoast_head_json":{"title":"Produktzertifizierungen - ITACOIL transformers","description":"Standardleistungsgr\u00f6\u00dfen von 1VA, 1,5 VA und 2VA mit ENEC - IMQ-Kennzeichnung zertifiziert. Entwurf gem\u00e4\u00df IEC-EN-UL-Normen, falls erforderlich.","robots":{"index":"noindex","follow":"follow"},"og_locale":"de_DE","og_type":"article","og_title":"Produktzertifizierungen","og_description":"Standardleistungsgr\u00f6\u00dfen von 1VA, 1,5 VA und 2VA mit ENEC - IMQ-Kennzeichnung zertifiziert. Entwurf gem\u00e4\u00df IEC-EN-UL-Normen, falls erforderlich.","og_url":"https:\/\/www.itacoilweb.com\/de\/produktzertifizierungen\/","og_site_name":"ITACOIL transformers","article_modified_time":"2024-10-04T12:19:01+00:00","og_image":[{"width":600,"height":450,"url":"https:\/\/www.itacoilweb.com\/remo\/wp-content\/uploads\/image\/jpeg\/conformit\u00e0.jpg","type":"image\/jpeg"}],"twitter_misc":{"Est. reading time":"3 minutes"},"schema":{"@context":"https:\/\/schema.org","@graph":[{"@type":"WebPage","@id":"https:\/\/www.itacoilweb.com\/de\/produktzertifizierungen\/","url":"https:\/\/www.itacoilweb.com\/de\/produktzertifizierungen\/","name":"Produktzertifizierungen - ITACOIL transformers","isPartOf":{"@id":"https:\/\/www.itacoilweb.com\/de\/#website"},"primaryImageOfPage":{"@id":"https:\/\/www.itacoilweb.com\/de\/produktzertifizierungen\/#primaryimage"},"image":{"@id":"https:\/\/www.itacoilweb.com\/de\/produktzertifizierungen\/#primaryimage"},"thumbnailUrl":"https:\/\/www.itacoilweb.com\/remo\/wp-content\/uploads\/image\/jpeg\/conformit\u00e0.jpg","datePublished":"2020-02-25T08:51:28+00:00","dateModified":"2024-10-04T12:19:01+00:00","description":"Standardleistungsgr\u00f6\u00dfen von 1VA, 1,5 VA und 2VA mit ENEC - IMQ-Kennzeichnung zertifiziert. Entwurf gem\u00e4\u00df IEC-EN-UL-Normen, falls erforderlich.","breadcrumb":{"@id":"https:\/\/www.itacoilweb.com\/de\/produktzertifizierungen\/#breadcrumb"},"inLanguage":"de-DE","potentialAction":[{"@type":"ReadAction","target":["https:\/\/www.itacoilweb.com\/de\/produktzertifizierungen\/"]}]},{"@type":"ImageObject","inLanguage":"de-DE","@id":"https:\/\/www.itacoilweb.com\/de\/produktzertifizierungen\/#primaryimage","url":"https:\/\/www.itacoilweb.com\/remo\/wp-content\/uploads\/image\/jpeg\/conformit\u00e0.jpg","contentUrl":"https:\/\/www.itacoilweb.com\/remo\/wp-content\/uploads\/image\/jpeg\/conformit\u00e0.jpg","width":600,"height":450,"caption":"Itacoil product certification"},{"@type":"BreadcrumbList","@id":"https:\/\/www.itacoilweb.com\/de\/produktzertifizierungen\/#breadcrumb","itemListElement":[{"@type":"ListItem","position":1,"name":"Home","item":"https:\/\/www.itacoilweb.com\/de\/"},{"@type":"ListItem","position":2,"name":"Produktzertifizierungen"}]},{"@type":"WebSite","@id":"https:\/\/www.itacoilweb.com\/de\/#website","url":"https:\/\/www.itacoilweb.com\/de\/","name":"ITACOIL transformers","description":"PCB transformers and Inductors","publisher":{"@id":"https:\/\/www.itacoilweb.com\/de\/#organization"},"potentialAction":[{"@type":"SearchAction","target":{"@type":"EntryPoint","urlTemplate":"https:\/\/www.itacoilweb.com\/de\/?s={search_term_string}"},"query-input":{"@type":"PropertyValueSpecification","valueRequired":true,"valueName":"search_term_string"}}],"inLanguage":"de-DE"},{"@type":"Organization","@id":"https:\/\/www.itacoilweb.com\/de\/#organization","name":"ITACOIL Transformers","url":"https:\/\/www.itacoilweb.com\/de\/","logo":{"@type":"ImageObject","inLanguage":"de-DE","@id":"https:\/\/www.itacoilweb.com\/de\/#\/schema\/logo\/image\/","url":"https:\/\/www.itacoilweb.com\/remo\/wp-content\/uploads\/image\/png\/ITACOIL-logo2018-RTG-48.png","contentUrl":"https:\/\/www.itacoilweb.com\/remo\/wp-content\/uploads\/image\/png\/ITACOIL-logo2018-RTG-48.png","width":151,"height":48,"caption":"ITACOIL Transformers"},"image":{"@id":"https:\/\/www.itacoilweb.com\/de\/#\/schema\/logo\/image\/"},"sameAs":["https:\/\/www.linkedin.com\/company\/itacoil\/","https:\/\/www.youtube.com\/user\/ITACOILtrasformatori"]}]}},"_links":{"self":[{"href":"https:\/\/www.itacoilweb.com\/de\/wp-json\/wp\/v2\/pages\/14939","targetHints":{"allow":["GET"]}}],"collection":[{"href":"https:\/\/www.itacoilweb.com\/de\/wp-json\/wp\/v2\/pages"}],"about":[{"href":"https:\/\/www.itacoilweb.com\/de\/wp-json\/wp\/v2\/types\/page"}],"author":[{"embeddable":true,"href":"https:\/\/www.itacoilweb.com\/de\/wp-json\/wp\/v2\/users\/10"}],"replies":[{"embeddable":true,"href":"https:\/\/www.itacoilweb.com\/de\/wp-json\/wp\/v2\/comments?post=14939"}],"version-history":[{"count":23,"href":"https:\/\/www.itacoilweb.com\/de\/wp-json\/wp\/v2\/pages\/14939\/revisions"}],"predecessor-version":[{"id":18305,"href":"https:\/\/www.itacoilweb.com\/de\/wp-json\/wp\/v2\/pages\/14939\/revisions\/18305"}],"wp:featuredmedia":[{"embeddable":true,"href":"https:\/\/www.itacoilweb.com\/de\/wp-json\/wp\/v2\/media\/17178"}],"wp:attachment":[{"href":"https:\/\/www.itacoilweb.com\/de\/wp-json\/wp\/v2\/media?parent=14939"}],"curies":[{"name":"wp","href":"https:\/\/api.w.org\/{rel}","templated":true}]}}