{"id":14931,"date":"2020-02-25T09:51:17","date_gmt":"2020-02-25T08:51:17","guid":{"rendered":"https:\/\/www.itacoilweb.com\/erneuerbare-energie\/"},"modified":"2026-05-06T09:13:10","modified_gmt":"2026-05-06T07:13:10","slug":"umweltvertraglichkeit","status":"publish","type":"page","link":"https:\/\/www.itacoilweb.com\/de\/umweltvertraglichkeit\/","title":{"rendered":"Umweltvertr\u00e4glichkeit"},"content":{"rendered":"<div class=\"wpb-content-wrapper\"><p>[vc_row][vc_column][dfd_heading style=&#8221;style_11&#8243; subtitle=&#8221;&#8221; delimiter_settings=&#8221;delimiter_style:solid|delimiter_width:80|delimiter_height:1&#8243; undefined=&#8221;&#8221; title_font_options=&#8221;tag:h2&#8243; subtitle_font_options=&#8221;tag:div&#8221;]<\/p>\n<h4>Umweltvertr\u00e4glichkeit<\/h4>\n<p>[\/dfd_heading][dfd_spacer screen_wide_spacer_size=&#8221;70&#8243; screen_normal_resolution=&#8221;1024&#8243; screen_tablet_resolution=&#8221;800&#8243; screen_mobile_resolution=&#8221;480&#8243;][vc_column_text css=&#8221;&#8221;]<\/p>\n<p style=\"text-align: justify;\">Wir b\u00fcndeln unseren Innovationsgeist in der Entwicklung von Technologien, die darauf ausgerichtet sind, unsere Umweltauswirkungen zu reduzieren. Jede Initiative, ob gro\u00df oder klein, tr\u00e4gt zu einem \u00fcbergeordneten Ziel bei.<\/p>\n<p style=\"text-align: justify;\">Hier sind einige konkrete Beispiele unserer Initiativen:<\/p>\n<p>[\/vc_column_text][vc_column_text css=&#8221;&#8221;]<\/p>\n<ul>\n<li class=\"whitespace-normal break-words pl-2\"><strong>Energieeinsparungen<\/strong>: Wir implementieren Strategien zur Reduzierung des Energieverbrauchs.<\/li>\n<li class=\"whitespace-normal break-words pl-2\"><strong>Erneuerbare Quellen<\/strong>: Wir verpflichten uns, ausschlie\u00dflich Energie aus erneuerbaren Quellen zu nutzen.<\/li>\n<li class=\"whitespace-normal break-words pl-2\"><strong>Umweltfreundliche Fahrzeuge<\/strong>: Wir unterst\u00fctzen die Nutzung von Elektro- oder Hybridfahrzeugen durch die Installation von Ladestationen.<\/li>\n<li class=\"whitespace-normal break-words pl-2\"><strong>Digitalisierung<\/strong>: Wir ersetzen in allen m\u00f6glichen Anwendungen \u2013 sowohl intern als auch extern \u2013 die Verwendung von Papier durch computergest\u00fctzte L\u00f6sungen.<\/li>\n<li class=\"whitespace-normal break-words pl-2\"><strong>Umweltfreundliche Prozesse<\/strong>: Wir erforschen neue Produktionsmethoden, die auf eine minimale Umweltbelastung ausgerichtet sind.<\/li>\n<li class=\"whitespace-normal break-words pl-2\"><strong>Verantwortungsvolle Chemikalien<\/strong>: Wo m\u00f6glich, w\u00e4hlen wir Chemikalien mit geringer Umweltbelastung aus.<\/li>\n<\/ul>\n<p>[\/vc_column_text][dfd_spacer screen_wide_spacer_size=&#8221;80&#8243; screen_normal_resolution=&#8221;1024&#8243; screen_tablet_resolution=&#8221;800&#8243; screen_mobile_resolution=&#8221;480&#8243;][vc_column_text css=&#8221;&#8221;]<span style=\"font-size: 14pt;\"><strong>Projekt \u201eEnergieeffizienz\u201c 2022-2023<\/strong><\/span>[\/vc_column_text][dfd_spacer screen_wide_spacer_size=&#8221;30&#8243; screen_normal_resolution=&#8221;1024&#8243; screen_tablet_resolution=&#8221;800&#8243; screen_mobile_resolution=&#8221;480&#8243;][vc_row_inner][vc_column_inner width=&#8221;1\/4&#8243;][dfd_spacer screen_wide_spacer_size=&#8221;20&#8243; screen_normal_resolution=&#8221;1024&#8243; screen_tablet_resolution=&#8221;800&#8243; screen_mobile_resolution=&#8221;480&#8243;][dfd_single_image image=&#8221;19280&#8243;][dfd_spacer screen_wide_spacer_size=&#8221;20&#8243; screen_normal_resolution=&#8221;1024&#8243; screen_tablet_resolution=&#8221;800&#8243; screen_mobile_resolution=&#8221;480&#8243;][\/vc_column_inner][vc_column_inner width=&#8221;3\/4&#8243;][vc_column_text css=&#8221;&#8221;]<strong>Beschreibung<\/strong>[\/vc_column_text][dfd_spacer screen_wide_spacer_size=&#8221;20&#8243; screen_normal_resolution=&#8221;1024&#8243; screen_tablet_resolution=&#8221;800&#8243; screen_mobile_resolution=&#8221;480&#8243;][vc_column_text css=&#8221;&#8221;]<\/p>\n<p style=\"text-align: justify;\">Dieses Projekt fand an unserem Hauptsitz statt und umfasste:<\/p>\n<ul>\n<li style=\"text-align: justify;\"><em>Optimierung der Druckluft<\/em>: Austausch des Kompressors und des Luftentfeuchters durch hocheffiziente Einheiten und Erneuerung des Verteilungssystems, um Leckageverluste zu eliminieren.<\/li>\n<li style=\"text-align: justify;\"><em>Beleuchtungsverbesserung<\/em>: Austausch von Neonr\u00f6hren durch LED-R\u00f6hren f\u00fcr eine effizientere Beleuchtung.<\/li>\n<li style=\"text-align: justify;\"><em>Photovoltaik-Energie<\/em>: Verdoppelung der Kapazit\u00e4t unserer Photovoltaikanlage.<\/li>\n<\/ul>\n<p>[\/vc_column_text][\/vc_column_inner][\/vc_row_inner][dfd_spacer screen_wide_spacer_size=&#8221;30&#8243; screen_normal_resolution=&#8221;1024&#8243; screen_tablet_resolution=&#8221;800&#8243; screen_mobile_resolution=&#8221;480&#8243;][vc_column_text css=&#8221;&#8221;]<strong>Ziel<\/strong>[\/vc_column_text][dfd_spacer screen_wide_spacer_size=&#8221;20&#8243; screen_normal_resolution=&#8221;1024&#8243; screen_tablet_resolution=&#8221;800&#8243; screen_mobile_resolution=&#8221;480&#8243;][vc_column_text css=&#8221;&#8221;]<\/p>\n<p style=\"text-align: justify;\">Das Hauptziel dieses Projekts ist es, die Umweltauswirkungen unseres Hauptsitzes deutlich zu reduzieren, indem der Energieverbrauch gesenkt und die Produktion sauberer Energie erh\u00f6ht wird.<\/p>\n<p>[\/vc_column_text][dfd_spacer screen_wide_spacer_size=&#8221;30&#8243; screen_normal_resolution=&#8221;1024&#8243; screen_tablet_resolution=&#8221;800&#8243; screen_mobile_resolution=&#8221;480&#8243;][vc_column_text css=&#8221;&#8221;]<strong>Ergebnisse<\/strong>[\/vc_column_text][dfd_spacer screen_wide_spacer_size=&#8221;20&#8243; screen_normal_resolution=&#8221;1024&#8243; screen_tablet_resolution=&#8221;800&#8243; screen_mobile_resolution=&#8221;480&#8243;][vc_column_text css=&#8221;&#8221;]<\/p>\n<p style=\"text-align: justify;\">Dank dieser Verbesserungen haben wir den j\u00e4hrlichen Energieverbrauch um 32,3% reduziert, was 4,08 T\u00d6E (Tonnen \u00d6leinheiten) entspricht.<\/p>\n<p style=\"text-align: justify;\">Unsere erweiterte Photovoltaikanlage erm\u00f6glicht es uns, \u00fcber das Jahr hinweg eine positive Nettoenergiebilanz zu erzielen: Die erzeugte saubere Energie \u00fcbersteigt unseren gesamten j\u00e4hrlichen Bedarf und erbringt einen Umweltnutzen von 22 T\u00d6E.<\/p>\n<p>[\/vc_column_text][dfd_single_image image=&#8221;19286&#8243;][vc_column_text css=&#8221;&#8221;]<span style=\"font-size: 14pt;\"><strong>ITACOIL verwendet zertifizierte erneuerbare Energie<br \/>\n<\/strong><\/span>[\/vc_column_text][dfd_spacer screen_wide_spacer_size=&#8221;30&#8243; screen_normal_resolution=&#8221;1024&#8243; screen_tablet_resolution=&#8221;800&#8243; screen_mobile_resolution=&#8221;480&#8243;][vc_column_text css=&#8221;&#8221;]<\/p>\n<p style=\"text-align: justify;\">Jeder Energiebedarf, der nicht durch unsere Photovoltaikanlage gedeckt wird, wird durch den ausschlie\u00dflichen Bezug von Strom aus erneuerbaren Quellen gedeckt, die im Rahmen des europ\u00e4ischen Zertifizierungssystems f\u00fcr erneuerbare Energien (RECS \u2013 Renewable Energy Certificate System) zertifiziert sind.<\/p>\n<p style=\"text-align: justify;\">Dies stellt sicher, dass unsere externe Versorgung vollst\u00e4ndig mit unserem Engagement f\u00fcr einen geringen Umwelteinfluss \u00fcbereinstimmt.<\/p>\n<p>[\/vc_column_text][dfd_spacer screen_wide_spacer_size=&#8221;20&#8243; screen_normal_resolution=&#8221;1024&#8243; screen_tablet_resolution=&#8221;800&#8243; screen_mobile_resolution=&#8221;480&#8243;][vc_row_inner][vc_column_inner width=&#8221;1\/4&#8243;][dfd_single_image image=&#8221;19283&#8243;][dfd_spacer screen_wide_spacer_size=&#8221;20&#8243; screen_normal_resolution=&#8221;1024&#8243; screen_tablet_resolution=&#8221;800&#8243; screen_mobile_resolution=&#8221;480&#8243;][\/vc_column_inner][vc_column_inner width=&#8221;3\/4&#8243;][vc_column_text css=&#8221;&#8221;]<\/p>\n<p style=\"text-align: justify;\">Wir sind stolz darauf, mit <a href=\"https:\/\/www.lifegate.com\/\" target=\"_blank\" rel=\"noopener\"><strong>Lifegate SpA<\/strong><\/a>, einem zertifizierten Partner, zusammenzuarbeiten, um sicherzustellen, dass die von uns genutzte Energie aus erneuerbaren und umweltfreundlichen Quellen stammt.<\/p>\n<p>[\/vc_column_text][\/vc_column_inner][\/vc_row_inner][dfd_spacer screen_wide_spacer_size=&#8221;30&#8243; screen_normal_resolution=&#8221;1024&#8243; screen_tablet_resolution=&#8221;800&#8243; screen_mobile_resolution=&#8221;480&#8243;][vc_row_inner][vc_column_inner width=&#8221;1\/4&#8243;][\/vc_column_inner][vc_column_inner width=&#8221;1\/2&#8243;][dfd_delimiter delimiter_style=&#8221;dfd-delimiter-with-text&#8221; text_delimiter=&#8221;ZERTIFIKATE ANZEIGEN&#8221; undefined=&#8221;&#8221; title_font_options=&#8221;font_style_bold:1&#8243;][\/vc_column_inner][vc_column_inner width=&#8221;1\/4&#8243;][\/vc_column_inner][\/vc_row_inner][\/vc_column][\/vc_row][vc_row][vc_column width=&#8221;1\/4&#8243;][\/vc_column][vc_column width=&#8221;1\/4&#8243;][vc_column_text]<\/p>\n<p style=\"text-align: center;\"><a href=\"https:\/\/www.itacoilweb.com\/files\/lifegate.pdf\" target=\"_blank\" rel=\"noopener noreferrer\"><img decoding=\"async\" src=\"https:\/\/www.itacoilweb.com\/remo\/wp-content\/uploads\/2016\/10\/lifepic.jpg\" alt=\"\" \/><\/a><\/p>\n<p>[\/vc_column_text][\/vc_column][vc_column width=&#8221;1\/4&#8243;][vc_column_text]<\/p>\n<p style=\"text-align: center;\"><a href=\"https:\/\/www.itacoilweb.com\/files\/impattozero.pdf\" target=\"_blank\" rel=\"noopener noreferrer\"><img loading=\"lazy\" decoding=\"async\" class=\"alignnone\" src=\"https:\/\/www.itacoilweb.com\/remo\/wp-content\/uploads\/2016\/10\/impattozeropic.jpg\" alt=\"\" width=\"93\" height=\"126\" \/><\/a><\/p>\n<p>[\/vc_column_text][\/vc_column][vc_column width=&#8221;1\/4&#8243;][\/vc_column][\/vc_row][vc_row][vc_column][dfd_spacer screen_wide_spacer_size=&#8221;100&#8243; screen_normal_resolution=&#8221;1024&#8243; screen_tablet_resolution=&#8221;800&#8243; screen_mobile_resolution=&#8221;480&#8243;][\/vc_column][\/vc_row][vc_row][vc_column width=&#8221;1\/4&#8243;][\/vc_column][vc_column width=&#8221;1\/2&#8243;][dfd_delimiter delimiter_style=&#8221;dfd-delimiter-with-text&#8221; text_delimiter=&#8221;Siehe auch&#8221; title_font_options=&#8221;font_size:20|font_style_bold:1&#8243;][dfd_spacer screen_wide_spacer_size=&#8221;20&#8243; screen_normal_resolution=&#8221;1024&#8243; screen_tablet_resolution=&#8221;800&#8243; screen_mobile_resolution=&#8221;480&#8243;][vc_column_text css=&#8221;&#8221;]<\/p>\n<p style=\"text-align: center;\"><a href=\"https:\/\/www.itacoilweb.com\/de\/ueber-uns\/\" rel=\"noopener\">\u00dcber uns<\/a><\/p>\n<p style=\"text-align: center;\"><a href=\"https:\/\/www.itacoilweb.com\/de\/innovation\/\" rel=\"noopener\">Innovation<\/a><\/p>\n<p style=\"text-align: center;\"><a href=\"https:\/\/www.itacoilweb.com\/de\/firmengeschichte\/\" rel=\"noopener\">Firmengeschichte<\/a><\/p>\n<p style=\"text-align: center;\"><a href=\"https:\/\/www.itacoilweb.com\/de\/whistleblowing\/\">Whistleblowing<\/a><\/p>\n<p>[\/vc_column_text][\/vc_column][vc_column width=&#8221;1\/4&#8243;][\/vc_column][\/vc_row][vc_row][vc_column][dfd_spacer screen_wide_spacer_size=&#8221;30&#8243; screen_normal_resolution=&#8221;1024&#8243; screen_tablet_resolution=&#8221;800&#8243; screen_mobile_resolution=&#8221;480&#8243;][\/vc_column][\/vc_row]<\/p>\n<\/div>","protected":false},"excerpt":{"rendered":"<p>[vc_row][vc_column][dfd_heading style=&#8221;style_11&#8243; subtitle=&#8221;&#8221; delimiter_settings=&#8221;delimiter_style:solid|delimiter_width:80|delimiter_height:1&#8243; undefined=&#8221;&#8221; title_font_options=&#8221;tag:h2&#8243; subtitle_font_options=&#8221;tag:div&#8221;] Umweltvertr\u00e4glichkeit [\/dfd_heading][dfd_spacer screen_wide_spacer_size=&#8221;70&#8243; screen_normal_resolution=&#8221;1024&#8243; screen_tablet_resolution=&#8221;800&#8243; screen_mobile_resolution=&#8221;480&#8243;][vc_column_text css=&#8221;&#8221;] Wir b\u00fcndeln unseren Innovationsgeist in der Entwicklung von Technologien, die darauf ausgerichtet sind, unsere Umweltauswirkungen zu<\/p>\n","protected":false},"author":10,"featured_media":17153,"parent":0,"menu_order":61,"comment_status":"closed","ping_status":"closed","template":"","meta":{"footnotes":""},"class_list":["post-14931","page","type-page","status-publish","has-post-thumbnail","hentry"],"yoast_head":"<!-- This site is optimized with the Yoast SEO Premium plugin v27.3 (Yoast SEO v27.6) - https:\/\/yoast.com\/product\/yoast-seo-premium-wordpress\/ -->\n<title>Umweltvertr\u00e4glichkeit - ITACOIL transformers<\/title>\n<meta name=\"description\" content=\"Wir b\u00fcndeln unseren Innovationsgeist in der Entwicklung von Technologien, die darauf ausgerichtet sind, unsere Umweltauswirkungen zu reduzieren.\" \/>\n<meta name=\"robots\" content=\"index, nofollow, max-snippet:-1, max-image-preview:large, max-video-preview:-1\" \/>\n<link rel=\"canonical\" href=\"https:\/\/www.itacoilweb.com\/de\/umweltvertraglichkeit\/\" \/>\n<meta property=\"og:locale\" content=\"de_DE\" \/>\n<meta property=\"og:type\" content=\"article\" \/>\n<meta property=\"og:title\" content=\"Umweltvertr\u00e4glichkeit\" \/>\n<meta property=\"og:description\" content=\"Wir b\u00fcndeln unseren Innovationsgeist in der Entwicklung von Technologien, die darauf ausgerichtet sind, unsere Umweltauswirkungen zu reduzieren.\" \/>\n<meta property=\"og:url\" content=\"https:\/\/www.itacoilweb.com\/de\/umweltvertraglichkeit\/\" \/>\n<meta property=\"og:site_name\" content=\"ITACOIL transformers\" \/>\n<meta property=\"article:modified_time\" content=\"2026-05-06T07:13:10+00:00\" \/>\n<meta property=\"og:image\" content=\"https:\/\/www.itacoilweb.com\/remo\/wp-content\/uploads\/image\/jpeg\/energia2.jpg\" \/>\n\t<meta property=\"og:image:width\" content=\"600\" \/>\n\t<meta property=\"og:image:height\" content=\"400\" \/>\n\t<meta property=\"og:image:type\" content=\"image\/jpeg\" \/>\n<meta name=\"twitter:label1\" content=\"Est. reading time\" \/>\n\t<meta name=\"twitter:data1\" content=\"4 minutes\" \/>\n<script type=\"application\/ld+json\" class=\"yoast-schema-graph\">{\"@context\":\"https:\\\/\\\/schema.org\",\"@graph\":[{\"@type\":\"WebPage\",\"@id\":\"https:\\\/\\\/www.itacoilweb.com\\\/de\\\/umweltvertraglichkeit\\\/\",\"url\":\"https:\\\/\\\/www.itacoilweb.com\\\/de\\\/umweltvertraglichkeit\\\/\",\"name\":\"Umweltvertr\u00e4glichkeit - ITACOIL transformers\",\"isPartOf\":{\"@id\":\"https:\\\/\\\/www.itacoilweb.com\\\/de\\\/#website\"},\"primaryImageOfPage\":{\"@id\":\"https:\\\/\\\/www.itacoilweb.com\\\/de\\\/umweltvertraglichkeit\\\/#primaryimage\"},\"image\":{\"@id\":\"https:\\\/\\\/www.itacoilweb.com\\\/de\\\/umweltvertraglichkeit\\\/#primaryimage\"},\"thumbnailUrl\":\"https:\\\/\\\/www.itacoilweb.com\\\/remo\\\/wp-content\\\/uploads\\\/image\\\/jpeg\\\/energia2.jpg\",\"datePublished\":\"2020-02-25T08:51:17+00:00\",\"dateModified\":\"2026-05-06T07:13:10+00:00\",\"description\":\"Wir b\u00fcndeln unseren Innovationsgeist in der Entwicklung von Technologien, die darauf ausgerichtet sind, unsere Umweltauswirkungen zu reduzieren.\",\"breadcrumb\":{\"@id\":\"https:\\\/\\\/www.itacoilweb.com\\\/de\\\/umweltvertraglichkeit\\\/#breadcrumb\"},\"inLanguage\":\"de-DE\",\"potentialAction\":[{\"@type\":\"ReadAction\",\"target\":[\"https:\\\/\\\/www.itacoilweb.com\\\/de\\\/umweltvertraglichkeit\\\/\"]}]},{\"@type\":\"ImageObject\",\"inLanguage\":\"de-DE\",\"@id\":\"https:\\\/\\\/www.itacoilweb.com\\\/de\\\/umweltvertraglichkeit\\\/#primaryimage\",\"url\":\"https:\\\/\\\/www.itacoilweb.com\\\/remo\\\/wp-content\\\/uploads\\\/image\\\/jpeg\\\/energia2.jpg\",\"contentUrl\":\"https:\\\/\\\/www.itacoilweb.com\\\/remo\\\/wp-content\\\/uploads\\\/image\\\/jpeg\\\/energia2.jpg\",\"width\":600,\"height\":400,\"caption\":\"Itacoil environmental sustainability\"},{\"@type\":\"BreadcrumbList\",\"@id\":\"https:\\\/\\\/www.itacoilweb.com\\\/de\\\/umweltvertraglichkeit\\\/#breadcrumb\",\"itemListElement\":[{\"@type\":\"ListItem\",\"position\":1,\"name\":\"Home\",\"item\":\"https:\\\/\\\/www.itacoilweb.com\\\/de\\\/\"},{\"@type\":\"ListItem\",\"position\":2,\"name\":\"Umweltvertr\u00e4glichkeit\"}]},{\"@type\":\"WebSite\",\"@id\":\"https:\\\/\\\/www.itacoilweb.com\\\/de\\\/#website\",\"url\":\"https:\\\/\\\/www.itacoilweb.com\\\/de\\\/\",\"name\":\"ITACOIL transformers\",\"description\":\"PCB transformers and Inductors\",\"publisher\":{\"@id\":\"https:\\\/\\\/www.itacoilweb.com\\\/de\\\/#organization\"},\"potentialAction\":[{\"@type\":\"SearchAction\",\"target\":{\"@type\":\"EntryPoint\",\"urlTemplate\":\"https:\\\/\\\/www.itacoilweb.com\\\/de\\\/?s={search_term_string}\"},\"query-input\":{\"@type\":\"PropertyValueSpecification\",\"valueRequired\":true,\"valueName\":\"search_term_string\"}}],\"inLanguage\":\"de-DE\"},{\"@type\":\"Organization\",\"@id\":\"https:\\\/\\\/www.itacoilweb.com\\\/de\\\/#organization\",\"name\":\"ITACOIL Transformers\",\"url\":\"https:\\\/\\\/www.itacoilweb.com\\\/de\\\/\",\"logo\":{\"@type\":\"ImageObject\",\"inLanguage\":\"de-DE\",\"@id\":\"https:\\\/\\\/www.itacoilweb.com\\\/de\\\/#\\\/schema\\\/logo\\\/image\\\/\",\"url\":\"https:\\\/\\\/www.itacoilweb.com\\\/remo\\\/wp-content\\\/uploads\\\/image\\\/png\\\/ITACOIL-logo2018-RTG-48.png\",\"contentUrl\":\"https:\\\/\\\/www.itacoilweb.com\\\/remo\\\/wp-content\\\/uploads\\\/image\\\/png\\\/ITACOIL-logo2018-RTG-48.png\",\"width\":151,\"height\":48,\"caption\":\"ITACOIL Transformers\"},\"image\":{\"@id\":\"https:\\\/\\\/www.itacoilweb.com\\\/de\\\/#\\\/schema\\\/logo\\\/image\\\/\"},\"sameAs\":[\"https:\\\/\\\/www.linkedin.com\\\/company\\\/itacoil\\\/\",\"https:\\\/\\\/www.youtube.com\\\/user\\\/ITACOILtrasformatori\"]}]}<\/script>\n<!-- \/ Yoast SEO Premium plugin. -->","yoast_head_json":{"title":"Umweltvertr\u00e4glichkeit - ITACOIL transformers","description":"Wir b\u00fcndeln unseren Innovationsgeist in der Entwicklung von Technologien, die darauf ausgerichtet sind, unsere Umweltauswirkungen zu reduzieren.","robots":{"index":"index","follow":"nofollow","max-snippet":"max-snippet:-1","max-image-preview":"max-image-preview:large","max-video-preview":"max-video-preview:-1"},"canonical":"https:\/\/www.itacoilweb.com\/de\/umweltvertraglichkeit\/","og_locale":"de_DE","og_type":"article","og_title":"Umweltvertr\u00e4glichkeit","og_description":"Wir b\u00fcndeln unseren Innovationsgeist in der Entwicklung von Technologien, die darauf ausgerichtet sind, unsere Umweltauswirkungen zu reduzieren.","og_url":"https:\/\/www.itacoilweb.com\/de\/umweltvertraglichkeit\/","og_site_name":"ITACOIL transformers","article_modified_time":"2026-05-06T07:13:10+00:00","og_image":[{"width":600,"height":400,"url":"https:\/\/www.itacoilweb.com\/remo\/wp-content\/uploads\/image\/jpeg\/energia2.jpg","type":"image\/jpeg"}],"twitter_misc":{"Est. reading time":"4 minutes"},"schema":{"@context":"https:\/\/schema.org","@graph":[{"@type":"WebPage","@id":"https:\/\/www.itacoilweb.com\/de\/umweltvertraglichkeit\/","url":"https:\/\/www.itacoilweb.com\/de\/umweltvertraglichkeit\/","name":"Umweltvertr\u00e4glichkeit - ITACOIL transformers","isPartOf":{"@id":"https:\/\/www.itacoilweb.com\/de\/#website"},"primaryImageOfPage":{"@id":"https:\/\/www.itacoilweb.com\/de\/umweltvertraglichkeit\/#primaryimage"},"image":{"@id":"https:\/\/www.itacoilweb.com\/de\/umweltvertraglichkeit\/#primaryimage"},"thumbnailUrl":"https:\/\/www.itacoilweb.com\/remo\/wp-content\/uploads\/image\/jpeg\/energia2.jpg","datePublished":"2020-02-25T08:51:17+00:00","dateModified":"2026-05-06T07:13:10+00:00","description":"Wir b\u00fcndeln unseren Innovationsgeist in der Entwicklung von Technologien, die darauf ausgerichtet sind, unsere Umweltauswirkungen zu reduzieren.","breadcrumb":{"@id":"https:\/\/www.itacoilweb.com\/de\/umweltvertraglichkeit\/#breadcrumb"},"inLanguage":"de-DE","potentialAction":[{"@type":"ReadAction","target":["https:\/\/www.itacoilweb.com\/de\/umweltvertraglichkeit\/"]}]},{"@type":"ImageObject","inLanguage":"de-DE","@id":"https:\/\/www.itacoilweb.com\/de\/umweltvertraglichkeit\/#primaryimage","url":"https:\/\/www.itacoilweb.com\/remo\/wp-content\/uploads\/image\/jpeg\/energia2.jpg","contentUrl":"https:\/\/www.itacoilweb.com\/remo\/wp-content\/uploads\/image\/jpeg\/energia2.jpg","width":600,"height":400,"caption":"Itacoil environmental sustainability"},{"@type":"BreadcrumbList","@id":"https:\/\/www.itacoilweb.com\/de\/umweltvertraglichkeit\/#breadcrumb","itemListElement":[{"@type":"ListItem","position":1,"name":"Home","item":"https:\/\/www.itacoilweb.com\/de\/"},{"@type":"ListItem","position":2,"name":"Umweltvertr\u00e4glichkeit"}]},{"@type":"WebSite","@id":"https:\/\/www.itacoilweb.com\/de\/#website","url":"https:\/\/www.itacoilweb.com\/de\/","name":"ITACOIL transformers","description":"PCB transformers and Inductors","publisher":{"@id":"https:\/\/www.itacoilweb.com\/de\/#organization"},"potentialAction":[{"@type":"SearchAction","target":{"@type":"EntryPoint","urlTemplate":"https:\/\/www.itacoilweb.com\/de\/?s={search_term_string}"},"query-input":{"@type":"PropertyValueSpecification","valueRequired":true,"valueName":"search_term_string"}}],"inLanguage":"de-DE"},{"@type":"Organization","@id":"https:\/\/www.itacoilweb.com\/de\/#organization","name":"ITACOIL Transformers","url":"https:\/\/www.itacoilweb.com\/de\/","logo":{"@type":"ImageObject","inLanguage":"de-DE","@id":"https:\/\/www.itacoilweb.com\/de\/#\/schema\/logo\/image\/","url":"https:\/\/www.itacoilweb.com\/remo\/wp-content\/uploads\/image\/png\/ITACOIL-logo2018-RTG-48.png","contentUrl":"https:\/\/www.itacoilweb.com\/remo\/wp-content\/uploads\/image\/png\/ITACOIL-logo2018-RTG-48.png","width":151,"height":48,"caption":"ITACOIL Transformers"},"image":{"@id":"https:\/\/www.itacoilweb.com\/de\/#\/schema\/logo\/image\/"},"sameAs":["https:\/\/www.linkedin.com\/company\/itacoil\/","https:\/\/www.youtube.com\/user\/ITACOILtrasformatori"]}]}},"_links":{"self":[{"href":"https:\/\/www.itacoilweb.com\/de\/wp-json\/wp\/v2\/pages\/14931","targetHints":{"allow":["GET"]}}],"collection":[{"href":"https:\/\/www.itacoilweb.com\/de\/wp-json\/wp\/v2\/pages"}],"about":[{"href":"https:\/\/www.itacoilweb.com\/de\/wp-json\/wp\/v2\/types\/page"}],"author":[{"embeddable":true,"href":"https:\/\/www.itacoilweb.com\/de\/wp-json\/wp\/v2\/users\/10"}],"replies":[{"embeddable":true,"href":"https:\/\/www.itacoilweb.com\/de\/wp-json\/wp\/v2\/comments?post=14931"}],"version-history":[{"count":38,"href":"https:\/\/www.itacoilweb.com\/de\/wp-json\/wp\/v2\/pages\/14931\/revisions"}],"predecessor-version":[{"id":22095,"href":"https:\/\/www.itacoilweb.com\/de\/wp-json\/wp\/v2\/pages\/14931\/revisions\/22095"}],"wp:featuredmedia":[{"embeddable":true,"href":"https:\/\/www.itacoilweb.com\/de\/wp-json\/wp\/v2\/media\/17153"}],"wp:attachment":[{"href":"https:\/\/www.itacoilweb.com\/de\/wp-json\/wp\/v2\/media?parent=14931"}],"curies":[{"name":"wp","href":"https:\/\/api.w.org\/{rel}","templated":true}]}}