{"id":14923,"date":"2020-02-25T09:51:09","date_gmt":"2020-02-25T08:51:09","guid":{"rendered":"https:\/\/www.itacoilweb.com\/forschung-und-entwicklung\/"},"modified":"2024-07-31T15:28:40","modified_gmt":"2024-07-31T13:28:40","slug":"forschung-und-entwicklung","status":"publish","type":"page","link":"https:\/\/www.itacoilweb.com\/de\/forschung-und-entwicklung\/","title":{"rendered":"Forschung und Entwicklung"},"content":{"rendered":"<div class=\"wpb-content-wrapper\"><p>[vc_row][vc_column][dfd_heading style=&#8221;style_11&#8243; subtitle=&#8221;Immer auf der Suche nach der h\u00f6chsten Leistung.&#8221; module_animation=&#8221;transition.slideRightBigIn&#8221; delimiter_settings=&#8221;delimiter_style:solid|delimiter_width:80|delimiter_height:1&#8243; undefined=&#8221;&#8221; title_font_options=&#8221;tag:h2&#8243; subtitle_font_options=&#8221;tag:div&#8221;]<\/p>\r\n<h4>Kontinuierliche Forschung und Entwicklung<\/h4>\r\n<p>[\/dfd_heading][dfd_spacer screen_wide_spacer_size=&#8221;30&#8243; screen_normal_resolution=&#8221;1024&#8243; screen_tablet_resolution=&#8221;800&#8243; screen_mobile_resolution=&#8221;480&#8243;][\/vc_column][\/vc_row][vc_row][vc_column][vc_column_text]<\/p>\r\n<p style=\"text-align: justify;\">Das Design kompakter und kosteng\u00fcnstiger Produkte mit maximaler Leistung h\u00e4lt unser technisches Personal st\u00e4ndig in Forschungs- und Entwicklungsaktivit\u00e4ten eingebunden.<\/p>\r\n<p>&nbsp;<\/p>\r\n<p style=\"text-align: justify;\"><strong><br \/>Berechnung von Leistungsverlusten in induktiven Komponenten<\/strong><\/p>\r\n<p style=\"text-align: justify;\">Die Berechnung von Leistungsverlusten in magnetischen Komponenten f\u00fcr hochfrequente Komponenten ist komplexer, als man allgemein denkt und erfordert das Wissen \u00fcber eine umfangreiche Bibliographie.<\/p>\r\n<p style=\"text-align: justify;\">Dies ist jedoch nicht ausreichend; die Erfahrung zeigt, dass es einige F\u00e4lle gibt, in denen zus\u00e4tzliche Verluste entstehen, die in der aktuellen Bibliographie nicht ber\u00fccksichtigt werden.<\/p>\r\n<p style=\"text-align: justify;\">Itacoil investierte Zehntausende von Arbeitsstunden in Forschungs- und Entwicklungsaktivit\u00e4ten und in die Einf\u00fchrung wirksamer Tools.<\/p>\r\n<p>[\/vc_column_text][dfd_spacer screen_wide_spacer_size=&#8221;60&#8243; screen_normal_resolution=&#8221;1024&#8243; screen_tablet_resolution=&#8221;800&#8243; screen_mobile_resolution=&#8221;480&#8243;][\/vc_column][\/vc_row][vc_row][vc_column][vc_row_inner][vc_column_inner width=&#8221;3\/4&#8243;][vc_column_text]<\/p>\r\n<p style=\"text-align: justify;\"><strong>Die verf\u00fcgbaren Tools<\/strong><\/p>\r\n<p style=\"text-align: justify;\">Viele billige oder kostenlose Instrumente, die im Internet verf\u00fcgbar sind, erm\u00f6glichen eine schnelle Absch\u00e4tzung der Verluste, aber die Fehler, die sie mit sich bringen, sind zum Zweck der Optimierung irref\u00fchrend.<\/p>\r\n<p style=\"text-align: justify;\">Es gibt auch viele kommerzielle Tools mit unterschiedlichen Genauigkeitsniveaus, bis hin zur Finite Elements Analysis (FEA).<\/p>\r\n<p style=\"text-align: justify;\">Dennoch erfordern diese Tools f\u00fcr jedes neue Produkt einen gro\u00dfen Ressourcenverbrauch, der nur durch die Produktion extrem gro\u00dfer Mengen gerechtfertigt werden kann.<\/p>\r\n<p style=\"text-align: justify;\"><strong><br \/>Propriet\u00e4res CAE<\/strong><\/p>\r\n<p style=\"text-align: justify;\">Um eine tiefgreifende und genaue Optimierung unserer Produkte zu angemessenen Kosten zu erm\u00f6glichen, sind wir st\u00e4ndig mit der Entwicklung von propriet\u00e4rer Software f\u00fcr Leistungsanwendungen der g\u00e4ngigsten Topologien besch\u00e4ftigt, die auf den Ergebnissen unserer Forschungs- und Entwicklungsaktivit\u00e4ten basieren.<\/p>\r\n<p style=\"text-align: justify;\">Die betr\u00e4chtlichen F&amp;E-Investitionen haben uns dazu veranlasst, im Laufe der Jahre Algorithmen f\u00fcr die optimale Gestaltung und Automatisierung eines gro\u00dfen Teils der Operationen zu definieren.<\/p>\r\n<p style=\"text-align: justify;\">Wir haben auch intern eine spezielle Spice-Simulationsengine entwickelt, die viel schneller als kommerzielle Simulatoren ist.<\/p>\r\n<p style=\"text-align: justify;\">Sie ist perfekt in die Umgebung integriert, die alle Einschr\u00e4nkungen und alle parametrischen\/dimensionalen Eigenschaften jeder Komponente kennt, einschlie\u00dflich der relevanten Merkmale der von uns verwendeten Ferritmaterialien und Wickeldr\u00e4hte.<\/p>\r\n<p>[\/vc_column_text][dfd_spacer screen_wide_spacer_size=&#8221;60&#8243; screen_normal_resolution=&#8221;1024&#8243; screen_tablet_resolution=&#8221;800&#8243; screen_mobile_resolution=&#8221;480&#8243;][\/vc_column_inner][vc_column_inner width=&#8221;1\/4&#8243;][dfd_spacer screen_wide_spacer_size=&#8221;50&#8243; screen_normal_resolution=&#8221;1024&#8243; screen_tablet_resolution=&#8221;800&#8243; screen_mobile_resolution=&#8221;480&#8243;][dfd_single_image image=&#8221;17596&#8243;][dfd_spacer screen_wide_spacer_size=&#8221;60&#8243; screen_normal_resolution=&#8221;1024&#8243; screen_tablet_resolution=&#8221;800&#8243; screen_mobile_resolution=&#8221;480&#8243;][\/vc_column_inner][\/vc_row_inner][\/vc_column][\/vc_row][vc_row][vc_column width=&#8221;3\/4&#8243;][vc_column_text]<\/p>\r\n<p style=\"text-align: justify;\"><strong>Resonante Topologien<\/strong><\/p>\r\n<p style=\"text-align: justify;\">In Bezug auf <a href=\"https:\/\/www.itacoilweb.com\/de\/llc-lcc-resonante-topologien\/\" rel=\"noopener\">LLC und LCC Resonanztopologien<\/a>, die zunehmend f\u00fcr ihre allgemein anerkannten Vorteile verwendet werden, sind die Funktionen unserer Tools nicht auf die Konstruktion des Transformators selbst beschr\u00e4nkt, sondern erstrecken sich auf die Konstruktion des optimalen Beh\u00e4lters, unter Ber\u00fccksichtigung:<br \/>&#8211; aller Anforderungen des Kunden<br \/>&#8211; der Einschr\u00e4nkungen und Wechselbeziehungen zwischen den Elementen, aus denen der Beh\u00e4lter besteht<br \/>&#8211; der Beibehaltung der ZVS bei jedem Betriebszustand und der Toleranz der beteiligten Komponenten.<\/p>\r\n<p style=\"text-align: justify;\">Dies gew\u00e4hrleistet die Realisierung von Spitzenkonvertern und vermeidet die klassischen Wiederholungen von Stichproben und Tests, die \u00fcbrigens nicht den gleichen Optimierungsgrad erreichen.<\/p>\r\n<p style=\"text-align: justify;\"><strong><br \/>Wir arbeiten mit dem elektronischen Designer zusammen<\/strong><\/p>\r\n<p style=\"text-align: justify;\">Bis heute liegt unsere Zustimmungsrate f\u00fcr die erste durch das Design definierte Stichprobe bei etwa 99 %.<\/p>\r\n<p style=\"text-align: justify;\">Dar\u00fcber hinaus wird der\/die Elektroniker\/in von l\u00e4stigen T\u00e4tigkeiten entlastet und die Zeit bis zur Markteinf\u00fchrung erheblich verk\u00fcrzt.<\/p>\r\n<p style=\"text-align: justify;\"><strong><br \/>Einige Vergleiche<\/strong><\/p>\r\n<p style=\"text-align: justify;\">Diese Aussagen finden sich in den Testberichten auf den Seiten der <a href=\"https:\/\/www.itacoilweb.com\/de\/portfolio\/verbesserte-demo-boards\/\">verbesserten Demo-Boards<\/a> und der <a href=\"https:\/\/www.itacoilweb.com\/de\/portfolio\/original-demo-boards\/\">mit unseren Komponenten best\u00fcckten Demo-Boards<\/a>.<\/p>\r\n<p>[\/vc_column_text][dfd_spacer screen_wide_spacer_size=&#8221;100&#8243; screen_normal_resolution=&#8221;1024&#8243; screen_tablet_resolution=&#8221;800&#8243; screen_mobile_resolution=&#8221;480&#8243;][\/vc_column][vc_column width=&#8221;1\/4&#8243;][dfd_spacer screen_wide_spacer_size=&#8221;50&#8243; screen_normal_resolution=&#8221;1024&#8243; screen_tablet_resolution=&#8221;800&#8243; screen_mobile_resolution=&#8221;480&#8243;][dfd_single_image image=&#8221;17598&#8243;][\/vc_column][\/vc_row][vc_row][vc_column width=&#8221;1\/4&#8243;][\/vc_column][vc_column width=&#8221;1\/2&#8243;][dfd_delimiter delimiter_style=&#8221;dfd-delimiter-with-text&#8221; text_delimiter=&#8221;Siehe auch&#8221; title_font_options=&#8221;font_size:20|font_style_bold:1&#8243;][dfd_spacer screen_wide_spacer_size=&#8221;30&#8243; screen_normal_resolution=&#8221;1024&#8243; screen_tablet_resolution=&#8221;800&#8243; screen_mobile_resolution=&#8221;480&#8243;][vc_column_text css=&#8221;&#8221;]<\/p>\r\n<p style=\"text-align: center;\"><a href=\"https:\/\/www.itacoilweb.com\/de\/was-sind-llc-lcc-resonanz-stromversorgungen\/\" rel=\"noreferrer noopener\">Was sind LLC-LCC-Resonanz-Stromversorgungen?<\/a><\/p>\r\n<p style=\"text-align: center;\"><a href=\"https:\/\/www.itacoilweb.com\/de\/llc-lcc-resonante-topologien\/\" rel=\"noreferrer noopener\">LLC- und LCC-resonante Topologien<\/a><\/p>\r\n<p style=\"text-align: center;\"><a href=\"https:\/\/www.itacoilweb.com\/de\/portfolio\/synchrongleichrichtermodul\/\">Synchrongleichrichtung<\/a><\/p>\r\n<p style=\"text-align: center;\"><a href=\"https:\/\/www.itacoilweb.com\/de\/dienstleistungen\/\" rel=\"noreferrer noopener\">Dienstleistungen<\/a><\/p>\r\n<p style=\"text-align: center;\"><a href=\"https:\/\/www.itacoilweb.com\/de\/innovation\/\">Innovation<\/a><\/p>\r\n<p>\u00a0<\/p>\r\n<p>[\/vc_column_text][\/vc_column][vc_column width=&#8221;1\/4&#8243;][\/vc_column][\/vc_row][vc_row][vc_column][dfd_spacer screen_wide_spacer_size=&#8221;50&#8243; screen_normal_resolution=&#8221;1024&#8243; screen_tablet_resolution=&#8221;800&#8243; screen_mobile_resolution=&#8221;480&#8243;][\/vc_column][\/vc_row]<\/p><\/div>","protected":false},"excerpt":{"rendered":"<p>[vc_row][vc_column][dfd_heading style=&#8221;style_11&#8243; subtitle=&#8221;Immer auf der Suche nach der h\u00f6chsten Leistung.&#8221; module_animation=&#8221;transition.slideRightBigIn&#8221; delimiter_settings=&#8221;delimiter_style:solid|delimiter_width:80|delimiter_height:1&#8243; undefined=&#8221;&#8221; title_font_options=&#8221;tag:h2&#8243; subtitle_font_options=&#8221;tag:div&#8221;] Kontinuierliche Forschung und Entwicklung [\/dfd_heading][dfd_spacer screen_wide_spacer_size=&#8221;30&#8243; screen_normal_resolution=&#8221;1024&#8243; screen_tablet_resolution=&#8221;800&#8243; screen_mobile_resolution=&#8221;480&#8243;][\/vc_column][\/vc_row][vc_row][vc_column][vc_column_text] Das Design kompakter und kosteng\u00fcnstiger Produkte<\/p>\n","protected":false},"author":10,"featured_media":17590,"parent":0,"menu_order":67,"comment_status":"closed","ping_status":"closed","template":"","meta":{"footnotes":""},"class_list":["post-14923","page","type-page","status-publish","has-post-thumbnail","hentry"],"yoast_head":"<!-- This site is optimized with the Yoast SEO Premium plugin v27.3 (Yoast SEO v27.4) - https:\/\/yoast.com\/product\/yoast-seo-premium-wordpress\/ -->\n<title>Forschung und Entwicklung - ITACOIL transformers<\/title>\n<meta name=\"description\" content=\"Kontinuierliche Forschung und Entwicklung, Berechnung von Leistungsverlusten in induktiven Komponenten, Propriet\u00e4res Tools und CAE, Pre-Compliance und mehr.\" \/>\n<meta name=\"robots\" content=\"index, follow, max-snippet:-1, max-image-preview:large, max-video-preview:-1\" \/>\n<link rel=\"canonical\" href=\"https:\/\/www.itacoilweb.com\/de\/forschung-und-entwicklung\/\" \/>\n<meta property=\"og:locale\" content=\"de_DE\" \/>\n<meta property=\"og:type\" content=\"article\" \/>\n<meta property=\"og:title\" content=\"Forschung und Entwicklung\" \/>\n<meta property=\"og:description\" content=\"Kontinuierliche Forschung und Entwicklung, Berechnung von Leistungsverlusten in induktiven Komponenten, Propriet\u00e4res Tools und CAE, Pre-Compliance und mehr.\" \/>\n<meta property=\"og:url\" content=\"https:\/\/www.itacoilweb.com\/de\/forschung-und-entwicklung\/\" \/>\n<meta property=\"og:site_name\" content=\"ITACOIL transformers\" \/>\n<meta property=\"article:modified_time\" content=\"2024-07-31T13:28:40+00:00\" \/>\n<meta property=\"og:image\" content=\"https:\/\/www.itacoilweb.com\/remo\/wp-content\/uploads\/Proprietary-software.jpg\" \/>\n\t<meta property=\"og:image:width\" content=\"458\" \/>\n\t<meta property=\"og:image:height\" content=\"400\" \/>\n\t<meta property=\"og:image:type\" content=\"image\/jpeg\" \/>\n<meta name=\"twitter:label1\" content=\"Est. reading time\" \/>\n\t<meta name=\"twitter:data1\" content=\"3 minutes\" \/>\n<script type=\"application\/ld+json\" class=\"yoast-schema-graph\">{\"@context\":\"https:\\\/\\\/schema.org\",\"@graph\":[{\"@type\":\"TechArticle\",\"@id\":\"https:\\\/\\\/www.itacoilweb.com\\\/de\\\/forschung-und-entwicklung\\\/#article\",\"isPartOf\":{\"@id\":\"https:\\\/\\\/www.itacoilweb.com\\\/de\\\/forschung-und-entwicklung\\\/\"},\"author\":{\"name\":\"Simone Radaelli\",\"@id\":\"https:\\\/\\\/www.itacoilweb.com\\\/de\\\/#\\\/schema\\\/person\\\/2913c74d108a01f6241002b8eda50e5f\"},\"headline\":\"Forschung und Entwicklung\",\"datePublished\":\"2020-02-25T08:51:09+00:00\",\"dateModified\":\"2024-07-31T13:28:40+00:00\",\"mainEntityOfPage\":{\"@id\":\"https:\\\/\\\/www.itacoilweb.com\\\/de\\\/forschung-und-entwicklung\\\/\"},\"wordCount\":802,\"publisher\":{\"@id\":\"https:\\\/\\\/www.itacoilweb.com\\\/de\\\/#organization\"},\"image\":{\"@id\":\"https:\\\/\\\/www.itacoilweb.com\\\/de\\\/forschung-und-entwicklung\\\/#primaryimage\"},\"thumbnailUrl\":\"https:\\\/\\\/www.itacoilweb.com\\\/remo\\\/wp-content\\\/uploads\\\/Proprietary-software.jpg\",\"inLanguage\":\"de-DE\"},{\"@type\":\"WebPage\",\"@id\":\"https:\\\/\\\/www.itacoilweb.com\\\/de\\\/forschung-und-entwicklung\\\/\",\"url\":\"https:\\\/\\\/www.itacoilweb.com\\\/de\\\/forschung-und-entwicklung\\\/\",\"name\":\"Forschung und Entwicklung - ITACOIL transformers\",\"isPartOf\":{\"@id\":\"https:\\\/\\\/www.itacoilweb.com\\\/de\\\/#website\"},\"primaryImageOfPage\":{\"@id\":\"https:\\\/\\\/www.itacoilweb.com\\\/de\\\/forschung-und-entwicklung\\\/#primaryimage\"},\"image\":{\"@id\":\"https:\\\/\\\/www.itacoilweb.com\\\/de\\\/forschung-und-entwicklung\\\/#primaryimage\"},\"thumbnailUrl\":\"https:\\\/\\\/www.itacoilweb.com\\\/remo\\\/wp-content\\\/uploads\\\/Proprietary-software.jpg\",\"datePublished\":\"2020-02-25T08:51:09+00:00\",\"dateModified\":\"2024-07-31T13:28:40+00:00\",\"description\":\"Kontinuierliche Forschung und Entwicklung, Berechnung von Leistungsverlusten in induktiven Komponenten, Propriet\u00e4res Tools und CAE, Pre-Compliance und mehr.\",\"breadcrumb\":{\"@id\":\"https:\\\/\\\/www.itacoilweb.com\\\/de\\\/forschung-und-entwicklung\\\/#breadcrumb\"},\"inLanguage\":\"de-DE\",\"potentialAction\":[{\"@type\":\"ReadAction\",\"target\":[\"https:\\\/\\\/www.itacoilweb.com\\\/de\\\/forschung-und-entwicklung\\\/\"]}]},{\"@type\":\"ImageObject\",\"inLanguage\":\"de-DE\",\"@id\":\"https:\\\/\\\/www.itacoilweb.com\\\/de\\\/forschung-und-entwicklung\\\/#primaryimage\",\"url\":\"https:\\\/\\\/www.itacoilweb.com\\\/remo\\\/wp-content\\\/uploads\\\/Proprietary-software.jpg\",\"contentUrl\":\"https:\\\/\\\/www.itacoilweb.com\\\/remo\\\/wp-content\\\/uploads\\\/Proprietary-software.jpg\",\"width\":458,\"height\":400,\"caption\":\"Lab proprietary software\"},{\"@type\":\"BreadcrumbList\",\"@id\":\"https:\\\/\\\/www.itacoilweb.com\\\/de\\\/forschung-und-entwicklung\\\/#breadcrumb\",\"itemListElement\":[{\"@type\":\"ListItem\",\"position\":1,\"name\":\"Home\",\"item\":\"https:\\\/\\\/www.itacoilweb.com\\\/de\\\/\"},{\"@type\":\"ListItem\",\"position\":2,\"name\":\"Forschung und Entwicklung\"}]},{\"@type\":\"WebSite\",\"@id\":\"https:\\\/\\\/www.itacoilweb.com\\\/de\\\/#website\",\"url\":\"https:\\\/\\\/www.itacoilweb.com\\\/de\\\/\",\"name\":\"ITACOIL transformers\",\"description\":\"PCB transformers and Inductors\",\"publisher\":{\"@id\":\"https:\\\/\\\/www.itacoilweb.com\\\/de\\\/#organization\"},\"potentialAction\":[{\"@type\":\"SearchAction\",\"target\":{\"@type\":\"EntryPoint\",\"urlTemplate\":\"https:\\\/\\\/www.itacoilweb.com\\\/de\\\/?s={search_term_string}\"},\"query-input\":{\"@type\":\"PropertyValueSpecification\",\"valueRequired\":true,\"valueName\":\"search_term_string\"}}],\"inLanguage\":\"de-DE\"},{\"@type\":\"Organization\",\"@id\":\"https:\\\/\\\/www.itacoilweb.com\\\/de\\\/#organization\",\"name\":\"ITACOIL Transformers\",\"url\":\"https:\\\/\\\/www.itacoilweb.com\\\/de\\\/\",\"logo\":{\"@type\":\"ImageObject\",\"inLanguage\":\"de-DE\",\"@id\":\"https:\\\/\\\/www.itacoilweb.com\\\/de\\\/#\\\/schema\\\/logo\\\/image\\\/\",\"url\":\"https:\\\/\\\/www.itacoilweb.com\\\/remo\\\/wp-content\\\/uploads\\\/image\\\/png\\\/ITACOIL-logo2018-RTG-48.png\",\"contentUrl\":\"https:\\\/\\\/www.itacoilweb.com\\\/remo\\\/wp-content\\\/uploads\\\/image\\\/png\\\/ITACOIL-logo2018-RTG-48.png\",\"width\":151,\"height\":48,\"caption\":\"ITACOIL Transformers\"},\"image\":{\"@id\":\"https:\\\/\\\/www.itacoilweb.com\\\/de\\\/#\\\/schema\\\/logo\\\/image\\\/\"},\"sameAs\":[\"https:\\\/\\\/www.linkedin.com\\\/company\\\/itacoil\\\/\",\"https:\\\/\\\/www.youtube.com\\\/user\\\/ITACOILtrasformatori\"]},{\"@type\":\"Person\",\"@id\":\"https:\\\/\\\/www.itacoilweb.com\\\/de\\\/#\\\/schema\\\/person\\\/2913c74d108a01f6241002b8eda50e5f\",\"name\":\"Simone Radaelli\",\"image\":{\"@type\":\"ImageObject\",\"inLanguage\":\"de-DE\",\"@id\":\"https:\\\/\\\/secure.gravatar.com\\\/avatar\\\/38cef7203cc9218712a6a321d24dd07494228755e318fa49eee1bef2023f2b95?s=96&d=mm&r=g\",\"url\":\"https:\\\/\\\/secure.gravatar.com\\\/avatar\\\/38cef7203cc9218712a6a321d24dd07494228755e318fa49eee1bef2023f2b95?s=96&d=mm&r=g\",\"contentUrl\":\"https:\\\/\\\/secure.gravatar.com\\\/avatar\\\/38cef7203cc9218712a6a321d24dd07494228755e318fa49eee1bef2023f2b95?s=96&d=mm&r=g\",\"caption\":\"Simone Radaelli\"},\"url\":\"https:\\\/\\\/www.itacoilweb.com\\\/de\\\/author\\\/radaellisimone\\\/\"}]}<\/script>\n<!-- \/ Yoast SEO Premium plugin. -->","yoast_head_json":{"title":"Forschung und Entwicklung - ITACOIL transformers","description":"Kontinuierliche Forschung und Entwicklung, Berechnung von Leistungsverlusten in induktiven Komponenten, Propriet\u00e4res Tools und CAE, Pre-Compliance und mehr.","robots":{"index":"index","follow":"follow","max-snippet":"max-snippet:-1","max-image-preview":"max-image-preview:large","max-video-preview":"max-video-preview:-1"},"canonical":"https:\/\/www.itacoilweb.com\/de\/forschung-und-entwicklung\/","og_locale":"de_DE","og_type":"article","og_title":"Forschung und Entwicklung","og_description":"Kontinuierliche Forschung und Entwicklung, Berechnung von Leistungsverlusten in induktiven Komponenten, Propriet\u00e4res Tools und CAE, Pre-Compliance und mehr.","og_url":"https:\/\/www.itacoilweb.com\/de\/forschung-und-entwicklung\/","og_site_name":"ITACOIL transformers","article_modified_time":"2024-07-31T13:28:40+00:00","og_image":[{"width":458,"height":400,"url":"https:\/\/www.itacoilweb.com\/remo\/wp-content\/uploads\/Proprietary-software.jpg","type":"image\/jpeg"}],"twitter_misc":{"Est. reading time":"3 minutes"},"schema":{"@context":"https:\/\/schema.org","@graph":[{"@type":"TechArticle","@id":"https:\/\/www.itacoilweb.com\/de\/forschung-und-entwicklung\/#article","isPartOf":{"@id":"https:\/\/www.itacoilweb.com\/de\/forschung-und-entwicklung\/"},"author":{"name":"Simone Radaelli","@id":"https:\/\/www.itacoilweb.com\/de\/#\/schema\/person\/2913c74d108a01f6241002b8eda50e5f"},"headline":"Forschung und Entwicklung","datePublished":"2020-02-25T08:51:09+00:00","dateModified":"2024-07-31T13:28:40+00:00","mainEntityOfPage":{"@id":"https:\/\/www.itacoilweb.com\/de\/forschung-und-entwicklung\/"},"wordCount":802,"publisher":{"@id":"https:\/\/www.itacoilweb.com\/de\/#organization"},"image":{"@id":"https:\/\/www.itacoilweb.com\/de\/forschung-und-entwicklung\/#primaryimage"},"thumbnailUrl":"https:\/\/www.itacoilweb.com\/remo\/wp-content\/uploads\/Proprietary-software.jpg","inLanguage":"de-DE"},{"@type":"WebPage","@id":"https:\/\/www.itacoilweb.com\/de\/forschung-und-entwicklung\/","url":"https:\/\/www.itacoilweb.com\/de\/forschung-und-entwicklung\/","name":"Forschung und Entwicklung - ITACOIL transformers","isPartOf":{"@id":"https:\/\/www.itacoilweb.com\/de\/#website"},"primaryImageOfPage":{"@id":"https:\/\/www.itacoilweb.com\/de\/forschung-und-entwicklung\/#primaryimage"},"image":{"@id":"https:\/\/www.itacoilweb.com\/de\/forschung-und-entwicklung\/#primaryimage"},"thumbnailUrl":"https:\/\/www.itacoilweb.com\/remo\/wp-content\/uploads\/Proprietary-software.jpg","datePublished":"2020-02-25T08:51:09+00:00","dateModified":"2024-07-31T13:28:40+00:00","description":"Kontinuierliche Forschung und Entwicklung, Berechnung von Leistungsverlusten in induktiven Komponenten, Propriet\u00e4res Tools und CAE, Pre-Compliance und mehr.","breadcrumb":{"@id":"https:\/\/www.itacoilweb.com\/de\/forschung-und-entwicklung\/#breadcrumb"},"inLanguage":"de-DE","potentialAction":[{"@type":"ReadAction","target":["https:\/\/www.itacoilweb.com\/de\/forschung-und-entwicklung\/"]}]},{"@type":"ImageObject","inLanguage":"de-DE","@id":"https:\/\/www.itacoilweb.com\/de\/forschung-und-entwicklung\/#primaryimage","url":"https:\/\/www.itacoilweb.com\/remo\/wp-content\/uploads\/Proprietary-software.jpg","contentUrl":"https:\/\/www.itacoilweb.com\/remo\/wp-content\/uploads\/Proprietary-software.jpg","width":458,"height":400,"caption":"Lab proprietary software"},{"@type":"BreadcrumbList","@id":"https:\/\/www.itacoilweb.com\/de\/forschung-und-entwicklung\/#breadcrumb","itemListElement":[{"@type":"ListItem","position":1,"name":"Home","item":"https:\/\/www.itacoilweb.com\/de\/"},{"@type":"ListItem","position":2,"name":"Forschung und Entwicklung"}]},{"@type":"WebSite","@id":"https:\/\/www.itacoilweb.com\/de\/#website","url":"https:\/\/www.itacoilweb.com\/de\/","name":"ITACOIL transformers","description":"PCB transformers and Inductors","publisher":{"@id":"https:\/\/www.itacoilweb.com\/de\/#organization"},"potentialAction":[{"@type":"SearchAction","target":{"@type":"EntryPoint","urlTemplate":"https:\/\/www.itacoilweb.com\/de\/?s={search_term_string}"},"query-input":{"@type":"PropertyValueSpecification","valueRequired":true,"valueName":"search_term_string"}}],"inLanguage":"de-DE"},{"@type":"Organization","@id":"https:\/\/www.itacoilweb.com\/de\/#organization","name":"ITACOIL Transformers","url":"https:\/\/www.itacoilweb.com\/de\/","logo":{"@type":"ImageObject","inLanguage":"de-DE","@id":"https:\/\/www.itacoilweb.com\/de\/#\/schema\/logo\/image\/","url":"https:\/\/www.itacoilweb.com\/remo\/wp-content\/uploads\/image\/png\/ITACOIL-logo2018-RTG-48.png","contentUrl":"https:\/\/www.itacoilweb.com\/remo\/wp-content\/uploads\/image\/png\/ITACOIL-logo2018-RTG-48.png","width":151,"height":48,"caption":"ITACOIL Transformers"},"image":{"@id":"https:\/\/www.itacoilweb.com\/de\/#\/schema\/logo\/image\/"},"sameAs":["https:\/\/www.linkedin.com\/company\/itacoil\/","https:\/\/www.youtube.com\/user\/ITACOILtrasformatori"]},{"@type":"Person","@id":"https:\/\/www.itacoilweb.com\/de\/#\/schema\/person\/2913c74d108a01f6241002b8eda50e5f","name":"Simone Radaelli","image":{"@type":"ImageObject","inLanguage":"de-DE","@id":"https:\/\/secure.gravatar.com\/avatar\/38cef7203cc9218712a6a321d24dd07494228755e318fa49eee1bef2023f2b95?s=96&d=mm&r=g","url":"https:\/\/secure.gravatar.com\/avatar\/38cef7203cc9218712a6a321d24dd07494228755e318fa49eee1bef2023f2b95?s=96&d=mm&r=g","contentUrl":"https:\/\/secure.gravatar.com\/avatar\/38cef7203cc9218712a6a321d24dd07494228755e318fa49eee1bef2023f2b95?s=96&d=mm&r=g","caption":"Simone Radaelli"},"url":"https:\/\/www.itacoilweb.com\/de\/author\/radaellisimone\/"}]}},"_links":{"self":[{"href":"https:\/\/www.itacoilweb.com\/de\/wp-json\/wp\/v2\/pages\/14923","targetHints":{"allow":["GET"]}}],"collection":[{"href":"https:\/\/www.itacoilweb.com\/de\/wp-json\/wp\/v2\/pages"}],"about":[{"href":"https:\/\/www.itacoilweb.com\/de\/wp-json\/wp\/v2\/types\/page"}],"author":[{"embeddable":true,"href":"https:\/\/www.itacoilweb.com\/de\/wp-json\/wp\/v2\/users\/10"}],"replies":[{"embeddable":true,"href":"https:\/\/www.itacoilweb.com\/de\/wp-json\/wp\/v2\/comments?post=14923"}],"version-history":[{"count":16,"href":"https:\/\/www.itacoilweb.com\/de\/wp-json\/wp\/v2\/pages\/14923\/revisions"}],"predecessor-version":[{"id":20525,"href":"https:\/\/www.itacoilweb.com\/de\/wp-json\/wp\/v2\/pages\/14923\/revisions\/20525"}],"wp:featuredmedia":[{"embeddable":true,"href":"https:\/\/www.itacoilweb.com\/de\/wp-json\/wp\/v2\/media\/17590"}],"wp:attachment":[{"href":"https:\/\/www.itacoilweb.com\/de\/wp-json\/wp\/v2\/media?parent=14923"}],"curies":[{"name":"wp","href":"https:\/\/api.w.org\/{rel}","templated":true}]}}