{"id":14861,"date":"2020-02-06T12:45:58","date_gmt":"2020-02-06T11:45:58","guid":{"rendered":"https:\/\/www.itacoilweb.com\/effizienz-bei-led-treibern\/"},"modified":"2024-07-31T15:30:38","modified_gmt":"2024-07-31T13:30:38","slug":"effizienz-bei-led-treibern","status":"publish","type":"page","link":"https:\/\/www.itacoilweb.com\/de\/artikel\/effizienz-bei-led-treibern\/","title":{"rendered":"Effizienz bei LED-Treibern"},"content":{"rendered":"<div class=\"wpb-content-wrapper\"><p>[vc_row][vc_column][vc_column_text]<div class=\"yoast-breadcrumbs\"><span><span><a href=\"https:\/\/www.itacoilweb.com\/de\/\">Home<\/a><\/span> \u00bb <span><a href=\"https:\/\/www.itacoilweb.com\/de\/artikel\/\">Artikel<\/a><\/span> \u00bb <span class=\"breadcrumb_last\" aria-current=\"page\"><strong>Effizienz bei LED-Treibern<\/strong><\/span><\/span><\/div>[\/vc_column_text][dfd_spacer screen_wide_spacer_size=&#8221;30&#8243; screen_normal_resolution=&#8221;1024&#8243; screen_tablet_resolution=&#8221;800&#8243; screen_mobile_resolution=&#8221;480&#8243;][\/vc_column][\/vc_row][vc_row][vc_column][dfd_heading style=&#8221;style_09&#8243; subtitle=&#8221;Bei der Projektierung magnetischer Komponenten arbeitet der Hersteller ITACOIL eng mit den Elektronikdesignern zusammen, um bei SMPS-Projekten optimale Ergebnisse zu erzielen.&#8221; content_alignment=&#8221;text-left&#8221; module_animation=&#8221;transition.fadeIn&#8221; delimiter_settings=&#8221;delimiter_style:solid|delimiter_width:80|delimiter_height:1&#8243; undefined=&#8221;&#8221; title_font_options=&#8221;tag:h3&#8243; subtitle_font_options=&#8221;tag:div&#8221; heading_margin=&#8221;margin-top:20&#8243;]Effizienz bei LED-Treibern[\/dfd_heading][dfd_spacer screen_wide_spacer_size=&#8221;30&#8243; screen_normal_resolution=&#8221;1024&#8243; screen_tablet_resolution=&#8221;800&#8243; screen_mobile_resolution=&#8221;480&#8243;][vc_column_text]Die Verwendung von integrierten Standardtransformatoren erm\u00f6glicht es, die Anforderungen des LED-Beleuchtungssektors einfach zu l\u00f6sen.<\/p>\r\n<p>In den letzten Jahren investierte Itacoil in die F\u00e4higkeit, den Kunden die M\u00f6glichkeit zu geben, ihre Projekte mit minimalem Designaufwand zu realisieren.<\/p>\r\n<p>Die Notwendigkeit hochleistungsf\u00e4higer Versorgungen etwa auf dem Gebiet der LED-Beleuchtung sowie die stark wachsende Nachfrage nach einer bestm\u00f6glichen Energieeffizienz hinsichtlich Betriebswirtschaftlichkeit und auch einiger vor kurzem verabschiedeter Normen hat in den letzten Jahren zu einer Neubewertung der LLC-LCC-Resonanz-Topologie gef\u00fchrt.<\/p>\r\n<p>Die auf dem SMPS-Markt wichtigsten Hersteller aktiver Komponenten bieten in ihren Katalogen leistungsf\u00e4hige Chips an, die mit einem besonders verringerten Komplexit\u00e4tsgrad des Stromkreises, die Realisierung einer Energieversorgung mit einer Leistungsf\u00e4higkeit von 94 bis 96 % (und dar\u00fcber hinaus) erm\u00f6glichen und die gegen\u00fcber anderen Topologien mittels Zero Voltage Switching und Hochfrequenzstromarten (haupts\u00e4chlich sinusf\u00f6rmiger Natur) eine Reduzierung der EMI-Probleme erm\u00f6glichen.[\/vc_column_text][dfd_spacer screen_wide_spacer_size=&#8221;20&#8243; screen_normal_resolution=&#8221;1024&#8243; screen_tablet_resolution=&#8221;800&#8243; screen_mobile_resolution=&#8221;480&#8243;][dfd_link_style link_content=&#8221;Lesen Sie den Artikel (EN)&#8221; link_src=&#8221;url:http%3A%2F%2Fwww.itacoilweb.com%2Ffiles%2Fresonant_power_supply_eng.pdf||target:%20_blank|&#8221; main_style=&#8221;style-7&#8243; font_options=&#8221;tag:h5&#8243;][dfd_spacer screen_wide_spacer_size=&#8221;20&#8243; screen_normal_resolution=&#8221;1024&#8243; screen_tablet_resolution=&#8221;800&#8243; screen_mobile_resolution=&#8221;480&#8243;][dfd_link_style link_content=&#8221;Lesen Sie den Artikel (DE)&#8221; link_src=&#8221;url:http%3A%2F%2Fwww.itacoilweb.com%2Ffiles%2Fresonant_power_supply_de.pdf||target:%20_blank|&#8221; main_style=&#8221;style-7&#8243; font_options=&#8221;tag:h5&#8243;][\/vc_column][\/vc_row][vc_row][vc_column][dfd_spacer screen_wide_spacer_size=&#8221;30&#8243; screen_normal_resolution=&#8221;1024&#8243; screen_tablet_resolution=&#8221;800&#8243; screen_mobile_resolution=&#8221;480&#8243;][\/vc_column][\/vc_row][vc_row][vc_column width=&#8221;1\/4&#8243;][\/vc_column][vc_column width=&#8221;1\/2&#8243;][dfd_delimiter delimiter_style=&#8221;dfd-delimiter-with-text&#8221; text_delimiter=&#8221;Siehe auch&#8221; title_font_options=&#8221;font_size:20|font_style_bold:1&#8243;][dfd_spacer screen_wide_spacer_size=&#8221;20&#8243; screen_normal_resolution=&#8221;1024&#8243; screen_tablet_resolution=&#8221;800&#8243; screen_mobile_resolution=&#8221;480&#8243;][vc_column_text css=&#8221;&#8221;]<\/p>\r\n<p style=\"text-align: center;\"><a href=\"https:\/\/www.itacoilweb.com\/de\/llc-lcc-resonante-topologien\/\" rel=\"noopener\">Was sind LLC-LCC-Resonanz-Stromversorgungen?<\/a><\/p>\r\n<p style=\"text-align: center;\"><a href=\"https:\/\/www.itacoilweb.com\/de\/llc-lcc-resonante-topologien\/\" rel=\"noopener\">Was sind LLC-LCC-Resonanz-Stromversorgungen?<\/a><\/p>\r\n<p style=\"text-align: center;\"><a href=\"https:\/\/www.itacoilweb.com\/de\/portfolio_category\/llc-lcc-integrierte-resonanz-transformatoren\/\" rel=\"noopener\">LLC und LCC integrierte Resonanz-Transformatoren<\/a><\/p>\r\n<p style=\"text-align: center;\"><a href=\"https:\/\/www.itacoilweb.com\/de\/portfolio_category\/demo-boards-de\/\" rel=\"noopener\">Demo-Boards<\/a><\/p>\r\n<p style=\"text-align: center;\"><a href=\"https:\/\/www.itacoilweb.com\/de\/portfolio\/synchrongleichrichtermodul\/\">Synchrongleichrichtung<\/a><\/p>\r\n<p>[\/vc_column_text][\/vc_column][vc_column width=&#8221;1\/4&#8243;][\/vc_column][\/vc_row][vc_row][vc_column][dfd_spacer screen_wide_spacer_size=&#8221;30&#8243; screen_normal_resolution=&#8221;1024&#8243; screen_tablet_resolution=&#8221;800&#8243; screen_mobile_resolution=&#8221;480&#8243;][\/vc_column][\/vc_row]<\/p><\/div>","protected":false},"excerpt":{"rendered":"<p>[vc_row][vc_column][vc_column_text][\/vc_column_text][dfd_spacer screen_wide_spacer_size=&#8221;30&#8243; screen_normal_resolution=&#8221;1024&#8243; screen_tablet_resolution=&#8221;800&#8243; screen_mobile_resolution=&#8221;480&#8243;][\/vc_column][\/vc_row][vc_row][vc_column][dfd_heading style=&#8221;style_09&#8243; subtitle=&#8221;Bei der Projektierung magnetischer Komponenten arbeitet der Hersteller ITACOIL eng mit den Elektronikdesignern zusammen, um bei SMPS-Projekten optimale Ergebnisse zu erzielen.&#8221; content_alignment=&#8221;text-left&#8221; module_animation=&#8221;transition.fadeIn&#8221; delimiter_settings=&#8221;delimiter_style:solid|delimiter_width:80|delimiter_height:1&#8243;<\/p>\n","protected":false},"author":10,"featured_media":17163,"parent":18793,"menu_order":76,"comment_status":"closed","ping_status":"closed","template":"","meta":{"footnotes":""},"class_list":["post-14861","page","type-page","status-publish","has-post-thumbnail","hentry"],"yoast_head":"<!-- This site is optimized with the Yoast SEO Premium plugin v27.3 (Yoast SEO v27.4) - https:\/\/yoast.com\/product\/yoast-seo-premium-wordpress\/ -->\n<title>Effizienz bei LED-Treibern - ITACOIL transformers<\/title>\n<meta name=\"description\" content=\"Itacoil gibt den Kunden im Bereich der LED-Beleuchtung die M\u00f6glichkeit, ihre Projekte mit minimalem Designaufwand zu realisieren.\" \/>\n<meta name=\"robots\" content=\"index, follow, max-snippet:-1, max-image-preview:large, max-video-preview:-1\" \/>\n<link rel=\"canonical\" href=\"https:\/\/www.itacoilweb.com\/de\/artikel\/effizienz-bei-led-treibern\/\" \/>\n<meta property=\"og:locale\" content=\"de_DE\" \/>\n<meta property=\"og:type\" content=\"article\" \/>\n<meta property=\"og:title\" content=\"Effizienz bei LED-Treibern\" \/>\n<meta property=\"og:description\" content=\"Itacoil gibt den Kunden im Bereich der LED-Beleuchtung die M\u00f6glichkeit, ihre Projekte mit minimalem Designaufwand zu realisieren.\" \/>\n<meta property=\"og:url\" content=\"https:\/\/www.itacoilweb.com\/de\/artikel\/effizienz-bei-led-treibern\/\" \/>\n<meta property=\"og:site_name\" content=\"ITACOIL transformers\" \/>\n<meta property=\"article:modified_time\" content=\"2024-07-31T13:30:38+00:00\" \/>\n<meta property=\"og:image\" content=\"https:\/\/www.itacoilweb.com\/remo\/wp-content\/uploads\/image\/jpeg\/alimentatore.jpg\" \/>\n\t<meta property=\"og:image:width\" content=\"600\" \/>\n\t<meta property=\"og:image:height\" content=\"450\" \/>\n\t<meta property=\"og:image:type\" content=\"image\/jpeg\" \/>\n<meta name=\"twitter:label1\" content=\"Est. reading time\" \/>\n\t<meta name=\"twitter:data1\" content=\"2 minutes\" \/>\n<script type=\"application\/ld+json\" class=\"yoast-schema-graph\">{\"@context\":\"https:\\\/\\\/schema.org\",\"@graph\":[{\"@type\":\"TechArticle\",\"@id\":\"https:\\\/\\\/www.itacoilweb.com\\\/de\\\/artikel\\\/effizienz-bei-led-treibern\\\/#article\",\"isPartOf\":{\"@id\":\"https:\\\/\\\/www.itacoilweb.com\\\/de\\\/artikel\\\/effizienz-bei-led-treibern\\\/\"},\"author\":{\"name\":\"Simone Radaelli\",\"@id\":\"https:\\\/\\\/www.itacoilweb.com\\\/de\\\/#\\\/schema\\\/person\\\/2913c74d108a01f6241002b8eda50e5f\"},\"headline\":\"Effizienz bei LED-Treibern\",\"datePublished\":\"2020-02-06T11:45:58+00:00\",\"dateModified\":\"2024-07-31T13:30:38+00:00\",\"mainEntityOfPage\":{\"@id\":\"https:\\\/\\\/www.itacoilweb.com\\\/de\\\/artikel\\\/effizienz-bei-led-treibern\\\/\"},\"wordCount\":483,\"publisher\":{\"@id\":\"https:\\\/\\\/www.itacoilweb.com\\\/de\\\/#organization\"},\"image\":{\"@id\":\"https:\\\/\\\/www.itacoilweb.com\\\/de\\\/artikel\\\/effizienz-bei-led-treibern\\\/#primaryimage\"},\"thumbnailUrl\":\"https:\\\/\\\/www.itacoilweb.com\\\/remo\\\/wp-content\\\/uploads\\\/image\\\/jpeg\\\/alimentatore.jpg\",\"inLanguage\":\"de-DE\"},{\"@type\":\"WebPage\",\"@id\":\"https:\\\/\\\/www.itacoilweb.com\\\/de\\\/artikel\\\/effizienz-bei-led-treibern\\\/\",\"url\":\"https:\\\/\\\/www.itacoilweb.com\\\/de\\\/artikel\\\/effizienz-bei-led-treibern\\\/\",\"name\":\"Effizienz bei LED-Treibern - ITACOIL transformers\",\"isPartOf\":{\"@id\":\"https:\\\/\\\/www.itacoilweb.com\\\/de\\\/#website\"},\"primaryImageOfPage\":{\"@id\":\"https:\\\/\\\/www.itacoilweb.com\\\/de\\\/artikel\\\/effizienz-bei-led-treibern\\\/#primaryimage\"},\"image\":{\"@id\":\"https:\\\/\\\/www.itacoilweb.com\\\/de\\\/artikel\\\/effizienz-bei-led-treibern\\\/#primaryimage\"},\"thumbnailUrl\":\"https:\\\/\\\/www.itacoilweb.com\\\/remo\\\/wp-content\\\/uploads\\\/image\\\/jpeg\\\/alimentatore.jpg\",\"datePublished\":\"2020-02-06T11:45:58+00:00\",\"dateModified\":\"2024-07-31T13:30:38+00:00\",\"description\":\"Itacoil gibt den Kunden im Bereich der LED-Beleuchtung die M\u00f6glichkeit, ihre Projekte mit minimalem Designaufwand zu realisieren.\",\"breadcrumb\":{\"@id\":\"https:\\\/\\\/www.itacoilweb.com\\\/de\\\/artikel\\\/effizienz-bei-led-treibern\\\/#breadcrumb\"},\"inLanguage\":\"de-DE\",\"potentialAction\":[{\"@type\":\"ReadAction\",\"target\":[\"https:\\\/\\\/www.itacoilweb.com\\\/de\\\/artikel\\\/effizienz-bei-led-treibern\\\/\"]}]},{\"@type\":\"ImageObject\",\"inLanguage\":\"de-DE\",\"@id\":\"https:\\\/\\\/www.itacoilweb.com\\\/de\\\/artikel\\\/effizienz-bei-led-treibern\\\/#primaryimage\",\"url\":\"https:\\\/\\\/www.itacoilweb.com\\\/remo\\\/wp-content\\\/uploads\\\/image\\\/jpeg\\\/alimentatore.jpg\",\"contentUrl\":\"https:\\\/\\\/www.itacoilweb.com\\\/remo\\\/wp-content\\\/uploads\\\/image\\\/jpeg\\\/alimentatore.jpg\",\"width\":600,\"height\":450,\"caption\":\"Itacoil components for power supplies\"},{\"@type\":\"BreadcrumbList\",\"@id\":\"https:\\\/\\\/www.itacoilweb.com\\\/de\\\/artikel\\\/effizienz-bei-led-treibern\\\/#breadcrumb\",\"itemListElement\":[{\"@type\":\"ListItem\",\"position\":1,\"name\":\"Home\",\"item\":\"https:\\\/\\\/www.itacoilweb.com\\\/de\\\/\"},{\"@type\":\"ListItem\",\"position\":2,\"name\":\"Artikel\",\"item\":\"https:\\\/\\\/www.itacoilweb.com\\\/de\\\/artikel\\\/\"},{\"@type\":\"ListItem\",\"position\":3,\"name\":\"Effizienz bei LED-Treibern\"}]},{\"@type\":\"WebSite\",\"@id\":\"https:\\\/\\\/www.itacoilweb.com\\\/de\\\/#website\",\"url\":\"https:\\\/\\\/www.itacoilweb.com\\\/de\\\/\",\"name\":\"ITACOIL transformers\",\"description\":\"PCB transformers and Inductors\",\"publisher\":{\"@id\":\"https:\\\/\\\/www.itacoilweb.com\\\/de\\\/#organization\"},\"potentialAction\":[{\"@type\":\"SearchAction\",\"target\":{\"@type\":\"EntryPoint\",\"urlTemplate\":\"https:\\\/\\\/www.itacoilweb.com\\\/de\\\/?s={search_term_string}\"},\"query-input\":{\"@type\":\"PropertyValueSpecification\",\"valueRequired\":true,\"valueName\":\"search_term_string\"}}],\"inLanguage\":\"de-DE\"},{\"@type\":\"Organization\",\"@id\":\"https:\\\/\\\/www.itacoilweb.com\\\/de\\\/#organization\",\"name\":\"ITACOIL Transformers\",\"url\":\"https:\\\/\\\/www.itacoilweb.com\\\/de\\\/\",\"logo\":{\"@type\":\"ImageObject\",\"inLanguage\":\"de-DE\",\"@id\":\"https:\\\/\\\/www.itacoilweb.com\\\/de\\\/#\\\/schema\\\/logo\\\/image\\\/\",\"url\":\"https:\\\/\\\/www.itacoilweb.com\\\/remo\\\/wp-content\\\/uploads\\\/image\\\/png\\\/ITACOIL-logo2018-RTG-48.png\",\"contentUrl\":\"https:\\\/\\\/www.itacoilweb.com\\\/remo\\\/wp-content\\\/uploads\\\/image\\\/png\\\/ITACOIL-logo2018-RTG-48.png\",\"width\":151,\"height\":48,\"caption\":\"ITACOIL Transformers\"},\"image\":{\"@id\":\"https:\\\/\\\/www.itacoilweb.com\\\/de\\\/#\\\/schema\\\/logo\\\/image\\\/\"},\"sameAs\":[\"https:\\\/\\\/www.linkedin.com\\\/company\\\/itacoil\\\/\",\"https:\\\/\\\/www.youtube.com\\\/user\\\/ITACOILtrasformatori\"]},{\"@type\":\"Person\",\"@id\":\"https:\\\/\\\/www.itacoilweb.com\\\/de\\\/#\\\/schema\\\/person\\\/2913c74d108a01f6241002b8eda50e5f\",\"name\":\"Simone Radaelli\",\"image\":{\"@type\":\"ImageObject\",\"inLanguage\":\"de-DE\",\"@id\":\"https:\\\/\\\/secure.gravatar.com\\\/avatar\\\/38cef7203cc9218712a6a321d24dd07494228755e318fa49eee1bef2023f2b95?s=96&d=mm&r=g\",\"url\":\"https:\\\/\\\/secure.gravatar.com\\\/avatar\\\/38cef7203cc9218712a6a321d24dd07494228755e318fa49eee1bef2023f2b95?s=96&d=mm&r=g\",\"contentUrl\":\"https:\\\/\\\/secure.gravatar.com\\\/avatar\\\/38cef7203cc9218712a6a321d24dd07494228755e318fa49eee1bef2023f2b95?s=96&d=mm&r=g\",\"caption\":\"Simone Radaelli\"},\"url\":\"https:\\\/\\\/www.itacoilweb.com\\\/de\\\/author\\\/radaellisimone\\\/\"}]}<\/script>\n<!-- \/ Yoast SEO Premium plugin. -->","yoast_head_json":{"title":"Effizienz bei LED-Treibern - ITACOIL transformers","description":"Itacoil gibt den Kunden im Bereich der LED-Beleuchtung die M\u00f6glichkeit, ihre Projekte mit minimalem Designaufwand zu realisieren.","robots":{"index":"index","follow":"follow","max-snippet":"max-snippet:-1","max-image-preview":"max-image-preview:large","max-video-preview":"max-video-preview:-1"},"canonical":"https:\/\/www.itacoilweb.com\/de\/artikel\/effizienz-bei-led-treibern\/","og_locale":"de_DE","og_type":"article","og_title":"Effizienz bei LED-Treibern","og_description":"Itacoil gibt den Kunden im Bereich der LED-Beleuchtung die M\u00f6glichkeit, ihre Projekte mit minimalem Designaufwand zu realisieren.","og_url":"https:\/\/www.itacoilweb.com\/de\/artikel\/effizienz-bei-led-treibern\/","og_site_name":"ITACOIL transformers","article_modified_time":"2024-07-31T13:30:38+00:00","og_image":[{"width":600,"height":450,"url":"https:\/\/www.itacoilweb.com\/remo\/wp-content\/uploads\/image\/jpeg\/alimentatore.jpg","type":"image\/jpeg"}],"twitter_misc":{"Est. reading time":"2 minutes"},"schema":{"@context":"https:\/\/schema.org","@graph":[{"@type":"TechArticle","@id":"https:\/\/www.itacoilweb.com\/de\/artikel\/effizienz-bei-led-treibern\/#article","isPartOf":{"@id":"https:\/\/www.itacoilweb.com\/de\/artikel\/effizienz-bei-led-treibern\/"},"author":{"name":"Simone Radaelli","@id":"https:\/\/www.itacoilweb.com\/de\/#\/schema\/person\/2913c74d108a01f6241002b8eda50e5f"},"headline":"Effizienz bei LED-Treibern","datePublished":"2020-02-06T11:45:58+00:00","dateModified":"2024-07-31T13:30:38+00:00","mainEntityOfPage":{"@id":"https:\/\/www.itacoilweb.com\/de\/artikel\/effizienz-bei-led-treibern\/"},"wordCount":483,"publisher":{"@id":"https:\/\/www.itacoilweb.com\/de\/#organization"},"image":{"@id":"https:\/\/www.itacoilweb.com\/de\/artikel\/effizienz-bei-led-treibern\/#primaryimage"},"thumbnailUrl":"https:\/\/www.itacoilweb.com\/remo\/wp-content\/uploads\/image\/jpeg\/alimentatore.jpg","inLanguage":"de-DE"},{"@type":"WebPage","@id":"https:\/\/www.itacoilweb.com\/de\/artikel\/effizienz-bei-led-treibern\/","url":"https:\/\/www.itacoilweb.com\/de\/artikel\/effizienz-bei-led-treibern\/","name":"Effizienz bei LED-Treibern - ITACOIL transformers","isPartOf":{"@id":"https:\/\/www.itacoilweb.com\/de\/#website"},"primaryImageOfPage":{"@id":"https:\/\/www.itacoilweb.com\/de\/artikel\/effizienz-bei-led-treibern\/#primaryimage"},"image":{"@id":"https:\/\/www.itacoilweb.com\/de\/artikel\/effizienz-bei-led-treibern\/#primaryimage"},"thumbnailUrl":"https:\/\/www.itacoilweb.com\/remo\/wp-content\/uploads\/image\/jpeg\/alimentatore.jpg","datePublished":"2020-02-06T11:45:58+00:00","dateModified":"2024-07-31T13:30:38+00:00","description":"Itacoil gibt den Kunden im Bereich der LED-Beleuchtung die M\u00f6glichkeit, ihre Projekte mit minimalem Designaufwand zu realisieren.","breadcrumb":{"@id":"https:\/\/www.itacoilweb.com\/de\/artikel\/effizienz-bei-led-treibern\/#breadcrumb"},"inLanguage":"de-DE","potentialAction":[{"@type":"ReadAction","target":["https:\/\/www.itacoilweb.com\/de\/artikel\/effizienz-bei-led-treibern\/"]}]},{"@type":"ImageObject","inLanguage":"de-DE","@id":"https:\/\/www.itacoilweb.com\/de\/artikel\/effizienz-bei-led-treibern\/#primaryimage","url":"https:\/\/www.itacoilweb.com\/remo\/wp-content\/uploads\/image\/jpeg\/alimentatore.jpg","contentUrl":"https:\/\/www.itacoilweb.com\/remo\/wp-content\/uploads\/image\/jpeg\/alimentatore.jpg","width":600,"height":450,"caption":"Itacoil components for power supplies"},{"@type":"BreadcrumbList","@id":"https:\/\/www.itacoilweb.com\/de\/artikel\/effizienz-bei-led-treibern\/#breadcrumb","itemListElement":[{"@type":"ListItem","position":1,"name":"Home","item":"https:\/\/www.itacoilweb.com\/de\/"},{"@type":"ListItem","position":2,"name":"Artikel","item":"https:\/\/www.itacoilweb.com\/de\/artikel\/"},{"@type":"ListItem","position":3,"name":"Effizienz bei LED-Treibern"}]},{"@type":"WebSite","@id":"https:\/\/www.itacoilweb.com\/de\/#website","url":"https:\/\/www.itacoilweb.com\/de\/","name":"ITACOIL transformers","description":"PCB transformers and Inductors","publisher":{"@id":"https:\/\/www.itacoilweb.com\/de\/#organization"},"potentialAction":[{"@type":"SearchAction","target":{"@type":"EntryPoint","urlTemplate":"https:\/\/www.itacoilweb.com\/de\/?s={search_term_string}"},"query-input":{"@type":"PropertyValueSpecification","valueRequired":true,"valueName":"search_term_string"}}],"inLanguage":"de-DE"},{"@type":"Organization","@id":"https:\/\/www.itacoilweb.com\/de\/#organization","name":"ITACOIL Transformers","url":"https:\/\/www.itacoilweb.com\/de\/","logo":{"@type":"ImageObject","inLanguage":"de-DE","@id":"https:\/\/www.itacoilweb.com\/de\/#\/schema\/logo\/image\/","url":"https:\/\/www.itacoilweb.com\/remo\/wp-content\/uploads\/image\/png\/ITACOIL-logo2018-RTG-48.png","contentUrl":"https:\/\/www.itacoilweb.com\/remo\/wp-content\/uploads\/image\/png\/ITACOIL-logo2018-RTG-48.png","width":151,"height":48,"caption":"ITACOIL Transformers"},"image":{"@id":"https:\/\/www.itacoilweb.com\/de\/#\/schema\/logo\/image\/"},"sameAs":["https:\/\/www.linkedin.com\/company\/itacoil\/","https:\/\/www.youtube.com\/user\/ITACOILtrasformatori"]},{"@type":"Person","@id":"https:\/\/www.itacoilweb.com\/de\/#\/schema\/person\/2913c74d108a01f6241002b8eda50e5f","name":"Simone Radaelli","image":{"@type":"ImageObject","inLanguage":"de-DE","@id":"https:\/\/secure.gravatar.com\/avatar\/38cef7203cc9218712a6a321d24dd07494228755e318fa49eee1bef2023f2b95?s=96&d=mm&r=g","url":"https:\/\/secure.gravatar.com\/avatar\/38cef7203cc9218712a6a321d24dd07494228755e318fa49eee1bef2023f2b95?s=96&d=mm&r=g","contentUrl":"https:\/\/secure.gravatar.com\/avatar\/38cef7203cc9218712a6a321d24dd07494228755e318fa49eee1bef2023f2b95?s=96&d=mm&r=g","caption":"Simone Radaelli"},"url":"https:\/\/www.itacoilweb.com\/de\/author\/radaellisimone\/"}]}},"_links":{"self":[{"href":"https:\/\/www.itacoilweb.com\/de\/wp-json\/wp\/v2\/pages\/14861","targetHints":{"allow":["GET"]}}],"collection":[{"href":"https:\/\/www.itacoilweb.com\/de\/wp-json\/wp\/v2\/pages"}],"about":[{"href":"https:\/\/www.itacoilweb.com\/de\/wp-json\/wp\/v2\/types\/page"}],"author":[{"embeddable":true,"href":"https:\/\/www.itacoilweb.com\/de\/wp-json\/wp\/v2\/users\/10"}],"replies":[{"embeddable":true,"href":"https:\/\/www.itacoilweb.com\/de\/wp-json\/wp\/v2\/comments?post=14861"}],"version-history":[{"count":9,"href":"https:\/\/www.itacoilweb.com\/de\/wp-json\/wp\/v2\/pages\/14861\/revisions"}],"predecessor-version":[{"id":20528,"href":"https:\/\/www.itacoilweb.com\/de\/wp-json\/wp\/v2\/pages\/14861\/revisions\/20528"}],"up":[{"embeddable":true,"href":"https:\/\/www.itacoilweb.com\/de\/wp-json\/wp\/v2\/pages\/18793"}],"wp:featuredmedia":[{"embeddable":true,"href":"https:\/\/www.itacoilweb.com\/de\/wp-json\/wp\/v2\/media\/17163"}],"wp:attachment":[{"href":"https:\/\/www.itacoilweb.com\/de\/wp-json\/wp\/v2\/media?parent=14861"}],"curies":[{"name":"wp","href":"https:\/\/api.w.org\/{rel}","templated":true}]}}